{"id":78,"date":"2019-04-30T12:24:39","date_gmt":"2019-04-30T09:24:39","guid":{"rendered":"https:\/\/blogi.eoppimispalvelut.fi\/tourimiehille\/?page_id=78"},"modified":"2020-06-11T10:54:38","modified_gmt":"2020-06-11T07:54:38","slug":"hankkeen-ohjausryhma-ja-mukana-olevat-yhteistyokumppanit","status":"publish","type":"page","link":"https:\/\/blogi.eoppimispalvelut.fi\/tourimiehille\/hankkeen-ohjausryhma-ja-mukana-olevat-yhteistyokumppanit\/","title":{"rendered":"Hankkeen ohjausryhm\u00e4 ja yhteisty\u00f6kumppanit"},"content":{"rendered":"<p>Hankkeen ohjausryhm\u00e4<\/p>\n<p>Ohjausryhm\u00e4n j\u00e4seniksi pyydettiin edustajia\u00a0\u00a0eri yhteisty\u00f6kumppaneiden edustamista organisaatioista.\u00a0 Liisa Irri on hankkeen rahoittajan edustajana ja Lapin ammattikorkeakoulun edustajana on osaamisp\u00e4\u00e4llikk\u00f6 Hannele Kauppila. Ohjausryhm\u00e4n puheenjohtajana ja sihteerin\u00e4 toimivat vuoroperiaatteella hankety\u00f6ntekij\u00e4t. Ohjausryhm\u00e4 kokoontuu Kemiss\u00e4\u00a0 Lapin Ammattikorkeakoulun tiloissav\u00e4hint\u00e4\u00e4 kerran lukukaudessa.<\/p>\n<p>J\u00e4senet:<\/p>\n<p><span data-contrast=\"auto\">\u00a0<\/span><span data-contrast=\"auto\">Halmkrona Ilkka\u00a0\u00a0\u00a0\u00a0\u00a0\u00a0\u00a0\u00a0 <\/span><span data-contrast=\"auto\">\u202f<\/span><span data-contrast=\"none\">ilkka.halmkrona@tornio.fi<\/span><\/p>\n<p><span data-ccp-props=\"{&quot;201341983&quot;:0,&quot;335559739&quot;:0,&quot;335559740&quot;:240}\">Irri\u00a0\u00a0 Liisa\u00a0\u00a0\u00a0\u00a0\u00a0\u00a0\u00a0\u00a0\u00a0\u00a0\u00a0\u00a0\u00a0\u00a0\u00a0\u00a0\u00a0\u00a0\u00a0\u00a0\u00a0\u00a0liisa.irri@ely.fi <\/span><\/p>\n<p><span data-contrast=\"auto\">Junes<\/span> \u00a0Marianne\u00a0\u00a0\u00a0\u00a0\u00a0\u00a0\u00a0\u00a0\u00a0 <span data-contrast=\"none\">marianne.junes@tornio.fi<\/span><\/p>\n<p><span data-contrast=\"auto\">Juntunen Samuel\u00a0\u00a0\u00a0\u00a0\u00a0\u00a0 <\/span><span data-contrast=\"none\">samuel.juntunen@tyovoimalasaatio.fi<\/span><\/p>\n<p><span data-contrast=\"auto\">Kujala Katri\u202f\u00a0\u00a0\u00a0\u00a0\u00a0\u00a0\u00a0\u00a0\u00a0\u00a0\u00a0\u00a0\u00a0\u00a0\u00a0\u00a0\u00a0 <\/span><span data-contrast=\"none\">katri.kujala@kemi.fi<\/span><\/p>\n<p><span data-contrast=\"auto\">\u00a0Saari\u00a0 Riitta\u00a0\u00a0\u00a0\u00a0\u00a0\u00a0\u00a0\u00a0\u00a0\u00a0\u00a0\u00a0\u00a0\u00a0\u00a0\u00a0\u00a0 <\/span><span data-contrast=\"none\">riitta.saari@kemi.fi\u202f\u202f<\/span><\/p>\n<p><span data-contrast=\"auto\">Salomaa\u00a0 Jarmo\u00a0\u00a0\u00a0\u00a0\u00a0\u00a0 \u00a0 <\/span><span data-contrast=\"none\">jakke.salomaa@gmail.com<\/span><\/p>\n<p><span data-contrast=\"auto\">Rytk\u00f6nen\u00a0 Aila\u00a0\u00a0\u00a0\u00a0\u00a0\u00a0\u00a0\u00a0\u00a0\u00a0\u00a0\u00a0<\/span><span data-contrast=\"none\">aila.rytkonen@pyt.fi<\/span> <span data-contrast=\"auto\">\u202f\u202f<\/span><span data-ccp-props=\"{&quot;201341983&quot;:0,&quot;335559739&quot;:160,&quot;335559740&quot;:240}\"> tuula.huttunen-koivumaa@pyt.fi\u00a0<\/span><\/p>\n<p><span data-contrast=\"auto\">Remes P\u00e4ivi\u00a0\u00a0\u00a0\u00a0\u00a0\u00a0\u00a0\u00a0\u00a0\u00a0\u00a0\u00a0\u00a0\u00a0\u00a0 <\/span><span data-contrast=\"none\">paivi.remes@kivalo.fi<\/span><\/p>\n<p>Kauppila Hannele\u00a0\u00a0\u00a0 \u00a0hannele.kauppila@lapinamk.fi<\/p>\n<p><span data-contrast=\"auto\">Lipponen Tarja \u00a0\u00a0\u00a0\u00a0\u00a0\u00a0\u00a0\u00a0 <\/span><span data-contrast=\"none\">tarja.lipponen@lapinamk.fi<\/span><span data-contrast=\"auto\">\u202f<\/span><\/p>\n<p><span data-contrast=\"auto\">Marttala Timo\u00a0\u00a0\u00a0\u00a0\u00a0\u00a0\u00a0\u00a0\u00a0\u00a0\u00a0 <\/span><span data-contrast=\"none\">timo.marttala@lapinamk.fi<\/span><\/p>\n<p><span data-contrast=\"auto\">\u00a0Myll\u00e4ri Birgit\u00a0\u00a0\u00a0\u00a0\u00a0\u00a0\u00a0\u00a0\u00a0\u00a0\u00a0\u00a0\u00a0 \u00a0birgit.<\/span><span data-contrast=\"none\">myllari@lapinamk.fi<\/span><span data-contrast=\"auto\"> \u00a0 projektip\u00e4\u00e4llikk\u00f6<\/span><\/p>\n<p>Ohjausryhm\u00e4n ajankohdat ovat seuraavat:<\/p>\n<p>12.12.2018<\/p>\n<p>15.5.2019<\/p>\n<p>24.9.2019<\/p>\n<p>11.12.2019<\/p>\n<p>14.5.2020<\/p>\n<p>3.9.2020<\/p>\n<p>Hankkeen yhteisty\u00f6kumppanit<\/p>\n<p>Hankkeen kohderyhm\u00e4n\u00e4 ovat eri-ik\u00e4iset Meri-Lapin alueeseen kuuluvat miehet, jotka ohjautuvat Kelan kautta ty\u00f6llisyys- ja kuntouttavaan ty\u00f6toimintaan. Toisena kohderyhm\u00e4n\u00e4 ovat alueen sosiaali- ja terveydenhuollon, ty\u00f6llisyys- ja kuntoutuspalveluiden, sivistystoimen sek\u00e4 liikunta- ja vapaa-ajan toimijat.<\/p>\n<p><em>Hankkeen yhteisty\u00f6kumppanit ovat seuraavat tahot<\/em>:<\/p>\n<p align=\"LEFT\"><strong>Kemi<\/strong><\/p>\n<p align=\"LEFT\">Kemin kaupungin ty\u00f6llisyyspalvelut<\/p>\n<p align=\"LEFT\">\u00a0TE- toimisto ja Ty\u00f6tt\u00f6mien terveystarkastus ja neuvolatoiminta<\/p>\n<p align=\"LEFT\">\u00a0Meriva sr<\/p>\n<p align=\"LEFT\">Pohjoisen yhteis\u00f6jen tuki &#8211; Majakka ry<\/p>\n<p align=\"LEFT\">Kemin kaupungin sivistystoimi<\/p>\n<p align=\"LEFT\">Kemin kaupungin Varhaiskasvatus<\/p>\n<p align=\"LEFT\">Seudullinen kansalaisopisto Kivalo-opisto<\/p>\n<p align=\"LEFT\">Toivola-Luotolan Setlementti ry<\/p>\n<p align=\"LEFT\">Punainen Risti \u00a0Ruokaa&amp;Kohtaamisia-hanke<\/p>\n<p align=\"LEFT\">Poliisi<\/p>\n<p align=\"LEFT\">Seurakunta<\/p>\n<p align=\"LEFT\">Majakka ry<\/p>\n<p align=\"LEFT\"><strong>Tornio<\/strong><\/p>\n<p align=\"LEFT\">Tornion Ty\u00f6voimalas\u00e4\u00e4ti\u00f6<\/p>\n<p align=\"LEFT\">Tornion asuntopalvelus\u00e4\u00e4ti\u00f6 sr \/Me\u00e4n-Talo<\/p>\n<p align=\"LEFT\">Ty\u00f6tt\u00f6mien terveystarkastus ja neuvolatoiminta<\/p>\n<p align=\"LEFT\">Tornion kaupungin sivistystoimi<\/p>\n<p align=\"LEFT\">Tornion kaupungin Varhaiskasvatus<\/p>\n<p align=\"LEFT\">Perheidentalo<\/p>\n<p>Tornion kansalaisopisto<\/p>\n<p>Kumppanuuskeskus Luotsi<\/p>\n<p><strong>Keminmaa<\/strong><\/p>\n<p>Keminmaan Rantatupa<\/p>\n<p>Keminmaan nuorten ty\u00f6paja<\/p>\n<p><strong>Tervola<\/strong><\/p>\n<p>Nuorten ty\u00f6paja<\/p>\n<p><strong>Simo<\/strong><\/p>\n<p>Simon 4H-yhdistys<\/p>\n<p><strong>Lapin Ensi- ja turvakoti<\/strong><\/p>\n<p>Harju Jari toimii hankkeessa miesty\u00f6n asiantuntijana.<\/p>\n<p><strong>Touri Miehille -hanketta tukevat yhteydet ja tilaisuudet<\/strong><\/p>\n<p>Suo Susiraja ja Segrekaatti -hanke<\/p>\n<p>TTL ja Kykyviisari irsearviointimenetelm\u00e4 ja siihen liittyv\u00e4t ty\u00f6pajat<\/p>\n<p>Terveydeksi -hanke ja Kristiina Lehtovaara<\/p>\n<p>SOKU 2 -hanke<\/p>\n<p>Valtakunnalliset Miesty\u00f6foorumit \/ Ensi ja turvakoti<\/p>\n<p>Miessakit ry<\/p>\n<p>Oulun miesty\u00f6verkosto<\/p>\n<p>Marak -koulutus<\/p>\n<p>Nyt riitt\u00e4\u00e4 yksin\u00e4isyys -koulutus<\/p>\n<p>Oorninki ja Neural koulutuksien j\u00e4rjest\u00e4j\u00e4t<\/p>\n<p>Nypsy valmentajat<\/p>\n<p>Ohjaamo -hanke<\/p>\n<p>&nbsp;<\/p>\n<p>&nbsp;<\/p>\n<p>&nbsp;<\/p>\n","protected":false},"excerpt":{"rendered":"<p>Hankkeen ohjausryhm\u00e4 Ohjausryhm\u00e4n j\u00e4seniksi pyydettiin edustajia\u00a0\u00a0eri yhteisty\u00f6kumppaneiden edustamista organisaatioista.\u00a0 Liisa Irri on hankkeen rahoittajan edustajana ja Lapin ammattikorkeakoulun edustajana on osaamisp\u00e4\u00e4llikk\u00f6 Hannele Kauppila. Ohjausryhm\u00e4n puheenjohtajana ja sihteerin\u00e4 toimivat vuoroperiaatteella hankety\u00f6ntekij\u00e4t. Ohjausryhm\u00e4 kokoontuu Kemiss\u00e4\u00a0 Lapin Ammattikorkeakoulun tiloissav\u00e4hint\u00e4\u00e4 kerran lukukaudessa. J\u00e4senet: \u00a0Halmkrona Ilkka\u00a0\u00a0\u00a0\u00a0\u00a0\u00a0\u00a0\u00a0 \u202filkka.halmkrona@tornio.fi Irri\u00a0\u00a0 Liisa\u00a0\u00a0\u00a0\u00a0\u00a0\u00a0\u00a0\u00a0\u00a0\u00a0\u00a0\u00a0\u00a0\u00a0\u00a0\u00a0\u00a0\u00a0\u00a0\u00a0\u00a0\u00a0liisa.irri@ely.fi Junes \u00a0Marianne\u00a0\u00a0\u00a0\u00a0\u00a0\u00a0\u00a0\u00a0\u00a0 marianne.junes@tornio.fi Juntunen Samuel\u00a0\u00a0\u00a0\u00a0\u00a0\u00a0 samuel.juntunen@tyovoimalasaatio.fi Kujala Katri\u202f\u00a0\u00a0\u00a0\u00a0\u00a0\u00a0\u00a0\u00a0\u00a0\u00a0\u00a0\u00a0\u00a0\u00a0\u00a0\u00a0\u00a0 katri.kujala@kemi.fi \u00a0Saari\u00a0 Riitta\u00a0\u00a0\u00a0\u00a0\u00a0\u00a0\u00a0\u00a0\u00a0\u00a0\u00a0\u00a0\u00a0\u00a0\u00a0\u00a0\u00a0 [&hellip;]<\/p>\n","protected":false},"author":2032,"featured_media":0,"parent":0,"menu_order":0,"comment_status":"closed","ping_status":"closed","template":"","meta":{"_et_pb_use_builder":"","_et_pb_old_content":"","_et_gb_content_width":"","footnotes":""},"class_list":["post-78","page","type-page","status-publish","hentry"],"_links":{"self":[{"href":"https:\/\/blogi.eoppimispalvelut.fi\/tourimiehille\/wp-json\/wp\/v2\/pages\/78","targetHints":{"allow":["GET"]}}],"collection":[{"href":"https:\/\/blogi.eoppimispalvelut.fi\/tourimiehille\/wp-json\/wp\/v2\/pages"}],"about":[{"href":"https:\/\/blogi.eoppimispalvelut.fi\/tourimiehille\/wp-json\/wp\/v2\/types\/page"}],"author":[{"embeddable":true,"href":"https:\/\/blogi.eoppimispalvelut.fi\/tourimiehille\/wp-json\/wp\/v2\/users\/2032"}],"replies":[{"embeddable":true,"href":"https:\/\/blogi.eoppimispalvelut.fi\/tourimiehille\/wp-json\/wp\/v2\/comments?post=78"}],"version-history":[{"count":26,"href":"https:\/\/blogi.eoppimispalvelut.fi\/tourimiehille\/wp-json\/wp\/v2\/pages\/78\/revisions"}],"predecessor-version":[{"id":429,"href":"https:\/\/blogi.eoppimispalvelut.fi\/tourimiehille\/wp-json\/wp\/v2\/pages\/78\/revisions\/429"}],"wp:attachment":[{"href":"https:\/\/blogi.eoppimispalvelut.fi\/tourimiehille\/wp-json\/wp\/v2\/media?parent=78"}],"curies":[{"name":"wp","href":"https:\/\/api.w.org\/{rel}","templated":true}]}}