{"id":1663,"date":"2020-03-23T14:04:45","date_gmt":"2020-03-23T12:04:45","guid":{"rendered":"https:\/\/blogi.eoppimispalvelut.fi\/tourismabc\/?page_id=1663"},"modified":"2025-10-14T10:01:48","modified_gmt":"2025-10-14T07:01:48","slug":"kohdekokemuksen-kehittamismalli","status":"publish","type":"page","link":"https:\/\/blogi.eoppimispalvelut.fi\/tourismabc\/kohdekokemuksen-kehittamismalli\/","title":{"rendered":"Kohdekokemuksen kehitt\u00e4mismalli"},"content":{"rendered":"<p>[et_pb_section admin_label=&#8221;section&#8221;]<br \/>\n\t\t\t[et_pb_row admin_label=&#8221;row&#8221;]<br \/>\n\t\t\t\t[et_pb_column type=&#8221;4_4&#8243;][et_pb_text admin_label=&#8221;Text&#8221;]Matkailualueen kohdekokemuksen kehitt\u00e4mismalli (MAKKE) -hankkeen toimenpiteill\u00e4 on vahvistettu matkailutoimijoiden sek\u00e4 muiden toimialojen verkostoitumista kohteissa.\u202fVerkoston toimintaa ohjaava kehitt\u00e4mismalli rakentuu verkostossa eli yhdess\u00e4 alueen yritysten ja muiden toimijoiden kanssa. Hankkeen kohdealueita ovat olleet Utsjoki, Sompio ja Ranua. Mallin valmistelussa huomioitiin verkostotoiminnan ja -johtamisen periaatteita, joita sovellettiin tukemaan kohteiden verkoston synty\u00e4. Toimintamallissa huomioitiin yksitt\u00e4isten yritysten operatiivinen toiminta, l\u00e4ht\u00f6tilanne ja toiminnan kehitt\u00e4minen. T\u00e4ll\u00f6in yhteisty\u00f6ss\u00e4 p\u00e4\u00e4tetyt ja toteutetut toimet tukivat kohteen kokonaisvaltaista matkailuliiketoiminnan kehitt\u00e4mist\u00e4 sek\u00e4 poimivat mukaan my\u00f6s matkailuun liittyv\u00e4t muut elinkeinot esim. luonnontuote- ja hyvinvointialoilta. Kokonaisvaltainen kohdekokemus lunastaa asiakkaalle annetun arvolupauksen ja j\u00e4tt\u00e4\u00e4 positiivisen muistij\u00e4ljen.<\/p>\n<p>&nbsp;<\/p>\n<div class=\"limit-h5p aligncenter\" style=\"max-width: 800px\"><code><div class=\"h5p-iframe-wrapper\"><iframe id=\"h5p-iframe-23\" class=\"h5p-iframe\" data-content-id=\"23\" style=\"height:1px\" src=\"about:blank\" frameBorder=\"0\" scrolling=\"no\" title=\"Kohdekokemuksen kehitt\u00e4mismalli\"><\/iframe><\/div><\/code><\/div>\n<p>&nbsp;<\/p>\n<h2>Materiaalit<\/h2>\n<p><a href=\"https:\/\/blogi.eoppimispalvelut.fi\/tourismabc\/files\/2020\/03\/MAKKE_Matkailualueen-kohdekokemuksen-kehitt\u00e4mismalli.pptx\">Matkailualueen kohdekokemuksen kehitt\u00e4mismalli &#8211; diaesityspohja suomeksi<\/a><\/p>\n<p><a href=\"https:\/\/blogi.eoppimispalvelut.fi\/tourismabc\/files\/2020\/04\/MAKKE_general_presentation_final.pptx\">Matkailualueen kohdekokemuksen kehitt\u00e4mismalli &#8211; diaesityspohja englanniksi<\/a><\/p>\n<p>&nbsp;<\/p>\n<p><img loading=\"lazy\" decoding=\"async\" class=\"wp-image-1664 alignleft\" src=\"https:\/\/blogi.eoppimispalvelut.fi\/tourismabc\/files\/2020\/03\/EU_EAKR_FI_vertical_20mm_rgb.png\" alt=\"\" width=\"193\" height=\"200\" \/> <img loading=\"lazy\" decoding=\"async\" class=\"wp-image-1665 alignleft\" src=\"https:\/\/blogi.eoppimispalvelut.fi\/tourismabc\/files\/2020\/03\/VipuvoimaaEU_2014_2020_rgb-600x425.png\" alt=\"\" width=\"283\" height=\"200\" srcset=\"https:\/\/blogi.eoppimispalvelut.fi\/tourismabc\/files\/2020\/03\/VipuvoimaaEU_2014_2020_rgb-600x425.png 600w, https:\/\/blogi.eoppimispalvelut.fi\/tourismabc\/files\/2020\/03\/VipuvoimaaEU_2014_2020_rgb-768x544.png 768w, https:\/\/blogi.eoppimispalvelut.fi\/tourismabc\/files\/2020\/03\/VipuvoimaaEU_2014_2020_rgb.png 1181w\" sizes=\"(max-width: 283px) 100vw, 283px\" \/><img loading=\"lazy\" decoding=\"async\" class=\"size-full wp-image-275 alignleft\" src=\"https:\/\/blogi.eoppimispalvelut.fi\/tourismabc\/files\/2018\/09\/Lapin-liiton-virallinen-logo.png\" alt=\"\" width=\"327\" height=\"157\" \/>[\/et_pb_text][\/et_pb_column]<br \/>\n\t\t\t[\/et_pb_row]<br \/>\n\t\t[\/et_pb_section]<\/p>\n","protected":false},"excerpt":{"rendered":"<p>Matkailualueen kohdekokemuksen kehitt\u00e4mismalli (MAKKE) -hankkeen toimenpiteill\u00e4 on vahvistettu matkailutoimijoiden sek\u00e4 muiden toimialojen verkostoitumista kohteissa.\u202fVerkoston toimintaa ohjaava kehitt\u00e4mismalli rakentuu verkostossa eli yhdess\u00e4 alueen yritysten ja muiden toimijoiden kanssa. Hankkeen kohdealueita ovat olleet Utsjoki, Sompio ja Ranua. Mallin valmistelussa huomioitiin verkostotoiminnan ja -johtamisen periaatteita, joita sovellettiin tukemaan kohteiden verkoston synty\u00e4. Toimintamallissa huomioitiin yksitt\u00e4isten yritysten operatiivinen toiminta, l\u00e4ht\u00f6tilanne [&hellip;]<\/p>\n","protected":false},"author":4340,"featured_media":0,"parent":0,"menu_order":0,"comment_status":"closed","ping_status":"closed","template":"","meta":{"_et_pb_use_builder":"on","_et_pb_old_content":"Matkailualueen kohdekokemuksen kehitt\u00e4mismalli (MAKKE) -hankkeen toimenpiteill\u00e4 on vahvistettu matkailutoimijoiden sek\u00e4 muiden toimialojen verkostoitumista kohteissa.\u202fVerkoston toimintaa ohjaava kehitt\u00e4mismalli rakentuu verkostossa eli yhdess\u00e4 alueen yritysten ja muiden toimijoiden kanssa. Hankkeen kohdealueita ovat olleet Utsjoki, Sompio ja Ranua. Mallin valmistelussa huomioitiin verkostotoiminnan ja -johtamisen periaatteita, joita sovellettiin tukemaan kohteiden verkoston synty\u00e4. Toimintamallissa huomioitiin yksitt\u00e4isten yritysten operatiivinen toiminta, l\u00e4ht\u00f6tilanne ja toiminnan kehitt\u00e4minen. T\u00e4ll\u00f6in yhteisty\u00f6ss\u00e4 p\u00e4\u00e4tetyt ja toteutetut toimet tukivat kohteen kokonaisvaltaista matkailuliiketoiminnan kehitt\u00e4mist\u00e4 sek\u00e4 poimivat mukaan my\u00f6s matkailuun liittyv\u00e4t muut elinkeinot esim. luonnontuote- ja hyvinvointialoilta. Kokonaisvaltainen kohdekokemus lunastaa asiakkaalle annetun arvolupauksen ja j\u00e4tt\u00e4\u00e4 positiivisen muistij\u00e4ljen.\r\n\r\n&nbsp;\r\n<div class=\"limit-h5p aligncenter\" style=\"max-width: 800px\"><code>[h5p id=\"23\"]<\/code><\/div>\r\n&nbsp;\r\n<h2>Materiaalit<\/h2>\r\n<a href=\"https:\/\/blogi.eoppimispalvelut.fi\/tourismabc\/files\/2020\/03\/MAKKE_Matkailualueen-kohdekokemuksen-kehitt\u00e4mismalli.pptx\">Matkailualueen kohdekokemuksen kehitt\u00e4mismalli - diaesityspohja suomeksi<\/a>\r\n\r\n<a href=\"https:\/\/blogi.eoppimispalvelut.fi\/tourismabc\/files\/2020\/04\/MAKKE_general_presentation_final.pptx\">Matkailualueen kohdekokemuksen kehitt\u00e4mismalli - diaesityspohja englanniksi<\/a>\r\n\r\n&nbsp;\r\n\r\n<img class=\"wp-image-1664 alignleft\" src=\"https:\/\/blogi.eoppimispalvelut.fi\/tourismabc\/files\/2020\/03\/EU_EAKR_FI_vertical_20mm_rgb.png\" alt=\"\" width=\"193\" height=\"200\" \/> <img class=\"wp-image-1665 alignleft\" src=\"https:\/\/blogi.eoppimispalvelut.fi\/tourismabc\/files\/2020\/03\/VipuvoimaaEU_2014_2020_rgb-600x425.png\" alt=\"\" width=\"283\" height=\"200\" \/><img class=\"size-full wp-image-275 alignleft\" src=\"https:\/\/blogi.eoppimispalvelut.fi\/tourismabc\/files\/2018\/09\/Lapin-liiton-virallinen-logo.png\" alt=\"\" width=\"327\" height=\"157\" \/>","_et_gb_content_width":"","footnotes":""},"class_list":["post-1663","page","type-page","status-publish","hentry"],"_links":{"self":[{"href":"https:\/\/blogi.eoppimispalvelut.fi\/tourismabc\/wp-json\/wp\/v2\/pages\/1663","targetHints":{"allow":["GET"]}}],"collection":[{"href":"https:\/\/blogi.eoppimispalvelut.fi\/tourismabc\/wp-json\/wp\/v2\/pages"}],"about":[{"href":"https:\/\/blogi.eoppimispalvelut.fi\/tourismabc\/wp-json\/wp\/v2\/types\/page"}],"author":[{"embeddable":true,"href":"https:\/\/blogi.eoppimispalvelut.fi\/tourismabc\/wp-json\/wp\/v2\/users\/4340"}],"replies":[{"embeddable":true,"href":"https:\/\/blogi.eoppimispalvelut.fi\/tourismabc\/wp-json\/wp\/v2\/comments?post=1663"}],"version-history":[{"count":16,"href":"https:\/\/blogi.eoppimispalvelut.fi\/tourismabc\/wp-json\/wp\/v2\/pages\/1663\/revisions"}],"predecessor-version":[{"id":2233,"href":"https:\/\/blogi.eoppimispalvelut.fi\/tourismabc\/wp-json\/wp\/v2\/pages\/1663\/revisions\/2233"}],"wp:attachment":[{"href":"https:\/\/blogi.eoppimispalvelut.fi\/tourismabc\/wp-json\/wp\/v2\/media?parent=1663"}],"curies":[{"name":"wp","href":"https:\/\/api.w.org\/{rel}","templated":true}]}}