{"id":335,"date":"2018-10-08T10:52:53","date_gmt":"2018-10-08T07:52:53","guid":{"rendered":"https:\/\/blogi.eoppimispalvelut.fi\/tourismabc\/?page_id=335"},"modified":"2026-01-28T13:12:37","modified_gmt":"2026-01-28T11:12:37","slug":"etusivu","status":"publish","type":"page","link":"https:\/\/blogi.eoppimispalvelut.fi\/tourismabc\/","title":{"rendered":"Matkailuyritt\u00e4j\u00e4n koulutuspaketti"},"content":{"rendered":"<p>[et_pb_section fb_built=&#8221;1&#8243; fullwidth=&#8221;on&#8221; _builder_version=&#8221;4.20.4&#8243; _module_preset=&#8221;default&#8221; global_colors_info=&#8221;{}&#8221;][et_pb_fullwidth_image src=&#8221;https:\/\/blogi.eoppimispalvelut.fi\/tourismabc\/files\/2019\/05\/etusivu_uusikuva.jpg&#8221; title_text=&#8221;etusivu_uusikuva&#8221; _builder_version=&#8221;4.20.4&#8243; _module_preset=&#8221;default&#8221; global_colors_info=&#8221;{}&#8221;][\/et_pb_fullwidth_image][\/et_pb_section][et_pb_section fb_built=&#8221;1&#8243; admin_label=&#8221;section&#8221; _builder_version=&#8221;4.16&#8243; global_colors_info=&#8221;{}&#8221;][et_pb_row admin_label=&#8221;row&#8221; _builder_version=&#8221;4.16&#8243; background_size=&#8221;initial&#8221; background_position=&#8221;top_left&#8221; background_repeat=&#8221;repeat&#8221; global_colors_info=&#8221;{}&#8221;][et_pb_column type=&#8221;4_4&#8243; _builder_version=&#8221;4.16&#8243; custom_padding=&#8221;|||&#8221; global_colors_info=&#8221;{}&#8221; custom_padding__hover=&#8221;|||&#8221;][et_pb_text admin_label=&#8221;Text&#8221; _builder_version=&#8221;4.16&#8243; background_size=&#8221;initial&#8221; background_position=&#8221;top_left&#8221; background_repeat=&#8221;repeat&#8221; custom_padding=&#8221;||0px|||&#8221; global_colors_info=&#8221;{}&#8221;]<\/p>\n<p style=\"text-align: left\">Menestyv\u00e4n liiketoiminnan pohjana on usein hyv\u00e4 tiet\u00e4mys yritystoiminnasta. Laadukkaat, turvalliset ja asiakasl\u00e4ht\u00f6iset palvelut ja tuotteet ovat matkailualan yrityksille avainsanoja kun halutaan oman yritystoiminnan onnistuvan. Lapin matkailussa on paljon ominaispiirteit\u00e4, joista uuden matkailualan yritt\u00e4j\u00e4n on hyv\u00e4 tiet\u00e4\u00e4. T\u00e4m\u00e4 sivusto antaa keskeisimm\u00e4n tiedon aloittelevalle tai jo alalla olevalle yritt\u00e4j\u00e4lle.<\/p>\n<p><img loading=\"lazy\" decoding=\"async\" class=\"size-medium wp-image-1284 alignright\" src=\"https:\/\/blogi.eoppimispalvelut.fi\/tourismabc\/files\/2019\/04\/sanapilvi_netti-600x424.png\" alt=\"\" width=\"600\" height=\"424\" srcset=\"https:\/\/blogi.eoppimispalvelut.fi\/tourismabc\/files\/2019\/04\/sanapilvi_netti-600x424.png 600w, https:\/\/blogi.eoppimispalvelut.fi\/tourismabc\/files\/2019\/04\/sanapilvi_netti-768x543.png 768w, https:\/\/blogi.eoppimispalvelut.fi\/tourismabc\/files\/2019\/04\/sanapilvi_netti.png 842w\" sizes=\"(max-width: 600px) 100vw, 600px\" \/><\/p>\n<p>Tieto on ker\u00e4tty koulutuspaketiksi, joka muodostuu nelj\u00e4st\u00e4 eri osiosta:<\/p>\n<ul>\n<li>Matkailun toimintaymp\u00e4rist\u00f6 ja ominaispiirteet<\/li>\n<li>Menestyv\u00e4 yritystoiminta<\/li>\n<li>Turvallisuus<\/li>\n<li>Lait ja s\u00e4\u00e4d\u00f6kset<\/li>\n<\/ul>\n<p>Lis\u00e4ksi kokonaisuutta tukee erillinen Ty\u00f6kalut-osio.<\/p>\n<p>&nbsp;<\/p>\n<p>[\/et_pb_text][\/et_pb_column][\/et_pb_row][\/et_pb_section]<\/p>\n","protected":false},"excerpt":{"rendered":"<p>Menestyv\u00e4n liiketoiminnan pohjana on usein hyv\u00e4 tiet\u00e4mys yritystoiminnasta. Laadukkaat, turvalliset ja asiakasl\u00e4ht\u00f6iset palvelut ja tuotteet ovat matkailualan yrityksille avainsanoja kun halutaan oman yritystoiminnan onnistuvan. Lapin matkailussa on paljon ominaispiirteit\u00e4, joista uuden matkailualan yritt\u00e4j\u00e4n on hyv\u00e4 tiet\u00e4\u00e4. T\u00e4m\u00e4 sivusto antaa keskeisimm\u00e4n tiedon aloittelevalle tai jo alalla olevalle yritt\u00e4j\u00e4lle. Tieto on ker\u00e4tty koulutuspaketiksi, joka muodostuu nelj\u00e4st\u00e4 eri [&hellip;]<\/p>\n","protected":false},"author":1613,"featured_media":0,"parent":0,"menu_order":0,"comment_status":"closed","ping_status":"closed","template":"","meta":{"_et_pb_use_builder":"on","_et_pb_old_content":"<p style=\"text-align: left\">Menestyv\u00e4n liiketoiminnan pohjana on usein hyv\u00e4 tiet\u00e4mys yritystoiminnasta. Laadukkaat, turvalliset ja asiakasl\u00e4ht\u00f6iset palvelut ja tuotteet ovat matkailualan yrityksille avainsanoja kun halutaan oman yritystoiminnan onnistuvan. Lapin matkailussa on paljon ominaispiirteit\u00e4, joista uuden matkailualan yritt\u00e4j\u00e4n on hyv\u00e4 tiet\u00e4\u00e4. T\u00e4m\u00e4 sivusto antaa keskeisimm\u00e4n tiedon aloittelevalle tai jo alalla olevalle yritt\u00e4j\u00e4lle.<\/p>\n<img class=\"size-medium wp-image-1284 alignright\" src=\"https:\/\/blogi.eoppimispalvelut.fi\/tourismabc\/files\/2019\/04\/sanapilvi_netti-600x424.png\" alt=\"\" width=\"600\" height=\"424\">\n\nTieto on ker\u00e4tty koulutuspaketiksi, joka muodostuu nelj\u00e4st\u00e4 eri osiosta: Matkailun toimintaymp\u00e4rist\u00f6 ja ominaispiirteet, Menestyv\u00e4 yritystoiminta, Turvallisuus sek\u00e4 Lait ja s\u00e4\u00e4d\u00f6kset","_et_gb_content_width":"1080","footnotes":""},"class_list":["post-335","page","type-page","status-publish","hentry"],"_links":{"self":[{"href":"https:\/\/blogi.eoppimispalvelut.fi\/tourismabc\/wp-json\/wp\/v2\/pages\/335","targetHints":{"allow":["GET"]}}],"collection":[{"href":"https:\/\/blogi.eoppimispalvelut.fi\/tourismabc\/wp-json\/wp\/v2\/pages"}],"about":[{"href":"https:\/\/blogi.eoppimispalvelut.fi\/tourismabc\/wp-json\/wp\/v2\/types\/page"}],"author":[{"embeddable":true,"href":"https:\/\/blogi.eoppimispalvelut.fi\/tourismabc\/wp-json\/wp\/v2\/users\/1613"}],"replies":[{"embeddable":true,"href":"https:\/\/blogi.eoppimispalvelut.fi\/tourismabc\/wp-json\/wp\/v2\/comments?post=335"}],"version-history":[{"count":127,"href":"https:\/\/blogi.eoppimispalvelut.fi\/tourismabc\/wp-json\/wp\/v2\/pages\/335\/revisions"}],"predecessor-version":[{"id":2275,"href":"https:\/\/blogi.eoppimispalvelut.fi\/tourismabc\/wp-json\/wp\/v2\/pages\/335\/revisions\/2275"}],"wp:attachment":[{"href":"https:\/\/blogi.eoppimispalvelut.fi\/tourismabc\/wp-json\/wp\/v2\/media?parent=335"}],"curies":[{"name":"wp","href":"https:\/\/api.w.org\/{rel}","templated":true}]}}