{"id":693,"date":"2018-11-08T10:41:49","date_gmt":"2018-11-08T08:41:49","guid":{"rendered":"https:\/\/blogi.eoppimispalvelut.fi\/tourismabc\/?page_id=693"},"modified":"2023-06-29T10:52:22","modified_gmt":"2023-06-29T07:52:22","slug":"koulutusmateriaali","status":"publish","type":"page","link":"https:\/\/blogi.eoppimispalvelut.fi\/tourismabc\/koulutusmateriaali\/","title":{"rendered":"Koulutusmateriaali"},"content":{"rendered":"<p>[et_pb_section fb_built=&#8221;1&#8243; admin_label=&#8221;section&#8221; _builder_version=&#8221;4.16&#8243; global_colors_info=&#8221;{}&#8221;][et_pb_row _builder_version=&#8221;4.20.4&#8243; _module_preset=&#8221;default&#8221; column_structure=&#8221;2_5,3_5&#8243;][et_pb_column _builder_version=&#8221;4.20.4&#8243; _module_preset=&#8221;default&#8221; type=&#8221;2_5&#8243;][et_pb_image src=&#8221;https:\/\/blogi.eoppimispalvelut.fi\/tourismabc\/files\/2019\/04\/Summer-Nature-in-Rovaniemi-Lapland-Finland-Photo-by-Ester-Cuni-and-Marco-Hernandez-Luis-Rovaniemi-Summer-Ambassadors-5-e1688024683563.jpg&#8221; _builder_version=&#8221;4.20.4&#8243; _module_preset=&#8221;default&#8221; title_text=&#8221;Summer Nature in Rovaniemi, Lapland, Finland, Photo by Ester Cuni and Marco Hernandez Luis &#8211; Rovaniemi Summer Ambassadors (5)&#8221; hover_enabled=&#8221;0&#8243; sticky_enabled=&#8221;0&#8243;][\/et_pb_image][\/et_pb_column][et_pb_column _builder_version=&#8221;4.20.4&#8243; _module_preset=&#8221;default&#8221; type=&#8221;3_5&#8243;][et_pb_text _builder_version=&#8221;4.20.4&#8243; _module_preset=&#8221;default&#8221; hover_enabled=&#8221;0&#8243; sticky_enabled=&#8221;0&#8243;]<\/p>\n<h4 style=\"text-align: left;\"><strong><a href=\"https:\/\/blogi.eoppimispalvelut.fi\/tourismabc\/?cat=374249\" rel=\"bookmark\">Matkailun toimintaymp\u00e4rist\u00f6 ja ominaispiirteet<\/a><\/strong><\/h4>\n<p><strong><\/strong><\/p>\n<p style=\"text-align: left;\">Matkailualan yritt\u00e4j\u00e4n on hyv\u00e4 ymm\u00e4rt\u00e4\u00e4, millainen on h\u00e4nen toimintaymp\u00e4rist\u00f6ns\u00e4.\u00a0 Aihetta tarkastellaan kolmen osa-alueen kautta:<\/p>\n<ul>\n<li style=\"text-align: left;\">Lapin matkailuymp\u00e4rist\u00f6<\/li>\n<li style=\"text-align: left;\">Verkostokuvaus<\/li>\n<li style=\"text-align: left;\">Vastuullisuus<\/li>\n<\/ul>\n<p>[\/et_pb_text][\/et_pb_column][\/et_pb_row][et_pb_row _builder_version=&#8221;4.20.4&#8243; _module_preset=&#8221;default&#8221; column_structure=&#8221;2_5,3_5&#8243;][et_pb_column _builder_version=&#8221;4.20.4&#8243; _module_preset=&#8221;default&#8221; type=&#8221;2_5&#8243;][et_pb_image src=&#8221;https:\/\/blogi.eoppimispalvelut.fi\/tourismabc\/files\/2018\/10\/kuva2-1.jpg&#8221; _builder_version=&#8221;4.20.4&#8243; _module_preset=&#8221;default&#8221; title_text=&#8221;kuva2&#8243; hover_enabled=&#8221;0&#8243; sticky_enabled=&#8221;0&#8243;][\/et_pb_image][\/et_pb_column][et_pb_column _builder_version=&#8221;4.20.4&#8243; _module_preset=&#8221;default&#8221; type=&#8221;3_5&#8243;][et_pb_text _builder_version=&#8221;4.20.4&#8243; _module_preset=&#8221;default&#8221; hover_enabled=&#8221;0&#8243; sticky_enabled=&#8221;0&#8243;]<\/p>\n<h4 class=\"entry-title\" style=\"text-align: left;\"><a href=\"https:\/\/blogi.eoppimispalvelut.fi\/tourismabc\/?cat=375219\"><strong>Menestyv\u00e4 yritystoiminta<\/strong><\/a><\/h4>\n<p><strong><\/strong><\/p>\n<p style=\"text-align: left;\">Menestyv\u00e4n liiketoiminnan edellytys on, ett\u00e4 yrityksen peruselementit ovat kunnossa. Aihetta tarkastellaan nelj\u00e4n osa-alueen kautta:<\/p>\n<ul>\n<li style=\"text-align: left;\">Matkailuyritt\u00e4j\u00e4n polku<\/li>\n<li style=\"text-align: left;\">Nelj\u00e4 menestystekij\u00e4\u00e4<\/li>\n<li style=\"text-align: left;\">Asiakaskokemus<\/li>\n<li style=\"text-align: left;\">Hyvinvoiva yritys<\/li>\n<\/ul>\n<p>[\/et_pb_text][\/et_pb_column][\/et_pb_row][et_pb_row _builder_version=&#8221;4.20.4&#8243; _module_preset=&#8221;default&#8221; column_structure=&#8221;2_5,3_5&#8243;][et_pb_column _builder_version=&#8221;4.20.4&#8243; _module_preset=&#8221;default&#8221; type=&#8221;2_5&#8243;][et_pb_image src=&#8221;https:\/\/blogi.eoppimispalvelut.fi\/tourismabc\/files\/2019\/04\/mini-snowmobiling-santa-claus-village-rovaniemi-lapland-finland-15-e1688024929303.jpg&#8221; _builder_version=&#8221;4.20.4&#8243; _module_preset=&#8221;default&#8221; title_text=&#8221;mini-snowmobiling-santa-claus-village-rovaniemi-lapland-finland (15)&#8221; hover_enabled=&#8221;0&#8243; sticky_enabled=&#8221;0&#8243;][\/et_pb_image][\/et_pb_column][et_pb_column _builder_version=&#8221;4.20.4&#8243; _module_preset=&#8221;default&#8221; type=&#8221;3_5&#8243;][et_pb_text _builder_version=&#8221;4.20.4&#8243; _module_preset=&#8221;default&#8221; hover_enabled=&#8221;0&#8243; sticky_enabled=&#8221;0&#8243;]<\/p>\n<h4 style=\"text-align: left;\"><strong><a href=\"https:\/\/blogi.eoppimispalvelut.fi\/tourismabc\/?p=397\">Turvallisuus<\/a><\/strong><\/h4>\n<p><strong><\/strong><\/p>\n<p style=\"text-align: left;\">Turvallisuus on osa hyv\u00e4\u00e4 yritystoimintaa. Matkailualalla se tarkoittaa vastuuta asiakkaiden, henkil\u00f6st\u00f6n ja toimintaymp\u00e4rist\u00f6n turvallisuudesta. Aihetta tarkastellaan turvallisuussuunnitelman sis\u00e4ll\u00f6n kautta.<\/p>\n<p>[\/et_pb_text][\/et_pb_column][\/et_pb_row][et_pb_row _builder_version=&#8221;4.20.4&#8243; _module_preset=&#8221;default&#8221; column_structure=&#8221;2_5,3_5&#8243;][et_pb_column _builder_version=&#8221;4.20.4&#8243; _module_preset=&#8221;default&#8221; type=&#8221;2_5&#8243;][et_pb_image src=&#8221;https:\/\/blogi.eoppimispalvelut.fi\/tourismabc\/files\/2019\/04\/puu-e1688025019761.jpg&#8221; _builder_version=&#8221;4.20.4&#8243; _module_preset=&#8221;default&#8221; title_text=&#8221;puu&#8221; hover_enabled=&#8221;0&#8243; sticky_enabled=&#8221;0&#8243;][\/et_pb_image][\/et_pb_column][et_pb_column _builder_version=&#8221;4.20.4&#8243; _module_preset=&#8221;default&#8221; type=&#8221;3_5&#8243;][et_pb_text _builder_version=&#8221;4.20.4&#8243; _module_preset=&#8221;default&#8221; hover_enabled=&#8221;0&#8243; sticky_enabled=&#8221;0&#8243;]<\/p>\n<h4 style=\"text-align: left;\"><strong><a href=\"https:\/\/blogi.eoppimispalvelut.fi\/tourismabc\/category\/lait-ja-saadokset\/\">Lait ja s\u00e4\u00e4d\u00f6kset<\/a><\/strong><\/h4>\n<p><strong><\/strong><\/p>\n<p style=\"text-align: left;\">Matkailuyritt\u00e4j\u00e4n on t\u00e4rke\u00e4\u00e4 tuntea tarjoamiansa palveluja tai tuotteitansa koskevat lait ja s\u00e4\u00e4nn\u00f6kset sek\u00e4 noudattaa niit\u00e4. Aihetta tarkastellaan kolmen osa-alueen kautta:<\/p>\n<ul>\n<li style=\"text-align: left;\">Matkailuyrityksi\u00e4 koskevat lait<\/li>\n<li style=\"text-align: left;\">Tietosuoja<\/li>\n<li style=\"text-align: left;\">Matkapakettilaki<\/li>\n<\/ul>\n<p>[\/et_pb_text][\/et_pb_column][\/et_pb_row][\/et_pb_section]<\/p>\n","protected":false},"excerpt":{"rendered":"<p>Matkailun toimintaymp\u00e4rist\u00f6 ja ominaispiirteet Matkailualan yritt\u00e4j\u00e4n on hyv\u00e4 ymm\u00e4rt\u00e4\u00e4, millainen on h\u00e4nen toimintaymp\u00e4rist\u00f6ns\u00e4.\u00a0 Aihetta tarkastellaan kolmen osa-alueen kautta: Lapin matkailuymp\u00e4rist\u00f6 Verkostokuvaus Vastuullisuus Menestyv\u00e4 yritystoiminta Menestyv\u00e4n liiketoiminnan edellytys on, ett\u00e4 yrityksen peruselementit ovat kunnossa. Aihetta tarkastellaan nelj\u00e4n osa-alueen kautta: Matkailuyritt\u00e4j\u00e4n polku Nelj\u00e4 menestystekij\u00e4\u00e4 Asiakaskokemus Hyvinvoiva yritys Turvallisuus Turvallisuus on osa hyv\u00e4\u00e4 yritystoimintaa. Matkailualalla se tarkoittaa vastuuta [&hellip;]<\/p>\n","protected":false},"author":1613,"featured_media":0,"parent":0,"menu_order":0,"comment_status":"closed","ping_status":"closed","template":"","meta":{"_et_pb_use_builder":"on","_et_pb_old_content":"<div class=\"col-container\">\n<div class=\"col\">\n\n<img class=\"aligncenter wp-image-1404 size-full\" src=\"https:\/\/blogi.eoppimispalvelut.fi\/tourismabc\/files\/2019\/04\/Summer-Nature-in-Rovaniemi-Lapland-Finland-Photo-by-Ester-Cuni-and-Marco-Hernandez-Luis-Rovaniemi-Summer-Ambassadors-5_netti.jpg\" alt=\"\" width=\"210\" height=\"211\">\n<h4 style=\"text-align: center\"><strong><a href=\"https:\/\/blogi.eoppimispalvelut.fi\/tourismabc\/?cat=374249\" rel=\"bookmark\">Matkailun toimintaymp\u00e4rist\u00f6\nja ominaispiirteet<\/a><\/strong><\/h4>\n<p style=\"text-align: left\">Matkailualan yritt\u00e4j\u00e4n on hyv\u00e4 ymm\u00e4rt\u00e4\u00e4, millainen on h\u00e4nen toimintaymp\u00e4rist\u00f6ns\u00e4.&nbsp; Aihetta tarkastellaan kolmen osa-alueen kautta:<\/p>\n\n<ul>\n \t<li style=\"text-align: left\">Lapin matkailuymp\u00e4rist\u00f6<\/li>\n \t<li style=\"text-align: left\">Verkostokuvaus<\/li>\n \t<li style=\"text-align: left\">Vastuullisuus<\/li>\n<\/ul>\n<\/div>\n<div class=\"col\">\n\n<img class=\"image aligncenter\" src=\"https:\/\/blogi.eoppimispalvelut.fi\/tourismabc\/files\/2018\/10\/kuva2-1.jpg\" alt=\"\" width=\"211\" height=\"211\">\n<h4 class=\"entry-title\" style=\"text-align: center\"><a href=\"https:\/\/blogi.eoppimispalvelut.fi\/tourismabc\/?cat=375219\"><strong>Menestyv\u00e4 yritystoiminta<\/strong><\/a><\/h4>\n<p style=\"text-align: left\">Menestyv\u00e4n liiketoiminnan edellytys on, ett\u00e4 yrityksen peruselementit ovat kunnossa. Aihetta tarkastellaan nelj\u00e4n osa-alueen kautta:<\/p>\n\n<ul>\n \t<li style=\"text-align: left\">Matkailuyritt\u00e4j\u00e4n polku<\/li>\n \t<li style=\"text-align: left\">Nelj\u00e4 menestystekij\u00e4\u00e4<\/li>\n \t<li style=\"text-align: left\">Asiakaskokemus<\/li>\n \t<li style=\"text-align: left\">Hyvinvoiva yritys<\/li>\n<\/ul>\n<\/div>\n<div class=\"col\">\n\n<img class=\"aligncenter wp-image-1407 size-full\" src=\"https:\/\/blogi.eoppimispalvelut.fi\/tourismabc\/files\/2019\/04\/mini-snowmobiling-santa-claus-village-rovaniemi-lapland-finland-15_netti.jpg\" alt=\"\" width=\"211\" height=\"211\">\n<h4 style=\"text-align: center\"><strong><a href=\"https:\/\/blogi.eoppimispalvelut.fi\/tourismabc\/?p=397\">Turvallisuus<\/a><\/strong><\/h4>\n<p style=\"text-align: left\">Turvallisuus on osa hyv\u00e4\u00e4 yritystoimintaa. Matkailualalla se tarkoittaa vastuuta asiakkaiden, henkil\u00f6st\u00f6n ja toimintaymp\u00e4rist\u00f6n turvallisuudesta. Aihetta tarkastellaan turvallisuussuunnitelman sis\u00e4ll\u00f6n kautta.<\/p>\n\n<\/div>\n<div class=\"col\">\n<img class=\"aligncenter wp-image-1408 size-full\" src=\"https:\/\/blogi.eoppimispalvelut.fi\/tourismabc\/files\/2019\/04\/NapapiirinPorofarmi_LapinMateriaalipankki_TerhiTuovinen15_netti.jpg\" alt=\"\" width=\"211\" height=\"211\">\n<h4 style=\"text-align: center\"><strong><a href=\"https:\/\/blogi.eoppimispalvelut.fi\/tourismabc\/category\/lait-ja-saadokset\/\">Lait ja s\u00e4\u00e4d\u00f6kset<\/a><\/strong><\/h4>\n<p style=\"text-align: left\">Matkailuyritt\u00e4j\u00e4n on t\u00e4rke\u00e4\u00e4 tuntea tarjoamiansa palveluja tai tuotteitansa koskevat lait ja s\u00e4\u00e4nn\u00f6kset sek\u00e4 noudattaa niit\u00e4. Aihetta tarkastellaan kolmen osa-alueen kautta:<\/p>\n\n<ul>\n \t<li style=\"text-align: left\">Matkailuyrityksi\u00e4 koskevat lait<\/li>\n \t<li style=\"text-align: left\">Tietosuoja<\/li>\n \t<li style=\"text-align: left\">Matkapakettilaki<\/li>\n<\/ul>\n<\/div>\n<\/div>","_et_gb_content_width":"1080","footnotes":""},"class_list":["post-693","page","type-page","status-publish","hentry"],"_links":{"self":[{"href":"https:\/\/blogi.eoppimispalvelut.fi\/tourismabc\/wp-json\/wp\/v2\/pages\/693","targetHints":{"allow":["GET"]}}],"collection":[{"href":"https:\/\/blogi.eoppimispalvelut.fi\/tourismabc\/wp-json\/wp\/v2\/pages"}],"about":[{"href":"https:\/\/blogi.eoppimispalvelut.fi\/tourismabc\/wp-json\/wp\/v2\/types\/page"}],"author":[{"embeddable":true,"href":"https:\/\/blogi.eoppimispalvelut.fi\/tourismabc\/wp-json\/wp\/v2\/users\/1613"}],"replies":[{"embeddable":true,"href":"https:\/\/blogi.eoppimispalvelut.fi\/tourismabc\/wp-json\/wp\/v2\/comments?post=693"}],"version-history":[{"count":73,"href":"https:\/\/blogi.eoppimispalvelut.fi\/tourismabc\/wp-json\/wp\/v2\/pages\/693\/revisions"}],"predecessor-version":[{"id":2008,"href":"https:\/\/blogi.eoppimispalvelut.fi\/tourismabc\/wp-json\/wp\/v2\/pages\/693\/revisions\/2008"}],"wp:attachment":[{"href":"https:\/\/blogi.eoppimispalvelut.fi\/tourismabc\/wp-json\/wp\/v2\/media?parent=693"}],"curies":[{"name":"wp","href":"https:\/\/api.w.org\/{rel}","templated":true}]}}