{"id":593,"date":"2018-10-17T13:07:07","date_gmt":"2018-10-17T10:07:07","guid":{"rendered":"https:\/\/blogi.eoppimispalvelut.fi\/eop2\/?page_id=2"},"modified":"2019-03-05T14:53:29","modified_gmt":"2019-03-05T12:53:29","slug":"esimerkkisivu-2","status":"publish","type":"page","link":"https:\/\/blogi.eoppimispalvelut.fi\/tuki\/","title":{"rendered":"Etusivu"},"content":{"rendered":"<p>[et_pb_section bb_built=&#8221;1&#8243; _builder_version=&#8221;3.0.101&#8243; use_background_color_gradient=&#8221;on&#8221; background_color_gradient_start=&#8221;rgba(255,83,47,0)&#8221; background_color_gradient_end=&#8221;rgba(255,255,255,0.5)&#8221; background_image=&#8221;https:\/\/blogi.eoppimispalvelut.fi\/tuki\/files\/2019\/02\/amk-tutkinnot-karuselli-2018.jpg&#8221; custom_margin=&#8221;||||false&#8221; custom_padding=&#8221;4vw||7vw||false|false&#8221; next_background_color=&#8221;rgba(244,244,244,0.34)&#8221;][et_pb_row use_custom_width=&#8221;on&#8221; width_unit=&#8221;off&#8221; custom_width_percent=&#8221;100%&#8221; _builder_version=&#8221;3.0.101&#8243; module_alignment=&#8221;left&#8221; animation_style=&#8221;fade&#8221;][et_pb_column type=&#8221;4_4&#8243;][et_pb_text admin_label=&#8221;Kuvan p\u00e4\u00e4ll\u00e4 oleva Otsikon teksti&#8221; background_layout=&#8221;dark&#8221; _builder_version=&#8221;3.0.101&#8243; text_font=&#8221;ABeeZee||||||||&#8221; text_font_size=&#8221;29px&#8221; text_text_color=&#8221;#ffffff&#8221; text_line_height=&#8221;2em&#8221; text_text_shadow_style=&#8221;preset5&#8243; header_font=&#8221;ABeeZee|300|||||||&#8221; header_font_size=&#8221;50px&#8221; header_font_size_tablet=&#8221;40px&#8221; header_font_size_phone=&#8221;32px&#8221; header_font_size_last_edited=&#8221;on|desktop&#8221; header_line_height=&#8221;1.4em&#8221; header_text_shadow_style=&#8221;preset5&#8243; text_orientation=&#8221;center&#8221; max_width=&#8221;700px&#8221; module_alignment=&#8221;center&#8221;]<\/p>\n<h1>LUC eOppimispalvelut<\/h1>\n<p>Et\u00e4- ja verkko-opintojen tukipalvelut<\/p>\n<p>[\/et_pb_text][\/et_pb_column][\/et_pb_row][\/et_pb_section][et_pb_section bb_built=&#8221;1&#8243; admin_label=&#8221;Features&#8221; background_color=&#8221;rgba(244,244,244,0.34)&#8221; _builder_version=&#8221;3.0.101&#8243; custom_margin=&#8221;||||false&#8221; custom_padding=&#8221;0px||0px||true&#8221; top_divider_color=&#8221;#ffffff&#8221; top_divider_height=&#8221;2.5vw&#8221; top_divider_arrangement=&#8221;above_content&#8221; prev_background_color=&#8221;#ffffff&#8221; next_background_color=&#8221;#000000&#8243;][et_pb_row make_fullwidth=&#8221;on&#8221; use_custom_gutter=&#8221;on&#8221; gutter_width=&#8221;1&#8243; custom_padding=&#8221;0|0px|0px|0px|false|false&#8221; make_equal=&#8221;on&#8221; padding_top_1=&#8221;80px&#8221; padding_right_1=&#8221;4%&#8221; padding_bottom_1=&#8221;80px&#8221; padding_left_1=&#8221;4%&#8221; padding_top_2=&#8221;80px&#8221; padding_right_2=&#8221;4%&#8221; padding_bottom_2=&#8221;80px&#8221; padding_left_2=&#8221;4%&#8221; padding_top_3=&#8221;80px&#8221; padding_right_3=&#8221;4%&#8221; padding_bottom_3=&#8221;80px&#8221; padding_left_3=&#8221;4%&#8221; padding_1_tablet=&#8221;|10%||10%||true&#8221; padding_2_tablet=&#8221;|10%||10%||true&#8221; padding_3_tablet=&#8221;|10%||10%||true&#8221; padding_1_last_edited=&#8221;on|tablet&#8221; padding_2_last_edited=&#8221;on|tablet&#8221; padding_3_last_edited=&#8221;on|tablet&#8221; _builder_version=&#8221;3.0.101&#8243;][et_pb_column type=&#8221;1_3&#8243;][et_pb_text _builder_version=&#8221;3.0.101&#8243; text_font=&#8221;|600||on|||||&#8221; text_font_size=&#8221;24px&#8221; text_orientation=&#8221;center&#8221; custom_padding=&#8221;||10px|&#8221;]<\/p>\n<p>Ty\u00f6v\u00e4lineet<\/p>\n<p>[\/et_pb_text][et_pb_blurb admin_label=&#8221;Ty\u00f6v\u00e4lineet&#8221; _builder_version=&#8221;3.0.101&#8243; header_font=&#8221;|||on|on||||solid&#8221; header_text_align=&#8221;center&#8221; header_font_size=&#8221;22px&#8221; text_orientation=&#8221;center&#8221; url_new_window=&#8221;off&#8221; use_icon=&#8221;off&#8221; use_circle=&#8221;off&#8221; use_circle_border=&#8221;off&#8221; icon_placement=&#8221;top&#8221; use_icon_font_size=&#8221;off&#8221; background_layout=&#8221;light&#8221;]<\/p>\n<p>&nbsp;<\/p>\n<table style=\"border-color: #ffffff; height: 532px; float: left;\" border=\"0\" width=\"211\">\n<tbody>\n<tr>\n<td style=\"width: 31px;\"><img loading=\"lazy\" decoding=\"async\" class=\"wp-image-34 aligncenter size-full\" src=\"https:\/\/blogi.eoppimispalvelut.fi\/tuki\/files\/2019\/03\/soft_moodle.jpg\" alt=\"\" width=\"32\" height=\"32\"><\/td>\n<td style=\"text-align: left; width: 164px;\"><a href=\"https:\/\/moodle.eoppimispalvelut.fi\/\" target=\"_blank\" rel=\"noopener noreferrer\">Moodle<\/a><\/td>\n<\/tr>\n<tr>\n<td style=\"width: 31px;\"><img loading=\"lazy\" decoding=\"async\" class=\"wp-image-34 aligncenter size-full\" src=\"https:\/\/blogi.eoppimispalvelut.fi\/tuki\/files\/2019\/03\/soft_moodle.jpg\" alt=\"\" width=\"32\" height=\"32\"><\/td>\n<td style=\"text-align: left; width: 164px;\"><a href=\"https:\/\/openmoodle.eoppimispalvelut.fi\/\" target=\"_blank\" rel=\"noopener noreferrer\">Open Moodle<\/a><\/td>\n<\/tr>\n<tr>\n<td style=\"width: 31px;\"><img loading=\"lazy\" decoding=\"async\" class=\"wp-image-36 aligncenter size-full\" src=\"https:\/\/blogi.eoppimispalvelut.fi\/tuki\/files\/2019\/03\/soft_optima.jpg\" alt=\"\" width=\"32\" height=\"32\"><\/td>\n<td style=\"text-align: left; width: 164px;\"><a href=\"https:\/\/optima.lapinkampus.fi\/login1?ns=\" target=\"_blank\" rel=\"noopener noreferrer\">Optima<\/a><\/td>\n<\/tr>\n<tr>\n<td style=\"width: 201px;\" colspan=\"2\">\n<hr>\n<\/td>\n<\/tr>\n<tr>\n<td style=\"width: 31px;\"><img loading=\"lazy\" decoding=\"async\" class=\"wp-image-43 aligncenter size-full\" src=\"https:\/\/blogi.eoppimispalvelut.fi\/tuki\/files\/2019\/03\/soft_cafe.png\" alt=\"\" width=\"32\" height=\"30\"><\/td>\n<td style=\"text-align: left; width: 164px;\"><a href=\"https:\/\/drive.google.com\/a\/edu.lapinamk.fi\" target=\"_blank\" rel=\"noopener noreferrer\">G Suite (Opiskelija)<\/a><\/td>\n<\/tr>\n<tr>\n<td style=\"width: 31px;\"><img loading=\"lazy\" decoding=\"async\" class=\"wp-image-43 aligncenter size-full\" src=\"https:\/\/blogi.eoppimispalvelut.fi\/tuki\/files\/2019\/03\/soft_cafe.png\" alt=\"\" width=\"32\" height=\"30\"><\/td>\n<td style=\"text-align: left; width: 164px;\"><a href=\"https:\/\/drive.google.com\/a\/lapinamk.fi\" target=\"_blank\" rel=\"noopener noreferrer\">G Suite (Henkil\u00f6kunta)<\/a><\/td>\n<\/tr>\n<tr>\n<td style=\"width: 31px;\"><img loading=\"lazy\" decoding=\"async\" class=\"wp-image-35 aligncenter size-full\" src=\"https:\/\/blogi.eoppimispalvelut.fi\/tuki\/files\/2019\/03\/soft_o365.png\" alt=\"\" width=\"32\" height=\"32\"><\/td>\n<td style=\"text-align: left; width: 164px;\"><a href=\"http:\/\/o365.luc.fi\/\" target=\"_blank\" rel=\"noopener noreferrer\">O365<\/a><\/td>\n<\/tr>\n<tr>\n<td style=\"width: 201px;\" colspan=\"2\">\n<hr>\n<\/td>\n<\/tr>\n<tr>\n<td style=\"width: 31px;\"><img loading=\"lazy\" decoding=\"async\" class=\"wp-image-43 aligncenter size-full\" src=\"https:\/\/blogi.eoppimispalvelut.fi\/tuki\/files\/2019\/02\/exam-logo.png\" alt=\"\" width=\"32\" height=\"30\"><\/td>\n<td style=\"text-align: left; width: 164px;\"><a href=\"https:\/\/exam.lapinamk.fi\/\" target=\"_blank\" rel=\"noopener noreferrer\">Exam (Lapin amk)<\/a><\/td>\n<\/tr>\n<tr>\n<td style=\"width: 31px;\"><img loading=\"lazy\" decoding=\"async\" class=\"wp-image-35 aligncenter size-full\" src=\"https:\/\/blogi.eoppimispalvelut.fi\/tuki\/files\/2019\/02\/exam-logo.png\" alt=\"\" width=\"32\" height=\"32\"><\/td>\n<td style=\"text-align: left; width: 164px;\"><a href=\"https:\/\/exam.ulapland.fi\/\" target=\"_blank\" rel=\"noopener noreferrer\">Exam (Lapin Yliopisto)<\/a><\/td>\n<\/tr>\n<tr>\n<td style=\"width: 201px;\" colspan=\"2\">\n<hr>\n<\/td>\n<\/tr>\n<tr>\n<td style=\"width: 31px;\"><img loading=\"lazy\" decoding=\"async\" class=\"wp-image-43 aligncenter size-full\" src=\"https:\/\/blogi.eoppimispalvelut.fi\/tuki\/files\/2019\/02\/padlet.png\" alt=\"\" width=\"32\" height=\"30\"><\/td>\n<td style=\"text-align: left; width: 164px;\"><a href=\"http:\/\/eoppimispalvelut.padlet.org\/\" target=\"_blank\" rel=\"noopener noreferrer\">Padlet<\/a><\/td>\n<\/tr>\n<tr>\n<td style=\"width: 31px;\"><img loading=\"lazy\" decoding=\"async\" class=\"wp-image-35 aligncenter size-full\" src=\"https:\/\/blogi.eoppimispalvelut.fi\/tuki\/files\/2019\/02\/flinga.png\" alt=\"\" width=\"32\" height=\"32\"><\/td>\n<td style=\"text-align: left; width: 164px;\"><a href=\"https:\/\/edu.flinga.fi\/\" target=\"_blank\" rel=\"noopener noreferrer\">Flinga<\/a><\/td>\n<\/tr>\n<tr>\n<td style=\"width: 201px;\" colspan=\"2\">\n<hr>\n<\/td>\n<\/tr>\n<tr>\n<td style=\"width: 31px;\"><img loading=\"lazy\" decoding=\"async\" class=\"wp-image-43 aligncenter size-full\" src=\"https:\/\/blogi.eoppimispalvelut.fi\/tuki\/files\/2019\/03\/soft_cafe.png\" alt=\"\" width=\"32\" height=\"30\"><\/td>\n<td style=\"text-align: left; width: 164px;\"><a href=\"http:\/\/blogi.eoppimispalvelut.fi\/\" target=\"_blank\" rel=\"noopener noreferrer\">Blogipalvelin<\/a><\/td>\n<\/tr>\n<\/tbody>\n<\/table>\n<p>&nbsp;<\/p>\n<p>[\/et_pb_blurb][\/et_pb_column][et_pb_column type=&#8221;1_3&#8243;][et_pb_text _builder_version=&#8221;3.0.101&#8243; text_font=&#8221;|600||on|||||&#8221; text_font_size=&#8221;24px&#8221; text_orientation=&#8221;center&#8221; custom_padding=&#8221;||10px|&#8221;]<\/p>\n<p>Tukihenkil\u00f6t<\/p>\n<p>[\/et_pb_text][et_pb_text _builder_version=&#8221;3.0.101&#8243; text_font=&#8221;Acme||||||||&#8221; text_font_size=&#8221;24px&#8221; text_text_color=&#8221;#0c71c3&#8243; text_line_height=&#8221;1.6em&#8221; header_font=&#8221;Acme|300|||||||&#8221; header_font_size=&#8221;20px&#8221; text_orientation=&#8221;center&#8221; custom_padding=&#8221;||10px|&#8221;]<\/p>\n<h6><span style=\"color: #68bdf6;\"><a style=\"color: #00ccff;\" href=\"mailto:eoppimispalvelut@luc.fi\" target=\"_blank\" rel=\"noopener noreferrer\">eoppimispalvelut@luc.fi<\/a><\/span><\/h6>\n<p>[\/et_pb_text][et_pb_sidebar admin_label=&#8221;Tukihenkil\u00f6t&#8221; area=&#8221;et_pb_widget_area_1&#8243; _builder_version=&#8221;3.0.101&#8243; header_font=&#8221;|||on|on||||&#8221; header_text_align=&#8221;center&#8221; header_font_size=&#8221;22px&#8221; header_line_height=&#8221;2.2em&#8221; custom_margin=&#8221;|||&#8221; \/][et_pb_blurb icon_placement=&#8221;left&#8221; _builder_version=&#8221;3.0.101&#8243; text_orientation=&#8221;center&#8221; custom_padding=&#8221;||15px|&#8221; \/][et_pb_contact_form captcha=&#8221;off&#8221; title=&#8221;J\u00e4t\u00e4 meille viesti&#8221; success_message=&#8221;Kiitos viestist\u00e4&#8221; submit_button_text=&#8221;J\u00e4t\u00e4 viesti&#8221; module_id=&#8221;et_pb_contact_form_0&#8243; _builder_version=&#8221;3.0.101&#8243; title_font=&#8221;||||||||&#8221; title_text_align=&#8221;center&#8221; text_orientation=&#8221;left&#8221; custom_button=&#8221;on&#8221; button_text_size=&#8221;15px&#8221; button_border_width=&#8221;0px&#8221; button_border_radius=&#8221;3px&#8221; button_font=&#8221;||||||||&#8221; button_on_hover=&#8221;off&#8221;][et_pb_contact_field field_id=&#8221;Name&#8221; field_title=&#8221;Nimi&#8221; _builder_version=&#8221;3.0.47&#8243; border_radii=&#8221;on||||&#8221;][\/et_pb_contact_field][et_pb_contact_field field_id=&#8221;Email&#8221; field_title=&#8221;S\u00e4hk\u00f6postiosoite&#8221; field_type=&#8221;email&#8221; _builder_version=&#8221;3.0.47&#8243; border_radii=&#8221;on||||&#8221;][\/et_pb_contact_field][et_pb_contact_field field_id=&#8221;Message&#8221; field_title=&#8221;S\u00e4hk\u00f6postiviesti&#8221; field_type=&#8221;text&#8221; fullwidth_field=&#8221;on&#8221; _builder_version=&#8221;3.0.47&#8243; border_radii=&#8221;on||||&#8221;][\/et_pb_contact_field][\/et_pb_contact_form][et_pb_divider color=&#8221;#000000&#8243; show_divider=&#8221;on&#8221; _builder_version=&#8221;3.0.101&#8243; custom_padding=&#8221;15px|||&#8221; \/][\/et_pb_column][et_pb_column type=&#8221;1_3&#8243;][et_pb_text _builder_version=&#8221;3.0.101&#8243; text_font=&#8221;|600||on|||||&#8221; text_font_size=&#8221;24px&#8221; text_orientation=&#8221;center&#8221; custom_padding=&#8221;||10px|&#8221;]<\/p>\n<p>H\u00e4iri\u00f6tiedotteet<\/p>\n<p>[\/et_pb_text][et_pb_blurb admin_label=&#8221;Face&#8221; _builder_version=&#8221;3.0.101&#8243; header_font=&#8221;|||on|on||||&#8221; header_text_align=&#8221;center&#8221; header_font_size=&#8221;22px&#8221; header_line_height=&#8221;2.2em&#8221;]<\/p>\n<p>[custom-facebook-feed]<\/p>\n<p>[\/et_pb_blurb][\/et_pb_column][\/et_pb_row][\/et_pb_section][et_pb_section bb_built=&#8221;1&#8243; background_color=&#8221;rgba(244,244,244,0.34)&#8221; _builder_version=&#8221;3.0.101&#8243; saved_tabs=&#8221;all&#8221; prev_background_color=&#8221;#000000&#8243;][et_pb_row make_fullwidth=&#8221;on&#8221; _builder_version=&#8221;3.0.101&#8243; module_alignment=&#8221;center&#8221;][et_pb_column type=&#8221;4_4&#8243;][et_pb_text _builder_version=&#8221;3.0.101&#8243; text_font=&#8221;|||on|on||||&#8221; text_font_size=&#8221;24px&#8221; text_orientation=&#8221;center&#8221; custom_padding=&#8221;||10px|&#8221;]<\/p>\n<p>Adobe Connect istunnot<\/p>\n<p>[\/et_pb_text][et_pb_sidebar area=&#8221;et_pb_widget_area_2&#8243; _builder_version=&#8221;3.0.101&#8243; \/][\/et_pb_column][\/et_pb_row][\/et_pb_section]<\/p>\n","protected":false},"excerpt":{"rendered":"<p>[et_pb_section bb_built=&#8221;1&#8243; _builder_version=&#8221;3.0.101&#8243; use_background_color_gradient=&#8221;on&#8221; background_color_gradient_start=&#8221;rgba(255,83,47,0)&#8221; background_color_gradient_end=&#8221;rgba(255,255,255,0.5)&#8221; background_image=&#8221;https:\/\/blogi.eoppimispalvelut.fi\/tuki\/files\/2019\/02\/amk-tutkinnot-karuselli-2018.jpg&#8221; custom_margin=&#8221;||||false&#8221; custom_padding=&#8221;4vw||7vw||false|false&#8221; next_background_color=&#8221;rgba(244,244,244,0.34)&#8221;][et_pb_row use_custom_width=&#8221;on&#8221; width_unit=&#8221;off&#8221; custom_width_percent=&#8221;100%&#8221; _builder_version=&#8221;3.0.101&#8243; module_alignment=&#8221;left&#8221; animation_style=&#8221;fade&#8221;][et_pb_column type=&#8221;4_4&#8243;][et_pb_text admin_label=&#8221;Kuvan p\u00e4\u00e4ll\u00e4 oleva Otsikon teksti&#8221; background_layout=&#8221;dark&#8221; _builder_version=&#8221;3.0.101&#8243; text_font=&#8221;ABeeZee||||||||&#8221; text_font_size=&#8221;29px&#8221; text_text_color=&#8221;#ffffff&#8221; text_line_height=&#8221;2em&#8221; text_text_shadow_style=&#8221;preset5&#8243; header_font=&#8221;ABeeZee|300|||||||&#8221; header_font_size=&#8221;50px&#8221; header_font_size_tablet=&#8221;40px&#8221; header_font_size_phone=&#8221;32px&#8221; header_font_size_last_edited=&#8221;on|desktop&#8221; header_line_height=&#8221;1.4em&#8221; header_text_shadow_style=&#8221;preset5&#8243; text_orientation=&#8221;center&#8221; max_width=&#8221;700px&#8221; module_alignment=&#8221;center&#8221;] LUC eOppimispalvelut Et\u00e4- ja verkko-opintojen tukipalvelut [\/et_pb_text][\/et_pb_column][\/et_pb_row][\/et_pb_section][et_pb_section bb_built=&#8221;1&#8243; admin_label=&#8221;Features&#8221; background_color=&#8221;rgba(244,244,244,0.34)&#8221; _builder_version=&#8221;3.0.101&#8243; custom_margin=&#8221;||||false&#8221; custom_padding=&#8221;0px||0px||true&#8221; top_divider_color=&#8221;#ffffff&#8221; top_divider_height=&#8221;2.5vw&#8221; top_divider_arrangement=&#8221;above_content&#8221; [&hellip;]<\/p>\n","protected":false},"author":36,"featured_media":0,"parent":0,"menu_order":0,"comment_status":"closed","ping_status":"open","template":"","meta":{"_et_pb_use_builder":"on","_et_pb_old_content":"<p>T\u00e4m\u00e4 on esimerkkisivu. Se eroaa artikkelista siten, ett\u00e4 se pysyy paikallaan ja n\u00e4kyy sivustosi navigointivalikossa (useimmissa teemoissa). Useimmat ihmiset aloittavat Tietoja-sivulla, joka esittelee sivuston kirjoittajan mahdollisille lukijoille, esimerkiksi n\u00e4in:<\/p><blockquote><p>Moro! P\u00e4ivisin jaan postia, iltaisin olen stand-up-koomikko. T\u00e4m\u00e4 on minun blogini! Asun Tampereella kissani kanssa ja tykk\u00e4\u00e4n Sihi-juomasta.<\/p><\/blockquote><p>...tai jotain t\u00e4llaista:<\/p><blockquote><p>XYZ H\u00e4rp\u00e4keyritys Oy perustettiin vuonna 1971 ja on siit\u00e4 l\u00e4htien ollut maan merkitt\u00e4vin h\u00e4rp\u00e4kkeiden toimittaja. Kotipaikkamme on Ankkalinna ja ty\u00f6llist\u00e4mme yli 2000 ihmist\u00e4.<\/p><\/blockquote><p>Olet uusi WordPress-k\u00e4ytt\u00e4j\u00e4, joten kipaisepa <a href=\"https:\/\/blogi.eoppimispalvelut.fi\/eop2\/wp-admin\/\">hallintan\u00e4kym\u00e4\u00e4si<\/a> poistamaan tai muokkaamaan t\u00e4t\u00e4 sivua, ja luomaan uusia sivuja. Pid\u00e4 hauskaa!<\/p>","_et_gb_content_width":"","footnotes":""},"class_list":["post-593","page","type-page","status-publish","hentry"],"_links":{"self":[{"href":"https:\/\/blogi.eoppimispalvelut.fi\/tuki\/wp-json\/wp\/v2\/pages\/593","targetHints":{"allow":["GET"]}}],"collection":[{"href":"https:\/\/blogi.eoppimispalvelut.fi\/tuki\/wp-json\/wp\/v2\/pages"}],"about":[{"href":"https:\/\/blogi.eoppimispalvelut.fi\/tuki\/wp-json\/wp\/v2\/types\/page"}],"author":[{"embeddable":true,"href":"https:\/\/blogi.eoppimispalvelut.fi\/tuki\/wp-json\/wp\/v2\/users\/36"}],"replies":[{"embeddable":true,"href":"https:\/\/blogi.eoppimispalvelut.fi\/tuki\/wp-json\/wp\/v2\/comments?post=593"}],"version-history":[{"count":10,"href":"https:\/\/blogi.eoppimispalvelut.fi\/tuki\/wp-json\/wp\/v2\/pages\/593\/revisions"}],"predecessor-version":[{"id":709,"href":"https:\/\/blogi.eoppimispalvelut.fi\/tuki\/wp-json\/wp\/v2\/pages\/593\/revisions\/709"}],"wp:attachment":[{"href":"https:\/\/blogi.eoppimispalvelut.fi\/tuki\/wp-json\/wp\/v2\/media?parent=593"}],"curies":[{"name":"wp","href":"https:\/\/api.w.org\/{rel}","templated":true}]}}