{"id":603,"date":"2019-02-22T12:47:48","date_gmt":"2019-02-22T10:47:48","guid":{"rendered":"https:\/\/blogi.eoppimispalvelut.fi\/eop2\/?page_id=599"},"modified":"2019-02-22T12:47:48","modified_gmt":"2019-02-22T10:47:48","slug":"apua","status":"publish","type":"page","link":"https:\/\/blogi.eoppimispalvelut.fi\/tuki\/apua\/","title":{"rendered":"Apua"},"content":{"rendered":"<p>\t\t\t\t[et_pb_section fb_built=&#8221;1&#8243; _builder_version=&#8221;3.0.47&#8243;][et_pb_row _builder_version=&#8221;3.0.101&#8243;][et_pb_column type=&#8221;4_4&#8243; _builder_version=&#8221;3.0.101&#8243; parallax=&#8221;off&#8221; parallax_method=&#8221;on&#8221;][et_pb_text _builder_version=&#8221;3.0.101&#8243; custom_padding=&#8221;||30px|&#8221;]<\/p>\n<h2 style=\"text-align: left\"><strong>J\u00c4RJESTELMIEN P\u00c4\u00c4K\u00c4YTT\u00c4J\u00c4T<\/strong><\/h2>\n<p>[\/et_pb_text][\/et_pb_column][\/et_pb_row][et_pb_row custom_padding=&#8221;0px|0px|0px|0px&#8221; _builder_version=&#8221;3.0.101&#8243; background_size=&#8221;initial&#8221; background_position=&#8221;top_left&#8221; background_repeat=&#8221;repeat&#8221;][et_pb_column type=&#8221;4_4&#8243; _builder_version=&#8221;3.0.47&#8243; parallax=&#8221;off&#8221; parallax_method=&#8221;on&#8221;][et_pb_toggle title=&#8221;Adobe Connect (AC)&#8221; _builder_version=&#8221;3.0.101&#8243;]<\/p>\n<p style=\"text-align: justify\"><a href=\"eOppimispalvelut.fi\" target=\"_blank\" rel=\"noopener noreferrer\">eOppimispalvelut.fi<\/a> (Tukihenkil\u00f6t)<\/p>\n<p style=\"text-align: justify\"><a href=\"mailto:eOppimispalvelut@luc.fi\" target=\"_blank\" rel=\"noopener noreferrer\">eOppimispalvelut@luc.fi<\/a><\/p>\n<p>[\/et_pb_toggle][et_pb_toggle title=&#8221;G Suite (Cafe)&#8221; _builder_version=&#8221;3.0.101&#8243;]<\/p>\n<p style=\"text-align: justify\"><a href=\"eOppimispalvelut.fi\" target=\"_blank\" rel=\"noopener noreferrer\">eOppimispalvelut.fi<\/a> (Tukihenkil\u00f6t)<\/p>\n<p style=\"text-align: justify\"><a href=\"mailto:eOppimispalvelut@luc.fi\" target=\"_blank\" rel=\"noopener noreferrer\">eOppimispalvelut@luc.fi<\/a><\/p>\n<p>[\/et_pb_toggle][et_pb_toggle title=&#8221;Moodle&#8221; _builder_version=&#8221;3.0.101&#8243;]<\/p>\n<p style=\"text-align: justify\"><a href=\"eOppimispalvelut.fi\" target=\"_blank\" rel=\"noopener noreferrer\">eOppimispalvelut.fi<\/a> (Tukihenkil\u00f6t)<\/p>\n<p style=\"text-align: justify\"><a href=\"mailto:eOppimispalvelut@luc.fi\" target=\"_blank\" rel=\"noopener noreferrer\">eOppimispalvelut@luc.fi<\/a><\/p>\n<p>[\/et_pb_toggle][et_pb_toggle title=&#8221;O365&#8243; _builder_version=&#8221;3.0.101&#8243;]<\/p>\n<p style=\"text-align: justify\"><a href=\"eOppimispalvelut.fi\" target=\"_blank\" rel=\"noopener noreferrer\">eOppimispalvelut.fi<\/a> (Tukihenkil\u00f6t)<br \/><a href=\"mailto:eOppimispalvelut@luc.fi\" target=\"_blank\" rel=\"noopener noreferrer\">eOppimispalvelut@luc.fi<\/a><\/p>\n<p style=\"text-align: justify\">[\/et_pb_toggle][et_pb_toggle title=&#8221;Skole&#8221; _builder_version=&#8221;3.0.101&#8243;]<\/p>\n<p>Lea Satkola<\/p>\n<p><a href=\"mailto:lea.satkola@lapinamk.fi\">lea.satkola@lapinamk.fi<\/a><\/p>\n<p>[\/et_pb_toggle][et_pb_toggle title=&#8221;S\u00e4hk\u00f6posti&#8221; _builder_version=&#8221;3.0.101&#8243;]<\/p>\n<p>AO Lappia: <a href=\"mailto:helpdesk@lappia.fi\"><span>helpdesk@lappia.fi<\/span><\/a>\u00a0\/\u00a0<span>\u200b040 713 9307<\/span><\/p>\n<p>Lapin amk:\u00a0<span>\u200b<\/span><a href=\"mailto:servicedesk@luc.fi\">servicedesk@luc.fi<\/a>\u00a0\/\u00a0<span>\u200b020 798 5800<\/span><\/p>\n<p>Lapin yliopisto:\u00a0<span>\u200b<\/span><a href=\"mailto:servicedesk@luc.fi\">servicedesk@luc.fi<\/a>\u00a0\/\u00a0<span>\u200b020 798 5800<\/span><\/p>\n<p>Redu:\u00a0<span>\u200b<\/span><a href=\"mailto:servicedesk@luc.fi\">servicedesk@luc.fi<\/a>\u00a0\/\u00a0<span>\u200b020 798 5800<\/span><\/p>\n<p>[\/et_pb_toggle][et_pb_toggle title=&#8221;Jobiili&#8221; _builder_version=&#8221;3.0.101&#8243;]<\/p>\n<p>Marja-Leena Jyrk\u00e4s<\/p>\n<p>marja-leena.jyrkas@lapinamk.fi<\/p>\n<p>[\/et_pb_toggle][et_pb_toggle title=&#8221;SoleOps, SoleHOPS&#8221; _builder_version=&#8221;3.0.101&#8243;]<\/p>\n<p>Sirpa Kokkonen<\/p>\n<p>sirpa.kokkonen@lapinamk.fi<\/p>\n<p>[\/et_pb_toggle][et_pb_toggle title=&#8221;Time Edit&#8221; _builder_version=&#8221;3.0.101&#8243;]<\/p>\n<p>Kirsi Salmi<br \/>kirsi.salmi@lapinamk.fi<\/p>\n<p>[\/et_pb_toggle][et_pb_toggle title=&#8221;Tuudo&#8221; _builder_version=&#8221;3.0.101&#8243;]<\/p>\n<p>Lapin amk:<br \/>Sirpa Kokkonen<br \/> Sirpa <a href=\"mailto:Kokkonen@lapinamk.fi\">Kokkonen@lapinamk.fi<\/a><\/p>\n<p>Mirja Ollila<br \/> mirja.ollila@lapinamk.fi<\/p>\n<p>Lapin Yliopisto:<br \/><a href=\"mailto:tuudo@ulapland.fi\">tuudo@ulapland.fi<\/a><\/p>\n<p>\u00a0<\/p>\n<p>[\/et_pb_toggle][et_pb_toggle title=&#8221;Urkund&#8221; _builder_version=&#8221;3.0.101&#8243;]<\/p>\n<p>Lapin amk:<br \/> Paul Nijbakker<br \/> paul.nibakker@lapinamk.fi<\/p>\n<p>Lapin Yliopisto:<br \/> urkund@ulapland.fi<\/p>\n<p>\u00a0<\/p>\n<p>[\/et_pb_toggle][et_pb_toggle title=&#8221;Webropol&#8221; _builder_version=&#8221;3.0.101&#8243;]<\/p>\n<p>Janne L\u00e4\u00e4peri<br \/> janne.laaperi@lapinamk.fi<\/p>\n<p>\u00a0<\/p>\n<p>[\/et_pb_toggle][et_pb_toggle title=&#8221;Exam&#8221; _builder_version=&#8221;3.0.101&#8243;]<\/p>\n<p>Lapin amk:<br \/> Janne L\u00e4\u00e4peri<br \/> janne.laaperi@lapinamk.fi<\/p>\n<p>Lapin Yliopisto<br \/> Paula Niemel\u00e4<br \/>exam@ulapland.fi<\/p>\n<p>[\/et_pb_toggle][et_pb_toggle title=&#8221;Wilma&#8221; _builder_version=&#8221;3.0.101&#8243;]<\/p>\n<p>AO Lappia: <a href=\"mailto:helpdesk@lappia.fi\"><span>helpdesk@lappia.fi<\/span><\/a>\u00a0\/\u00a0<span>\u200b040 713 9307<\/span><\/p>\n<p><span>Redu:\u00a0\u200b<a href=\"mailto:servicedesk@luc.fi\">servicedesk@luc.fi<\/a>\u00a0\/\u00a0\u200b020 798 5800<\/span><\/p>\n<p>[\/et_pb_toggle][et_pb_toggle title=&#8221;Winha&#8221; _builder_version=&#8221;3.0.101&#8243;]<\/p>\n<p>Mirja Ollila<br \/>mirja.ollila@lapinamk.fi<\/p>\n<p>Merja Korkeamaa<br \/>merja.korkeamaa@lapinamk.fi<a href=\"http:\/\/www.lapinamk.fi\/fi\/Yhteystiedot?q=korkeamaa\"><\/a><\/p>\n<p>\u00a0<\/p>\n<p>[\/et_pb_toggle][et_pb_toggle title=&#8221;Oodi&#8221; _builder_version=&#8221;3.0.101&#8243;]<\/p>\n<p>Lapin Yliopisto<br \/>oodi@ulapland.fi<\/p>\n<p>\u00a0<\/p>\n<p>[\/et_pb_toggle][et_pb_accordion _builder_version=&#8221;3.0.101&#8243;][\/et_pb_accordion][\/et_pb_column][\/et_pb_row][\/et_pb_section]\t\t<\/p>\n","protected":false},"excerpt":{"rendered":"<p>[et_pb_section fb_built=&#8221;1&#8243; _builder_version=&#8221;3.0.47&#8243;][et_pb_row _builder_version=&#8221;3.0.101&#8243;][et_pb_column type=&#8221;4_4&#8243; _builder_version=&#8221;3.0.101&#8243; parallax=&#8221;off&#8221; parallax_method=&#8221;on&#8221;][et_pb_text _builder_version=&#8221;3.0.101&#8243; custom_padding=&#8221;||30px|&#8221;] J\u00c4RJESTELMIEN P\u00c4\u00c4K\u00c4YTT\u00c4J\u00c4T [\/et_pb_text][\/et_pb_column][\/et_pb_row][et_pb_row custom_padding=&#8221;0px|0px|0px|0px&#8221; _builder_version=&#8221;3.0.101&#8243; background_size=&#8221;initial&#8221; background_position=&#8221;top_left&#8221; background_repeat=&#8221;repeat&#8221;][et_pb_column type=&#8221;4_4&#8243; _builder_version=&#8221;3.0.47&#8243; parallax=&#8221;off&#8221; parallax_method=&#8221;on&#8221;][et_pb_toggle title=&#8221;Adobe Connect (AC)&#8221; _builder_version=&#8221;3.0.101&#8243;] eOppimispalvelut.fi (Tukihenkil\u00f6t) eOppimispalvelut@luc.fi [\/et_pb_toggle][et_pb_toggle title=&#8221;G Suite (Cafe)&#8221; _builder_version=&#8221;3.0.101&#8243;] eOppimispalvelut.fi (Tukihenkil\u00f6t) eOppimispalvelut@luc.fi [\/et_pb_toggle][et_pb_toggle title=&#8221;Moodle&#8221; _builder_version=&#8221;3.0.101&#8243;] eOppimispalvelut.fi (Tukihenkil\u00f6t) eOppimispalvelut@luc.fi [\/et_pb_toggle][et_pb_toggle title=&#8221;O365&#8243; _builder_version=&#8221;3.0.101&#8243;] eOppimispalvelut.fi (Tukihenkil\u00f6t)eOppimispalvelut@luc.fi [\/et_pb_toggle][et_pb_toggle title=&#8221;Skole&#8221; _builder_version=&#8221;3.0.101&#8243;] Lea Satkola lea.satkola@lapinamk.fi [\/et_pb_toggle][et_pb_toggle [&hellip;]<\/p>\n","protected":false},"author":36,"featured_media":0,"parent":0,"menu_order":0,"comment_status":"closed","ping_status":"closed","template":"","meta":{"_et_pb_use_builder":"on","_et_pb_old_content":"<strong>J\u00e4rjestelmien p\u00e4\u00e4k\u00e4ytt\u00e4j\u00e4t<\/strong>\n\n\u00a0","_et_gb_content_width":"","footnotes":""},"class_list":["post-603","page","type-page","status-publish","hentry"],"_links":{"self":[{"href":"https:\/\/blogi.eoppimispalvelut.fi\/tuki\/wp-json\/wp\/v2\/pages\/603","targetHints":{"allow":["GET"]}}],"collection":[{"href":"https:\/\/blogi.eoppimispalvelut.fi\/tuki\/wp-json\/wp\/v2\/pages"}],"about":[{"href":"https:\/\/blogi.eoppimispalvelut.fi\/tuki\/wp-json\/wp\/v2\/types\/page"}],"author":[{"embeddable":true,"href":"https:\/\/blogi.eoppimispalvelut.fi\/tuki\/wp-json\/wp\/v2\/users\/36"}],"replies":[{"embeddable":true,"href":"https:\/\/blogi.eoppimispalvelut.fi\/tuki\/wp-json\/wp\/v2\/comments?post=603"}],"version-history":[{"count":0,"href":"https:\/\/blogi.eoppimispalvelut.fi\/tuki\/wp-json\/wp\/v2\/pages\/603\/revisions"}],"wp:attachment":[{"href":"https:\/\/blogi.eoppimispalvelut.fi\/tuki\/wp-json\/wp\/v2\/media?parent=603"}],"curies":[{"name":"wp","href":"https:\/\/api.w.org\/{rel}","templated":true}]}}