{"id":11,"date":"2019-10-10T13:14:28","date_gmt":"2019-10-10T10:14:28","guid":{"rendered":"https:\/\/blogi.eoppimispalvelut.fi\/tuohigroup\/?page_id=11"},"modified":"2019-10-28T09:51:28","modified_gmt":"2019-10-28T07:51:28","slug":"tuohipodi","status":"publish","type":"page","link":"https:\/\/blogi.eoppimispalvelut.fi\/tuohigroup\/tuohipodi\/","title":{"rendered":"Tuohipodi"},"content":{"rendered":"<p><strong>Tuohipodi<\/strong><\/p>\n<p>Tuohipodi on kahden viikon v\u00e4lein julkaistava, jossa sukellamme yrityksen arvonm\u00e4\u00e4rityksen maailman. Kerromme, millainen arvonm\u00e4\u00e4ritysprosessi on ja millaisia menetelmi\u00e4 siin\u00e4 k\u00e4ytet\u00e4\u00e4n.<\/p>\n<p><iframe loading=\"lazy\" title=\"Tuohipodi\" width=\"1200\" height=\"450\" scrolling=\"no\" frameborder=\"no\" src=\"https:\/\/w.soundcloud.com\/player\/?visual=true&#038;url=https%3A%2F%2Fapi.soundcloud.com%2Fusers%2F720166543&#038;show_artwork=true&#038;maxwidth=1200&#038;maxheight=1000&#038;dnt=1\"><\/iframe><\/p>\n","protected":false},"excerpt":{"rendered":"<p>Tuohipodi Tuohipodi on kahden viikon v\u00e4lein julkaistava, jossa sukellamme yrityksen arvonm\u00e4\u00e4rityksen maailman. Kerromme, millainen arvonm\u00e4\u00e4ritysprosessi on ja millaisia menetelmi\u00e4 siin\u00e4 k\u00e4ytet\u00e4\u00e4n.<\/p>\n","protected":false},"author":3369,"featured_media":0,"parent":0,"menu_order":0,"comment_status":"closed","ping_status":"closed","template":"","meta":{"footnotes":""},"class_list":["post-11","page","type-page","status-publish","hentry"],"_links":{"self":[{"href":"https:\/\/blogi.eoppimispalvelut.fi\/tuohigroup\/wp-json\/wp\/v2\/pages\/11","targetHints":{"allow":["GET"]}}],"collection":[{"href":"https:\/\/blogi.eoppimispalvelut.fi\/tuohigroup\/wp-json\/wp\/v2\/pages"}],"about":[{"href":"https:\/\/blogi.eoppimispalvelut.fi\/tuohigroup\/wp-json\/wp\/v2\/types\/page"}],"author":[{"embeddable":true,"href":"https:\/\/blogi.eoppimispalvelut.fi\/tuohigroup\/wp-json\/wp\/v2\/users\/3369"}],"replies":[{"embeddable":true,"href":"https:\/\/blogi.eoppimispalvelut.fi\/tuohigroup\/wp-json\/wp\/v2\/comments?post=11"}],"version-history":[{"count":4,"href":"https:\/\/blogi.eoppimispalvelut.fi\/tuohigroup\/wp-json\/wp\/v2\/pages\/11\/revisions"}],"predecessor-version":[{"id":33,"href":"https:\/\/blogi.eoppimispalvelut.fi\/tuohigroup\/wp-json\/wp\/v2\/pages\/11\/revisions\/33"}],"wp:attachment":[{"href":"https:\/\/blogi.eoppimispalvelut.fi\/tuohigroup\/wp-json\/wp\/v2\/media?parent=11"}],"curies":[{"name":"wp","href":"https:\/\/api.w.org\/{rel}","templated":true}]}}