{"id":17,"date":"2019-10-10T13:16:47","date_gmt":"2019-10-10T10:16:47","guid":{"rendered":"https:\/\/blogi.eoppimispalvelut.fi\/tuohigroup\/?page_id=17"},"modified":"2019-10-28T10:27:55","modified_gmt":"2019-10-28T08:27:55","slug":"about-us","status":"publish","type":"page","link":"https:\/\/blogi.eoppimispalvelut.fi\/tuohigroup\/","title":{"rendered":"Tietoa meist\u00e4"},"content":{"rendered":"<p>Tuohigroup on viiden Lapin Amk:n opiskelijan lukukausiprojekti, jossa perehdyt\u00e4\u00e4n yritysten arvonm\u00e4\u00e4rityksen maailmaan.<\/p>\n<p>Tarkempana n\u00e4k\u00f6kulmana meill\u00e4 on tilitoimiston arvonm\u00e4\u00e4ritys ja siihen liittyv\u00e4t prosessit ostajan n\u00e4k\u00f6kulmasta.<\/p>\n<p>Ajatuksia aiheesta voi lukea meid\u00e4n j\u00e4senten kirjoittamista blogeista sek\u00e4 podcasteist\u00e4.<\/p>\n","protected":false},"excerpt":{"rendered":"<p>Tuohigroup on viiden Lapin Amk:n opiskelijan lukukausiprojekti, jossa perehdyt\u00e4\u00e4n yritysten arvonm\u00e4\u00e4rityksen maailmaan. Tarkempana n\u00e4k\u00f6kulmana meill\u00e4 on tilitoimiston arvonm\u00e4\u00e4ritys ja siihen liittyv\u00e4t prosessit ostajan n\u00e4k\u00f6kulmasta. Ajatuksia aiheesta voi lukea meid\u00e4n j\u00e4senten kirjoittamista blogeista sek\u00e4 podcasteist\u00e4.<\/p>\n","protected":false},"author":3369,"featured_media":0,"parent":0,"menu_order":0,"comment_status":"closed","ping_status":"closed","template":"","meta":{"footnotes":""},"class_list":["post-17","page","type-page","status-publish","hentry"],"_links":{"self":[{"href":"https:\/\/blogi.eoppimispalvelut.fi\/tuohigroup\/wp-json\/wp\/v2\/pages\/17","targetHints":{"allow":["GET"]}}],"collection":[{"href":"https:\/\/blogi.eoppimispalvelut.fi\/tuohigroup\/wp-json\/wp\/v2\/pages"}],"about":[{"href":"https:\/\/blogi.eoppimispalvelut.fi\/tuohigroup\/wp-json\/wp\/v2\/types\/page"}],"author":[{"embeddable":true,"href":"https:\/\/blogi.eoppimispalvelut.fi\/tuohigroup\/wp-json\/wp\/v2\/users\/3369"}],"replies":[{"embeddable":true,"href":"https:\/\/blogi.eoppimispalvelut.fi\/tuohigroup\/wp-json\/wp\/v2\/comments?post=17"}],"version-history":[{"count":4,"href":"https:\/\/blogi.eoppimispalvelut.fi\/tuohigroup\/wp-json\/wp\/v2\/pages\/17\/revisions"}],"predecessor-version":[{"id":36,"href":"https:\/\/blogi.eoppimispalvelut.fi\/tuohigroup\/wp-json\/wp\/v2\/pages\/17\/revisions\/36"}],"wp:attachment":[{"href":"https:\/\/blogi.eoppimispalvelut.fi\/tuohigroup\/wp-json\/wp\/v2\/media?parent=17"}],"curies":[{"name":"wp","href":"https:\/\/api.w.org\/{rel}","templated":true}]}}