{"id":2,"date":"2019-09-09T08:57:46","date_gmt":"2019-09-09T05:57:46","guid":{"rendered":"https:\/\/blogi.eoppimispalvelut.fi\/tuohigroup\/?page_id=2"},"modified":"2019-10-28T09:39:06","modified_gmt":"2019-10-28T07:39:06","slug":"blogi","status":"publish","type":"page","link":"https:\/\/blogi.eoppimispalvelut.fi\/tuohigroup\/blogi\/","title":{"rendered":"Blogi"},"content":{"rendered":"<p>&nbsp;<\/p>\n<p>T\u00e4\u00e4ll\u00e4 n\u00e4ette meid\u00e4n kirjoittamiemme blogin postaukset. Blogit l\u00f6ytyv\u00e4t linkkien takaa.<\/p>\n<p>&nbsp;<\/p>\n<p>Erikin blogi<\/p>\n<p><a href=\"https:\/\/blogi.eoppimispalvelut.fi\/erikj\/\">Arvoa etsim\u00e4ss\u00e4<\/a><\/p>\n<p>&nbsp;<\/p>\n<p>Eliaksen blogi<\/p>\n<p><a href=\"https:\/\/blogi.eoppimispalvelut.fi\/yritysostonaapinen\/\">Yritysoston aapinen<\/a><\/p>\n<p>&nbsp;<\/p>\n<p>Nikon blogi<\/p>\n<p><a href=\"https:\/\/blogi.eoppimispalvelut.fi\/yrityksenarvonmaaritys\/yrityksen-arvonmaaritys-tuottoarvo-vai-substanssiarvo\/\">Yrityksen arvonm\u00e4\u00e4ritys<\/a><\/p>\n<p>&nbsp;<\/p>\n<p>Jorin blogi<\/p>\n<p><a href=\"https:\/\/blogi.eoppimispalvelut.fi\/projekti\/\">No paljonko?<\/a><\/p>\n<p>&nbsp;<\/p>\n<p>Miikan blogi<\/p>\n<p><a href=\"http:\/\/projektituohi.blogspot.com\">Arvonm\u00e4\u00e4rityskeskus<\/a><\/p>\n","protected":false},"excerpt":{"rendered":"<p>&nbsp; T\u00e4\u00e4ll\u00e4 n\u00e4ette meid\u00e4n kirjoittamiemme blogin postaukset. Blogit l\u00f6ytyv\u00e4t linkkien takaa. &nbsp; Erikin blogi Arvoa etsim\u00e4ss\u00e4 &nbsp; Eliaksen blogi Yritysoston aapinen &nbsp; Nikon blogi Yrityksen arvonm\u00e4\u00e4ritys &nbsp; Jorin blogi No paljonko? &nbsp; Miikan blogi Arvonm\u00e4\u00e4rityskeskus<\/p>\n","protected":false},"author":3369,"featured_media":0,"parent":0,"menu_order":0,"comment_status":"closed","ping_status":"open","template":"","meta":{"footnotes":""},"class_list":["post-2","page","type-page","status-publish","hentry"],"_links":{"self":[{"href":"https:\/\/blogi.eoppimispalvelut.fi\/tuohigroup\/wp-json\/wp\/v2\/pages\/2","targetHints":{"allow":["GET"]}}],"collection":[{"href":"https:\/\/blogi.eoppimispalvelut.fi\/tuohigroup\/wp-json\/wp\/v2\/pages"}],"about":[{"href":"https:\/\/blogi.eoppimispalvelut.fi\/tuohigroup\/wp-json\/wp\/v2\/types\/page"}],"author":[{"embeddable":true,"href":"https:\/\/blogi.eoppimispalvelut.fi\/tuohigroup\/wp-json\/wp\/v2\/users\/3369"}],"replies":[{"embeddable":true,"href":"https:\/\/blogi.eoppimispalvelut.fi\/tuohigroup\/wp-json\/wp\/v2\/comments?post=2"}],"version-history":[{"count":5,"href":"https:\/\/blogi.eoppimispalvelut.fi\/tuohigroup\/wp-json\/wp\/v2\/pages\/2\/revisions"}],"predecessor-version":[{"id":30,"href":"https:\/\/blogi.eoppimispalvelut.fi\/tuohigroup\/wp-json\/wp\/v2\/pages\/2\/revisions\/30"}],"wp:attachment":[{"href":"https:\/\/blogi.eoppimispalvelut.fi\/tuohigroup\/wp-json\/wp\/v2\/media?parent=2"}],"curies":[{"name":"wp","href":"https:\/\/api.w.org\/{rel}","templated":true}]}}