{"id":15,"date":"2014-04-28T23:37:04","date_gmt":"2014-04-28T20:37:04","guid":{"rendered":"https:\/\/blogi.eoppimispalvelut.fi\/turvallisuusnormisto\/?page_id=15"},"modified":"2022-10-21T10:35:06","modified_gmt":"2022-10-21T07:35:06","slug":"artikkelit","status":"publish","type":"page","link":"https:\/\/blogi.eoppimispalvelut.fi\/turvallisuusnormisto\/","title":{"rendered":""},"content":{"rendered":"<p>[et_pb_section fb_built=&#8221;1&#8243; fullwidth=&#8221;on&#8221; _builder_version=&#8221;4.16&#8243; _module_preset=&#8221;default&#8221; global_colors_info=&#8221;{}&#8221;][et_pb_fullwidth_image src=&#8221;https:\/\/blogi.eoppimispalvelut.fi\/turvallisuusnormisto\/files\/2022\/06\/Na\u0308ytto\u0308kuva-2022-6-3-kello-8.59.08-1280&#215;621.png&#8221; title_text=&#8221;Na\u0308ytto\u0308kuva 2022-6-3 kello 8.59.08&#8243; _builder_version=&#8221;4.16&#8243; _module_preset=&#8221;default&#8221; global_colors_info=&#8221;{}&#8221;][\/et_pb_fullwidth_image][\/et_pb_section][et_pb_section fb_built=&#8221;1&#8243; admin_label=&#8221;section&#8221; _builder_version=&#8221;4.16&#8243; min_height=&#8221;181px&#8221; custom_padding=&#8221;||0px|||&#8221; global_colors_info=&#8221;{}&#8221;][et_pb_row _builder_version=&#8221;4.16&#8243; _module_preset=&#8221;default&#8221; custom_padding=&#8221;||51px|||&#8221; global_colors_info=&#8221;{}&#8221;][et_pb_column type=&#8221;4_4&#8243; _builder_version=&#8221;4.16&#8243; _module_preset=&#8221;default&#8221; global_colors_info=&#8221;{}&#8221;][et_pb_text _builder_version=&#8221;4.18.0&#8243; _module_preset=&#8221;default&#8221; hover_enabled=&#8221;0&#8243; global_colors_info=&#8221;{}&#8221; sticky_enabled=&#8221;0&#8243;]<\/p>\n<p style=\"text-align: center;\">Sivusto k\u00e4sittelee erilaisia majoitus-, ravintola- ja ohjelmapalveluihin liittyvi\u00e4 turvallisuusasioita. Siin\u00e4 huomioidaan sek\u00e4 lakis\u00e4\u00e4teiset minimivelvoitteet ett\u00e4 vapaaehtoiset lis\u00e4ykset, joilla yritys voi parantaa turvallisuustasoaan ja laatuaan. Sivusto toimii omavalvonnan ty\u00f6kaluna ja se on rakennettu k\u00e4yt\u00e4nn\u00f6nl\u00e4heiseksi yhteisty\u00f6ss\u00e4 yritysten ja viranomaisten kanssa.<\/p>\n<h2 class=\"section-title\" style=\"text-align: center;\"><span class=\"section-title-top\"><\/span><\/h2>\n<h2 class=\"section-title\" style=\"text-align: center;\"><span class=\"section-title-name\"><\/span><\/h2>\n<h2 class=\"section-title\" style=\"text-align: center;\"><span class=\"section-title-name\"><\/span><\/h2>\n<h2 class=\"section-title\" style=\"text-align: center;\"><span class=\"section-title-name\"><\/span><\/h2>\n<h2 class=\"section-title\" style=\"text-align: center;\"><span class=\"section-title-name\"><\/span><\/h2>\n<h2 class=\"section-title\" style=\"text-align: center;\"><span class=\"section-title-top\"><\/span><span class=\"section-title-name\">MATKAILUN TURVALLISUUSTY\u00d6KALUT \u00ae<\/span><\/h2>\n<p>[\/et_pb_text][\/et_pb_column][\/et_pb_row][et_pb_row column_structure=&#8221;1_3,1_3,1_3&#8243; _builder_version=&#8221;4.16&#8243; _module_preset=&#8221;default&#8221; min_height=&#8221;519.3px&#8221; custom_margin=&#8221;1px|auto||auto||&#8221; global_colors_info=&#8221;{}&#8221;][et_pb_column type=&#8221;1_3&#8243; _builder_version=&#8221;4.16&#8243; _module_preset=&#8221;default&#8221; global_colors_info=&#8221;{}&#8221;][et_pb_image src=&#8221;https:\/\/blogi.eoppimispalvelut.fi\/turvallisuusnormisto\/files\/2014\/04\/matkailun-turvallisuusnormisto-1.jpg&#8221; title_text=&#8221;matkailun turvallisuusnormisto&#8221; url=&#8221;@ET-DC@eyJkeW5hbWljIjp0cnVlLCJjb250ZW50IjoicG9zdF9saW5rX3VybF9wb3N0Iiwic2V0dGluZ3MiOnsicG9zdF9pZCI6IjQ1In19@&#8221; _builder_version=&#8221;4.16&#8243; _dynamic_attributes=&#8221;url&#8221; _module_preset=&#8221;default&#8221; global_colors_info=&#8221;{}&#8221;][\/et_pb_image][et_pb_text _builder_version=&#8221;4.16&#8243; _dynamic_attributes=&#8221;link_option_url&#8221; _module_preset=&#8221;default&#8221; link_option_url=&#8221;@ET-DC@eyJkeW5hbWljIjp0cnVlLCJjb250ZW50IjoicG9zdF9saW5rX3VybF9wb3N0Iiwic2V0dGluZ3MiOnsicG9zdF9pZCI6IjQ1In19@&#8221; global_colors_info=&#8221;{}&#8221;]<\/p>\n<h3 class=\"entry-title\" style=\"text-align: center;\"><a href=\"https:\/\/blogi.eoppimispalvelut.fi\/turvallisuusnormisto\/miksi-turvallisuusnormisto\/\" title=\"Permalink to Miksi turvallisuusty\u00f6kalut?\" rel=\"bookmark\">Miksi turvallisuusty\u00f6kalut?<\/a><\/h3>\n<p style=\"text-align: center;\">Ty\u00f6kalujen avulla voit varmistaa ja dokumentoida lains\u00e4\u00e4d\u00e4nn\u00f6n edellytt\u00e4m\u00e4t turvallisuustoimenpiteet ja vapaaehtoisen turvallisuusty\u00f6n.<\/p>\n<p>[\/et_pb_text][\/et_pb_column][et_pb_column type=&#8221;1_3&#8243; _builder_version=&#8221;4.16&#8243; _module_preset=&#8221;default&#8221; global_colors_info=&#8221;{}&#8221;][et_pb_image src=&#8221;https:\/\/blogi.eoppimispalvelut.fi\/turvallisuusnormisto\/files\/2014\/04\/matkailun-turvallisuusnormisto-2.jpg&#8221; title_text=&#8221;matkailun turvallisuusnormisto&#8221; url=&#8221;@ET-DC@eyJkeW5hbWljIjp0cnVlLCJjb250ZW50IjoicG9zdF9saW5rX3VybF9wb3N0Iiwic2V0dGluZ3MiOnsicG9zdF9pZCI6IjEzIn19@&#8221; _builder_version=&#8221;4.16&#8243; _dynamic_attributes=&#8221;url&#8221; _module_preset=&#8221;default&#8221; global_colors_info=&#8221;{}&#8221;][\/et_pb_image][et_pb_text _builder_version=&#8221;4.16&#8243; _dynamic_attributes=&#8221;link_option_url&#8221; _module_preset=&#8221;default&#8221; link_option_url=&#8221;@ET-DC@eyJkeW5hbWljIjp0cnVlLCJjb250ZW50IjoicG9zdF9saW5rX3VybF9wb3N0Iiwic2V0dGluZ3MiOnsicG9zdF9pZCI6IjEzIn19@&#8221; global_colors_info=&#8221;{}&#8221;]<\/p>\n<h3 class=\"entry-title\" style=\"text-align: center;\"><a href=\"https:\/\/blogi.eoppimispalvelut.fi\/turvallisuusnormisto\/arvoketju\/\" title=\"Permalink to Mik\u00e4 on sinun vastuusi turvallisuuden arvoketjussa?\" rel=\"bookmark\">Mik\u00e4 on sinun vastuusi turvallisuuden arvoketjussa?<\/a><\/h3>\n<p style=\"text-align: center;\">Yrityksesi on osa matkailijan turvallisuuden arvoketjua. Sivusto auttaa sinua ennaltaehk\u00e4isem\u00e4\u00e4n t\u00e4m\u00e4n arvoketjun katkeamista.<\/p>\n<p>[\/et_pb_text][\/et_pb_column][et_pb_column type=&#8221;1_3&#8243; _builder_version=&#8221;4.16&#8243; _module_preset=&#8221;default&#8221; global_colors_info=&#8221;{}&#8221;][et_pb_image src=&#8221;https:\/\/blogi.eoppimispalvelut.fi\/turvallisuusnormisto\/files\/2014\/04\/viranomainen-tarkastaja.jpg&#8221; title_text=&#8221;viranomainen tarkastaja&#8221; url=&#8221;@ET-DC@eyJkeW5hbWljIjp0cnVlLCJjb250ZW50IjoicG9zdF9saW5rX3VybF9wb3N0Iiwic2V0dGluZ3MiOnsicG9zdF9pZCI6IjEifX0=@&#8221; _builder_version=&#8221;4.16&#8243; _dynamic_attributes=&#8221;url&#8221; _module_preset=&#8221;default&#8221; global_colors_info=&#8221;{}&#8221;][\/et_pb_image][et_pb_text _builder_version=&#8221;4.16&#8243; _dynamic_attributes=&#8221;link_option_url&#8221; _module_preset=&#8221;default&#8221; link_option_url=&#8221;@ET-DC@eyJkeW5hbWljIjp0cnVlLCJjb250ZW50IjoicG9zdF9saW5rX3VybF9wb3N0Iiwic2V0dGluZ3MiOnsicG9zdF9pZCI6IjEifX0=@&#8221; global_colors_info=&#8221;{}&#8221;]<\/p>\n<h3 class=\"entry-title\" style=\"text-align: center;\"><a href=\"https:\/\/blogi.eoppimispalvelut.fi\/turvallisuusnormisto\/lait\/\" title=\"Permalink to Ty\u00f6kaluissa sovelletut lait\" rel=\"bookmark\">Ty\u00f6kaluissa sovelletut lait<\/a><\/h3>\n<p style=\"text-align: center;\">Ty\u00f6kaluja k\u00e4ytt\u00e4m\u00e4ll\u00e4 viranomaisten tarkastustarve voi v\u00e4henty\u00e4. S\u00e4\u00e4st\u00e4t aikaa, vaivaa ja rahaa!<\/p>\n<p>[\/et_pb_text][\/et_pb_column][\/et_pb_row][et_pb_row column_structure=&#8221;1_3,1_3,1_3&#8243; _builder_version=&#8221;4.16&#8243; _module_preset=&#8221;default&#8221; min_height=&#8221;403px&#8221; custom_margin=&#8221;48px|auto||auto||&#8221; border_width_top=&#8221;1px&#8221; border_color_top=&#8221;#afafaf&#8221; global_colors_info=&#8221;{}&#8221;][et_pb_column type=&#8221;1_3&#8243; _builder_version=&#8221;4.16&#8243; _module_preset=&#8221;default&#8221; global_colors_info=&#8221;{}&#8221;][et_pb_image src=&#8221;https:\/\/blogi.eoppimispalvelut.fi\/turvallisuusnormisto\/files\/2015\/02\/yhteys.png&#8221; title_text=&#8221;yhteys&#8221; url=&#8221;@ET-DC@eyJkeW5hbWljIjp0cnVlLCJjb250ZW50IjoicG9zdF9saW5rX3VybF9wb3N0Iiwic2V0dGluZ3MiOnsicG9zdF9pZCI6IjIzMyJ9fQ==@&#8221; _builder_version=&#8221;4.16&#8243; _dynamic_attributes=&#8221;url&#8221; _module_preset=&#8221;default&#8221; global_colors_info=&#8221;{}&#8221;][\/et_pb_image][\/et_pb_column][et_pb_column type=&#8221;1_3&#8243; _builder_version=&#8221;4.16&#8243; _module_preset=&#8221;default&#8221; global_colors_info=&#8221;{}&#8221;][et_pb_image src=&#8221;https:\/\/blogi.eoppimispalvelut.fi\/turvallisuusnormisto\/files\/2014\/11\/tekijat.png&#8221; title_text=&#8221;tekijat&#8221; url=&#8221;@ET-DC@eyJkeW5hbWljIjp0cnVlLCJjb250ZW50IjoicG9zdF9saW5rX3VybF9wb3N0Iiwic2V0dGluZ3MiOnsicG9zdF9pZCI6IjI1OSJ9fQ==@&#8221; _builder_version=&#8221;4.16&#8243; _dynamic_attributes=&#8221;url&#8221; _module_preset=&#8221;default&#8221; global_colors_info=&#8221;{}&#8221;][\/et_pb_image][\/et_pb_column][et_pb_column type=&#8221;1_3&#8243; _builder_version=&#8221;4.16&#8243; _module_preset=&#8221;default&#8221; global_colors_info=&#8221;{}&#8221;][et_pb_image src=&#8221;https:\/\/blogi.eoppimispalvelut.fi\/turvallisuusnormisto\/files\/2015\/02\/palaute.png&#8221; title_text=&#8221;palaute&#8221; url=&#8221;https:\/\/blogi.eoppimispalvelut.fi\/turvallisuusnormisto\/jata-yhteydenottopyynto\/&#8221; _builder_version=&#8221;4.16&#8243; _module_preset=&#8221;default&#8221; global_colors_info=&#8221;{}&#8221;][\/et_pb_image][\/et_pb_column][\/et_pb_row][et_pb_row _builder_version=&#8221;4.16&#8243; _module_preset=&#8221;default&#8221; custom_margin=&#8221;|auto|-5px|auto||&#8221; global_colors_info=&#8221;{}&#8221;][et_pb_column type=&#8221;4_4&#8243; _builder_version=&#8221;4.16&#8243; _module_preset=&#8221;default&#8221; global_colors_info=&#8221;{}&#8221;][et_pb_image src=&#8221;https:\/\/blogi.eoppimispalvelut.fi\/turvallisuusnormisto\/files\/2015\/01\/footer-asettelu.jpg&#8221; title_text=&#8221;footer-asettelu&#8221; align=&#8221;center&#8221; _builder_version=&#8221;4.16&#8243; _module_preset=&#8221;default&#8221; custom_margin=&#8221;-104px|||||&#8221; global_colors_info=&#8221;{}&#8221;][\/et_pb_image][\/et_pb_column][\/et_pb_row][\/et_pb_section]<\/p>\n","protected":false},"excerpt":{"rendered":"<p>Sivusto k\u00e4sittelee erilaisia majoitus-, ravintola- ja ohjelmapalveluihin liittyvi\u00e4 turvallisuusasioita. Siin\u00e4 huomioidaan sek\u00e4 lakis\u00e4\u00e4teiset minimivelvoitteet ett\u00e4 vapaaehtoiset lis\u00e4ykset, joilla yritys voi parantaa turvallisuustasoaan ja laatuaan. Sivusto toimii omavalvonnan ty\u00f6kaluna ja se on rakennettu k\u00e4yt\u00e4nn\u00f6nl\u00e4heiseksi yhteisty\u00f6ss\u00e4 yritysten ja viranomaisten kanssa. MATKAILUN TURVALLISUUSTY\u00d6KALUT \u00aeMiksi turvallisuusty\u00f6kalut? Ty\u00f6kalujen avulla voit varmistaa ja dokumentoida lains\u00e4\u00e4d\u00e4nn\u00f6n edellytt\u00e4m\u00e4t turvallisuustoimenpiteet ja vapaaehtoisen turvallisuusty\u00f6n.Mik\u00e4 on [&hellip;]<\/p>\n","protected":false},"author":31,"featured_media":0,"parent":0,"menu_order":0,"comment_status":"closed","ping_status":"closed","template":"","meta":{"_bbp_topic_count":0,"_bbp_reply_count":0,"_bbp_total_topic_count":0,"_bbp_total_reply_count":0,"_bbp_voice_count":0,"_bbp_anonymous_reply_count":0,"_bbp_topic_count_hidden":0,"_bbp_reply_count_hidden":0,"_bbp_forum_subforum_count":0,"_et_pb_use_builder":"on","_et_pb_old_content":"<!-- wp:paragraph -->\n<p> <\/p>\n<!-- \/wp:paragraph -->","_et_gb_content_width":"1080","footnotes":""},"class_list":["post-15","page","type-page","status-publish","hentry"],"_links":{"self":[{"href":"https:\/\/blogi.eoppimispalvelut.fi\/turvallisuusnormisto\/wp-json\/wp\/v2\/pages\/15","targetHints":{"allow":["GET"]}}],"collection":[{"href":"https:\/\/blogi.eoppimispalvelut.fi\/turvallisuusnormisto\/wp-json\/wp\/v2\/pages"}],"about":[{"href":"https:\/\/blogi.eoppimispalvelut.fi\/turvallisuusnormisto\/wp-json\/wp\/v2\/types\/page"}],"author":[{"embeddable":true,"href":"https:\/\/blogi.eoppimispalvelut.fi\/turvallisuusnormisto\/wp-json\/wp\/v2\/users\/31"}],"replies":[{"embeddable":true,"href":"https:\/\/blogi.eoppimispalvelut.fi\/turvallisuusnormisto\/wp-json\/wp\/v2\/comments?post=15"}],"version-history":[{"count":20,"href":"https:\/\/blogi.eoppimispalvelut.fi\/turvallisuusnormisto\/wp-json\/wp\/v2\/pages\/15\/revisions"}],"predecessor-version":[{"id":636,"href":"https:\/\/blogi.eoppimispalvelut.fi\/turvallisuusnormisto\/wp-json\/wp\/v2\/pages\/15\/revisions\/636"}],"wp:attachment":[{"href":"https:\/\/blogi.eoppimispalvelut.fi\/turvallisuusnormisto\/wp-json\/wp\/v2\/media?parent=15"}],"curies":[{"name":"wp","href":"https:\/\/api.w.org\/{rel}","templated":true}]}}