{"id":44,"date":"2018-04-22T21:13:36","date_gmt":"2018-04-22T18:13:36","guid":{"rendered":"https:\/\/blogi.eoppimispalvelut.fi\/tuutorointi\/?page_id=44"},"modified":"2018-04-26T08:31:27","modified_gmt":"2018-04-26T05:31:27","slug":"mita-on-opiskelijatuutorointi","status":"publish","type":"page","link":"https:\/\/blogi.eoppimispalvelut.fi\/tuutorointi\/mita-on-opiskelijatuutorointi\/","title":{"rendered":"Mit\u00e4 on opiskelijatuutorointi"},"content":{"rendered":"<h5>Opiskelijatuutorin teht\u00e4v\u00e4n\u00e4 on<\/h5>\n<p>&#8211;\u00a0\u00a0\u00a0\u00a0\u00a0\u00a0tutustuttaa yliopistoon ja Rovaniemeen<\/p>\n<p>&#8211;\u00a0\u00a0\u00a0\u00a0\u00a0\u00a0neuvoa ja ohjata opintoihin sek\u00e4 opiskeluel\u00e4m\u00e4\u00e4n liittyviss\u00e4 k\u00e4yt\u00e4nn\u00f6n asioissa<\/p>\n<p>&#8211;\u00a0\u00a0\u00a0\u00a0\u00a0\u00a0auttaa alkuun opinnoissa<\/p>\n<p>&#8211;\u00a0\u00a0\u00a0\u00a0\u00a0\u00a0auttaa l\u00f6yt\u00e4m\u00e4\u00e4n aktiivinen opiskelijarooli tiede- ja taideyhteis\u00f6n j\u00e4senen\u00e4<\/p>\n<p>&nbsp;<\/p>\n<p>Tiedekuntasi opettajatuutorien ja opintop\u00e4\u00e4llik\u00f6n tapaamisessa selvennet\u00e4\u00e4n tuutoroinnin ty\u00f6njakoa ja teht\u00e4vi\u00e4. Tapaaminen tapahtuu elokuussa. Kannusta uutta opiskelijaa pit\u00e4m\u00e4\u00e4n yhteytt\u00e4 omaan opettajatuutoriinsa opettajalle kuuluvissa asioissa. Tutustu my\u00f6s muihin ohjaustahoihin ja palveluihin, jotta osaat ohjata opiskelijoita niiden pariin.<\/p>\n<p>&nbsp;<\/p>\n<p><strong><u>Tuutorointi on vapaamuotoista, mutta tavoitteellista ja suunniteltua toimintaa.<\/u><\/strong><\/p>\n<p>&nbsp;<\/p>\n<p><strong><u>Tuutorioppaassa esitellyt ohjausteemat tulee k\u00e4yd\u00e4 l\u00e4pi uusien opiskelijoiden\u00a0<\/u><\/strong><strong><u>kanssa<\/u><\/strong><\/p>\n<p>&nbsp;<\/p>\n<p><strong><u>Alussa on t\u00e4rke\u00e4\u00e4 tutustua ryhm\u00e4\u00e4si ja tutustuttaa ryhm\u00e4n j\u00e4senet toisiinsa.<\/u><\/strong><\/p>\n<p>&nbsp;<\/p>\n<p><strong><u>Huolehdi yhteydenpidosta ryhm\u00e4si j\u00e4seniin.<\/u><\/strong><\/p>\n<p>&nbsp;<\/p>\n<p>&nbsp;<\/p>\n","protected":false},"excerpt":{"rendered":"<p>Opiskelijatuutorin teht\u00e4v\u00e4n\u00e4 on &#8211;\u00a0\u00a0\u00a0\u00a0\u00a0\u00a0tutustuttaa yliopistoon ja Rovaniemeen &#8211;\u00a0\u00a0\u00a0\u00a0\u00a0\u00a0neuvoa ja ohjata opintoihin sek\u00e4 opiskeluel\u00e4m\u00e4\u00e4n liittyviss\u00e4 k\u00e4yt\u00e4nn\u00f6n asioissa &#8211;\u00a0\u00a0\u00a0\u00a0\u00a0\u00a0auttaa alkuun opinnoissa &#8211;\u00a0\u00a0\u00a0\u00a0\u00a0\u00a0auttaa l\u00f6yt\u00e4m\u00e4\u00e4n aktiivinen opiskelijarooli tiede- ja taideyhteis\u00f6n j\u00e4senen\u00e4&hellip; <span class=\"read-more\"><a class=\"more-link\" href=\"https:\/\/blogi.eoppimispalvelut.fi\/tuutorointi\/mita-on-opiskelijatuutorointi\/\" rel=\"bookmark\">Read more <span class=\"screen-reader-text\">&#8220;Mit\u00e4 on opiskelijatuutorointi&#8221;<\/span><\/a><\/span><\/p>\n","protected":false},"author":2870,"featured_media":0,"parent":0,"menu_order":0,"comment_status":"closed","ping_status":"closed","template":"","meta":{"footnotes":""},"class_list":["post-44","page","type-page","status-publish","hentry"],"_links":{"self":[{"href":"https:\/\/blogi.eoppimispalvelut.fi\/tuutorointi\/wp-json\/wp\/v2\/pages\/44","targetHints":{"allow":["GET"]}}],"collection":[{"href":"https:\/\/blogi.eoppimispalvelut.fi\/tuutorointi\/wp-json\/wp\/v2\/pages"}],"about":[{"href":"https:\/\/blogi.eoppimispalvelut.fi\/tuutorointi\/wp-json\/wp\/v2\/types\/page"}],"author":[{"embeddable":true,"href":"https:\/\/blogi.eoppimispalvelut.fi\/tuutorointi\/wp-json\/wp\/v2\/users\/2870"}],"replies":[{"embeddable":true,"href":"https:\/\/blogi.eoppimispalvelut.fi\/tuutorointi\/wp-json\/wp\/v2\/comments?post=44"}],"version-history":[{"count":4,"href":"https:\/\/blogi.eoppimispalvelut.fi\/tuutorointi\/wp-json\/wp\/v2\/pages\/44\/revisions"}],"predecessor-version":[{"id":98,"href":"https:\/\/blogi.eoppimispalvelut.fi\/tuutorointi\/wp-json\/wp\/v2\/pages\/44\/revisions\/98"}],"wp:attachment":[{"href":"https:\/\/blogi.eoppimispalvelut.fi\/tuutorointi\/wp-json\/wp\/v2\/media?parent=44"}],"curies":[{"name":"wp","href":"https:\/\/api.w.org\/{rel}","templated":true}]}}