{"id":47,"date":"2018-04-22T21:13:36","date_gmt":"2018-04-22T18:13:36","guid":{"rendered":"https:\/\/blogi.eoppimispalvelut.fi\/tuutorointi\/?page_id=47"},"modified":"2020-12-09T10:50:06","modified_gmt":"2020-12-09T08:50:06","slug":"tarkeita-sidosryhmia","status":"publish","type":"page","link":"https:\/\/blogi.eoppimispalvelut.fi\/tuutorointi\/tarkeita-sidosryhmia\/","title":{"rendered":"T\u00e4rkeit\u00e4 sidosryhmi\u00e4"},"content":{"rendered":"<p>Lapin yliopiston ylioppilaskunta (LYY):<\/p>\n<p><a href=\"http:\/\/www.lyy.fi\">http:\/\/www.lyy.fi<br \/>\n<\/a><\/p>\n<p>Lapin yliopisto:<\/p>\n<p><a href=\"https:\/\/www.ulapland.fi\/FI\">https:\/\/www.ulapland.fi\/FI<\/a><\/p>\n<p>Frank:<\/p>\n<p><a href=\"https:\/\/www.frank.fi\">https:\/\/www.frank.fi<\/a><\/p>\n<p>YTHS:<\/p>\n<p><a href=\"http:\/\/www.yths.fi\">http:\/\/www.yths.fi<\/a><\/p>\n<p>Lapin korkeakoululiikunta:<\/p>\n<p><a href=\"https:\/\/blogi.eoppimispalvelut.fi\/korkeakoululiikunta\/\">https:\/\/blogi.eoppimispalvelut.fi\/korkeakoululiikunta\/<\/a><\/p>\n","protected":false},"excerpt":{"rendered":"<p>Lapin yliopiston ylioppilaskunta (LYY): http:\/\/www.lyy.fi Lapin yliopisto: https:\/\/www.ulapland.fi\/FI Frank: https:\/\/www.frank.fi YTHS: http:\/\/www.yths.fi Lapin korkeakoululiikunta: https:\/\/blogi.eoppimispalvelut.fi\/korkeakoululiikunta\/<\/p>\n","protected":false},"author":2870,"featured_media":0,"parent":0,"menu_order":0,"comment_status":"closed","ping_status":"closed","template":"","meta":{"footnotes":""},"class_list":["post-47","page","type-page","status-publish","hentry"],"_links":{"self":[{"href":"https:\/\/blogi.eoppimispalvelut.fi\/tuutorointi\/wp-json\/wp\/v2\/pages\/47","targetHints":{"allow":["GET"]}}],"collection":[{"href":"https:\/\/blogi.eoppimispalvelut.fi\/tuutorointi\/wp-json\/wp\/v2\/pages"}],"about":[{"href":"https:\/\/blogi.eoppimispalvelut.fi\/tuutorointi\/wp-json\/wp\/v2\/types\/page"}],"author":[{"embeddable":true,"href":"https:\/\/blogi.eoppimispalvelut.fi\/tuutorointi\/wp-json\/wp\/v2\/users\/2870"}],"replies":[{"embeddable":true,"href":"https:\/\/blogi.eoppimispalvelut.fi\/tuutorointi\/wp-json\/wp\/v2\/comments?post=47"}],"version-history":[{"count":11,"href":"https:\/\/blogi.eoppimispalvelut.fi\/tuutorointi\/wp-json\/wp\/v2\/pages\/47\/revisions"}],"predecessor-version":[{"id":104,"href":"https:\/\/blogi.eoppimispalvelut.fi\/tuutorointi\/wp-json\/wp\/v2\/pages\/47\/revisions\/104"}],"wp:attachment":[{"href":"https:\/\/blogi.eoppimispalvelut.fi\/tuutorointi\/wp-json\/wp\/v2\/media?parent=47"}],"curies":[{"name":"wp","href":"https:\/\/api.w.org\/{rel}","templated":true}]}}