{"id":7,"date":"2018-01-09T14:38:04","date_gmt":"2018-01-09T12:38:04","guid":{"rendered":"https:\/\/blogi.eoppimispalvelut.fi\/tuutorointi\/?page_id=7"},"modified":"2018-06-05T18:28:30","modified_gmt":"2018-06-05T15:28:30","slug":"ennen-tuutoroinnin-alkua","status":"publish","type":"page","link":"https:\/\/blogi.eoppimispalvelut.fi\/tuutorointi\/ennen-tuutoroinnin-alkua\/","title":{"rendered":"Ennen tuutoroinnin alkua"},"content":{"rendered":"<p><strong>Huomioi seuraavat asiat ennen lukuvuoden alkamista:<\/strong><\/p>\n<p>&nbsp;<\/p>\n<p>Opiskelijatuutori, ota yhteytt\u00e4 uusin opiskelijoihin jo kes\u00e4n aikana! Yhteydenotossa sinun tukenasi on tiedekuntasi. Yhteydenotossa kannattaa hy\u00f6dynt\u00e4\u00e4 eri kanavia, esimerkiksi Facebook, WhatsApp, s\u00e4hk\u00f6posti tai jokin muu ryhm\u00e4viestin. Toimita my\u00f6s tuutorikirjeesi Maija T\u00f6rm\u00e4selle (maija.tormanen@ulapland.fi), jotta kirje tulee esille yliopiston verkkosivuille!<\/p>\n<p><em>\u00a0<\/em><\/p>\n<p><strong>Aikatauluta tuutoroinnissa k\u00e4sitelt\u00e4v\u00e4t sis\u00e4ll\u00f6t syyslukukauden osalta yhdess\u00e4 oppiaineesi muiden opiskelija- ja opettajatuutoreiden kanssa. My\u00f6s ainej\u00e4rjest\u00f6n kanssa on hyv\u00e4 suunnitella yhdess\u00e4 syksyn ohjelmaa ja uusien opiskelijoiden vastaanottamista.<\/strong><\/p>\n<p>&nbsp;<\/p>\n<p><strong>Miettik\u00e4\u00e4, miten ja milloin kohtaatte uudet opiskelijat. Mit\u00e4 aikaisemmin uusi opiskelija saa kontaktin yliopistoyhteis\u00f6\u00f6n, sit\u00e4 tervetulleemmaksi h\u00e4n olonsa kokee.<\/strong><\/p>\n<ul>\n<li>kontaktoikaa uudet opiskelijat jo ennen lukuvuoden alkamista esimerkiksi jotain verkkoalustaa (Skype, Adobe Connect tms.) hy\u00f6dynt\u00e4en. Samalla voitte kysy\u00e4 seuraavista:\n<ul>\n<li>onko kaikilla jo asunto?<\/li>\n<li>ovatko kaikki saaneet ladattua Frank appin tai tilattua opiskelijakortin?<\/li>\n<li>ovatko kaikki hakeneet opintotukea ja yleist\u00e4 asumistukea?<\/li>\n<li>onko jotain mit\u00e4 haluaisitte tiet\u00e4\u00e4 ennen kuin orientaatioviikko alkaa?<\/li>\n<\/ul>\n<\/li>\n<\/ul>\n","protected":false},"excerpt":{"rendered":"<p>Huomioi seuraavat asiat ennen lukuvuoden alkamista: &nbsp; Opiskelijatuutori, ota yhteytt\u00e4 uusin opiskelijoihin jo kes\u00e4n aikana! Yhteydenotossa sinun tukenasi on tiedekuntasi. Yhteydenotossa kannattaa hy\u00f6dynt\u00e4\u00e4 eri kanavia, esimerkiksi Facebook,&hellip; <span class=\"read-more\"><a class=\"more-link\" href=\"https:\/\/blogi.eoppimispalvelut.fi\/tuutorointi\/ennen-tuutoroinnin-alkua\/\" rel=\"bookmark\">Read more <span class=\"screen-reader-text\">&#8220;Ennen tuutoroinnin alkua&#8221;<\/span><\/a><\/span><\/p>\n","protected":false},"author":2861,"featured_media":0,"parent":0,"menu_order":0,"comment_status":"closed","ping_status":"closed","template":"","meta":{"footnotes":""},"class_list":["post-7","page","type-page","status-publish","hentry"],"_links":{"self":[{"href":"https:\/\/blogi.eoppimispalvelut.fi\/tuutorointi\/wp-json\/wp\/v2\/pages\/7","targetHints":{"allow":["GET"]}}],"collection":[{"href":"https:\/\/blogi.eoppimispalvelut.fi\/tuutorointi\/wp-json\/wp\/v2\/pages"}],"about":[{"href":"https:\/\/blogi.eoppimispalvelut.fi\/tuutorointi\/wp-json\/wp\/v2\/types\/page"}],"author":[{"embeddable":true,"href":"https:\/\/blogi.eoppimispalvelut.fi\/tuutorointi\/wp-json\/wp\/v2\/users\/2861"}],"replies":[{"embeddable":true,"href":"https:\/\/blogi.eoppimispalvelut.fi\/tuutorointi\/wp-json\/wp\/v2\/comments?post=7"}],"version-history":[{"count":4,"href":"https:\/\/blogi.eoppimispalvelut.fi\/tuutorointi\/wp-json\/wp\/v2\/pages\/7\/revisions"}],"predecessor-version":[{"id":100,"href":"https:\/\/blogi.eoppimispalvelut.fi\/tuutorointi\/wp-json\/wp\/v2\/pages\/7\/revisions\/100"}],"wp:attachment":[{"href":"https:\/\/blogi.eoppimispalvelut.fi\/tuutorointi\/wp-json\/wp\/v2\/media?parent=7"}],"curies":[{"name":"wp","href":"https:\/\/api.w.org\/{rel}","templated":true}]}}