{"id":4,"date":"2021-02-23T13:45:36","date_gmt":"2021-02-23T11:45:36","guid":{"rendered":"https:\/\/blogi.eoppimispalvelut.fi\/tyohyve\/?page_id=4"},"modified":"2024-06-10T13:35:35","modified_gmt":"2024-06-10T10:35:35","slug":"tietoa-hankkeesta","status":"publish","type":"page","link":"https:\/\/blogi.eoppimispalvelut.fi\/tyohyve\/","title":{"rendered":"Tietoa blogista"},"content":{"rendered":"<p><strong>Vanhusty\u00f6n uudelleen muotoilu<\/strong> -blogi on Lapin ammattikorkeakoulun\u00a0 Active Aging\u00a0 (A<em>ktiivisena ik\u00e4\u00e4ntyen<\/em>) TKI-ryhm\u00e4n yll\u00e4pit\u00e4m\u00e4. Blogin ensisijaista kohderyhm\u00e4\u00e4 on ik\u00e4\u00e4ntyneiden parissa ty\u00f6skentelev\u00e4 ammattiyhteis\u00f6. Blogiartikkeleissa k\u00e4sittelemme tutkimus- ja kehitt\u00e4mishankkeissamme esille nousseita teemoja, tehty\u00e4 tutkimusta ja opinn\u00e4ytet\u00f6iden tuloksia. Teemme blogissamme my\u00f6s n\u00e4kyv\u00e4ksi\u00a0 hyvi\u00e4 k\u00e4yt\u00e4nteit\u00e4, joita erityisesti pitkien et\u00e4isyyksien alueilla on otettu k\u00e4ytt\u00f6\u00f6n tai vaikka vain kokeiltu. Julkaisemme my\u00f6s yhteisty\u00f6kumppaneidemme artikkeleita.<\/p>\n<p>Nostamme esille ja keskusteluun hyvi\u00e4 juttuja, joita ik\u00e4\u00e4ntyneiden hoidon ja aktiivisena ik\u00e4\u00e4ntymisen tukemiseen liittyen on jatkuvasti meneill\u00e4\u00e4n. Uskomme vahvasti, ett\u00e4 vanhusty\u00f6n ja ik\u00e4\u00e4ntyneiden palveluiden uudelleen muotoilulla voidaan saada alalle veto- ja pitovoimaa.<\/p>\n<p>Alan TKI-toimijoina teht\u00e4v\u00e4mme on tehd\u00e4 hyvi\u00e4 toimintamalleja ja yhteisty\u00f6kumppaneidemme osaamista ja tekemist\u00e4 n\u00e4kyv\u00e4ksi.<\/p>\n<p><span style=\"font-weight: 400\">Mik\u00e4li haluat kirjoittaa blogiimme, ole yhteydess\u00e4 toimituskuntaan. Blogin julkaisija on Lapin ammattikorkeakoulu.\u00a0<\/span><\/p>\n","protected":false},"excerpt":{"rendered":"<p>Vanhusty\u00f6n uudelleen muotoilu -blogi on Lapin ammattikorkeakoulun\u00a0 Active Aging\u00a0 (Aktiivisena ik\u00e4\u00e4ntyen) TKI-ryhm\u00e4n yll\u00e4pit\u00e4m\u00e4. Blogin ensisijaista kohderyhm\u00e4\u00e4 on ik\u00e4\u00e4ntyneiden parissa ty\u00f6skentelev\u00e4 ammattiyhteis\u00f6. Blogiartikkeleissa k\u00e4sittelemme tutkimus- ja kehitt\u00e4mishankkeissamme esille nousseita teemoja, tehty\u00e4 tutkimusta ja opinn\u00e4ytet\u00f6iden tuloksia. Teemme blogissamme my\u00f6s n\u00e4kyv\u00e4ksi\u00a0 hyvi\u00e4 k\u00e4yt\u00e4nteit\u00e4, joita erityisesti pitkien et\u00e4isyyksien alueilla on otettu k\u00e4ytt\u00f6\u00f6n tai vaikka vain kokeiltu. Julkaisemme my\u00f6s yhteisty\u00f6kumppaneidemme &hellip; <\/p>\n<p><a class=\"more-link btn\" href=\"https:\/\/blogi.eoppimispalvelut.fi\/tyohyve\/\">Jatka lukemista<\/a><\/p>\n","protected":false},"author":31,"featured_media":0,"parent":0,"menu_order":0,"comment_status":"closed","ping_status":"closed","template":"","meta":{"_monsterinsights_skip_tracking":false,"_monsterinsights_sitenote_active":false,"_monsterinsights_sitenote_note":"","_monsterinsights_sitenote_category":0,"footnotes":""},"class_list":["post-4","page","type-page","status-publish","hentry","nodate","item-wrap"],"_links":{"self":[{"href":"https:\/\/blogi.eoppimispalvelut.fi\/tyohyve\/index.php?rest_route=\/wp\/v2\/pages\/4","targetHints":{"allow":["GET"]}}],"collection":[{"href":"https:\/\/blogi.eoppimispalvelut.fi\/tyohyve\/index.php?rest_route=\/wp\/v2\/pages"}],"about":[{"href":"https:\/\/blogi.eoppimispalvelut.fi\/tyohyve\/index.php?rest_route=\/wp\/v2\/types\/page"}],"author":[{"embeddable":true,"href":"https:\/\/blogi.eoppimispalvelut.fi\/tyohyve\/index.php?rest_route=\/wp\/v2\/users\/31"}],"replies":[{"embeddable":true,"href":"https:\/\/blogi.eoppimispalvelut.fi\/tyohyve\/index.php?rest_route=%2Fwp%2Fv2%2Fcomments&post=4"}],"version-history":[{"count":10,"href":"https:\/\/blogi.eoppimispalvelut.fi\/tyohyve\/index.php?rest_route=\/wp\/v2\/pages\/4\/revisions"}],"predecessor-version":[{"id":448,"href":"https:\/\/blogi.eoppimispalvelut.fi\/tyohyve\/index.php?rest_route=\/wp\/v2\/pages\/4\/revisions\/448"}],"wp:attachment":[{"href":"https:\/\/blogi.eoppimispalvelut.fi\/tyohyve\/index.php?rest_route=%2Fwp%2Fv2%2Fmedia&parent=4"}],"curies":[{"name":"wp","href":"https:\/\/api.w.org\/{rel}","templated":true}]}}