{"id":82,"date":"2021-02-26T16:27:47","date_gmt":"2021-02-26T14:27:47","guid":{"rendered":"https:\/\/blogi.eoppimispalvelut.fi\/tyohyve\/?page_id=82"},"modified":"2021-04-06T08:27:24","modified_gmt":"2021-04-06T05:27:24","slug":"kirjoittajaesittelyt","status":"publish","type":"page","link":"https:\/\/blogi.eoppimispalvelut.fi\/tyohyve\/?page_id=82","title":{"rendered":"Kirjoittajaesittelyt"},"content":{"rendered":"<h3><span style=\"font-weight: 400\">Sari Arolaakso (TtM, tohtorikoulutettava, fysioterapia)<\/span><\/h3>\n<p><span style=\"font-weight: 400\">Toimin Lapin ammattikorkeakoulussa lehtorina geronomikoulutuksessa. Opetusvastuu linkittyy Monialainen arviointiosaaminen sek\u00e4 Gerontologinen kuntoutus ja geronteknologia -opintokokonaisuuksiin. Lis\u00e4ksi vastuullani on geronomikoulutuksen opinn\u00e4ytety\u00f6prosessin koordinointi. Opetusty\u00f6n lis\u00e4ksi olen mukana Tutkimus-, Kehitt\u00e4mis-, ja Innovaatio (TKI) -toiminnassa ja pyrin integroimaan opetusta ja opiskelijoita hankety\u00f6h\u00f6n. Erityisesti minua kiinnostaa ik\u00e4\u00e4ntyneiden toimintakyvyn arviointi ja edist\u00e4minen sek\u00e4 erilaiset teknologiset ja pelilliset ratkaisut toimintakyvyn arvioinnissa ja edist\u00e4misess\u00e4\u00a0\u00a0<\/span><\/p>\n<h3><span style=\"font-weight: 400\">Anne Puro (PsM, ty\u00f6- ja organisaatiopsykologia)<\/span><\/h3>\n<p><span style=\"font-weight: 400\">Toimin psykologisten aineiden lehtorina Lapin ammattikorkeakoulussa hoitoty\u00f6n koulutuksessa. <\/span><span style=\"font-weight: 400\">Opetukseni sis\u00e4ll\u00f6t hoitoty\u00f6n opetuksessa ovat vaihdelleet psykologian eri sovellusalueista moniammatilliseen yhteisty\u00f6h\u00f6n ja vuorovaikutustaitoihin. Vanhusty\u00f6n koulutuksessa olen mukana monialaisen arviointiosaamisen, gerontologisen kuntoutuksen ja ik\u00e4\u00e4ntyv\u00e4n v\u00e4est\u00f6n palveluiden johtamisen opintokokonaisuuksissa. Ty\u00f6- ja organisaatiopsykologia on erityisesti kiinnostukseni kohteena. T\u00e4t\u00e4 osaamista olen voinut hy\u00f6dynt\u00e4\u00e4 YAMK-tutkintoon sis\u00e4ltyviss\u00e4 johtamisen, ty\u00f6yhteis\u00f6jen kehitt\u00e4misen ja ty\u00f6hyvinvoinnin edist\u00e4misen opintokokonaisuuksissa sek\u00e4 erityisesti TKI-toiminnassa erilaisissa ty\u00f6hyvinvointiin ja ty\u00f6yhteis\u00f6jen kehitt\u00e4miseen liittyviss\u00e4 hankkeissa.\u00a0\u00a0<\/span><\/p>\n<h3><span style=\"font-weight: 400\">Hanna L\u00e4hde (Terveydenhoitaja YAMK, TtM-opiskelija)<\/span><\/h3>\n<p><span style=\"font-weight: 400\">Toimin Lapin ammattikorkeakoulussa hoitoty\u00f6n ja terveydenhoitoty\u00f6n opettajana. P\u00e4\u00e4asiallinen opetusvastuu on Ik\u00e4\u00e4ntyneen toimintakyvyn arviointi- opintojaksossa ja lis\u00e4ksi olen vastuuopettajana Johtaminen ja yritt\u00e4jyysosaaminen opintojaksolla. Opettamisen lis\u00e4ksi olen\u00a0 mukana Tutkimus-, Kehitt\u00e4mis-, ja Innovaatio (TKI) -toiminnassa syrj\u00e4ytymisen ehk\u00e4isyyn ja osallisuuden lis\u00e4\u00e4miseen keskittyviss\u00e4 hankkeissa TY\u00d6HYVE-hankkeen lis\u00e4ksi. Syd\u00e4nt\u00e4ni l\u00e4hell\u00e4 on ik\u00e4\u00e4ntyneiden kuntoutumista ja hyvinvointia edist\u00e4v\u00e4 hoitoty\u00f6 ja sen kehitt\u00e4minen.<\/span><\/p>\n<h3><span style=\"font-weight: 400\">Satu Elo (TtT, dosentti, hoitoty\u00f6 ja digitaaliset terveyspalvelut)\u00a0<\/span><\/h3>\n<p><span style=\"font-weight: 400\">Toimin Lapin ammattikorkeakoulussa yliopettajana ja vastuullani on <\/span><i><span style=\"font-weight: 400\">Digitaalisten terveyspalveluiden ja hyvinvointiteknologian<\/span><\/i><span style=\"font-weight: 400\"> (YAMK) koulutus. Tutkimus- ja kehitt\u00e4misty\u00f6ss\u00e4 mielenkiinnon kohteenani ovat ik\u00e4\u00e4ntyneiden ymp\u00e4rist\u00f6hyvinvoinnin ja toimintakyvyn edist\u00e4minen sek\u00e4 n\u00e4ihin liittyen uusien toimintamallien kehitt\u00e4minen etenkin pitkien et\u00e4isyyksien alueilla. N\u00e4iss\u00e4 erityisesti erilaisten kotihoidon digitaalisten sek\u00e4 teknologisten ratkaisujen hy\u00f6dynt\u00e4minen ovat olleet keski\u00f6ss\u00e4ni viime vuosina.<\/span><\/p>\n<h3>Anne Rautio (ft, KM)<\/h3>\n<p><span style=\"font-weight: 400\">Toimin Lapin ammattikorkeakoulun fysioterapiakoulutuksen lehtorina, jossa vastuualueenani on erityisesti ty\u00f6fysioterapiaan ja yleisemmin ty\u00f6ergonomiaan ja ty\u00f6kuormitukseen liittyv\u00e4t asiat. Toimin opettajana my\u00f6s hoitoty\u00f6n koulutuksessa ja vastuualueina siell\u00e4 ovat asiakkaan toimintakyvyn tukeminen ja ty\u00f6ergonomiaan liittyv\u00e4t aihealueet. Opetusty\u00f6n ohella olen Tutkimus-, Kehitt\u00e4mis- ja Innovaatio (TKI )- toiminnan kautta p\u00e4\u00e4ssyt osalliseksi monista mielenkiintoisista ty\u00f6hyvinvoinnin kehitt\u00e4miseen, teknologian hy\u00f6dynt\u00e4miseen ja ik\u00e4\u00e4ntyneiden toimintakyvyn tukemiseen liittyvist\u00e4 toiminnoista ja prosesseista, jotka olen kokenut eritt\u00e4in mielenkiintoisiksi ja t\u00e4rkeiksi. N\u00e4it\u00e4 osa-alueita haluan ty\u00f6ss\u00e4ni kehitt\u00e4\u00e4 edelleen.<\/span><\/p>\n","protected":false},"excerpt":{"rendered":"<p>Sari Arolaakso (TtM, tohtorikoulutettava, fysioterapia) Toimin Lapin ammattikorkeakoulussa lehtorina geronomikoulutuksessa. Opetusvastuu linkittyy Monialainen arviointiosaaminen sek\u00e4 Gerontologinen kuntoutus ja geronteknologia -opintokokonaisuuksiin. Lis\u00e4ksi vastuullani on geronomikoulutuksen opinn\u00e4ytety\u00f6prosessin koordinointi. Opetusty\u00f6n lis\u00e4ksi olen mukana Tutkimus-, Kehitt\u00e4mis-, ja Innovaatio (TKI) -toiminnassa ja pyrin integroimaan opetusta ja opiskelijoita hankety\u00f6h\u00f6n. Erityisesti minua kiinnostaa ik\u00e4\u00e4ntyneiden toimintakyvyn arviointi ja edist\u00e4minen sek\u00e4 erilaiset teknologiset ja &hellip; <\/p>\n<p><a class=\"more-link btn\" href=\"https:\/\/blogi.eoppimispalvelut.fi\/tyohyve\/?page_id=82\">Jatka lukemista<\/a><\/p>\n","protected":false},"author":4166,"featured_media":0,"parent":0,"menu_order":0,"comment_status":"closed","ping_status":"closed","template":"","meta":{"_monsterinsights_skip_tracking":false,"_monsterinsights_sitenote_active":false,"_monsterinsights_sitenote_note":"","_monsterinsights_sitenote_category":0,"footnotes":""},"class_list":["post-82","page","type-page","status-publish","hentry","nodate","item-wrap"],"_links":{"self":[{"href":"https:\/\/blogi.eoppimispalvelut.fi\/tyohyve\/index.php?rest_route=\/wp\/v2\/pages\/82","targetHints":{"allow":["GET"]}}],"collection":[{"href":"https:\/\/blogi.eoppimispalvelut.fi\/tyohyve\/index.php?rest_route=\/wp\/v2\/pages"}],"about":[{"href":"https:\/\/blogi.eoppimispalvelut.fi\/tyohyve\/index.php?rest_route=\/wp\/v2\/types\/page"}],"author":[{"embeddable":true,"href":"https:\/\/blogi.eoppimispalvelut.fi\/tyohyve\/index.php?rest_route=\/wp\/v2\/users\/4166"}],"replies":[{"embeddable":true,"href":"https:\/\/blogi.eoppimispalvelut.fi\/tyohyve\/index.php?rest_route=%2Fwp%2Fv2%2Fcomments&post=82"}],"version-history":[{"count":4,"href":"https:\/\/blogi.eoppimispalvelut.fi\/tyohyve\/index.php?rest_route=\/wp\/v2\/pages\/82\/revisions"}],"predecessor-version":[{"id":145,"href":"https:\/\/blogi.eoppimispalvelut.fi\/tyohyve\/index.php?rest_route=\/wp\/v2\/pages\/82\/revisions\/145"}],"wp:attachment":[{"href":"https:\/\/blogi.eoppimispalvelut.fi\/tyohyve\/index.php?rest_route=%2Fwp%2Fv2%2Fmedia&parent=82"}],"curies":[{"name":"wp","href":"https:\/\/api.w.org\/{rel}","templated":true}]}}