{"id":151,"date":"2016-09-06T16:21:16","date_gmt":"2016-09-06T13:21:16","guid":{"rendered":"https:\/\/blogi.eoppimispalvelut.fi\/korkeakoululiikunta\/?page_id=151"},"modified":"2021-01-05T11:41:35","modified_gmt":"2021-01-05T09:41:35","slug":"palloilu","status":"publish","type":"page","link":"https:\/\/blogi.eoppimispalvelut.fi\/universitysports\/sporttipassi\/tarjonta-rovaniemella\/palloilu\/","title":{"rendered":"Ballgames schedule"},"content":{"rendered":"<h5><\/h5>\n<p>Program will start 11.1.2021!<\/p>\n<p><strong>Basketball<\/strong><br \/>\nTues,\u00a04 pm to\u00a05 pm, <a href=\"https:\/\/www.google.fi\/maps\/place\/Jokiv%C3%A4yl%C3%A4+13,+96300+Rovaniemi\/@66.4822824,25.7200204,17z\/data=!3m1!4b1!4m5!3m4!1s0x442b4bc3a0576301:0x464f35a1c5764f32!8m2!3d66.4822824!4d25.7222091\">Jokiv\u00e4yl\u00e4 13<\/a><br \/>\nFri, 4.30 pm to 5.30 pm, Jokiv\u00e4yl\u00e4 13<\/p>\n<p><span style=\"color: #050505;text-transform: none;text-indent: 0px;letter-spacing: normal;font-family: 'Segoe UI Historic', 'Segoe UI', Helvetica, Arial, sans-serif;font-size: 15px;font-style: normal;font-weight: 400;float: none;background-color: #ffffff\">Everyone who is interested to play basketball, please join the group Royal Basket Rovaniemi for more information and sign up\u2019s for the games.<\/span><\/p>\n<p><strong>Volleyball<\/strong><br \/>\nTues, 8 pm to 9.30 pm Jokiv\u00e4yl\u00e4 13 Sporthall<br \/>\nThurs. 8 pm to 9.30 pm, Jokiv\u00e4yl\u00e4 13<\/p>\n<p><span style=\"color: #050505;text-transform: none;text-indent: 0px;letter-spacing: normal;font-family: 'Segoe UI Historic', 'Segoe UI', Helvetica, Arial, sans-serif;font-size: 15px;font-style: normal;font-weight: 400;float: none;background-color: #ffffff\">Everyone who is interested to play volleyball, please join the facebook group Volleyball 2020 for more information and sign up\u2019s for the games.<\/span><\/p>\n<p><strong>Floorball<\/strong><br \/>\nStudent<br \/>\nMon. 4 pm to 5 pm, \u00a0 Jokiv\u00e4yl\u00e4 13, sporthall<br \/>\nWed. 4 pm to 5 pm,\u00a0 Jokiv\u00e4yl\u00e4 13, sporthall<br \/>\nSun. 4pm to 5pm, Jokiv\u00e4yl\u00e4 13, sporthall<\/p>\n<p><span style=\"color: #050505;text-transform: none;text-indent: 0px;letter-spacing: normal;font-family: 'Segoe UI Historic', 'Segoe UI', Helvetica, Arial, sans-serif;font-size: 15px;font-style: normal;font-weight: 400;float: none;background-color: #ffffff\">Everyone who is interested to play floorball, please join the group LUCsaba2020-2021 for more information and sign up\u2019s for the games.<\/span><\/p>\n<p>&nbsp;<\/p>\n<p><strong>Badminton<\/strong><br \/>\nMon 3pm to 4pm<br \/>\nTues 3pm to 4pm<br \/>\nWed 3pm to 4pm<br \/>\nThurs 3pm to 4pm<br \/>\nFri 3pm to 4pm<\/p>\n<p>Pace: <a href=\"https:\/\/www.google.fi\/maps\/place\/Keltakankaan+liikuntahalli\/@66.4882882,25.7039815,15z\/data=!4m5!3m4!1s0x0:0x5c63ce7cc2437c77!8m2!3d66.4882882!4d25.7039815\">Keltakangas, Viirinkankaantie 1<\/a><\/p>\n<p>No pre-sign up&#8217;s for court. You need own equipments!<\/p>\n<h5><\/h5>\n","protected":false},"excerpt":{"rendered":"<p>Program will start 11.1.2021! Basketball Tues,\u00a04 pm to\u00a05 pm, Jokiv\u00e4yl\u00e4 13 Fri, 4.30 pm to 5.30 pm, Jokiv\u00e4yl\u00e4 13 Everyone who is interested to play basketball, please join the group [&hellip;]<\/p>\n","protected":false},"author":1,"featured_media":0,"parent":62,"menu_order":0,"comment_status":"closed","ping_status":"closed","template":"","meta":{"jetpack_post_was_ever_published":false,"footnotes":""},"class_list":["post-151","page","type-page","status-publish","hentry"],"jetpack_sharing_enabled":true,"jetpack_shortlink":"https:\/\/wp.me\/P9bZoj-2r","_links":{"self":[{"href":"https:\/\/blogi.eoppimispalvelut.fi\/universitysports\/wp-json\/wp\/v2\/pages\/151","targetHints":{"allow":["GET"]}}],"collection":[{"href":"https:\/\/blogi.eoppimispalvelut.fi\/universitysports\/wp-json\/wp\/v2\/pages"}],"about":[{"href":"https:\/\/blogi.eoppimispalvelut.fi\/universitysports\/wp-json\/wp\/v2\/types\/page"}],"author":[{"embeddable":true,"href":"https:\/\/blogi.eoppimispalvelut.fi\/universitysports\/wp-json\/wp\/v2\/users\/1"}],"replies":[{"embeddable":true,"href":"https:\/\/blogi.eoppimispalvelut.fi\/universitysports\/wp-json\/wp\/v2\/comments?post=151"}],"version-history":[{"count":28,"href":"https:\/\/blogi.eoppimispalvelut.fi\/universitysports\/wp-json\/wp\/v2\/pages\/151\/revisions"}],"predecessor-version":[{"id":1359,"href":"https:\/\/blogi.eoppimispalvelut.fi\/universitysports\/wp-json\/wp\/v2\/pages\/151\/revisions\/1359"}],"up":[{"embeddable":true,"href":"https:\/\/blogi.eoppimispalvelut.fi\/universitysports\/wp-json\/wp\/v2\/pages\/62"}],"wp:attachment":[{"href":"https:\/\/blogi.eoppimispalvelut.fi\/universitysports\/wp-json\/wp\/v2\/media?parent=151"}],"curies":[{"name":"wp","href":"https:\/\/api.w.org\/{rel}","templated":true}]}}