{"id":230,"date":"2016-09-07T12:28:14","date_gmt":"2016-09-07T09:28:14","guid":{"rendered":"https:\/\/blogi.eoppimispalvelut.fi\/korkeakoululiikunta\/?page_id=230"},"modified":"2018-10-09T12:50:57","modified_gmt":"2018-10-09T09:50:57","slug":"muut-lajit","status":"publish","type":"page","link":"https:\/\/blogi.eoppimispalvelut.fi\/universitysports\/kuntourheilu\/rovaniemi\/muut-lajit\/","title":{"rendered":"Other sport&#8217;s"},"content":{"rendered":"<p><strong>Martial Art&#8217;s and self defense<\/strong><\/p>\n<p>In Rovaniemi you can practice different type of martial art&#8217;s. Here is link&#8217;s to Rovaniemi club&#8217;s.<\/p>\n<p><a href=\"https:\/\/www.facebook.com\/CHRovaniemi\/\">Combat Hapkido Rovaniemi ry<\/a><br \/>\n<a href=\"http:\/\/www.hokuyukai.net\/\">BUDOSEURA HOKU YU KAI RY<\/a><br \/>\n<a href=\"https:\/\/kaseha.fi\/\">KASE HA ROVANIEMI RY<\/a><br \/>\n<a href=\"http:\/\/renshinkanrovaniemi.net\/component\/content\/article\/2-kd-ippon-rovaniemi-ry\">KD-IPPON ROVANIEMI RY<\/a><br \/>\n<a href=\"http:\/\/www.koyama.fi\/koyama-ry\/\">KOYAMA RY<\/a><br \/>\n<a href=\"http:\/\/www.taido.fi\/32\">LAPIN KAMPPAILU-URHEILU- JA TAIDOSEURA<\/a><br \/>\n<a href=\"http:\/\/www.lapinlukko.fi\/nyrkkeily\/\">LAPIN LUKKO \/ NYRKKEILY<\/a><br \/>\n<a href=\"http:\/\/LAPIN LUKKO \/ PAINI\">LAPIN LUKKO \/ PAINI<\/a><br \/>\n<a href=\"http:\/\/www.mmarovaniemi.net\/\">MMA ROVANIEMI RY<\/a><br \/>\n<a href=\"https:\/\/www.facebook.com\/CapoeiraRovaniemi\/info?tab=page_info\">MOVIMENTO CAPOEIRA QUILOMBO RY<\/a><br \/>\nROVANIEMEN AIKIDOSEURA RYU KOKU KAN<br \/>\n<a href=\"http:\/\/roijutsu.net\/\">ROVANIEMEN JU- JUTSU<\/a><br \/>\n<a href=\"http:\/\/rovaniemenreipas.fi\/nyrkkeily\">ROVANIEMEN REIPAS\/ NYRKKEILYJAOSTO<\/a><br \/>\n<a href=\"http:\/\/www.taishinmun.fi\/seurat.html\">ROVANIEMEN THAI-SHIN-MUN RY<\/a><br \/>\n<a href=\"http:\/\/www.rovaniemi.fi\/fi\/Palvelut\/Liikunta-ja-vapaa-aika\/Liikuntapaikat\/Sisaliikuntapaikat\/Kamppailukeskus\">Rovaniemen kamppailukeskus<\/a><\/p>\n<p>&nbsp;<\/p>\n<p>WEIGHTLIFTING<\/p>\n<p><a href=\"http:\/\/www.atleettiklubi.fi\/\">OUNASVAARAN ATLEETTIKLUBI<\/a><br \/>\n<a href=\"http:\/\/rovaniemenreipas.fi\/painonnosto\">ROVANIEMEN REIPAS<\/a><\/p>\n<p>&nbsp;<\/p>\n<p>FIGURE SKATING<br \/>\nIn Rovaniemi, you can play figure skating with Rovaniemi skaters. There is a link to find out more about club activities; <a href=\"http:\/\/www.rovaniementaitoluistelijat.net\/Roita\/\">RoiTa<\/a><\/p>\n<p>&nbsp;<\/p>\n<p>DANCE CLUB&#8217;S in Rovaniemi<br \/>\nHere you can find selection of Rovaniemi dance club&#8217;s.<\/p>\n<p><a href=\"http:\/\/www.revontulitanssijat.com\/\">REVONTULITANSSIJAT<\/a><br \/>\n<a href=\"http:\/\/www.nastat.net\/\">NAPAPIIRIN NASTAT<\/a><br \/>\n<a href=\"http:\/\/www.siepakat.net\/\">SIEPAKAT<\/a><br \/>\n<a href=\"http:\/\/www.rimpparemmi.fi\/tanssikoulu\/\">RIMPPAREMMI<\/a><br \/>\n<a href=\"http:\/\/lapintanssiopisto.com\/\">LAPIN TANSSIOPISTO<\/a><br \/>\n<a href=\"http:\/\/www.sesamry.com\/Sesam\/Etusivu.html\">Sesam &#8211; It\u00e4maisen tanssin seura ry <\/a><br \/>\n<a href=\"http:\/\/www.studiosolu.com\/\">Tanssiteatteri Studio Solu ry<\/a><a href=\"http:\/\/rovaniementanssi.com\/\"><br \/>\nROVANIEMEN TANSSI RY<br \/>\n<\/a><\/p>\n<p>More information about dance hobbies in Rovaniemi <a href=\"http:\/\/www.rovaniemi.fi\/fi\/Palvelut\/Kulttuuripalvelut\/Tanssi\">\u00a0t\u00e4\u00e4lt\u00e4<\/a><\/p>\n<p>&nbsp;<\/p>\n<p>TENNIS<br \/>\nRovaniemi tennis club.<br \/>\n<a href=\"http:\/\/www.rovs.net\/joomla\/\">ROVS<\/a><\/p>\n<p>&nbsp;<\/p>\n<p>GOLF<br \/>\n<a href=\"http:\/\/www.arcticgolf.fi\/\">ARCTICGOLF<\/a><\/p>\n<p>&nbsp;<\/p>\n<p>OUTDOOR SPORT&#8217;S\u00a0in Rovaniemi<\/p>\n<p>If you interested outdoor sport&#8217;s, mountain biking, hiking, canoeing etc&#8230;<\/p>\n<p><a href=\"http:\/\/www.rollomtb.fi\/RolloMTB\/Rovaniemen_parhaat_MTB-reitit.html\">ROLLO MBT<\/a><br \/>\n<a href=\"http:\/\/www.visitrovaniemi.fi\/fi\/aktiviteetit\/extremelajit\">EXTREME LAJIT<\/a><br \/>\n<a href=\"http:\/\/www.ounasvaaranlatu.fi\/\">OUNASVAARANLATU<br \/>\n<\/a><a href=\"http:\/\/www.rovaniemi.fi\/fi\/Palvelut\/Liikunta-ja-vapaa-aika\/Ulkoilu-ja-virkistys\/Luontopolut\">LUONTOPOLUT<\/a><br \/>\n<a href=\"http:\/\/www.roimeloo.net\/joomla25\/\">MELONTA<\/a><\/p>\n<p>&nbsp;<\/p>\n<p>Archery<br \/>\n<a href=\"http:\/\/www.lapinjousi.com\/\">LAPINJOUSI<\/a><\/p>\n<p>&nbsp;<\/p>\n","protected":false},"excerpt":{"rendered":"<p>Martial Art&#8217;s and self defense In Rovaniemi you can practice different type of martial art&#8217;s. Here is link&#8217;s to Rovaniemi club&#8217;s. Combat Hapkido Rovaniemi ry BUDOSEURA HOKU YU KAI RY [&hellip;]<\/p>\n","protected":false},"author":1,"featured_media":0,"parent":211,"menu_order":0,"comment_status":"closed","ping_status":"closed","template":"","meta":{"jetpack_post_was_ever_published":false,"footnotes":""},"class_list":["post-230","page","type-page","status-publish","hentry"],"jetpack_sharing_enabled":true,"jetpack_shortlink":"https:\/\/wp.me\/P9bZoj-3I","_links":{"self":[{"href":"https:\/\/blogi.eoppimispalvelut.fi\/universitysports\/wp-json\/wp\/v2\/pages\/230","targetHints":{"allow":["GET"]}}],"collection":[{"href":"https:\/\/blogi.eoppimispalvelut.fi\/universitysports\/wp-json\/wp\/v2\/pages"}],"about":[{"href":"https:\/\/blogi.eoppimispalvelut.fi\/universitysports\/wp-json\/wp\/v2\/types\/page"}],"author":[{"embeddable":true,"href":"https:\/\/blogi.eoppimispalvelut.fi\/universitysports\/wp-json\/wp\/v2\/users\/1"}],"replies":[{"embeddable":true,"href":"https:\/\/blogi.eoppimispalvelut.fi\/universitysports\/wp-json\/wp\/v2\/comments?post=230"}],"version-history":[{"count":3,"href":"https:\/\/blogi.eoppimispalvelut.fi\/universitysports\/wp-json\/wp\/v2\/pages\/230\/revisions"}],"predecessor-version":[{"id":1008,"href":"https:\/\/blogi.eoppimispalvelut.fi\/universitysports\/wp-json\/wp\/v2\/pages\/230\/revisions\/1008"}],"up":[{"embeddable":true,"href":"https:\/\/blogi.eoppimispalvelut.fi\/universitysports\/wp-json\/wp\/v2\/pages\/211"}],"wp:attachment":[{"href":"https:\/\/blogi.eoppimispalvelut.fi\/universitysports\/wp-json\/wp\/v2\/media?parent=230"}],"curies":[{"name":"wp","href":"https:\/\/api.w.org\/{rel}","templated":true}]}}