{"id":259,"date":"2021-11-11T15:46:09","date_gmt":"2021-11-11T13:46:09","guid":{"rendered":"https:\/\/blogi.eoppimispalvelut.fi\/vahto\/?page_id=259"},"modified":"2021-11-23T09:27:17","modified_gmt":"2021-11-23T07:27:17","slug":"vahvuuskortit","status":"publish","type":"page","link":"https:\/\/blogi.eoppimispalvelut.fi\/vahto\/vahvuuskortit\/","title":{"rendered":"Vahvuuskortit"},"content":{"rendered":"<p>[et_pb_section fb_built=&#8221;1&#8243; _builder_version=&#8221;4.8.2&#8243; _module_preset=&#8221;default&#8221; background_color=&#8221;#4B76BA&#8221; background_image=&#8221;https:\/\/blogi.eoppimispalvelut.fi\/vahto\/files\/2021\/11\/tausta-01.png&#8221; custom_margin=&#8221;||0px||false|false&#8221; custom_padding=&#8221;30px||30px|||&#8221;][et_pb_row _builder_version=&#8221;4.8.2&#8243; _module_preset=&#8221;default&#8221; custom_margin=&#8221;|auto|1px|auto||&#8221; custom_padding=&#8221;||5px|||&#8221;][et_pb_column type=&#8221;4_4&#8243; _builder_version=&#8221;4.8.2&#8243; _module_preset=&#8221;default&#8221;][et_pb_text _builder_version=&#8221;4.8.2&#8243; _module_preset=&#8221;default&#8221; text_font=&#8221;Montserrat||||||||&#8221; header_font=&#8221;Frank Ruhl Libre|900|||||||&#8221; header_text_align=&#8221;center&#8221; header_text_color=&#8221;#FFFFFF&#8221; header_font_size=&#8221;80px&#8221; header_2_font=&#8221;Frank Ruhl Libre|700|||||||&#8221; header_2_text_color=&#8221;#4B76BA&#8221; header_2_font_size=&#8221;64px&#8221; min_height=&#8221;90px&#8221; custom_margin=&#8221;|0px||0px|false|false&#8221; custom_margin_tablet=&#8221;|0px||0px|false|false&#8221; custom_margin_phone=&#8221;&#8221; custom_margin_last_edited=&#8221;on|desktop&#8221; custom_padding=&#8221;2px|0px|0px||false|false&#8221; custom_padding_tablet=&#8221;0px||||false|false&#8221; custom_padding_phone=&#8221;&#8221; custom_padding_last_edited=&#8221;on|tablet&#8221; header_font_size_tablet=&#8221;&#8221; header_font_size_phone=&#8221;45px&#8221; header_font_size_last_edited=&#8221;on|phone&#8221; header_2_font_size_tablet=&#8221;60px&#8221; header_2_font_size_phone=&#8221;32px&#8221; header_2_font_size_last_edited=&#8221;on|phone&#8221;]<\/p>\n<h1>Vahvuuskortit<\/h1>\n<p>&nbsp;<\/p>\n<p>[\/et_pb_text][\/et_pb_column][\/et_pb_row][\/et_pb_section][et_pb_section fb_built=&#8221;1&#8243; _builder_version=&#8221;4.8.2&#8243; _module_preset=&#8221;default&#8221; custom_margin=&#8221;0px||0px||true|false&#8221; custom_padding=&#8221;0px||0px||true|false&#8221;][et_pb_row _builder_version=&#8221;4.8.2&#8243; _module_preset=&#8221;default&#8221; custom_padding=&#8221;3px||2px|||&#8221;][et_pb_column type=&#8221;4_4&#8243; _builder_version=&#8221;4.8.2&#8243; _module_preset=&#8221;default&#8221;][et_pb_image src=&#8221;https:\/\/blogi.eoppimispalvelut.fi\/vahto\/files\/2021\/11\/LogotVAHTOeitaustaa-16.png&#8221; alt=&#8221;Hankkeen tunnukset: euroopan sosiaalirahasto, vipuvoimaa EU:lta, ELY-keskus, Lapin yliopisto, Lapin ammattikorkeakoulu&#8221; align=&#8221;center&#8221; _builder_version=&#8221;4.8.2&#8243; _module_preset=&#8221;default&#8221; module_alignment=&#8221;center&#8221; custom_margin=&#8221;-5px|||||&#8221; custom_padding=&#8221;0px||0px|||&#8221;][\/et_pb_image][\/et_pb_column][\/et_pb_row][\/et_pb_section][et_pb_section fb_built=&#8221;1&#8243; _builder_version=&#8221;4.8.2&#8243; _module_preset=&#8221;default&#8221; background_color=&#8221;RGBA(0,0,0,0)&#8221; min_height=&#8221;729.4px&#8221; custom_margin=&#8221;10px||||false|false&#8221; custom_padding=&#8221;0px||0px||true|false&#8221; top_divider_height=&#8221;94px&#8221; top_divider_repeat=&#8221;0x&#8221; bottom_divider_height=&#8221;104px&#8221; bottom_divider_repeat=&#8221;0x&#8221;][et_pb_row _builder_version=&#8221;4.8.2&#8243; _module_preset=&#8221;default&#8221; custom_padding=&#8221;||4px|||&#8221;][et_pb_column type=&#8221;4_4&#8243; _builder_version=&#8221;4.8.2&#8243; _module_preset=&#8221;default&#8221;][et_pb_text _builder_version=&#8221;4.8.2&#8243; _module_preset=&#8221;default&#8221; text_font=&#8221;Montserrat||||||||&#8221; header_font=&#8221;Frank Ruhl Libre|900|||||||&#8221; header_text_color=&#8221;#4B76BA&#8221; custom_margin=&#8221;||-4px|||&#8221; header_font_size_tablet=&#8221;&#8221; header_font_size_phone=&#8221;33px&#8221; header_font_size_last_edited=&#8221;on|phone&#8221;]<\/p>\n<h1><span>VAHTO-vahvuuskortit<\/span><\/h1>\n<p>[\/et_pb_text][\/et_pb_column][\/et_pb_row][et_pb_row column_structure=&#8221;1_2,1_2&#8243; _builder_version=&#8221;4.8.2&#8243; _module_preset=&#8221;default&#8221; custom_margin=&#8221;|auto|0px|auto||&#8221; custom_padding=&#8221;2px|||||&#8221;][et_pb_column type=&#8221;1_2&#8243; _builder_version=&#8221;4.8.2&#8243; _module_preset=&#8221;default&#8221;][et_pb_text _builder_version=&#8221;4.8.2&#8243; _module_preset=&#8221;default&#8221; text_font=&#8221;Montserrat||||||||&#8221; link_text_color=&#8221;#4B76BA&#8221; header_font=&#8221;Frank Ruhl Libre|900|||||||&#8221; header_text_color=&#8221;#4B76BA&#8221; header_font_size=&#8221;46px&#8221; custom_padding=&#8221;||0px|||&#8221; header_font_size_tablet=&#8221;&#8221; header_font_size_phone=&#8221;33px&#8221; header_font_size_last_edited=&#8221;on|phone&#8221;]<\/p>\n<p>VAHTO-vahvuuskortit on tarkoitettu ohjauksen tueksi ja ty\u00f6kaluksi. Vahvuuskorttien avulla voidaan tukea hyvinvointia ja vahvistaa itsetuntemusta sek\u00e4 kehitt\u00e4\u00e4 valmiuksia tunnistaa ja hy\u00f6dynt\u00e4\u00e4 vahvuuksia. Toivomme, ett\u00e4 kortit johdattavat uusien oivallusten \u00e4\u00e4reen.<\/p>\n<p>Vahvuuskortteja voi k\u00e4ytt\u00e4\u00e4 niin yksil\u00f6- kuin ryhm\u00e4ty\u00f6skentelyss\u00e4. Kortteja voidaan k\u00e4ytt\u00e4\u00e4 vahvuuksien tunnistamisessa ja nime\u00e4misess\u00e4 sek\u00e4 pohtia miten niit\u00e4 voi kehitt\u00e4\u00e4. Korttien ohessa voidaan pohtia, mit\u00e4 vahvuudet merkitsev\u00e4t ja kuinka ne n\u00e4kyv\u00e4t el\u00e4m\u00e4n eri tilanteissa (ihmissuhteet, opiskelu, ty\u00f6) sek\u00e4 miten niit\u00e4 voi hy\u00f6dynt\u00e4\u00e4 ja soveltaa.<\/p>\n<p>VAHTO-vahvuuskortit perustuvat Peterson &amp; Seligmanin (2004) luokitteluun hyveist\u00e4 ja luonteenvahvuuksista. Korteista l\u00f6ytyy 6 hyveen alla olevaa 24 vahvuutta ja lis\u00e4ksi 5 jokeria. Korteissa on vahvuuksien rinnalla avaavia esimerkkikysymyksi\u00e4, joiden avulla syvennyt\u00e4\u00e4n vahvuuksiin. Korttien lis\u00e4ksi on julkaistu Vahvuusperustaisen ohjauksen ty\u00f6kirja, josta l\u00f6ytyy vinkkej\u00e4 ja harjoituksia vahvuusperustaiseen tulevaisuusohjaukseen.<\/p>\n<p>Viittausohje VAHTO-vahvuuskorttien k\u00e4ytt\u00f6\u00f6n:<br \/> Hyv\u00e4rinen, S., Kangastie, H., L\u00f6f, J., Rautio, K., Riponiemi, N., &amp; Uusiautti, S. 2021. VAHTO-vahvuuskortit. Rovaniemi: Lapin yliopisto. <a href=\"http:\/\/urn.fi\/URN:ISBN:978-952-337-291-7\">http:\/\/urn.fi\/URN:ISBN:978-952-337-291-7<\/a>\u00a0<\/p>\n<p>[\/et_pb_text][\/et_pb_column][et_pb_column type=&#8221;1_2&#8243; _builder_version=&#8221;4.8.2&#8243; _module_preset=&#8221;default&#8221;][et_pb_image src=&#8221;https:\/\/blogi.eoppimispalvelut.fi\/vahto\/files\/2021\/11\/kortit-scaled.jpg&#8221; _builder_version=&#8221;4.8.2&#8243; _module_preset=&#8221;default&#8221;][\/et_pb_image][\/et_pb_column][\/et_pb_row][et_pb_row _builder_version=&#8221;4.8.2&#8243; _module_preset=&#8221;default&#8221;][et_pb_column type=&#8221;4_4&#8243; _builder_version=&#8221;4.8.2&#8243; _module_preset=&#8221;default&#8221;][et_pb_button button_text=&#8221;Lataa kortit&#8221; button_alignment=&#8221;center&#8221; _builder_version=&#8221;4.8.2&#8243; _module_preset=&#8221;default&#8221; custom_button=&#8221;on&#8221; button_text_size=&#8221;26px&#8221; button_text_color=&#8221;#FFFFFF&#8221; button_bg_color=&#8221;#FFFFFF&#8221; button_bg_image=&#8221;https:\/\/blogi.eoppimispalvelut.fi\/vahto\/files\/2021\/11\/Asset-1.png&#8221; button_bg_size=&#8221;contain&#8221; button_border_width=&#8221;0px&#8221; button_border_radius=&#8221;0px&#8221; button_use_icon=&#8221;off&#8221; custom_margin=&#8221;||18px||false|false&#8221; custom_padding=&#8221;10px|42px|10px|42px|true|true&#8221; hover_enabled=&#8221;0&#8243; button_url=&#8221;http:\/\/urn.fi\/URN:ISBN:978-952-337-291-7&#8243; sticky_enabled=&#8221;0&#8243;][\/et_pb_button][\/et_pb_column][\/et_pb_row][\/et_pb_section]<\/p>\n","protected":false},"excerpt":{"rendered":"<p>Vahvuuskortit &nbsp;VAHTO-vahvuuskortitVAHTO-vahvuuskortit on tarkoitettu ohjauksen tueksi ja ty\u00f6kaluksi. Vahvuuskorttien avulla voidaan tukea hyvinvointia ja vahvistaa itsetuntemusta sek\u00e4 kehitt\u00e4\u00e4 valmiuksia tunnistaa ja hy\u00f6dynt\u00e4\u00e4 vahvuuksia. Toivomme, ett\u00e4 kortit johdattavat uusien oivallusten \u00e4\u00e4reen. Vahvuuskortteja voi k\u00e4ytt\u00e4\u00e4 niin yksil\u00f6- kuin ryhm\u00e4ty\u00f6skentelyss\u00e4. Kortteja voidaan k\u00e4ytt\u00e4\u00e4 vahvuuksien tunnistamisessa ja nime\u00e4misess\u00e4 sek\u00e4 pohtia miten niit\u00e4 voi kehitt\u00e4\u00e4. Korttien ohessa voidaan pohtia, mit\u00e4 [&hellip;]<\/p>\n","protected":false},"author":7294,"featured_media":0,"parent":0,"menu_order":0,"comment_status":"closed","ping_status":"closed","template":"","meta":{"_et_pb_use_builder":"on","_et_pb_old_content":"","_et_gb_content_width":"","footnotes":""},"class_list":["post-259","page","type-page","status-publish","hentry"],"_links":{"self":[{"href":"https:\/\/blogi.eoppimispalvelut.fi\/vahto\/wp-json\/wp\/v2\/pages\/259","targetHints":{"allow":["GET"]}}],"collection":[{"href":"https:\/\/blogi.eoppimispalvelut.fi\/vahto\/wp-json\/wp\/v2\/pages"}],"about":[{"href":"https:\/\/blogi.eoppimispalvelut.fi\/vahto\/wp-json\/wp\/v2\/types\/page"}],"author":[{"embeddable":true,"href":"https:\/\/blogi.eoppimispalvelut.fi\/vahto\/wp-json\/wp\/v2\/users\/7294"}],"replies":[{"embeddable":true,"href":"https:\/\/blogi.eoppimispalvelut.fi\/vahto\/wp-json\/wp\/v2\/comments?post=259"}],"version-history":[{"count":12,"href":"https:\/\/blogi.eoppimispalvelut.fi\/vahto\/wp-json\/wp\/v2\/pages\/259\/revisions"}],"predecessor-version":[{"id":389,"href":"https:\/\/blogi.eoppimispalvelut.fi\/vahto\/wp-json\/wp\/v2\/pages\/259\/revisions\/389"}],"wp:attachment":[{"href":"https:\/\/blogi.eoppimispalvelut.fi\/vahto\/wp-json\/wp\/v2\/media?parent=259"}],"curies":[{"name":"wp","href":"https:\/\/api.w.org\/{rel}","templated":true}]}}