{"id":276,"date":"2021-11-12T13:05:50","date_gmt":"2021-11-12T11:05:50","guid":{"rendered":"https:\/\/blogi.eoppimispalvelut.fi\/vahto\/?page_id=276"},"modified":"2021-12-13T13:36:42","modified_gmt":"2021-12-13T11:36:42","slug":"tyokirja","status":"publish","type":"page","link":"https:\/\/blogi.eoppimispalvelut.fi\/vahto\/tyokirja\/","title":{"rendered":"Ty\u00f6kirja"},"content":{"rendered":"<p>[et_pb_section fb_built=&#8221;1&#8243; _builder_version=&#8221;4.8.2&#8243; _module_preset=&#8221;default&#8221; background_color=&#8221;#4B76BA&#8221; background_image=&#8221;https:\/\/blogi.eoppimispalvelut.fi\/vahto\/files\/2021\/11\/tausta-01.png&#8221; custom_margin=&#8221;||0px||false|false&#8221; custom_padding=&#8221;30px||30px|||&#8221;][et_pb_row _builder_version=&#8221;4.8.2&#8243; _module_preset=&#8221;default&#8221; custom_margin=&#8221;|auto|1px|auto||&#8221; custom_padding=&#8221;||5px|||&#8221;][et_pb_column type=&#8221;4_4&#8243; _builder_version=&#8221;4.8.2&#8243; _module_preset=&#8221;default&#8221;][et_pb_text _builder_version=&#8221;4.8.2&#8243; _module_preset=&#8221;default&#8221; text_font=&#8221;Montserrat||||||||&#8221; header_font=&#8221;Frank Ruhl Libre|900|||||||&#8221; header_text_align=&#8221;center&#8221; header_text_color=&#8221;#FFFFFF&#8221; header_font_size=&#8221;80px&#8221; header_2_font=&#8221;Frank Ruhl Libre|700|||||||&#8221; header_2_text_color=&#8221;#4B76BA&#8221; header_2_font_size=&#8221;64px&#8221; min_height=&#8221;90px&#8221; custom_margin=&#8221;|0px||0px|false|false&#8221; custom_margin_tablet=&#8221;|0px||0px|false|false&#8221; custom_margin_phone=&#8221;&#8221; custom_margin_last_edited=&#8221;on|desktop&#8221; custom_padding=&#8221;2px|0px|0px||false|false&#8221; custom_padding_tablet=&#8221;0px||||false|false&#8221; custom_padding_phone=&#8221;&#8221; custom_padding_last_edited=&#8221;on|tablet&#8221; header_font_size_tablet=&#8221;&#8221; header_font_size_phone=&#8221;80px&#8221; header_font_size_last_edited=&#8221;on|phone&#8221; header_2_font_size_tablet=&#8221;60px&#8221; header_2_font_size_phone=&#8221;32px&#8221; header_2_font_size_last_edited=&#8221;on|phone&#8221;]<\/p>\n<h1>Ty\u00f6kirja<\/h1>\n<p>&nbsp;<\/p>\n<p>[\/et_pb_text][\/et_pb_column][\/et_pb_row][\/et_pb_section][et_pb_section fb_built=&#8221;1&#8243; _builder_version=&#8221;4.8.2&#8243; _module_preset=&#8221;default&#8221; custom_margin=&#8221;0px||0px||true|false&#8221; custom_padding=&#8221;0px||0px||true|false&#8221;][et_pb_row _builder_version=&#8221;4.8.2&#8243; _module_preset=&#8221;default&#8221; custom_padding=&#8221;3px||2px|||&#8221;][et_pb_column type=&#8221;4_4&#8243; _builder_version=&#8221;4.8.2&#8243; _module_preset=&#8221;default&#8221;][et_pb_image src=&#8221;https:\/\/blogi.eoppimispalvelut.fi\/vahto\/files\/2021\/11\/LogotVAHTOeitaustaa-16.png&#8221; alt=&#8221;Hankkeen tunnukset: euroopan sosiaalirahasto, vipuvoimaa EU:lta, ELY-keskus, Lapin yliopisto, Lapin ammattikorkeakoulu&#8221; align=&#8221;center&#8221; _builder_version=&#8221;4.8.2&#8243; _module_preset=&#8221;default&#8221; module_alignment=&#8221;center&#8221; custom_margin=&#8221;-5px|||||&#8221; custom_padding=&#8221;0px||0px|||&#8221;][\/et_pb_image][\/et_pb_column][\/et_pb_row][\/et_pb_section][et_pb_section fb_built=&#8221;1&#8243; _builder_version=&#8221;4.8.2&#8243; _module_preset=&#8221;default&#8221; background_color=&#8221;RGBA(0,0,0,0)&#8221; min_height=&#8221;729.4px&#8221; custom_margin=&#8221;10px||||false|false&#8221; custom_padding=&#8221;0px||0px||true|false&#8221; top_divider_height=&#8221;94px&#8221; top_divider_repeat=&#8221;0x&#8221; bottom_divider_height=&#8221;104px&#8221; bottom_divider_repeat=&#8221;0x&#8221;][et_pb_row _builder_version=&#8221;4.8.2&#8243; _module_preset=&#8221;default&#8221; custom_padding=&#8221;||4px|||&#8221;][et_pb_column type=&#8221;4_4&#8243; _builder_version=&#8221;4.8.2&#8243; _module_preset=&#8221;default&#8221;][et_pb_text _builder_version=&#8221;4.8.2&#8243; _module_preset=&#8221;default&#8221; text_font=&#8221;Montserrat||||||||&#8221; header_font=&#8221;Frank Ruhl Libre|900|||||||&#8221; header_text_color=&#8221;#4B76BA&#8221; custom_margin=&#8221;||-4px|||&#8221; header_font_size_tablet=&#8221;&#8221; header_font_size_phone=&#8221;33px&#8221; header_font_size_last_edited=&#8221;on|phone&#8221;]<\/p>\n<h1><span>Vahvuusperustaisen ohjauksen ty\u00f6kirja<\/span><\/h1>\n<p>[\/et_pb_text][\/et_pb_column][\/et_pb_row][et_pb_row column_structure=&#8221;3_5,2_5&#8243; _builder_version=&#8221;4.8.2&#8243; _module_preset=&#8221;default&#8221; custom_margin=&#8221;|auto|0px|auto||&#8221; custom_padding=&#8221;2px|||||&#8221;][et_pb_column type=&#8221;3_5&#8243; _builder_version=&#8221;4.8.2&#8243; _module_preset=&#8221;default&#8221;][et_pb_text _builder_version=&#8221;4.8.2&#8243; _module_preset=&#8221;default&#8221; text_font=&#8221;Montserrat||||||||&#8221; link_font=&#8221;||||||||&#8221; link_text_color=&#8221;#4B76BA&#8221; header_font=&#8221;Frank Ruhl Libre|900|||||||&#8221; header_text_color=&#8221;#4B76BA&#8221; header_font_size=&#8221;46px&#8221; custom_padding=&#8221;||0px|||&#8221; header_font_size_tablet=&#8221;&#8221; header_font_size_phone=&#8221;33px&#8221; header_font_size_last_edited=&#8221;on|phone&#8221;]<\/p>\n<p>Vahvuusperustaisen ohjauksen ty\u00f6kirja opastaa sinut vahvuus- ja tulevaisuusajatteluun, vahvuuksien tunnistamisen, hy\u00f6dynt\u00e4misen, soveltamisen ja kehitt\u00e4misen maailmaan. Ty\u00f6kirjasta l\u00f6yd\u00e4t erilaisia harjoituksia ja menetelmi\u00e4, joiden avulla tuet ohjaukseen osallistujia selkiytt\u00e4m\u00e4\u00e4n tulevaisuuden suunnitelmiaan, sanoittamaan osaamistaan ja reflektoimaan vahvuuksiaan. Ty\u00f6kirjan harjoitukset antavat pohjaa itsetuntemuksen lis\u00e4\u00e4miseen ja kehitt\u00e4v\u00e4t el\u00e4m\u00e4ss\u00e4, opiskelussa sek\u00e4 ty\u00f6ss\u00e4 tarvittavia taitoja.<\/p>\n<p>T\u00e4m\u00e4 teos on tarkoitettu vahvuusperustaisen tulevaisuusohjauksen tueksi ja ty\u00f6kaluksi opinto- ja uraohjaajille, opettajille sek\u00e4 nuorten ja aikuisten parissa ty\u00f6skenteleville. Ty\u00f6kirjasta l\u00f6ytyv\u00e4t harjoitukset kuvaavat, miten vahvuusajattelua voidaan hy\u00f6dynt\u00e4\u00e4 erilaisissa tilanteissa, esimerkiksi opintojen eri vaiheissa, yksil\u00f6- tai ryhm\u00e4ohjauksessa. Vahvuusharjoitukset on kehitetty teoriaperusteisesti hankkeen ohjauspilotteja ja ty\u00f6kaluja hy\u00f6dynt\u00e4en. Niiss\u00e4 sovelletaan vahvuusajattelua yksil\u00f6n tilanteen mukaisesti. Tavoitteena on lis\u00e4t\u00e4 yksil\u00f6n ymm\u00e4rryst\u00e4 omasta potentiaalistaan ja sen hy\u00f6dynt\u00e4misest\u00e4 sek\u00e4 auttaa tarkastelemaan vahvuuksiaan laajemmin.<\/p>\n<p>Toivomme, ett\u00e4 teos johdattaa sinut ohjaukseen osallistujien kanssa uusien oivallusten \u00e4\u00e4relle.<\/p>\n<p>Viittausohje ty\u00f6kirjan k\u00e4ytt\u00f6\u00f6n:<br \/> Hyv\u00e4rinen, S., Kangastie, H., L\u00f6f, J., Rautio, K., Riponiemi, N., &amp; Uusiautti, S. 2021. Vahvuusperustaisen ohjauksen ty\u00f6kirja. Rovaniemi: Lapin yliopisto. <a href=\"http:\/\/urn.fi\/URN:ISBN:978-952-337-293-1\" title=\"Vahvuusperustaisen ohjauksen ty\u00f6kirja\">http:\/\/urn.fi\/URN:ISBN:978-952-337-293-1<\/a><\/p>\n<p>[\/et_pb_text][\/et_pb_column][et_pb_column type=&#8221;2_5&#8243; _builder_version=&#8221;4.8.2&#8243; _module_preset=&#8221;default&#8221;][et_pb_image src=&#8221;https:\/\/blogi.eoppimispalvelut.fi\/vahto\/files\/2021\/11\/lamppukuvitus.png&#8221; _builder_version=&#8221;4.8.2&#8243; _module_preset=&#8221;default&#8221; custom_margin=&#8221;||90px|||&#8221;][\/et_pb_image][\/et_pb_column][\/et_pb_row][et_pb_row _builder_version=&#8221;4.8.2&#8243; _module_preset=&#8221;default&#8221;][et_pb_column type=&#8221;4_4&#8243; _builder_version=&#8221;4.8.2&#8243; _module_preset=&#8221;default&#8221;][et_pb_button button_url=&#8221;http:\/\/urn.fi\/URN:ISBN:978-952-337-293-1&#8243; button_text=&#8221;Lataa ty\u00f6kirja&#8221; button_alignment=&#8221;center&#8221; _builder_version=&#8221;4.8.2&#8243; _module_preset=&#8221;default&#8221; custom_button=&#8221;on&#8221; button_text_size=&#8221;26px&#8221; button_text_color=&#8221;#FFFFFF&#8221; button_bg_color=&#8221;#FFFFFF&#8221; button_bg_image=&#8221;https:\/\/blogi.eoppimispalvelut.fi\/vahto\/files\/2021\/11\/Asset-1.png&#8221; button_bg_size=&#8221;contain&#8221; button_border_width=&#8221;0px&#8221; button_border_radius=&#8221;0px&#8221; button_use_icon=&#8221;off&#8221; custom_margin=&#8221;||18px||false|false&#8221; custom_padding=&#8221;10px|42px|10px|42px|true|true&#8221;][\/et_pb_button][\/et_pb_column][\/et_pb_row][\/et_pb_section]<\/p>\n","protected":false},"excerpt":{"rendered":"<p>Ty\u00f6kirja &nbsp;Vahvuusperustaisen ohjauksen ty\u00f6kirjaVahvuusperustaisen ohjauksen ty\u00f6kirja opastaa sinut vahvuus- ja tulevaisuusajatteluun, vahvuuksien tunnistamisen, hy\u00f6dynt\u00e4misen, soveltamisen ja kehitt\u00e4misen maailmaan. Ty\u00f6kirjasta l\u00f6yd\u00e4t erilaisia harjoituksia ja menetelmi\u00e4, joiden avulla tuet ohjaukseen osallistujia selkiytt\u00e4m\u00e4\u00e4n tulevaisuuden suunnitelmiaan, sanoittamaan osaamistaan ja reflektoimaan vahvuuksiaan. Ty\u00f6kirjan harjoitukset antavat pohjaa itsetuntemuksen lis\u00e4\u00e4miseen ja kehitt\u00e4v\u00e4t el\u00e4m\u00e4ss\u00e4, opiskelussa sek\u00e4 ty\u00f6ss\u00e4 tarvittavia taitoja. T\u00e4m\u00e4 teos on tarkoitettu [&hellip;]<\/p>\n","protected":false},"author":7294,"featured_media":0,"parent":0,"menu_order":0,"comment_status":"closed","ping_status":"closed","template":"","meta":{"_et_pb_use_builder":"on","_et_pb_old_content":"","_et_gb_content_width":"","footnotes":""},"class_list":["post-276","page","type-page","status-publish","hentry"],"_links":{"self":[{"href":"https:\/\/blogi.eoppimispalvelut.fi\/vahto\/wp-json\/wp\/v2\/pages\/276","targetHints":{"allow":["GET"]}}],"collection":[{"href":"https:\/\/blogi.eoppimispalvelut.fi\/vahto\/wp-json\/wp\/v2\/pages"}],"about":[{"href":"https:\/\/blogi.eoppimispalvelut.fi\/vahto\/wp-json\/wp\/v2\/types\/page"}],"author":[{"embeddable":true,"href":"https:\/\/blogi.eoppimispalvelut.fi\/vahto\/wp-json\/wp\/v2\/users\/7294"}],"replies":[{"embeddable":true,"href":"https:\/\/blogi.eoppimispalvelut.fi\/vahto\/wp-json\/wp\/v2\/comments?post=276"}],"version-history":[{"count":12,"href":"https:\/\/blogi.eoppimispalvelut.fi\/vahto\/wp-json\/wp\/v2\/pages\/276\/revisions"}],"predecessor-version":[{"id":396,"href":"https:\/\/blogi.eoppimispalvelut.fi\/vahto\/wp-json\/wp\/v2\/pages\/276\/revisions\/396"}],"wp:attachment":[{"href":"https:\/\/blogi.eoppimispalvelut.fi\/vahto\/wp-json\/wp\/v2\/media?parent=276"}],"curies":[{"name":"wp","href":"https:\/\/api.w.org\/{rel}","templated":true}]}}