{"id":283,"date":"2021-11-12T13:20:51","date_gmt":"2021-11-12T11:20:51","guid":{"rendered":"https:\/\/blogi.eoppimispalvelut.fi\/vahto\/?page_id=283"},"modified":"2021-12-16T10:45:39","modified_gmt":"2021-12-16T08:45:39","slug":"loppujulkaisu","status":"publish","type":"page","link":"https:\/\/blogi.eoppimispalvelut.fi\/vahto\/loppujulkaisu\/","title":{"rendered":"Artikkelijulkaisu"},"content":{"rendered":"<p>[et_pb_section fb_built=&#8221;1&#8243; _builder_version=&#8221;4.8.2&#8243; _module_preset=&#8221;default&#8221; background_color=&#8221;#4B76BA&#8221; background_image=&#8221;https:\/\/blogi.eoppimispalvelut.fi\/vahto\/files\/2021\/11\/tausta-01.png&#8221; custom_margin=&#8221;||0px||false|false&#8221; custom_padding=&#8221;30px||30px|||&#8221;][et_pb_row _builder_version=&#8221;4.8.2&#8243; _module_preset=&#8221;default&#8221; custom_margin=&#8221;|auto|1px|auto||&#8221; custom_padding=&#8221;||5px|||&#8221;][et_pb_column type=&#8221;4_4&#8243; _builder_version=&#8221;4.8.2&#8243; _module_preset=&#8221;default&#8221;][et_pb_text _builder_version=&#8221;4.8.2&#8243; _module_preset=&#8221;default&#8221; text_font=&#8221;Montserrat||||||||&#8221; header_font=&#8221;Frank Ruhl Libre|900|||||||&#8221; header_text_align=&#8221;center&#8221; header_text_color=&#8221;#FFFFFF&#8221; header_font_size=&#8221;80px&#8221; header_2_font=&#8221;Frank Ruhl Libre|700|||||||&#8221; header_2_text_color=&#8221;#4B76BA&#8221; header_2_font_size=&#8221;64px&#8221; min_height=&#8221;90px&#8221; custom_margin=&#8221;|0px||0px|false|false&#8221; custom_margin_tablet=&#8221;|0px||0px|false|false&#8221; custom_margin_phone=&#8221;&#8221; custom_margin_last_edited=&#8221;on|desktop&#8221; custom_padding=&#8221;2px|0px|0px||false|false&#8221; custom_padding_tablet=&#8221;0px||||false|false&#8221; custom_padding_phone=&#8221;&#8221; custom_padding_last_edited=&#8221;on|tablet&#8221; header_font_size_tablet=&#8221;&#8221; header_font_size_phone=&#8221;45px&#8221; header_font_size_last_edited=&#8221;on|phone&#8221; header_2_font_size_tablet=&#8221;60px&#8221; header_2_font_size_phone=&#8221;32px&#8221; header_2_font_size_last_edited=&#8221;on|phone&#8221;]<\/p>\n<h1>Loppujulkaisu<\/h1>\n<p>&nbsp;<\/p>\n<p>[\/et_pb_text][\/et_pb_column][\/et_pb_row][\/et_pb_section][et_pb_section fb_built=&#8221;1&#8243; _builder_version=&#8221;4.8.2&#8243; _module_preset=&#8221;default&#8221; custom_margin=&#8221;0px||0px||true|false&#8221; custom_padding=&#8221;0px||0px||true|false&#8221;][et_pb_row _builder_version=&#8221;4.8.2&#8243; _module_preset=&#8221;default&#8221; custom_padding=&#8221;3px||2px|||&#8221;][et_pb_column type=&#8221;4_4&#8243; _builder_version=&#8221;4.8.2&#8243; _module_preset=&#8221;default&#8221;][et_pb_image src=&#8221;https:\/\/blogi.eoppimispalvelut.fi\/vahto\/files\/2021\/11\/LogotVAHTOeitaustaa-16.png&#8221; alt=&#8221;Hankkeen tunnukset: euroopan sosiaalirahasto, vipuvoimaa EU:lta, ELY-keskus, Lapin yliopisto, Lapin ammattikorkeakoulu&#8221; align=&#8221;center&#8221; _builder_version=&#8221;4.8.2&#8243; _module_preset=&#8221;default&#8221; module_alignment=&#8221;center&#8221; custom_margin=&#8221;-5px|||||&#8221; custom_padding=&#8221;0px||0px|||&#8221;][\/et_pb_image][\/et_pb_column][\/et_pb_row][\/et_pb_section][et_pb_section fb_built=&#8221;1&#8243; _builder_version=&#8221;4.8.2&#8243; _module_preset=&#8221;default&#8221; background_color=&#8221;RGBA(0,0,0,0)&#8221; min_height=&#8221;729.4px&#8221; custom_margin=&#8221;10px||||false|false&#8221; custom_padding=&#8221;0px||0px||true|false&#8221; top_divider_height=&#8221;94px&#8221; top_divider_repeat=&#8221;0x&#8221; bottom_divider_height=&#8221;104px&#8221; bottom_divider_repeat=&#8221;0x&#8221;][et_pb_row _builder_version=&#8221;4.8.2&#8243; _module_preset=&#8221;default&#8221; custom_padding=&#8221;||4px|||&#8221;][et_pb_column type=&#8221;4_4&#8243; _builder_version=&#8221;4.8.2&#8243; _module_preset=&#8221;default&#8221;][et_pb_text _builder_version=&#8221;4.8.2&#8243; _module_preset=&#8221;default&#8221; text_font=&#8221;Montserrat||||||||&#8221; header_font=&#8221;Frank Ruhl Libre|900|||||||&#8221; header_text_color=&#8221;#4B76BA&#8221; custom_margin=&#8221;||-4px|||&#8221; header_font_size_tablet=&#8221;&#8221; header_font_size_phone=&#8221;27px&#8221; header_font_size_last_edited=&#8221;on|phone&#8221;]<\/p>\n<h1>Vahvuusperustaisen tulevaisuusohjauksen kehitt\u00e4mismatka<br \/> ja VAHTO-malli Lapin korkeakouluissa<\/h1>\n<p>[\/et_pb_text][\/et_pb_column][\/et_pb_row][et_pb_row column_structure=&#8221;1_2,1_2&#8243; _builder_version=&#8221;4.8.2&#8243; _module_preset=&#8221;default&#8221; custom_margin=&#8221;|auto|0px|auto||&#8221; custom_padding=&#8221;2px|||||&#8221;][et_pb_column type=&#8221;1_2&#8243; _builder_version=&#8221;4.8.2&#8243; _module_preset=&#8221;default&#8221;][et_pb_text _builder_version=&#8221;4.8.2&#8243; _module_preset=&#8221;default&#8221; text_font=&#8221;Montserrat||||||||&#8221; link_text_color=&#8221;#4B76BA&#8221; header_font=&#8221;Frank Ruhl Libre|900|||||||&#8221; header_text_color=&#8221;#4B76BA&#8221; header_font_size=&#8221;46px&#8221; custom_padding=&#8221;||0px|||&#8221; header_font_size_tablet=&#8221;&#8221; header_font_size_phone=&#8221;33px&#8221; header_font_size_last_edited=&#8221;on|phone&#8221;]<\/p>\n<p>VAHTO-hankkeen artikkelijulkaisu avaa positiiviseen psykologiaan perustuvaa vahvuusajattelua ja sen hy\u00f6dynt\u00e4mist\u00e4 erityisesti korkeakouluopiskelijoiden ohjauksessa. Julkaisu kuvaa, mit\u00e4 vahvuudet ovat ja miten ne ovat hy\u00f6dynnett\u00e4viss\u00e4 opintojen eri vaiheissa: ennen, aikana ja j\u00e4lkeen.<\/p>\n<p>Artikkelit muodostavat yhdess\u00e4 kokonaisvaltaisen katsauksen vahvuusperustaiseen tulevaisuusohjaukseen tarjoten n\u00e4k\u00f6kulmia vahvuuksien tunnistamiseen, hy\u00f6dynt\u00e4miseen, kehitt\u00e4miseen ja vahvistamiseen sek\u00e4 tulevaisuuteen suuntaamiseen. Voisiko vastauksena t\u00e4m\u00e4n p\u00e4iv\u00e4n haasteisiin ollakin huomion kohdistaminen vahvuusperustaisuuteen? K\u00e4\u00e4nt\u00e4isimme katseemme vahvuuksiin ja niist\u00e4 ponnistaen suuntaisimme kohti tulevaa?<\/p>\n<p>Loppujulkaisu johdattelee sinut vahvuusperustaisen tulevaisuusohjauksen maailmaan. Toivomme, ett\u00e4 saat lukumatkasta kipin\u00e4n oman ohjausty\u00f6si kehitt\u00e4miseen. Ty\u00f6kaluja k\u00e4yt\u00e4nn\u00f6n ohjausty\u00f6h\u00f6n l\u00f6yd\u00e4t Vahvuusperustainen tulevaisuusohjaus -ty\u00f6kirjasta sek\u00e4 VAHTO-vahvuuskorteista.<\/p>\n<p>Mukavaa lukumatkaa toivottaa,<br \/> <em>VAHTO-projektiryhm\u00e4<\/em><\/p>\n<p>Viittausohje julkaisun k\u00e4ytt\u00f6\u00f6n:\u00a0<br \/><span data-contrast=\"auto\" xml:lang=\"FI-FI\" lang=\"FI-FI\" class=\"TextRun SCXW78979360 BCX0\"><span class=\"NormalTextRun SCXW78979360 BCX0\">Hyv\u00e4rinen, S., Kangastie, H., L\u00f6f, J., Rautio, K.,\u00a0<\/span><span class=\"NormalTextRun SpellingErrorV2 SCXW78979360 BCX0\">Riponiemi<\/span><span class=\"NormalTextRun SCXW78979360 BCX0\">, N., &amp;\u00a0<\/span><span class=\"NormalTextRun SpellingErrorV2 SCXW78979360 BCX0\">Uusiautti<\/span><span class=\"NormalTextRun SCXW78979360 BCX0\">, S. 2021.\u00a0<\/span><\/span><span data-contrast=\"none\" xml:lang=\"FI-FI\" lang=\"FI-FI\" class=\"TextRun SCXW78979360 BCX0\"><span class=\"NormalTextRun SCXW78979360 BCX0\">Vahvuusperustaisen tulevaisuusohjauksen kehitt\u00e4mismatka\u00a0<\/span><span class=\"NormalTextRun SCXW78979360 BCX0\">ja\u00a0<\/span><span class=\"NormalTextRun SCXW78979360 BCX0\">VAHTO<\/span><span class=\"NormalTextRun SCXW78979360 BCX0\">-malli Lapin korkeakouluissa.<\/span><span class=\"NormalTextRun SCXW78979360 BCX0\">\u00a0<\/span><\/span><span data-contrast=\"auto\" xml:lang=\"FI-FI\" lang=\"FI-FI\" class=\"TextRun SCXW78979360 BCX0\"><span class=\"NormalTextRun SCXW78979360 BCX0\">Rovaniemi: Lapin yliopisto.<\/span><\/span><span data-contrast=\"none\" xml:lang=\"FI-FI\" lang=\"FI-FI\" class=\"TextRun Underlined SCXW78979360 BCX0\"><span class=\"NormalTextRun SCXW78979360 BCX0\" data-ccp-charstyle=\"Hyperlink\">\u00a0<\/span><\/span><a class=\"Hyperlink SCXW78979360 BCX0\" href=\"http:\/\/urn.fi\/URN:ISBN:978-952-337-294-8\" target=\"_blank\" rel=\"noreferrer noopener\"><span data-contrast=\"none\" xml:lang=\"FI-FI\" lang=\"FI-FI\" class=\"TextRun Underlined SCXW78979360 BCX0\"><span class=\"NormalTextRun SCXW78979360 BCX0\" data-ccp-charstyle=\"Hyperlink\">http:\/\/urn.fi\/URN:ISBN:978-952-337-294-8<\/span><\/span><\/a><\/p>\n<p><em><\/em><\/p>\n<p>[\/et_pb_text][\/et_pb_column][et_pb_column type=&#8221;1_2&#8243; _builder_version=&#8221;4.8.2&#8243; _module_preset=&#8221;default&#8221;][et_pb_image src=&#8221;https:\/\/blogi.eoppimispalvelut.fi\/vahto\/files\/2021\/11\/Timantti.png&#8221; _builder_version=&#8221;4.8.2&#8243; _module_preset=&#8221;default&#8221; width=&#8221;77%&#8221; custom_margin=&#8221;||90px|||&#8221;][\/et_pb_image][\/et_pb_column][\/et_pb_row][et_pb_row _builder_version=&#8221;4.8.2&#8243; _module_preset=&#8221;default&#8221;][et_pb_column type=&#8221;4_4&#8243; _builder_version=&#8221;4.8.2&#8243; _module_preset=&#8221;default&#8221;][et_pb_button button_url=&#8221;http:\/\/urn.fi\/URN:ISBN:978-952-337-294-8&#8243; button_text=&#8221;Lataa julkaisu&#8221; button_alignment=&#8221;center&#8221; _builder_version=&#8221;4.8.2&#8243; _module_preset=&#8221;default&#8221; custom_button=&#8221;on&#8221; button_text_size=&#8221;26px&#8221; button_text_color=&#8221;#FFFFFF&#8221; button_bg_color=&#8221;#FFFFFF&#8221; button_bg_image=&#8221;https:\/\/blogi.eoppimispalvelut.fi\/vahto\/files\/2021\/11\/Asset-1.png&#8221; button_bg_size=&#8221;contain&#8221; button_border_width=&#8221;0px&#8221; button_border_radius=&#8221;0px&#8221; button_use_icon=&#8221;off&#8221; custom_margin=&#8221;||18px||false|false&#8221; custom_padding=&#8221;10px|42px|10px|42px|true|true&#8221;][\/et_pb_button][\/et_pb_column][\/et_pb_row][\/et_pb_section]<\/p>\n","protected":false},"excerpt":{"rendered":"<p>Loppujulkaisu &nbsp;Vahvuusperustaisen tulevaisuusohjauksen kehitt\u00e4mismatka ja VAHTO-malli Lapin korkeakouluissaVAHTO-hankkeen artikkelijulkaisu avaa positiiviseen psykologiaan perustuvaa vahvuusajattelua ja sen hy\u00f6dynt\u00e4mist\u00e4 erityisesti korkeakouluopiskelijoiden ohjauksessa. Julkaisu kuvaa, mit\u00e4 vahvuudet ovat ja miten ne ovat hy\u00f6dynnett\u00e4viss\u00e4 opintojen eri vaiheissa: ennen, aikana ja j\u00e4lkeen. Artikkelit muodostavat yhdess\u00e4 kokonaisvaltaisen katsauksen vahvuusperustaiseen tulevaisuusohjaukseen tarjoten n\u00e4k\u00f6kulmia vahvuuksien tunnistamiseen, hy\u00f6dynt\u00e4miseen, kehitt\u00e4miseen ja vahvistamiseen sek\u00e4 tulevaisuuteen suuntaamiseen. [&hellip;]<\/p>\n","protected":false},"author":7294,"featured_media":0,"parent":0,"menu_order":0,"comment_status":"closed","ping_status":"closed","template":"","meta":{"_et_pb_use_builder":"on","_et_pb_old_content":"","_et_gb_content_width":"","footnotes":""},"class_list":["post-283","page","type-page","status-publish","hentry"],"_links":{"self":[{"href":"https:\/\/blogi.eoppimispalvelut.fi\/vahto\/wp-json\/wp\/v2\/pages\/283","targetHints":{"allow":["GET"]}}],"collection":[{"href":"https:\/\/blogi.eoppimispalvelut.fi\/vahto\/wp-json\/wp\/v2\/pages"}],"about":[{"href":"https:\/\/blogi.eoppimispalvelut.fi\/vahto\/wp-json\/wp\/v2\/types\/page"}],"author":[{"embeddable":true,"href":"https:\/\/blogi.eoppimispalvelut.fi\/vahto\/wp-json\/wp\/v2\/users\/7294"}],"replies":[{"embeddable":true,"href":"https:\/\/blogi.eoppimispalvelut.fi\/vahto\/wp-json\/wp\/v2\/comments?post=283"}],"version-history":[{"count":9,"href":"https:\/\/blogi.eoppimispalvelut.fi\/vahto\/wp-json\/wp\/v2\/pages\/283\/revisions"}],"predecessor-version":[{"id":399,"href":"https:\/\/blogi.eoppimispalvelut.fi\/vahto\/wp-json\/wp\/v2\/pages\/283\/revisions\/399"}],"wp:attachment":[{"href":"https:\/\/blogi.eoppimispalvelut.fi\/vahto\/wp-json\/wp\/v2\/media?parent=283"}],"curies":[{"name":"wp","href":"https:\/\/api.w.org\/{rel}","templated":true}]}}