{"id":287,"date":"2021-11-12T13:37:01","date_gmt":"2021-11-12T11:37:01","guid":{"rendered":"https:\/\/blogi.eoppimispalvelut.fi\/vahto\/?page_id=287"},"modified":"2022-01-28T08:16:15","modified_gmt":"2022-01-28T06:16:15","slug":"vinkit-ja-linkit","status":"publish","type":"page","link":"https:\/\/blogi.eoppimispalvelut.fi\/vahto\/vinkit-ja-linkit\/","title":{"rendered":"Julkaisuja ja materiaalia"},"content":{"rendered":"<p>[et_pb_section fb_built=&#8221;1&#8243; _builder_version=&#8221;4.8.2&#8243; _module_preset=&#8221;default&#8221; background_color=&#8221;#4B76BA&#8221; background_image=&#8221;https:\/\/blogi.eoppimispalvelut.fi\/vahto\/files\/2021\/11\/tausta-01.png&#8221; custom_margin=&#8221;||0px||false|false&#8221; custom_padding=&#8221;30px||30px|||&#8221;][et_pb_row _builder_version=&#8221;4.8.2&#8243; _module_preset=&#8221;default&#8221; custom_margin=&#8221;|auto|1px|auto||&#8221; custom_padding=&#8221;||5px|||&#8221;][et_pb_column type=&#8221;4_4&#8243; _builder_version=&#8221;4.8.2&#8243; _module_preset=&#8221;default&#8221;][et_pb_text _builder_version=&#8221;4.8.2&#8243; _module_preset=&#8221;default&#8221; text_font=&#8221;Montserrat||||||||&#8221; header_font=&#8221;Frank Ruhl Libre|900|||||||&#8221; header_text_align=&#8221;center&#8221; header_text_color=&#8221;#FFFFFF&#8221; header_font_size=&#8221;80px&#8221; header_2_font=&#8221;Frank Ruhl Libre|700|||||||&#8221; header_2_text_color=&#8221;#4B76BA&#8221; header_2_font_size=&#8221;64px&#8221; min_height=&#8221;90px&#8221; custom_margin=&#8221;|0px||0px|false|false&#8221; custom_margin_tablet=&#8221;|0px||0px|false|false&#8221; custom_margin_phone=&#8221;&#8221; custom_margin_last_edited=&#8221;on|desktop&#8221; custom_padding=&#8221;2px|0px|0px||false|false&#8221; custom_padding_tablet=&#8221;0px||||false|false&#8221; custom_padding_phone=&#8221;&#8221; custom_padding_last_edited=&#8221;on|tablet&#8221; header_font_size_tablet=&#8221;&#8221; header_font_size_phone=&#8221;80px&#8221; header_font_size_last_edited=&#8221;on|phone&#8221; header_2_font_size_tablet=&#8221;60px&#8221; header_2_font_size_phone=&#8221;32px&#8221; header_2_font_size_last_edited=&#8221;on|phone&#8221;]<\/p>\n<h1>Julkaisuja ja materiaalia<\/h1>\n<p>&nbsp;<\/p>\n<p>[\/et_pb_text][\/et_pb_column][\/et_pb_row][\/et_pb_section][et_pb_section fb_built=&#8221;1&#8243; _builder_version=&#8221;4.8.2&#8243; _module_preset=&#8221;default&#8221; custom_margin=&#8221;0px||0px||true|false&#8221; custom_padding=&#8221;0px||0px||true|false&#8221;][et_pb_row _builder_version=&#8221;4.8.2&#8243; _module_preset=&#8221;default&#8221; custom_padding=&#8221;3px||2px|||&#8221;][et_pb_column type=&#8221;4_4&#8243; _builder_version=&#8221;4.8.2&#8243; _module_preset=&#8221;default&#8221;][et_pb_image src=&#8221;https:\/\/blogi.eoppimispalvelut.fi\/vahto\/files\/2021\/11\/LogotVAHTOeitaustaa-16.png&#8221; alt=&#8221;Hankkeen tunnukset: euroopan sosiaalirahasto, vipuvoimaa EU:lta, ELY-keskus, Lapin yliopisto, Lapin ammattikorkeakoulu&#8221; align=&#8221;center&#8221; _builder_version=&#8221;4.8.2&#8243; _module_preset=&#8221;default&#8221; module_alignment=&#8221;center&#8221; custom_margin=&#8221;-5px|||||&#8221; custom_padding=&#8221;0px||0px|||&#8221;][\/et_pb_image][\/et_pb_column][\/et_pb_row][\/et_pb_section][et_pb_section fb_built=&#8221;1&#8243; _builder_version=&#8221;4.8.2&#8243; _module_preset=&#8221;default&#8221;][et_pb_row _builder_version=&#8221;4.8.2&#8243; _module_preset=&#8221;default&#8221; background_color=&#8221;RGBA(0,0,0,0)&#8221; border_radii=&#8221;on|12px|12px|12px|12px&#8221; border_color_all=&#8221;#4B76BA&#8221;][et_pb_column type=&#8221;4_4&#8243; _builder_version=&#8221;4.8.2&#8243; _module_preset=&#8221;default&#8221;][et_pb_text _builder_version=&#8221;4.8.2&#8243; _module_preset=&#8221;default&#8221; text_font=&#8221;Montserrat||||||||&#8221; text_font_size=&#8221;22px&#8221; header_font=&#8221;Frank Ruhl Libre|900|||||||&#8221; header_text_color=&#8221;#4B76BA&#8221; header_font_size=&#8221;46px&#8221; text_orientation=&#8221;center&#8221; custom_padding=&#8221;||0px|||&#8221; header_font_size_tablet=&#8221;&#8221; header_font_size_phone=&#8221;33px&#8221; header_font_size_last_edited=&#8221;on|phone&#8221;]<\/p>\n<p><span data-contrast=\"auto\" xml:lang=\"FI-FI\" lang=\"FI-FI\" class=\"TextRun SCXW194926489 BCX0\"><span class=\"NormalTextRun SCXW194926489 BCX0\">Joko enn\u00e4tit tutustua<span>\u00a0<\/span><\/span><span class=\"NormalTextRun SCXW194926489 BCX0\">edellisilt\u00e4 sivuilta l\u00f6ytyviin<span>\u00a0<\/span><\/span><span class=\"NormalTextRun SCXW194926489 BCX0\">tuotoksiin<\/span><span class=\"NormalTextRun SCXW194926489 BCX0\">?<\/span><span class=\"NormalTextRun SCXW194926489 BCX0\">\u00a0 T\u00e4lt\u00e4 sivulta l\u00f6yd\u00e4t<span>\u00a0<\/span><\/span><span class=\"NormalTextRun SCXW194926489 BCX0\">materiaaleja,\u00a0<\/span><span class=\"NormalTextRun SCXW194926489 BCX0\">vinkkej\u00e4\u00a0ja muita julkaisuja,<span>\u00a0<\/span><\/span><span class=\"NormalTextRun SCXW194926489 BCX0\">joita on tuotettu hankkeen matkan varrella ja\u00a0<\/span><span class=\"NormalTextRun SCXW194926489 BCX0\">jotka tukevat aiheeseen syventymist\u00e4!<\/span><\/span><span class=\"EOP SCXW194926489 BCX0\" data-ccp-props=\"{&quot;201341983&quot;:0,&quot;335559739&quot;:160,&quot;335559740&quot;:259}\">\u00a0<\/span><\/p>\n<p>[\/et_pb_text][\/et_pb_column][\/et_pb_row][\/et_pb_section][et_pb_section fb_built=&#8221;1&#8243; _builder_version=&#8221;4.8.2&#8243; _module_preset=&#8221;default&#8221; custom_margin=&#8221;||-1px|||&#8221; custom_padding=&#8221;5px||4px|||&#8221;][et_pb_row _builder_version=&#8221;4.8.2&#8243; _module_preset=&#8221;default&#8221; custom_padding=&#8221;||4px|||&#8221;][et_pb_column type=&#8221;4_4&#8243; _builder_version=&#8221;4.8.2&#8243; _module_preset=&#8221;default&#8221;][et_pb_text _builder_version=&#8221;4.8.2&#8243; _module_preset=&#8221;default&#8221; text_font=&#8221;Montserrat||||||||&#8221; header_font=&#8221;Frank Ruhl Libre|900|||||||&#8221; header_text_color=&#8221;#4B76BA&#8221; custom_margin=&#8221;||-4px|||&#8221; header_font_size_tablet=&#8221;&#8221; header_font_size_phone=&#8221;33px&#8221; header_font_size_last_edited=&#8221;on|phone&#8221;]<\/p>\n<h1><span>Materiaalia<\/span><\/h1>\n<p>[\/et_pb_text][et_pb_text _builder_version=&#8221;4.8.2&#8243; _module_preset=&#8221;default&#8221; text_font=&#8221;Montserrat||||||||&#8221; link_font=&#8221;||||on||||&#8221; link_text_color=&#8221;#4B76BA&#8221; header_font=&#8221;Frank Ruhl Libre|900|||||||&#8221; header_text_color=&#8221;#4B76BA&#8221; header_font_size=&#8221;46px&#8221; custom_padding=&#8221;||0px|||&#8221; hover_enabled=&#8221;0&#8243; header_font_size_tablet=&#8221;&#8221; header_font_size_phone=&#8221;33px&#8221; header_font_size_last_edited=&#8221;on|phone&#8221; sticky_enabled=&#8221;0&#8243;]<\/p>\n<p><a href=\"https:\/\/link.webropolsurveys.com\/S\/2DA33F403F94A12D\" title=\"Vahvuusperustainen koulutusvalintatesti\"><span data-contrast=\"auto\">Vahvuusperustainen koulutusvalintatesti<\/span><\/a><span data-ccp-props=\"{&quot;201341983&quot;:0,&quot;335551550&quot;:1,&quot;335551620&quot;:1,&quot;335559739&quot;:160,&quot;335559740&quot;:259}\">\u00a0<\/span><\/p>\n<p><a href=\"https:\/\/www.ulapland.fi\/FI\/Yksikot\/Avoin-yliopisto\/Avoimen-vayla\/Vaylatesti\" title=\"Vahvuusperustainen v\u00e4yl\u00e4testi\"><span data-contrast=\"auto\">Vahvuusperustainen v\u00e4yl\u00e4testi<\/span><\/a><\/p>\n<p>[\/et_pb_text][\/et_pb_column][\/et_pb_row][\/et_pb_section][et_pb_section fb_built=&#8221;1&#8243; _builder_version=&#8221;4.8.2&#8243; _module_preset=&#8221;default&#8221; custom_padding=&#8221;3px|||||&#8221;][et_pb_row _builder_version=&#8221;4.8.2&#8243; _module_preset=&#8221;default&#8221; custom_padding=&#8221;||4px|||&#8221;][et_pb_column type=&#8221;4_4&#8243; _builder_version=&#8221;4.8.2&#8243; _module_preset=&#8221;default&#8221;][et_pb_text _builder_version=&#8221;4.8.2&#8243; _module_preset=&#8221;default&#8221; text_font=&#8221;Montserrat||||||||&#8221; header_font=&#8221;Frank Ruhl Libre|900|||||||&#8221; header_text_color=&#8221;#4B76BA&#8221; custom_margin=&#8221;||-4px|||&#8221; header_font_size_tablet=&#8221;&#8221; header_font_size_phone=&#8221;33px&#8221; header_font_size_last_edited=&#8221;on|phone&#8221;]<\/p>\n<h1><span>Julkaisuja<\/span><\/h1>\n<p>[\/et_pb_text][et_pb_text _builder_version=&#8221;4.8.2&#8243; _module_preset=&#8221;default&#8221; text_font=&#8221;Montserrat||||||||&#8221; link_text_color=&#8221;#4B76BA&#8221; header_font=&#8221;Frank Ruhl Libre|900|||||||&#8221; header_text_color=&#8221;#4B76BA&#8221; header_font_size=&#8221;46px&#8221; custom_padding=&#8221;||0px|||&#8221; header_font_size_tablet=&#8221;&#8221; header_font_size_phone=&#8221;33px&#8221; header_font_size_last_edited=&#8221;on|phone&#8221;]<\/p>\n<p>&nbsp;<\/p>\n<p>Hyv\u00e4rinen, S., \u00c4\u00e4rel\u00e4, T., &amp; Uusiautti, S. (Eds.) 2021. Less Struggling, More Flourishing \u2013 Introduction to the Multidisciplinary Research on Positive Education and Work. Cambridge Scholars Publishing.<\/p>\n<p>&nbsp;<\/p>\n<p>Hyv\u00e4rinen, S., Kangastie, H., Kari, S., L\u00f6f, J., Naakka, M. &amp; Uusiautti, S. 2021. Fostering a Successful Life through a Strength-Based Approach in Higher Education Guidance. In S. Hyv\u00e4rinen, T. \u00c4\u00e4rel\u00e4 &amp; S. Uusiautti (Eds.) Positive Education and Work: Less Struggling, More Flourishing. Cambridge Scholars Publishing, 76\u201393. <a href=\"https:\/\/www.cambridgescholars.com\/product\/978-1-5275-7617-9\/\" title=\"Positive Education and Work: Less Struggling, More Flourishing - Cambridge Scholars Publishing\">Positive Education and Work: Less Struggling, More Flourishing &#8211; Cambridge Scholars Publishing<\/a><\/p>\n<p>&nbsp;<\/p>\n<p>Hyv\u00e4rinen, S., Kangastie, H., Kari, S., L\u00f6f, J., Naakka, M., &amp; Uusiautti, S. 2020. Lapin korkeakouluista valmistuneiden n\u00e4kemyksi\u00e4 vahvuusperustaisesta tulevaisuusohjauksesta. Rovaniemi: Lapland University of Applied Sciences. <a href=\"http:\/\/urn.fi\/URN:ISBN:978-952-316-373-7\">http:\/\/urn.fi\/URN:ISBN:978-952-316-373-7<\/a><\/p>\n<p>&nbsp;<\/p>\n<p>Kangastie, H. &amp; L\u00f6f, J. 2022. Mik\u00e4 ihmeen VAHTO-malli. Pohjoista tekoa &#8211; Lapin ammattikorkeakoulun asiantuntijablogi. Osoitteessa <a href=\"https:\/\/www.lapinamk.fi\/blogs\/Mika-ihmeen-VAHTO-malli\/0q5cunco\/87fee997-1e99-4baa-82e0-e708f2b87901\">https:\/\/www.lapinamk.fi\/blogs\/Mika-ihmeen-VAHTO-malli\/0q5cunco\/87fee997-1e99-4baa-82e0-e708f2b87901<\/a><\/p>\n<p>&nbsp;<\/p>\n<p>Kangastie, H., L\u00f6f, J. Niemi, H. 2021. Vahvuuksilla tulevaisuuteen &#8211; ty\u00f6paja ammattikorkeakouluopiskelijoiden hyvinvoinnin tukemiseksi. Pohjoisen tekij\u00e4t Lapin AMKin asiantuntijablogi. <a href=\"https:\/\/www.lapinamk.fi\/blogs\/Vahvuuksilla-tulevaisuuteen---tyopaja-ammattikorkeakouluopiskelijoiden-hyvinvoinnin-tukemiseksi\/31955\/d54eca46-e9b5-499d-8c69-1032d10a2dda?fbclid=IwAR3D7Az4YuUAG7DJBIKu1EbPL9mAUePqQjYYJN-ixM68_Z-bAFvYKoYNf9I\">https:\/\/www.lapinamk.fi\/blogs\/Vahvuuksilla-tulevaisuuteen&#8212;tyopaja-ammattikorkeakouluopiskelijoiden-hyvinvoinnin-tukemiseksi\/31955\/d54eca46-e9b5-499d-8c69-1032d10a2dda?fbclid=IwAR3D7Az4YuUAG7DJBIKu1EbPL9mAUePqQjYYJN-ixM68_Z-bAFvYKoYNf9I<\/a><\/p>\n<p>&nbsp;<\/p>\n<p>Kangastie, H. &amp; L\u00f6f, J. 2020. VAHTO-Vahvuusperustainen tulevaisuusohjaus -hankkeen kyselyn alustavia tuloksia Lapin ammattikorkeakoulussa. Pohjoisen tekij\u00e4t -Lapin AMKin asiantuntijablogi. <a href=\"https:\/\/www.lapinamk.fi\/blogs\/VAHTO---Vahvuusperustainen-tulevaisuusohjaus--hankkeen-kyselyn-alustavia-tuloksia-Lapin-ammattikorkeakoulussa\/40628\/e6a62226-8d58-46ca-927e-d843f723ee80\">https:\/\/www.lapinamk.fi\/blogs\/VAHTO&#8212;Vahvuusperustainen-tulevaisuusohjaus&#8211;hankkeen-kyselyn-alustavia-tuloksia-Lapin-ammattikorkeakoulussa\/40628\/e6a62226-8d58-46ca-927e-d843f723ee80<\/a><\/p>\n<p>&nbsp;<\/p>\n<p>Kangastie, H. &amp; L\u00f6f, J. 2020. Vahvasti ty\u00f6ss\u00e4 virtuaalikampuksella \u2013 Kokemuksia hankety\u00f6pajan toteutuksesta et\u00e4n\u00e4. Pohjoisen tekij\u00e4t Lapin AMKin asiantuntijablogi. <a href=\"https:\/\/www.lapinamk.fi\/blogs\/Vahvasti-tyossa-virtuaalikampuksella---kokemuksia-hanketyopajan-toteutuksesta-etana\/40628\/6794d5f7-7d98-479c-916f-016f360cf567\">https:\/\/www.lapinamk.fi\/blogs\/Vahvasti-tyossa-virtuaalikampuksella&#8212;kokemuksia-hanketyopajan-toteutuksesta-etana\/40628\/6794d5f7-7d98-479c-916f-016f360cf567<\/a><\/p>\n<p>&nbsp;<\/p>\n<p>Kangastie, H. &amp; L\u00f6f, J. 2020. Vahvuuksilla kohti ty\u00f6el\u00e4m\u00e4\u00e4. Journal of Finnish Universities of Applied Sciences, AMK-lehti 1\/2020. <a href=\"https:\/\/uasjournal.fi\/1-2020\/vahvuuksilla-tyoelamaan\/\">https:\/\/uasjournal.fi\/1-2020\/vahvuuksilla-tyoelamaan\/<\/a><\/p>\n<p>&nbsp;<\/p>\n<p>Kangastie, H. 2019. Opiskelijan vahvuudet esille ohjauksessa. Pohjoisen tekij\u00e4t Lapin AMKin asiantuntijablogi. <a href=\"https:\/\/www.lapinamk.fi\/blogs\/Opiskelijan-vahvuudet-esille-ohjauksessa\/elbc0y4s\/63428b26-bc56-4b1b-ae20-c1f977fc5ff9\">https:\/\/www.lapinamk.fi\/blogs\/Opiskelijan-vahvuudet-esille-ohjauksessa\/elbc0y4s\/63428b26-bc56-4b1b-ae20-c1f977fc5ff9<\/a><\/p>\n<p>&nbsp;<\/p>\n<p>Leskisenoja, E., &amp; Uusiautti, S. 2019. Human Strength-Spotting at School as the Future Foundation of \u201cUs\u201d in the Arctic. In S. Uusiautti &amp; N. Yeasmin (Eds.), Human Migration in the Arctic: The past, present, and futurepp. 239-261. Singapore: Palgrave Macmillan, 239-261.<\/p>\n<p>&nbsp;<\/p>\n<p>L\u00f6f, J. 2020. Vahvuusperustaisella ohjauksella tulevaisuuden ty\u00f6el\u00e4m\u00e4\u00e4n. Lumen-lehti. <a href=\"https:\/\/www.lapinamk.fi\/blogs\/Vahvuusperustaisella-ohjauksella-tulevaisuuden-tyoelamaan\/40628\/81655cbb-3571-4e59-8f3f-1b38d03786d2\">https:\/\/www.lapinamk.fi\/blogs\/Vahvuusperustaisella-ohjauksella-tulevaisuuden-tyoelamaan\/40628\/81655cbb-3571-4e59-8f3f-1b38d03786d2<\/a><\/p>\n<p>&nbsp;<\/p>\n<p>L\u00f6f, J. 2021. Vahvuuksilla vauhtia urasuunnitteluun, Pohjoisen tekij\u00e4t Lapin AMKin asiantuntijablogi. <a href=\"https:\/\/www.lapinamk.fi\/blogs\/Vahvuuksista-vauhtia-urasuunnitteluun\/40628\/8101beb6-ace2-44c5-b74a-7e1ca43fa34f\">https:\/\/www.lapinamk.fi\/blogs\/Vahvuuksista-vauhtia-urasuunnitteluun\/40628\/8101beb6-ace2-44c5-b74a-7e1ca43fa34f<\/a><\/p>\n<p>&nbsp;<\/p>\n<p>L\u00f6f, J., Kangastie, H., Niemi, H., Hyv\u00e4rinen, S. Rautio, K., Riponiemi, N. &amp; Uusiautti, S. 2022. VAHTO- Vahvuusperustaisella ohjauksella opiskelijoille hyvinvointia. Suomen opinto-ohjaajien ammatti- ja j\u00e4rjest\u00f6lehti 1\/2022, 9-13.<\/p>\n<p>&nbsp;<\/p>\n<p>Uusiautti, S. 2019. Tunnista vahvuutesi ja menesty. Helsinki: Kirjapaja.<\/p>\n<p>&nbsp;<\/p>\n<p>Uusiautti, S., Hyv\u00e4rinen, S., &amp; \u00c4\u00e4rel\u00e4, T. 2020. Positiivisen kasvatuksen tutkimuksen merkitys. Kasvatus, 51(5), 535-537.<\/p>\n<p>&nbsp;<\/p>\n<p>Uusiautti, S. &amp; Hyv\u00e4rinen, S. 2020. Defining the new concept of sustainable success \u2013 A state-of-the-art analysis on the phenomenon. New Ideas in Psychology, 60, article no. 100819. doi: 10.1016\/j.newideapsych.2020.100819<\/p>\n<p>[\/et_pb_text][\/et_pb_column][\/et_pb_row][\/et_pb_section]<\/p>\n","protected":false},"excerpt":{"rendered":"<p>Julkaisuja ja materiaalia &nbsp;Joko enn\u00e4tit tutustua\u00a0edellisilt\u00e4 sivuilta l\u00f6ytyviin\u00a0tuotoksiin?\u00a0 T\u00e4lt\u00e4 sivulta l\u00f6yd\u00e4t\u00a0materiaaleja,\u00a0vinkkej\u00e4\u00a0ja muita julkaisuja,\u00a0joita on tuotettu hankkeen matkan varrella ja\u00a0jotka tukevat aiheeseen syventymist\u00e4!\u00a0MateriaaliaVahvuusperustainen koulutusvalintatesti\u00a0 Vahvuusperustainen v\u00e4yl\u00e4testiJulkaisuja&nbsp; Hyv\u00e4rinen, S., \u00c4\u00e4rel\u00e4, T., &amp; Uusiautti, S. (Eds.) 2021. Less Struggling, More Flourishing \u2013 Introduction to the Multidisciplinary Research on Positive Education and Work. Cambridge Scholars Publishing. &nbsp; Hyv\u00e4rinen, S., [&hellip;]<\/p>\n","protected":false},"author":7294,"featured_media":0,"parent":0,"menu_order":0,"comment_status":"closed","ping_status":"closed","template":"","meta":{"_et_pb_use_builder":"on","_et_pb_old_content":"","_et_gb_content_width":"","footnotes":""},"class_list":["post-287","page","type-page","status-publish","hentry"],"_links":{"self":[{"href":"https:\/\/blogi.eoppimispalvelut.fi\/vahto\/wp-json\/wp\/v2\/pages\/287","targetHints":{"allow":["GET"]}}],"collection":[{"href":"https:\/\/blogi.eoppimispalvelut.fi\/vahto\/wp-json\/wp\/v2\/pages"}],"about":[{"href":"https:\/\/blogi.eoppimispalvelut.fi\/vahto\/wp-json\/wp\/v2\/types\/page"}],"author":[{"embeddable":true,"href":"https:\/\/blogi.eoppimispalvelut.fi\/vahto\/wp-json\/wp\/v2\/users\/7294"}],"replies":[{"embeddable":true,"href":"https:\/\/blogi.eoppimispalvelut.fi\/vahto\/wp-json\/wp\/v2\/comments?post=287"}],"version-history":[{"count":10,"href":"https:\/\/blogi.eoppimispalvelut.fi\/vahto\/wp-json\/wp\/v2\/pages\/287\/revisions"}],"predecessor-version":[{"id":504,"href":"https:\/\/blogi.eoppimispalvelut.fi\/vahto\/wp-json\/wp\/v2\/pages\/287\/revisions\/504"}],"wp:attachment":[{"href":"https:\/\/blogi.eoppimispalvelut.fi\/vahto\/wp-json\/wp\/v2\/media?parent=287"}],"curies":[{"name":"wp","href":"https:\/\/api.w.org\/{rel}","templated":true}]}}