{"id":9,"date":"2021-10-18T15:04:27","date_gmt":"2021-10-18T12:04:27","guid":{"rendered":"https:\/\/blogi.eoppimispalvelut.fi\/vahto\/?page_id=9"},"modified":"2022-04-08T07:56:03","modified_gmt":"2022-04-08T04:56:03","slug":"etusivu","status":"publish","type":"page","link":"https:\/\/blogi.eoppimispalvelut.fi\/vahto\/","title":{"rendered":"Etusivu"},"content":{"rendered":"<p>[et_pb_section fb_built=&#8221;1&#8243; _builder_version=&#8221;4.8.2&#8243; _module_preset=&#8221;default&#8221; custom_margin=&#8221;0px||0px||true|false&#8221; custom_padding=&#8221;0px||0px||true|false&#8221;][et_pb_row _builder_version=&#8221;4.8.2&#8243; _module_preset=&#8221;default&#8221; custom_padding=&#8221;3px||2px|||&#8221;][et_pb_column type=&#8221;4_4&#8243; _builder_version=&#8221;4.8.2&#8243; _module_preset=&#8221;default&#8221;][et_pb_image src=&#8221;https:\/\/blogi.eoppimispalvelut.fi\/vahto\/files\/2021\/11\/LogotVAHTOeitaustaa-16.png&#8221; alt=&#8221;Hankkeen tunnukset: euroopan sosiaalirahasto, vipuvoimaa EU:lta, ELY-keskus, Lapin yliopisto, Lapin ammattikorkeakoulu&#8221; align=&#8221;center&#8221; _builder_version=&#8221;4.8.2&#8243; _module_preset=&#8221;default&#8221; module_alignment=&#8221;center&#8221; custom_margin=&#8221;-5px|||||&#8221; custom_padding=&#8221;0px||0px|||&#8221;][\/et_pb_image][\/et_pb_column][\/et_pb_row][\/et_pb_section][et_pb_section fb_built=&#8221;1&#8243; _builder_version=&#8221;4.8.2&#8243; _module_preset=&#8221;default&#8221; custom_padding=&#8221;30px||30px|||&#8221;][et_pb_row column_structure=&#8221;2_5,3_5&#8243; _builder_version=&#8221;4.8.2&#8243; _module_preset=&#8221;default&#8221;][et_pb_column type=&#8221;2_5&#8243; _builder_version=&#8221;4.8.2&#8243; _module_preset=&#8221;default&#8221;][et_pb_image src=&#8221;https:\/\/blogi.eoppimispalvelut.fi\/vahto\/files\/2021\/11\/Untitled-1-01.png&#8221; _builder_version=&#8221;4.8.2&#8243; _module_preset=&#8221;default&#8221; custom_margin=&#8221;|-86px||||&#8221; custom_margin_tablet=&#8221;|0px|||false|false&#8221; custom_margin_phone=&#8221;|0px|||false|false&#8221; custom_margin_last_edited=&#8221;on|phone&#8221; custom_padding=&#8221;|36px||0px||&#8221;][\/et_pb_image][\/et_pb_column][et_pb_column type=&#8221;3_5&#8243; _builder_version=&#8221;4.8.2&#8243; _module_preset=&#8221;default&#8221;][et_pb_text _builder_version=&#8221;4.8.2&#8243; _module_preset=&#8221;default&#8221; text_font=&#8221;Montserrat||||||||&#8221; header_font=&#8221;Frank Ruhl Libre|900|||||||&#8221; header_text_color=&#8221;#4B76BA&#8221; header_font_size=&#8221;100px&#8221; header_2_font=&#8221;Frank Ruhl Libre|700|||||||&#8221; header_2_text_color=&#8221;#4B76BA&#8221; header_2_font_size=&#8221;32px&#8221; custom_margin=&#8221;|15px||0px|false|false&#8221; custom_padding=&#8221;|0px||||&#8221; header_font_size_tablet=&#8221;&#8221; header_font_size_phone=&#8221;76px&#8221; header_font_size_last_edited=&#8221;on|phone&#8221; header_2_font_size_tablet=&#8221;60px&#8221; header_2_font_size_phone=&#8221;27px&#8221; header_2_font_size_last_edited=&#8221;on|desktop&#8221;]<\/p>\n<h1>VAHTO<\/h1>\n<h2>Vahvuusperustainen tulevaisuusohjaus<\/h2>\n<p><span data-contrast=\"auto\">VAHTO:n\u00a0keskeisen\u00e4 tavoitteena oli tehostaa ko<\/span><span data-contrast=\"none\">rkeakouluopiskelijoiden onnistumista urasuunnittelussa ja tulevaisuuden uratavoitteiden saavuttamisessa vahvuusperustaisen tulevaisuusohjauksen my\u00f6t\u00e4.<\/span><span data-ccp-props=\"{&quot;201341983&quot;:0,&quot;335559739&quot;:160,&quot;335559740&quot;:257}\">\u00a0<\/span><\/p>\n<p><span data-contrast=\"auto\">VAHTO &#8211; Vahvuusperustaisen tulevaisuusohjauksen kehitt\u00e4minen -hankkeessa kehitimme korkeakouluopiskelijoiden ohjauksen k\u00e4yt\u00e4nt\u00f6j\u00e4 ja menetelmi\u00e4 sek\u00e4 rakensimme n\u00e4ist\u00e4 koostuvan, korkeaopiskelijoiden tarpeisiin ja ty\u00f6el\u00e4m\u00e4n haasteisiin vastaavan VAHTO-mallin yhdess\u00e4 korkeakoulujen henkil\u00f6st\u00f6n ja opiskelijoiden kanssa. Kehitt\u00e4misty\u00f6t\u00e4 olemme tehneet tutkimuksen, soveltavan tutkimuksen sek\u00e4 k\u00e4yt\u00e4nn\u00f6nl\u00e4heisten ja osallistavien kehitt\u00e4mistoimenpiteiden merkeiss\u00e4. T\u00e4m\u00e4 VAHTO-ohjaussivusto on rakennettu hankeen tavoitteiden sek\u00e4 tehtyjen toimenpiteiden pohjalta. Tervetuloa tutustumaan ja ottamaan vinkkej\u00e4 omaan opetus- ja ohjausty\u00f6h\u00f6si!<\/span><span data-ccp-props=\"{&quot;201341983&quot;:0,&quot;335551550&quot;:6,&quot;335551620&quot;:6,&quot;335559739&quot;:160,&quot;335559740&quot;:259}\">\u00a0<\/span><\/p>\n<p>[\/et_pb_text][\/et_pb_column][\/et_pb_row][\/et_pb_section][et_pb_section fb_built=&#8221;1&#8243; _builder_version=&#8221;4.8.2&#8243; _module_preset=&#8221;default&#8221; custom_padding=&#8221;3px||40px|||&#8221;][et_pb_row column_structure=&#8221;1_3,1_3,1_3&#8243; _builder_version=&#8221;4.8.2&#8243; _module_preset=&#8221;default&#8221; custom_padding=&#8221;||2px|||&#8221;][et_pb_column type=&#8221;1_3&#8243; _builder_version=&#8221;4.8.2&#8243; _module_preset=&#8221;default&#8221;][et_pb_button button_url=&#8221;@ET-DC@eyJkeW5hbWljIjp0cnVlLCJjb250ZW50IjoicG9zdF9saW5rX3VybF9wYWdlIiwic2V0dGluZ3MiOnsicG9zdF9pZCI6IjI1OSJ9fQ==@&#8221; button_text=&#8221;Vahvuuskortit&#8221; button_alignment=&#8221;center&#8221; _builder_version=&#8221;4.8.2&#8243; _dynamic_attributes=&#8221;button_url&#8221; _module_preset=&#8221;default&#8221; custom_button=&#8221;on&#8221; button_text_size=&#8221;26px&#8221; button_text_color=&#8221;#ffffff&#8221; button_bg_color=&#8221;#FFFFFF&#8221; button_bg_image=&#8221;https:\/\/blogi.eoppimispalvelut.fi\/vahto\/files\/2021\/11\/Asset-1.png&#8221; button_bg_size=&#8221;contain&#8221; button_border_width=&#8221;0px&#8221; button_border_radius=&#8221;0px&#8221; button_letter_spacing=&#8221;0px&#8221; button_font=&#8221;||||||||&#8221; button_use_icon=&#8221;off&#8221; custom_margin=&#8221;||18px||false|false&#8221; custom_padding=&#8221;10px|10px|10px|10px|true|true&#8221;][\/et_pb_button][et_pb_text _builder_version=&#8221;4.8.2&#8243; _module_preset=&#8221;default&#8221; text_font=&#8221;Montserrat||||||||&#8221; text_font_size=&#8221;18px&#8221; text_orientation=&#8221;center&#8221;]<\/p>\n<p>VAHTO-vahvuuskortit auttavat tunnistamaan ja hy\u00f6dynt\u00e4m\u00e4\u00e4n vahvuuksia<\/p>\n<p>[\/et_pb_text][\/et_pb_column][et_pb_column type=&#8221;1_3&#8243; _builder_version=&#8221;4.8.2&#8243; _module_preset=&#8221;default&#8221;][et_pb_button button_url=&#8221;@ET-DC@eyJkeW5hbWljIjp0cnVlLCJjb250ZW50IjoicG9zdF9saW5rX3VybF9wYWdlIiwic2V0dGluZ3MiOnsicG9zdF9pZCI6IjI3NiJ9fQ==@&#8221; button_text=&#8221;Ty\u00f6kirja&#8221; button_alignment=&#8221;center&#8221; _builder_version=&#8221;4.8.2&#8243; _dynamic_attributes=&#8221;button_url&#8221; _module_preset=&#8221;default&#8221; custom_button=&#8221;on&#8221; button_text_size=&#8221;26px&#8221; button_text_color=&#8221;#FFFFFF&#8221; button_bg_color=&#8221;#FFFFFF&#8221; button_bg_image=&#8221;https:\/\/blogi.eoppimispalvelut.fi\/vahto\/files\/2021\/11\/Asset-1.png&#8221; button_bg_size=&#8221;contain&#8221; button_border_width=&#8221;0px&#8221; button_border_radius=&#8221;0px&#8221; button_use_icon=&#8221;off&#8221; custom_margin=&#8221;||18px||false|false&#8221; custom_padding=&#8221;10px|42px|10px|42px|true|true&#8221;][\/et_pb_button][et_pb_text _builder_version=&#8221;4.8.2&#8243; _module_preset=&#8221;default&#8221; text_font=&#8221;Montserrat||||||||&#8221; text_font_size=&#8221;18px&#8221; text_orientation=&#8221;center&#8221;]<\/p>\n<p>Vahvuusperustaisen ohjauksen ty\u00f6kirja tukee ohjaus- ja opetusty\u00f6t\u00e4<\/p>\n<p>[\/et_pb_text][\/et_pb_column][et_pb_column type=&#8221;1_3&#8243; _builder_version=&#8221;4.8.2&#8243; _module_preset=&#8221;default&#8221;][et_pb_button button_url=&#8221;@ET-DC@eyJkeW5hbWljIjp0cnVlLCJjb250ZW50IjoicG9zdF9saW5rX3VybF9wYWdlIiwic2V0dGluZ3MiOnsicG9zdF9pZCI6IjI4MyJ9fQ==@&#8221; button_text=&#8221;Loppujulkaisu&#8221; button_alignment=&#8221;center&#8221; _builder_version=&#8221;4.8.2&#8243; _dynamic_attributes=&#8221;button_url&#8221; _module_preset=&#8221;default&#8221; custom_button=&#8221;on&#8221; button_text_size=&#8221;26px&#8221; button_text_color=&#8221;#FFFFFF&#8221; button_bg_color=&#8221;#FFFFFF&#8221; button_bg_image=&#8221;https:\/\/blogi.eoppimispalvelut.fi\/vahto\/files\/2021\/11\/Asset-1.png&#8221; button_bg_size=&#8221;contain&#8221; button_border_width=&#8221;0px&#8221; button_border_radius=&#8221;0px&#8221; button_use_icon=&#8221;off&#8221; custom_margin=&#8221;||18px||false|false&#8221; custom_padding=&#8221;10px||10px||true|false&#8221;][\/et_pb_button][et_pb_text _builder_version=&#8221;4.8.2&#8243; _module_preset=&#8221;default&#8221; text_font=&#8221;Montserrat||||||||&#8221; text_font_size=&#8221;18px&#8221; text_orientation=&#8221;center&#8221;]<\/p>\n<p>Artikkelijulkaisu tarjoaa tietoa kehitt\u00e4mismatkasta<br \/> ja VAHTO-mallista<\/p>\n<p>[\/et_pb_text][\/et_pb_column][\/et_pb_row][\/et_pb_section][et_pb_section fb_built=&#8221;1&#8243; _builder_version=&#8221;4.8.2&#8243; _module_preset=&#8221;default&#8221; background_color=&#8221;#f9f7f2&#8243; min_height=&#8221;729.4px&#8221; custom_margin=&#8221;15px|||||&#8221; top_divider_height=&#8221;94px&#8221; top_divider_repeat=&#8221;0x&#8221; bottom_divider_height=&#8221;104px&#8221; bottom_divider_repeat=&#8221;0x&#8221;][et_pb_row column_structure=&#8221;1_2,1_2&#8243; _builder_version=&#8221;4.8.2&#8243; _module_preset=&#8221;default&#8221;][et_pb_column type=&#8221;1_2&#8243; _builder_version=&#8221;4.8.2&#8243; _module_preset=&#8221;default&#8221;][et_pb_text _builder_version=&#8221;4.8.2&#8243; _module_preset=&#8221;default&#8221; text_font=&#8221;Montserrat||||||||&#8221; link_text_color=&#8221;#4B76BA&#8221; header_font=&#8221;Frank Ruhl Libre|900|||||||&#8221; header_text_color=&#8221;#4B76BA&#8221; header_font_size=&#8221;46px&#8221; header_font_size_tablet=&#8221;&#8221; header_font_size_phone=&#8221;33px&#8221; header_font_size_last_edited=&#8221;on|phone&#8221;]<\/p>\n<h1>Vahvuusperustainen tulevaisuusohjaus<\/h1>\n<h1>(VAHTO) -malli<\/h1>\n<p>&nbsp;<\/p>\n<p>Vahvuusperustaisessa tulevaisuusohjauksessa hy\u00f6dynnet\u00e4\u00e4n prosessiajattelua, jolloin l\u00e4ht\u00f6kohtana on vahvuuksien tunnistaminen, vahvuuksien hy\u00f6dynt\u00e4minen, vahvuuksien kehitt\u00e4minen ja vahvistaminen sek\u00e4 tulevaisuuteen suuntaaminen. Vahvuusperustainen tulevaisuusohjaus (VAHTO) -malli pohjautuu inhimillisten vahvuuksien syv\u00e4lliselle ymm\u00e4rt\u00e4miselle, tunnistamiselle ja hy\u00f6dynt\u00e4miselle niin, ett\u00e4 ohjaukseen osallistuva (esim. opiskelija) kykenee pohtimaan ja tekem\u00e4\u00e4n tulevaisuutensa kannalta my\u00f6nteisi\u00e4 ratkaisuja omiin l\u00e4ht\u00f6kohtiinsa, tarpeisiinsa ja vahvuuksiinsa nojaten.<span style=\"font-size: 14px\">\u00a0<\/span><\/p>\n<p>VAHTO-mallin syv\u00e4llisest\u00e4 hy\u00f6dynt\u00e4misest\u00e4 ja taustalla olevasta ideologiasta kiinnostuneille l\u00f6ytyy lis\u00e4\u00e4 tietoa <em><a href=\"https:\/\/blogi.eoppimispalvelut.fi\/vahto\/tyokirja\/\">Vahvuusperustaisen ohjauksen ty\u00f6kirjasta<\/a><\/em>\u00a0ja loppujulkaisusta<a href=\"https:\/\/blogi.eoppimispalvelut.fi\/vahto\/loppujulkaisu\/\"><em> Vahvuusperustaisen tulevaisuusohjauksen kehitt\u00e4mismatka ja VAHTO-malli Lapin korkeakouluissa<\/em>.<\/a><\/p>\n<p>Viittausohje VAHTO-mallin k\u00e4ytt\u00f6\u00f6n:<br \/><span>Hyv\u00e4rinen, S., Kangastie, H., L\u00f6f, J., Rautio, K.,\u00a0Riponiemi, N., &amp;\u00a0Uusiautti, S. 2021.\u00a0Vahvuusperustaisen tulevaisuusohjauksen kehitt\u00e4mismatka\u00a0ja\u00a0VAHTO-malli Lapin korkeakouluissa.\u00a0Rovaniemi: Lapin yliopisto.\u00a0<\/span><a href=\"http:\/\/urn.fi\/URN:ISBN:978-952-337-294-8\"><span>http:\/\/urn.fi\/URN:ISBN:978-952-337-294-8<\/span><\/a><\/p>\n<p>&nbsp;<\/p>\n<p>[\/et_pb_text][\/et_pb_column][et_pb_column type=&#8221;1_2&#8243; _builder_version=&#8221;4.8.2&#8243; _module_preset=&#8221;default&#8221;][et_pb_image src=&#8221;https:\/\/blogi.eoppimispalvelut.fi\/vahto\/files\/2021\/11\/VAHTO-mallitaustaton-01.png&#8221; alt=&#8221;Visuaalinen kuvaus VAHTO-mallista&#8221; _builder_version=&#8221;4.8.2&#8243; _module_preset=&#8221;default&#8221;][\/et_pb_image][\/et_pb_column][\/et_pb_row][et_pb_row _builder_version=&#8221;4.8.2&#8243; _module_preset=&#8221;default&#8221;][et_pb_column _builder_version=&#8221;4.8.2&#8243; _module_preset=&#8221;default&#8221; type=&#8221;4_4&#8243;][et_pb_video src=&#8221;https:\/\/blogi.eoppimispalvelut.fi\/vahto\/files\/2022\/04\/VAHTO-malli-suomi.mp4&#8243; _builder_version=&#8221;4.8.2&#8243; _module_preset=&#8221;default&#8221; title_text=&#8221;VAHTO-malli&#8221; hover_enabled=&#8221;0&#8243; sticky_enabled=&#8221;0&#8243;][\/et_pb_video][\/et_pb_column][\/et_pb_row][\/et_pb_section][et_pb_section fb_built=&#8221;1&#8243; _builder_version=&#8221;4.8.2&#8243; _module_preset=&#8221;default&#8221;][et_pb_row _builder_version=&#8221;4.8.2&#8243; _module_preset=&#8221;default&#8221;][et_pb_column type=&#8221;4_4&#8243; _builder_version=&#8221;4.8.2&#8243; _module_preset=&#8221;default&#8221;][et_pb_button button_url=&#8221;@ET-DC@eyJkeW5hbWljIjp0cnVlLCJjb250ZW50IjoicG9zdF9saW5rX3VybF9wYWdlIiwic2V0dGluZ3MiOnsicG9zdF9pZCI6IjIwMCJ9fQ==@&#8221; button_text=&#8221;VAHTO-hanke&#8221; button_alignment=&#8221;center&#8221; _builder_version=&#8221;4.8.2&#8243; _dynamic_attributes=&#8221;button_url&#8221; _module_preset=&#8221;default&#8221; custom_button=&#8221;on&#8221; button_text_size=&#8221;26px&#8221; button_text_color=&#8221;#FFFFFF&#8221; button_bg_color=&#8221;#FFFFFF&#8221; button_bg_image=&#8221;https:\/\/blogi.eoppimispalvelut.fi\/vahto\/files\/2021\/11\/Asset-1.png&#8221; button_bg_size=&#8221;contain&#8221; button_border_width=&#8221;0px&#8221; button_border_radius=&#8221;0px&#8221; button_use_icon=&#8221;off&#8221; custom_margin=&#8221;||18px||false|false&#8221; custom_padding=&#8221;10px|42px|10px|42px|true|true&#8221; saved_tabs=&#8221;all&#8221;][\/et_pb_button][et_pb_text _builder_version=&#8221;4.8.2&#8243; _module_preset=&#8221;default&#8221; text_font=&#8221;Montserrat||||||||&#8221; text_font_size=&#8221;18px&#8221; text_orientation=&#8221;center&#8221;]<\/p>\n<p>Verkkosivut on tuotettu osana Lapin ammattikorkeakoulun ja Lapin yliopiston toteuttamaa Vahvuusperustaisen tulevaisuusohjauksen kehitt\u00e4minen (VAHTO) -hanketta (1.8.2019 &#8211; 31.12.2021). Hankkeen on rahoittanut Euroopan Unionin sosiaalirahasto ja Pohjois-Pohjanmaan ELY-keskus.<\/p>\n<p>[\/et_pb_text][\/et_pb_column][\/et_pb_row][\/et_pb_section]<\/p>\n","protected":false},"excerpt":{"rendered":"<p>VAHTO Vahvuusperustainen tulevaisuusohjaus VAHTO:n\u00a0keskeisen\u00e4 tavoitteena oli tehostaa korkeakouluopiskelijoiden onnistumista urasuunnittelussa ja tulevaisuuden uratavoitteiden saavuttamisessa vahvuusperustaisen tulevaisuusohjauksen my\u00f6t\u00e4.\u00a0 VAHTO &#8211; Vahvuusperustaisen tulevaisuusohjauksen kehitt\u00e4minen -hankkeessa kehitimme korkeakouluopiskelijoiden ohjauksen k\u00e4yt\u00e4nt\u00f6j\u00e4 ja menetelmi\u00e4 sek\u00e4 rakensimme n\u00e4ist\u00e4 koostuvan, korkeaopiskelijoiden tarpeisiin ja ty\u00f6el\u00e4m\u00e4n haasteisiin vastaavan VAHTO-mallin yhdess\u00e4 korkeakoulujen henkil\u00f6st\u00f6n ja opiskelijoiden kanssa. Kehitt\u00e4misty\u00f6t\u00e4 olemme tehneet tutkimuksen, soveltavan tutkimuksen sek\u00e4 k\u00e4yt\u00e4nn\u00f6nl\u00e4heisten ja [&hellip;]<\/p>\n","protected":false},"author":7294,"featured_media":392,"parent":0,"menu_order":0,"comment_status":"closed","ping_status":"closed","template":"","meta":{"_et_pb_use_builder":"on","_et_pb_old_content":"","_et_gb_content_width":"","footnotes":""},"class_list":["post-9","page","type-page","status-publish","has-post-thumbnail","hentry"],"_links":{"self":[{"href":"https:\/\/blogi.eoppimispalvelut.fi\/vahto\/wp-json\/wp\/v2\/pages\/9","targetHints":{"allow":["GET"]}}],"collection":[{"href":"https:\/\/blogi.eoppimispalvelut.fi\/vahto\/wp-json\/wp\/v2\/pages"}],"about":[{"href":"https:\/\/blogi.eoppimispalvelut.fi\/vahto\/wp-json\/wp\/v2\/types\/page"}],"author":[{"embeddable":true,"href":"https:\/\/blogi.eoppimispalvelut.fi\/vahto\/wp-json\/wp\/v2\/users\/7294"}],"replies":[{"embeddable":true,"href":"https:\/\/blogi.eoppimispalvelut.fi\/vahto\/wp-json\/wp\/v2\/comments?post=9"}],"version-history":[{"count":40,"href":"https:\/\/blogi.eoppimispalvelut.fi\/vahto\/wp-json\/wp\/v2\/pages\/9\/revisions"}],"predecessor-version":[{"id":510,"href":"https:\/\/blogi.eoppimispalvelut.fi\/vahto\/wp-json\/wp\/v2\/pages\/9\/revisions\/510"}],"wp:featuredmedia":[{"embeddable":true,"href":"https:\/\/blogi.eoppimispalvelut.fi\/vahto\/wp-json\/wp\/v2\/media\/392"}],"wp:attachment":[{"href":"https:\/\/blogi.eoppimispalvelut.fi\/vahto\/wp-json\/wp\/v2\/media?parent=9"}],"curies":[{"name":"wp","href":"https:\/\/api.w.org\/{rel}","templated":true}]}}