{"id":2,"date":"2021-10-06T12:03:58","date_gmt":"2021-10-06T09:03:58","guid":{"rendered":"https:\/\/blogi.eoppimispalvelut.fi\/value\/?page_id=2"},"modified":"2023-06-27T11:51:46","modified_gmt":"2023-06-27T08:51:46","slug":"esimerkkisivu","status":"publish","type":"page","link":"https:\/\/blogi.eoppimispalvelut.fi\/value\/","title":{"rendered":"Etusivu"},"content":{"rendered":"\n<h4 class=\"wp-block-heading\"><\/h4>\n\n\n\n<p>Kuluttajat ja muut sidosryhm\u00e4t odottavat matkailuyrityksilt\u00e4 vastuullisuustekojen lis\u00e4ksi niist\u00e4 viestimist\u00e4. Yritysten odotetaan viestiv\u00e4n teoista, joiden avulla ne luovat&nbsp;parempaa tulevaisuutta ihmisille ja&nbsp;ymp\u00e4rist\u00f6lle. Vastuullisuusviestinn\u00e4ll\u00e4 yritykset luovat ja yll\u00e4pit\u00e4v\u00e4t luottamusta, mutta se on my\u00f6s tapa vastata kasvaviin raportointivaatimuksiin. Siksi vastuullisuusviestinn\u00e4n tulisi olla saavutettavaa ja ymm\u00e4rrett\u00e4v\u00e4\u00e4.&nbsp;<\/p>\n\n\n\n<p>Yhdess\u00e4 lappilaisten matkailuyritysten kanssa olemme kehitt\u00e4neet itsearviointity\u00f6kalun, jolla pk-yritykset voivat parantaa digitaalista vastuullisuusviestint\u00e4\u00e4ns\u00e4. Itsearviointity\u00f6kalu on vapaasti kaikkien k\u00e4yt\u00f6ss\u00e4 <a rel=\"noreferrer noopener\" href=\"https:\/\/blogi.eoppimispalvelut.fi\/value\/arviointimalli\/\" target=\"_blank\"><strong>t\u00e4\u00e4ll\u00e4<\/strong><\/a>.<\/p>\n\n\n\n<p><\/p>\n\n\n\n<p>Itsearviointity\u00f6kalu on kehitetty Lapin AMKin VALUE-hankkeessa (EAKR, Lapin liitto).&nbsp;<\/p>\n\n\n\n<p><\/p>\n\n\n\n<figure class=\"wp-block-video\"><video height=\"720\" style=\"aspect-ratio: 1280 \/ 720;\" width=\"1280\" controls src=\"https:\/\/blogi.eoppimispalvelut.fi\/value\/files\/2021\/11\/VIDEO-Vastuullisuusviestinta-1.mp4\"><\/video><\/figure>\n\n\n\n<p><\/p>\n\n\n\n<p><strong>Vastuullisuusviestinn\u00e4st\u00e4 lis\u00e4arvoa liiketoimintaan \u2013 VALUE<\/strong>\u00a0oli EAKR-rahoitteinen hanke, jonka toteutti Lapin ammattikorkeakoulu 1.5.2021 \u2013 31.3.2023. Yhteisty\u00f6kumppaneina ja pilottialueina olivat Visit\u00a0Levi ja Visit Meri-Lappi. Hankkeen tavoitteena oli tukea lappilaisten matkailuyritysten kest\u00e4v\u00e4\u00e4 yritystoimintaa ja kasvua digitaalista vastuullisuusviestint\u00e4\u00e4 kehitt\u00e4m\u00e4ll\u00e4.<\/p>\n\n\n\n<p>Yhteyshenkil\u00f6t:&nbsp;<\/p>\n\n\n\n<p>Eija Raasakka, projektip\u00e4\u00e4llikk\u00f6, 0407098160&nbsp;<br>Sisko H\u00e4iki\u00f6, lehtori\/viestint\u00e4&nbsp;<br>Kati Koivunen, lehtori\/viestint\u00e4<br><\/p>\n\n\n\n<p>S\u00e4hk\u00f6postit: <a rel=\"noreferrer noopener\" href=\"mailto:etunimi.sukunimi@lapinamk.fi\" target=\"_blank\">etunimi.sukunimi@lapinamk.fi<\/a>&nbsp;<\/p>\n","protected":false},"excerpt":{"rendered":"<p>Kuluttajat ja muut sidosryhm\u00e4t odottavat matkailuyrityksilt\u00e4 vastuullisuustekojen lis\u00e4ksi niist\u00e4 viestimist\u00e4. Yritysten odotetaan viestiv\u00e4n teoista, joiden avulla ne luovat&nbsp;parempaa tulevaisuutta ihmisille ja&nbsp;ymp\u00e4rist\u00f6lle. Vastuullisuusviestinn\u00e4ll\u00e4 yritykset luovat ja yll\u00e4pit\u00e4v\u00e4t luottamusta, mutta se on my\u00f6s tapa vastata kasvaviin raportointivaatimuksiin. Siksi vastuullisuusviestinn\u00e4n tulisi olla saavutettavaa ja ymm\u00e4rrett\u00e4v\u00e4\u00e4.&nbsp; Yhdess\u00e4 lappilaisten matkailuyritysten kanssa olemme kehitt\u00e4neet itsearviointity\u00f6kalun, jolla pk-yritykset voivat parantaa digitaalista vastuullisuusviestint\u00e4\u00e4ns\u00e4. &hellip; <\/p>\n<p><a class=\"more-link btn\" href=\"https:\/\/blogi.eoppimispalvelut.fi\/value\/\">Jatka lukemista<\/a><\/p>\n","protected":false},"author":31,"featured_media":0,"parent":0,"menu_order":0,"comment_status":"closed","ping_status":"open","template":"template-onecolumn.php","meta":{"footnotes":""},"class_list":["post-2","page","type-page","status-publish","hentry","nodate","item-wrap"],"_links":{"self":[{"href":"https:\/\/blogi.eoppimispalvelut.fi\/value\/wp-json\/wp\/v2\/pages\/2","targetHints":{"allow":["GET"]}}],"collection":[{"href":"https:\/\/blogi.eoppimispalvelut.fi\/value\/wp-json\/wp\/v2\/pages"}],"about":[{"href":"https:\/\/blogi.eoppimispalvelut.fi\/value\/wp-json\/wp\/v2\/types\/page"}],"author":[{"embeddable":true,"href":"https:\/\/blogi.eoppimispalvelut.fi\/value\/wp-json\/wp\/v2\/users\/31"}],"replies":[{"embeddable":true,"href":"https:\/\/blogi.eoppimispalvelut.fi\/value\/wp-json\/wp\/v2\/comments?post=2"}],"version-history":[{"count":20,"href":"https:\/\/blogi.eoppimispalvelut.fi\/value\/wp-json\/wp\/v2\/pages\/2\/revisions"}],"predecessor-version":[{"id":459,"href":"https:\/\/blogi.eoppimispalvelut.fi\/value\/wp-json\/wp\/v2\/pages\/2\/revisions\/459"}],"wp:attachment":[{"href":"https:\/\/blogi.eoppimispalvelut.fi\/value\/wp-json\/wp\/v2\/media?parent=2"}],"curies":[{"name":"wp","href":"https:\/\/api.w.org\/{rel}","templated":true}]}}