{"id":40,"date":"2021-11-10T16:51:47","date_gmt":"2021-11-10T14:51:47","guid":{"rendered":"https:\/\/blogi.eoppimispalvelut.fi\/value\/?page_id=40"},"modified":"2023-03-24T12:19:33","modified_gmt":"2023-03-24T10:19:33","slug":"materiaaleja","status":"publish","type":"page","link":"https:\/\/blogi.eoppimispalvelut.fi\/value\/materiaaleja\/","title":{"rendered":"Materiaaleja"},"content":{"rendered":"<p>Hankkeessa tuotettuja materiaaleja:<\/p>\n<p>H\u00e4iki\u00f6 &amp; Koivunen (2022):\u00a0 <a href=\"https:\/\/lucit-my.sharepoint.com\/:v:\/g\/personal\/kkoivunen_lapinamk_fi\/ESg7TbV_oDhLoGS25yyYyzQBoQUVL36-pmhxBMz7Q93S0A?e=HdJLpo\" target=\"_blank\" rel=\"noopener\">Vastuullisuusviestinn\u00e4n tietoisku<\/a><\/p>\n<p>H\u00e4iki\u00f6 &amp; Koivunen (2022): <a href=\"https:\/\/issuu.com\/lapinamk\/docs\/b_5_2022_haikio_koivunen\/1\" target=\"_blank\" rel=\"noopener\">Digitaalinen vastuullisuusviestint\u00e4<\/a><\/p>\n<p>Koivunen, Palosaari, H\u00e4iki\u00f6 &amp; Koikkalainen (2022):<a href=\"https:\/\/blogi.eoppimispalvelut.fi\/lumenlehti\/2022\/04\/28\/vastuullisuusviestintaa-kehitetaan-yhteisvoimin-levilla\/\" target=\"_blank\" rel=\"noopener\"> Vastuullisuusviestint\u00e4\u00e4 kehitet\u00e4\u00e4n yhteisvoimin Levill\u00e4<\/a><\/p>\n<p>Mattila (2022):<a href=\"https:\/\/youtu.be\/LnxFyNGug6A\" target=\"_blank\" rel=\"noopener\"> Vaikuttavaa vastuullisuusviestint\u00e4\u00e4 matkailun digikanavissa webinaari<\/a><\/p>\n<p>H\u00e4iki\u00f6 (2022): <a href=\"https:\/\/www.youtube.com\/watch?v=BK8WBcH6184\" target=\"_blank\" rel=\"noopener\">Sustainability communication<\/a><\/p>\n","protected":false},"excerpt":{"rendered":"<p>Hankkeessa tuotettuja materiaaleja: H\u00e4iki\u00f6 &amp; Koivunen (2022):\u00a0 Vastuullisuusviestinn\u00e4n tietoisku H\u00e4iki\u00f6 &amp; Koivunen (2022): Digitaalinen vastuullisuusviestint\u00e4 Koivunen, Palosaari, H\u00e4iki\u00f6 &amp; Koikkalainen (2022): Vastuullisuusviestint\u00e4\u00e4 kehitet\u00e4\u00e4n yhteisvoimin Levill\u00e4 Mattila (2022): Vaikuttavaa vastuullisuusviestint\u00e4\u00e4 matkailun digikanavissa webinaari H\u00e4iki\u00f6 (2022): Sustainability communication<\/p>\n","protected":false},"author":6208,"featured_media":0,"parent":0,"menu_order":0,"comment_status":"closed","ping_status":"closed","template":"template-onecolumn.php","meta":{"footnotes":""},"class_list":["post-40","page","type-page","status-publish","hentry","nodate","item-wrap"],"_links":{"self":[{"href":"https:\/\/blogi.eoppimispalvelut.fi\/value\/wp-json\/wp\/v2\/pages\/40","targetHints":{"allow":["GET"]}}],"collection":[{"href":"https:\/\/blogi.eoppimispalvelut.fi\/value\/wp-json\/wp\/v2\/pages"}],"about":[{"href":"https:\/\/blogi.eoppimispalvelut.fi\/value\/wp-json\/wp\/v2\/types\/page"}],"author":[{"embeddable":true,"href":"https:\/\/blogi.eoppimispalvelut.fi\/value\/wp-json\/wp\/v2\/users\/6208"}],"replies":[{"embeddable":true,"href":"https:\/\/blogi.eoppimispalvelut.fi\/value\/wp-json\/wp\/v2\/comments?post=40"}],"version-history":[{"count":11,"href":"https:\/\/blogi.eoppimispalvelut.fi\/value\/wp-json\/wp\/v2\/pages\/40\/revisions"}],"predecessor-version":[{"id":377,"href":"https:\/\/blogi.eoppimispalvelut.fi\/value\/wp-json\/wp\/v2\/pages\/40\/revisions\/377"}],"wp:attachment":[{"href":"https:\/\/blogi.eoppimispalvelut.fi\/value\/wp-json\/wp\/v2\/media?parent=40"}],"curies":[{"name":"wp","href":"https:\/\/api.w.org\/{rel}","templated":true}]}}