{"id":101,"date":"2023-10-26T08:20:06","date_gmt":"2023-10-26T05:20:06","guid":{"rendered":"https:\/\/blogi.eoppimispalvelut.fi\/vasama\/?page_id=101"},"modified":"2023-10-31T14:56:12","modified_gmt":"2023-10-31T12:56:12","slug":"tiedonsiirrosta","status":"publish","type":"page","link":"https:\/\/blogi.eoppimispalvelut.fi\/vasama\/tiedonsiirrosta\/","title":{"rendered":"Tiedonsiirrosta"},"content":{"rendered":"\n<p>Tiedonsiirtotekniikat ovat sidoksissa laitetekniikkaan, sill\u00e4 laitteet rajaavat k\u00e4ytett\u00e4viss\u00e4 olevilla radiol\u00e4hettimill\u00e4\u00e4n sek\u00e4 muilla fyysisill\u00e4 kytkent\u00e4keinoilla k\u00e4yt\u00f6ss\u00e4 olevat tekniikat. Ohjelmiston kehitt\u00e4misess\u00e4 on p\u00e4\u00e4tetty rajata siirtotavat normaalin kuluttajalaitteissa olevien laitteiden siirtotapoihin. Kuluttajalaitteella tarkoitetaan \u00e4lypuhelinta, tablettia tai kannettavaa. Siirtotapoja ja niiden hy\u00f6tyj\u00e4 sek\u00e4 haittoja ovat:<\/p>\n\n\n\n<figure class=\"wp-block-table\"><table><tbody><tr><td><strong><em>Siirtotapa<\/em><\/strong><strong><em><\/em><\/strong><\/td><td><strong>Hy\u00f6ty<\/strong><strong><\/strong><\/td><td><strong>Haitta<\/strong><strong><\/strong><\/td><\/tr><tr><td><em>Kaapeli<\/em><em><\/em><\/td><td>Nopea<\/td><td>Mahdollisesti vaikea toteuttaa, vaatii kaapelia ja kaapelista riippuen l\u00e4hell\u00e4 oloa<\/td><\/tr><tr><td><em>WLAN<\/em><em><\/em><\/td><td>Nopea, olemassa olevat tekniikat pohjaavat t\u00e4h\u00e4n<\/td><td>Tyypillisesti n. 40m kuuluvuus, Tarvitsee tukiasemalaitteen<\/td><\/tr><tr><td><em>Bluetooth<\/em><em><\/em><\/td><td>Siirto suoraan laitteesta toiseen<\/td><td>Max 10m kuuluvuus<\/td><\/tr><tr><td><em>Kamera (QR, viivakoodi)<\/em><em><\/em><\/td><td>Mahdollisesti selkein alustariippumaton paikallinen siirtotapa<\/td><td>Rajattu tiedonsiirtom\u00e4\u00e4r\u00e4. K\u00e4ytett\u00e4vyys<\/td><\/tr><tr><td><em>Puhelinverkko<\/em><em><\/em><\/td><td>olemassa olevat tekniikat pohjaavat t\u00e4h\u00e4n<\/td><td>Verkon saatavuus on satunnaista<\/td><\/tr><tr><td><em>NFC<\/em><em><\/em><\/td><td>&nbsp;<\/td><td>Rajattu tiedonsiirtom\u00e4\u00e4r\u00e4. Ei tarjoa mit\u00e4\u00e4n parannusta muihin tekniikoihin<\/td><\/tr><\/tbody><\/table><\/figure>\n\n\n\n<p>Siirtotavoista ohjelmiston kehitt\u00e4misen kannalta internet-yhteys on varmin tekniikka. T\u00e4h\u00e4n lasketaan mukaan paikallisverkon rakentaminen maastoon langattomalla WLAN-yhteydell\u00e4 tai verkkokaapelilla.<\/p>\n\n\n\n<p>T\u00e4rke\u00e4 tekij\u00e4 WLAN-tekniikan k\u00e4yt\u00f6n valintaan on sen yhteensopivuus valittujen tekniikoiden tavoissa tuoda internet maastoon. Sek\u00e4 Starlink, ett\u00e4 4G reitittimet tuottavat WLAN-verkon. Samalla kun internet-yhteys mahdollistetaan WLAN-tekniikalla reitittimelt\u00e4, niin sit\u00e4 voi k\u00e4ytt\u00e4\u00e4 my\u00f6s laitteiden v\u00e4liseen siirtoon.<\/p>\n\n\n\n<div class=\"wp-block-columns alignwide is-layout-flex wp-container-core-columns-is-layout-28f84493 wp-block-columns-is-layout-flex\">\n<div class=\"wp-block-column is-layout-flow wp-block-column-is-layout-flow\">\n<div class=\"wp-block-cover is-light\"><span aria-hidden=\"true\" class=\"wp-block-cover__background has-background-dim\"><\/span><img loading=\"lazy\" decoding=\"async\" width=\"269\" height=\"255\" class=\"wp-block-cover__image-background wp-image-178\" alt=\"\" src=\"https:\/\/blogi.eoppimispalvelut.fi\/vasama\/files\/2023\/10\/broadcast-1.png\" data-object-fit=\"cover\" \/><div class=\"wp-block-cover__inner-container is-layout-flow wp-block-cover-is-layout-flow\">\n<p class=\"has-text-align-center has-base-color has-text-color has-large-font-size\">Maastolaitteelta toiselle<\/p>\n\n\n\n<div class=\"wp-block-buttons is-content-justification-center is-layout-flex wp-container-core-buttons-is-layout-b5994976 wp-block-buttons-is-layout-flex\">\n<div class=\"wp-block-button\"><a class=\"wp-block-button__link wp-element-button\" href=\"https:\/\/blogi.eoppimispalvelut.fi\/vasama\/tiedonsiirrosta\/maastolaitteelta-toiselle\/\">LUE LIS\u00c4\u00c4<\/a><\/div>\n<\/div>\n<\/div><\/div>\n<\/div>\n\n\n\n<div class=\"wp-block-column is-layout-flow wp-block-column-is-layout-flow\">\n<div class=\"wp-block-cover is-light\"><span aria-hidden=\"true\" class=\"wp-block-cover__background has-background-dim\"><\/span><img loading=\"lazy\" decoding=\"async\" width=\"269\" height=\"255\" class=\"wp-block-cover__image-background wp-image-178\" alt=\"\" src=\"https:\/\/blogi.eoppimispalvelut.fi\/vasama\/files\/2023\/10\/broadcast-1.png\" style=\"object-position:52% 63%\" data-object-fit=\"cover\" data-object-position=\"52% 63%\" \/><div class=\"wp-block-cover__inner-container is-layout-flow wp-block-cover-is-layout-flow\">\n<p class=\"has-text-align-center has-base-color has-text-color has-large-font-size\">Maastosta pilveen<\/p>\n\n\n\n<p><\/p>\n\n\n\n<div class=\"wp-block-buttons is-content-justification-center is-layout-flex wp-container-core-buttons-is-layout-a89b3969 wp-block-buttons-is-layout-flex\">\n<div class=\"wp-block-button\"><a class=\"wp-block-button__link wp-element-button\" href=\"https:\/\/blogi.eoppimispalvelut.fi\/vasama\/tiedonsiirrosta\/maastosta-pilveen\/\">LUE LIS\u00c4\u00c4<\/a><\/div>\n<\/div>\n<\/div><\/div>\n<\/div>\n<\/div>\n","protected":false},"excerpt":{"rendered":"<p>Tiedonsiirtotekniikat ovat sidoksissa laitetekniikkaan, sill\u00e4 laitteet rajaavat k\u00e4ytett\u00e4viss\u00e4 olevilla radiol\u00e4hettimill\u00e4\u00e4n sek\u00e4 muilla fyysisill\u00e4 kytkent\u00e4keinoilla k\u00e4yt\u00f6ss\u00e4 olevat tekniikat. Ohjelmiston kehitt\u00e4misess\u00e4 on p\u00e4\u00e4tetty rajata siirtotavat normaalin kuluttajalaitteissa olevien laitteiden siirtotapoihin. Kuluttajalaitteella tarkoitetaan \u00e4lypuhelinta, tablettia tai kannettavaa. Siirtotapoja ja niiden hy\u00f6tyj\u00e4 sek\u00e4 haittoja ovat: Siirtotapa Hy\u00f6ty Haitta Kaapeli Nopea Mahdollisesti vaikea toteuttaa, vaatii kaapelia ja kaapelista riippuen l\u00e4hell\u00e4 [&hellip;]<\/p>\n","protected":false},"author":4340,"featured_media":0,"parent":0,"menu_order":0,"comment_status":"closed","ping_status":"closed","template":"","meta":{"footnotes":""},"class_list":["post-101","page","type-page","status-publish","hentry"],"_links":{"self":[{"href":"https:\/\/blogi.eoppimispalvelut.fi\/vasama\/wp-json\/wp\/v2\/pages\/101","targetHints":{"allow":["GET"]}}],"collection":[{"href":"https:\/\/blogi.eoppimispalvelut.fi\/vasama\/wp-json\/wp\/v2\/pages"}],"about":[{"href":"https:\/\/blogi.eoppimispalvelut.fi\/vasama\/wp-json\/wp\/v2\/types\/page"}],"author":[{"embeddable":true,"href":"https:\/\/blogi.eoppimispalvelut.fi\/vasama\/wp-json\/wp\/v2\/users\/4340"}],"replies":[{"embeddable":true,"href":"https:\/\/blogi.eoppimispalvelut.fi\/vasama\/wp-json\/wp\/v2\/comments?post=101"}],"version-history":[{"count":9,"href":"https:\/\/blogi.eoppimispalvelut.fi\/vasama\/wp-json\/wp\/v2\/pages\/101\/revisions"}],"predecessor-version":[{"id":272,"href":"https:\/\/blogi.eoppimispalvelut.fi\/vasama\/wp-json\/wp\/v2\/pages\/101\/revisions\/272"}],"wp:attachment":[{"href":"https:\/\/blogi.eoppimispalvelut.fi\/vasama\/wp-json\/wp\/v2\/media?parent=101"}],"curies":[{"name":"wp","href":"https:\/\/api.w.org\/{rel}","templated":true}]}}