{"id":106,"date":"2023-10-26T08:23:39","date_gmt":"2023-10-26T05:23:39","guid":{"rendered":"https:\/\/blogi.eoppimispalvelut.fi\/vasama\/?page_id=106"},"modified":"2023-10-31T15:01:26","modified_gmt":"2023-10-31T13:01:26","slug":"maastosta-pilveen","status":"publish","type":"page","link":"https:\/\/blogi.eoppimispalvelut.fi\/vasama\/tiedonsiirrosta\/maastosta-pilveen\/","title":{"rendered":"Maastosta pilveen"},"content":{"rendered":"\n<p>Maastolaitteelta pilveen \u2013 kommunikaation olennainen ajatus on olla luottamatta internet-yhteyteen. K\u00e4yt\u00e4nn\u00f6ss\u00e4 maastossa k\u00e4ytett\u00e4v\u00e4t ohjelmistot tallentavat tiedon sy\u00f6tett\u00e4ess\u00e4 laitteelle. Taustalla ohjelma pyrkii varmuuskopioimaan tietoa pilveen internet-yhteyden tilanteesta riippuen.<\/p>\n\n\n\n<p>Skenaariot:<\/p>\n\n\n\n<ol class=\"wp-block-list\" type=\"1\">\n<li>Internet-yhteys j\u00e4rjestet\u00e4\u00e4n tabletin sis\u00e4isell\u00e4 4G-modeemilla. Suositeltavaa hyviss\u00e4 keliolosuhteissa, ja jos ei ole tarvetta maastossa v\u00e4litt\u00e4\u00e4 tietoa kahden laitteen v\u00e4lill\u00e4. Huomioitavaa on, ett\u00e4 heikko 4G-yhteys kuluttaa huomattavasti laitteen akkua.<\/li>\n\n\n\n<li>Internet-yhteys j\u00e4rjestet\u00e4\u00e4n 4G-modeemilla. Teoriassa toimii 64 % erotusaitoja. Yhteys voi olla heikko, jolloin varmuuskopiointi kest\u00e4\u00e4 kauemmin kuin tietoa sy\u00f6tet\u00e4\u00e4n. Varmuuskopiointi voi siis olla muutaman kirjauksen j\u00e4ljess\u00e4.<\/li>\n\n\n\n<li>Internet-yhteys j\u00e4rjestet\u00e4\u00e4n Starlink-yhteyden kautta. Hetkelliset katkot yhteydess\u00e4 voivat aiheuttaa sen, ett\u00e4 varmuuskopiointi on esim. yhden minuutin j\u00e4ljess\u00e4. Yhteys on testeiss\u00e4 toiminut yli 99 % ajasta.<\/li>\n\n\n\n<li>Internet-yhteytt\u00e4 ei ole lainkaan j\u00e4rjestetty. T\u00e4ll\u00f6in kaikki tieto tallentuu vain laitteelle. Laitteen menetys h\u00e4vitt\u00e4\u00e4 kaiken tiedon.<\/li>\n<\/ol>\n\n\n\n<p>Skenaariossa 3 jos paikallinen wifi-verkko on pystytetty ilman toimivaa internet-yhteytt\u00e4, voi olla teknisesti mahdollista tehd\u00e4 tulevaisuudessa varmuuskopiointi toiseen maastolaitteeseen WiFi:n kautta. Vasama-hankkeessa t\u00e4llaista tiedonsiirtoa on tutkittu vasanmerkinn\u00e4n yhteydess\u00e4, vaikka t\u00e4m\u00e4 ominaisuus ei ole ollut prioriteetti. Hankkeessa on arvioitu, ett\u00e4 laitteesta laitteeseen varmuuskopiointi aiheuttaa uusia potentiaalisia ongelmia: yhteyden yll\u00e4pito (palvelimen p\u00e4\u00e4ll\u00e4 pit\u00e4minen) ja uusien laitteiden tuominen maastoon. Varmuuskopiointi internet-yhteyden kautta on ohjelmoinnin kannalta kustannustehokkaampi tapa toteuttaa. Jos maastossa on WiFi-verkko, ero 4G-modeemin k\u00e4ytt\u00f6\u00f6n on eritt\u00e4in v\u00e4h\u00e4inen. Vaihtoehtoa 3 ei ole suljettu kuitenkaan pois. Paikallinen WiFi-verkko on my\u00f6s t\u00e4m\u00e4n mahdollisuuden s\u00e4ilytt\u00e4misen kannalta hy\u00f6dyllist\u00e4. Bluetooth-yhteyden k\u00e4ytt\u00f6 on harkitsematta johtuen kantomatkasta ja mahdollisista alustariippuvista teknisist\u00e4 haasteista, jotka voivat olla kehityshinnaltaan kalliita ratkaista. On haluttu k\u00e4ytt\u00e4\u00e4 samaa tiedonsiirtotekniikkaa kuin vasamerkinn\u00f6iss\u00e4 jossa WiFi:n kantomatka ja yhdist\u00e4mistapa on koettu bluetooth-yhteytt\u00e4 parempana.<\/p>\n\n\n\n<p>Suositeltavat toiminnot varmuuskopiointiin:<\/p>\n\n\n\n<ul class=\"wp-block-list\">\n<li>Varmuuskopiointi tehd\u00e4\u00e4n aina tietoa lis\u00e4tess\u00e4. T\u00e4ll\u00f6in tieto on yhteyden toimiessa pilvess\u00e4 t\u00e4ysin ajan tasalla ja yll\u00e4tt\u00e4v\u00e4 \u00e4killinen laitehajoaminen ei aiheuta tiedon menetyst\u00e4<\/li>\n<\/ul>\n","protected":false},"excerpt":{"rendered":"<p>Maastolaitteelta pilveen \u2013 kommunikaation olennainen ajatus on olla luottamatta internet-yhteyteen. K\u00e4yt\u00e4nn\u00f6ss\u00e4 maastossa k\u00e4ytett\u00e4v\u00e4t ohjelmistot tallentavat tiedon sy\u00f6tett\u00e4ess\u00e4 laitteelle. Taustalla ohjelma pyrkii varmuuskopioimaan tietoa pilveen internet-yhteyden tilanteesta riippuen. Skenaariot: Skenaariossa 3 jos paikallinen wifi-verkko on pystytetty ilman toimivaa internet-yhteytt\u00e4, voi olla teknisesti mahdollista tehd\u00e4 tulevaisuudessa varmuuskopiointi toiseen maastolaitteeseen WiFi:n kautta. Vasama-hankkeessa t\u00e4llaista tiedonsiirtoa on tutkittu vasanmerkinn\u00e4n [&hellip;]<\/p>\n","protected":false},"author":4340,"featured_media":0,"parent":101,"menu_order":0,"comment_status":"closed","ping_status":"closed","template":"","meta":{"footnotes":""},"class_list":["post-106","page","type-page","status-publish","hentry"],"_links":{"self":[{"href":"https:\/\/blogi.eoppimispalvelut.fi\/vasama\/wp-json\/wp\/v2\/pages\/106","targetHints":{"allow":["GET"]}}],"collection":[{"href":"https:\/\/blogi.eoppimispalvelut.fi\/vasama\/wp-json\/wp\/v2\/pages"}],"about":[{"href":"https:\/\/blogi.eoppimispalvelut.fi\/vasama\/wp-json\/wp\/v2\/types\/page"}],"author":[{"embeddable":true,"href":"https:\/\/blogi.eoppimispalvelut.fi\/vasama\/wp-json\/wp\/v2\/users\/4340"}],"replies":[{"embeddable":true,"href":"https:\/\/blogi.eoppimispalvelut.fi\/vasama\/wp-json\/wp\/v2\/comments?post=106"}],"version-history":[{"count":2,"href":"https:\/\/blogi.eoppimispalvelut.fi\/vasama\/wp-json\/wp\/v2\/pages\/106\/revisions"}],"predecessor-version":[{"id":276,"href":"https:\/\/blogi.eoppimispalvelut.fi\/vasama\/wp-json\/wp\/v2\/pages\/106\/revisions\/276"}],"up":[{"embeddable":true,"href":"https:\/\/blogi.eoppimispalvelut.fi\/vasama\/wp-json\/wp\/v2\/pages\/101"}],"wp:attachment":[{"href":"https:\/\/blogi.eoppimispalvelut.fi\/vasama\/wp-json\/wp\/v2\/media?parent=106"}],"curies":[{"name":"wp","href":"https:\/\/api.w.org\/{rel}","templated":true}]}}