{"id":136,"date":"2023-10-26T11:24:21","date_gmt":"2023-10-26T08:24:21","guid":{"rendered":"https:\/\/blogi.eoppimispalvelut.fi\/vasama\/?page_id=136"},"modified":"2023-10-31T15:21:48","modified_gmt":"2023-10-31T13:21:48","slug":"jarjestelma-ja-tietokanta","status":"publish","type":"page","link":"https:\/\/blogi.eoppimispalvelut.fi\/vasama\/jarjestelma-ja-tietokanta\/","title":{"rendered":"J\u00e4rjestelm\u00e4 ja tietokanta"},"content":{"rendered":"\n<figure class=\"wp-block-image size-full\"><img loading=\"lazy\" decoding=\"async\" width=\"451\" height=\"271\" src=\"https:\/\/blogi.eoppimispalvelut.fi\/vasama\/files\/2023\/10\/ohjelmistokuvaus.jpg\" alt=\"\" class=\"wp-image-137\" srcset=\"https:\/\/blogi.eoppimispalvelut.fi\/vasama\/files\/2023\/10\/ohjelmistokuvaus.jpg 451w, https:\/\/blogi.eoppimispalvelut.fi\/vasama\/files\/2023\/10\/ohjelmistokuvaus-300x180.jpg 300w\" sizes=\"auto, (max-width: 451px) 100vw, 451px\" \/><figcaption class=\"wp-element-caption\">Yleiskuva ohjelmien suhteista<\/figcaption><\/figure>\n\n\n\n<p>Maastossa teht\u00e4vi\u00e4 t\u00f6it\u00e4 on useita. Teuraskirjan t\u00e4ytt\u00e4minen, vasataulun t\u00e4ytt\u00e4minen ja eloporojen merkitseminen. Ty\u00f6teht\u00e4vi\u00e4 on l\u00e4hestytty kutakin omana ohjelmanaan, jotta voidaan tutkia kunkin ty\u00f6teht\u00e4v\u00e4n k\u00e4ytt\u00f6liittym\u00e4lliset sek\u00e4 tiedolliset tarpeet.<\/p>\n\n\n\n<p>J\u00e4rjestelm\u00e4n yleiskuvaa katsotaan t\u00e4ss\u00e4 kontekstissa kunkin ohjelman j\u00e4rjestelmien liit\u00e4nt\u00f6jen sek\u00e4 tietokannan kautta.<\/p>\n\n\n\n<p>Eloporojen kirjauksen selvitt\u00e4minen on hankkeessa j\u00e4\u00e4nyt v\u00e4h\u00e4isimp\u00e4\u00e4n rooliin. T\u00e4m\u00e4 on perusteltua sit\u00e4 kautta, ett\u00e4 sen tekniset ja tiedolliset vaatimukset ovat v\u00e4h\u00e4isimm\u00e4t. Eloporojen kirjauksessa omistajalle lis\u00e4t\u00e4\u00e4n yksi kerrallaan porolajisummaa. T\u00e4m\u00e4n takia eloporojen kirjaus on merkattu katkoviivalla.<\/p>\n\n\n\n<p>Yleiskuvassa kaikki vasemmalla olevat ohjelmat ovat maasto-ohjelmia, joiden ker\u00e4\u00e4m\u00e4 tieto siirret\u00e4\u00e4n pilveen. Pilvipalvelun web-k\u00e4ytt\u00f6liittym\u00e4n kautta teurastamo voi liitt\u00e4\u00e4 ruhojen painot teuraskirjaan. Web-k\u00e4ytt\u00f6liittym\u00e4st\u00e4 voidaan my\u00f6s ladata lukuporoon tiedot.<\/p>\n\n\n\n<p>Yleiskuvassa on hahmoteltu digitalisaation ohjelmien suhteet tilanteessa, miss\u00e4 olisi maastossa k\u00e4yt\u00f6ss\u00e4 digitaaliset kirjauskeinot. Raportoinnissa ja kirjanpidossa s\u00e4ilyisi lukuporo-ohjelma. Ensimm\u00e4inen askel digitalisaatioon. Seuraavat askeleet olisivat uusien j\u00e4rjestelmien kehitt\u00e4minen maaston sijaan toimistolle korvaamaan olemassa olevia ohjelmia ja tuomaan uusia ohjelmia.<\/p>\n\n\n\n<div class=\"wp-block-columns alignwide is-layout-flex wp-container-core-columns-is-layout-28f84493 wp-block-columns-is-layout-flex\">\n<div class=\"wp-block-column is-layout-flow wp-block-column-is-layout-flow\">\n<div class=\"wp-block-cover is-light\"><span aria-hidden=\"true\" class=\"wp-block-cover__background has-background-dim\"><\/span><img loading=\"lazy\" decoding=\"async\" width=\"451\" height=\"523\" class=\"wp-block-cover__image-background wp-image-190\" alt=\"\" src=\"https:\/\/blogi.eoppimispalvelut.fi\/vasama\/files\/2023\/10\/starschema-1.png\" data-object-fit=\"cover\" srcset=\"https:\/\/blogi.eoppimispalvelut.fi\/vasama\/files\/2023\/10\/starschema-1.png 451w, https:\/\/blogi.eoppimispalvelut.fi\/vasama\/files\/2023\/10\/starschema-1-259x300.png 259w\" sizes=\"auto, (max-width: 451px) 100vw, 451px\" \/><div class=\"wp-block-cover__inner-container has-global-padding is-layout-constrained wp-block-cover-is-layout-constrained\">\n<p class=\"has-text-align-center has-base-color has-text-color has-large-font-size\">Raportointi- ja arkistotietokanta<\/p>\n\n\n\n<div class=\"wp-block-buttons is-content-justification-center is-layout-flex wp-container-core-buttons-is-layout-72caf8c6 wp-block-buttons-is-layout-flex\">\n<div class=\"wp-block-button\"><a class=\"wp-block-button__link wp-element-button\" href=\"https:\/\/blogi.eoppimispalvelut.fi\/vasama\/jarjestelma-ja-tietokanta\/raportointi-ja-arkistotietokanta\/\">LUE LIS\u00c4\u00c4<\/a><\/div>\n<\/div>\n<\/div><\/div>\n<\/div>\n\n\n\n<div class=\"wp-block-column is-layout-flow wp-block-column-is-layout-flow\">\n<div class=\"wp-block-cover is-light\"><span aria-hidden=\"true\" class=\"wp-block-cover__background has-background-dim\"><\/span><img loading=\"lazy\" decoding=\"async\" width=\"451\" height=\"378\" class=\"wp-block-cover__image-background wp-image-203\" alt=\"\" src=\"https:\/\/blogi.eoppimispalvelut.fi\/vasama\/files\/2023\/10\/tuotantotietokanta-1.jpg\" data-object-fit=\"cover\" srcset=\"https:\/\/blogi.eoppimispalvelut.fi\/vasama\/files\/2023\/10\/tuotantotietokanta-1.jpg 451w, https:\/\/blogi.eoppimispalvelut.fi\/vasama\/files\/2023\/10\/tuotantotietokanta-1-300x251.jpg 300w\" sizes=\"auto, (max-width: 451px) 100vw, 451px\" \/><div class=\"wp-block-cover__inner-container is-layout-flow wp-block-cover-is-layout-flow\">\n<p class=\"has-text-align-center has-base-color has-text-color has-large-font-size\">Tuotantotietokanta<\/p>\n\n\n\n<p><\/p>\n\n\n\n<div class=\"wp-block-buttons is-content-justification-center is-layout-flex wp-container-core-buttons-is-layout-a89b3969 wp-block-buttons-is-layout-flex\">\n<div class=\"wp-block-button\"><a class=\"wp-block-button__link wp-element-button\" href=\"https:\/\/blogi.eoppimispalvelut.fi\/vasama\/jarjestelma-ja-tietokanta\/tuotantotietokanta\/\">LUE LIS\u00c4\u00c4<\/a><\/div>\n<\/div>\n<\/div><\/div>\n<\/div>\n<\/div>\n\n\n\n<div class=\"wp-block-columns alignwide is-layout-flex wp-container-core-columns-is-layout-28f84493 wp-block-columns-is-layout-flex\">\n<div class=\"wp-block-column is-layout-flow wp-block-column-is-layout-flow\" style=\"flex-basis:25%\"><\/div>\n\n\n\n<div class=\"wp-block-column is-layout-flow wp-block-column-is-layout-flow\" style=\"flex-basis:50%\">\n<div class=\"wp-block-cover is-light\"><span aria-hidden=\"true\" class=\"wp-block-cover__background has-background-dim\"><\/span><div class=\"wp-block-cover__inner-container has-global-padding is-layout-constrained wp-block-cover-is-layout-constrained\">\n<p class=\"has-text-align-center has-base-color has-text-color has-large-font-size\">Toimintaloki<\/p>\n\n\n\n<p><\/p>\n\n\n\n<div class=\"wp-block-buttons is-content-justification-center is-layout-flex wp-container-core-buttons-is-layout-72caf8c6 wp-block-buttons-is-layout-flex\">\n<div class=\"wp-block-button\"><a class=\"wp-block-button__link wp-element-button\" href=\"https:\/\/blogi.eoppimispalvelut.fi\/vasama\/jarjestelma-ja-tietokanta\/toimintaloki\/\">LUE LIS\u00c4\u00c4<\/a><\/div>\n<\/div>\n<\/div><\/div>\n<\/div>\n\n\n\n<div class=\"wp-block-column is-layout-flow wp-block-column-is-layout-flow\" style=\"flex-basis:25%\"><\/div>\n<\/div>\n","protected":false},"excerpt":{"rendered":"<p>Maastossa teht\u00e4vi\u00e4 t\u00f6it\u00e4 on useita. Teuraskirjan t\u00e4ytt\u00e4minen, vasataulun t\u00e4ytt\u00e4minen ja eloporojen merkitseminen. Ty\u00f6teht\u00e4vi\u00e4 on l\u00e4hestytty kutakin omana ohjelmanaan, jotta voidaan tutkia kunkin ty\u00f6teht\u00e4v\u00e4n k\u00e4ytt\u00f6liittym\u00e4lliset sek\u00e4 tiedolliset tarpeet. J\u00e4rjestelm\u00e4n yleiskuvaa katsotaan t\u00e4ss\u00e4 kontekstissa kunkin ohjelman j\u00e4rjestelmien liit\u00e4nt\u00f6jen sek\u00e4 tietokannan kautta. Eloporojen kirjauksen selvitt\u00e4minen on hankkeessa j\u00e4\u00e4nyt v\u00e4h\u00e4isimp\u00e4\u00e4n rooliin. T\u00e4m\u00e4 on perusteltua sit\u00e4 kautta, ett\u00e4 sen tekniset [&hellip;]<\/p>\n","protected":false},"author":39786,"featured_media":0,"parent":0,"menu_order":0,"comment_status":"closed","ping_status":"closed","template":"","meta":{"footnotes":""},"class_list":["post-136","page","type-page","status-publish","hentry"],"_links":{"self":[{"href":"https:\/\/blogi.eoppimispalvelut.fi\/vasama\/wp-json\/wp\/v2\/pages\/136","targetHints":{"allow":["GET"]}}],"collection":[{"href":"https:\/\/blogi.eoppimispalvelut.fi\/vasama\/wp-json\/wp\/v2\/pages"}],"about":[{"href":"https:\/\/blogi.eoppimispalvelut.fi\/vasama\/wp-json\/wp\/v2\/types\/page"}],"author":[{"embeddable":true,"href":"https:\/\/blogi.eoppimispalvelut.fi\/vasama\/wp-json\/wp\/v2\/users\/39786"}],"replies":[{"embeddable":true,"href":"https:\/\/blogi.eoppimispalvelut.fi\/vasama\/wp-json\/wp\/v2\/comments?post=136"}],"version-history":[{"count":5,"href":"https:\/\/blogi.eoppimispalvelut.fi\/vasama\/wp-json\/wp\/v2\/pages\/136\/revisions"}],"predecessor-version":[{"id":222,"href":"https:\/\/blogi.eoppimispalvelut.fi\/vasama\/wp-json\/wp\/v2\/pages\/136\/revisions\/222"}],"wp:attachment":[{"href":"https:\/\/blogi.eoppimispalvelut.fi\/vasama\/wp-json\/wp\/v2\/media?parent=136"}],"curies":[{"name":"wp","href":"https:\/\/api.w.org\/{rel}","templated":true}]}}