{"id":139,"date":"2023-10-26T11:24:12","date_gmt":"2023-10-26T08:24:12","guid":{"rendered":"https:\/\/blogi.eoppimispalvelut.fi\/vasama\/?page_id=139"},"modified":"2023-10-31T14:46:46","modified_gmt":"2023-10-31T12:46:46","slug":"tuotantotietokanta","status":"publish","type":"page","link":"https:\/\/blogi.eoppimispalvelut.fi\/vasama\/jarjestelma-ja-tietokanta\/tuotantotietokanta\/","title":{"rendered":"Tuotantotietokanta"},"content":{"rendered":"\n<figure class=\"wp-block-image size-full is-resized\"><img loading=\"lazy\" decoding=\"async\" width=\"451\" height=\"378\" src=\"https:\/\/blogi.eoppimispalvelut.fi\/vasama\/files\/2023\/10\/tuotantotietokanta.jpg\" alt=\"\" class=\"wp-image-140\" style=\"aspect-ratio:1.193121693121693;width:372px;height:auto\" srcset=\"https:\/\/blogi.eoppimispalvelut.fi\/vasama\/files\/2023\/10\/tuotantotietokanta.jpg 451w, https:\/\/blogi.eoppimispalvelut.fi\/vasama\/files\/2023\/10\/tuotantotietokanta-300x251.jpg 300w\" sizes=\"auto, (max-width: 451px) 100vw, 451px\" \/><figcaption class=\"wp-element-caption\"><em>Hankkeessa suunniteltu tietokantarakenne pilvipalveluun.<\/em><\/figcaption><\/figure>\n\n\n\n<p>Tietokantarakennetta testattiin eri tavoin, jotta suunniteltu rakenne voitaisiin jo Vasama-hankkeessa kehitt\u00e4\u00e4 mahdollisimman pitk\u00e4lle. Tietokantarakenteen normalisointi ja testaus toteutettiin opiskelijateht\u00e4v\u00e4n\u00e4. Tietokantarakenne suunniteltiin tukeman maastokirjausta.<\/p>\n\n\n\n<p><strong>Rakenteessa testeiss\u00e4 havaittuja ongelmia<\/strong><\/p>\n\n\n\n<ul class=\"wp-block-list\">\n<li>Eventist\u00e4 ei voi suoraan m\u00e4\u00e4ritell\u00e4 sen tyyppi\u00e4. Eventti voi sis\u00e4lt\u00e4\u00e4 samaan aikaan teuras- merkkuu- ja eloporoja.<\/li>\n\n\n\n<li>Tyhj\u00e4ll\u00e4 eventill\u00e4 ei ole lainkaan tyyppi\u00e4.<\/li>\n<\/ul>\n\n\n\n<h4 class=\"wp-block-heading\">Korjaukset<\/h4>\n\n\n\n<p>Kantaan lis\u00e4t\u00e4\u00e4n event type -taulu. Eventill\u00e4 tulee olla yksi ja ainoastaan yksi tyyppi.<\/p>\n\n\n\n<figure class=\"wp-block-image size-full is-resized\"><img loading=\"lazy\" decoding=\"async\" width=\"451\" height=\"451\" src=\"https:\/\/blogi.eoppimispalvelut.fi\/vasama\/files\/2023\/10\/korjauskset.png\" alt=\"\" class=\"wp-image-141\" style=\"aspect-ratio:1;width:506px;height:auto\" srcset=\"https:\/\/blogi.eoppimispalvelut.fi\/vasama\/files\/2023\/10\/korjauskset.png 451w, https:\/\/blogi.eoppimispalvelut.fi\/vasama\/files\/2023\/10\/korjauskset-300x300.png 300w, https:\/\/blogi.eoppimispalvelut.fi\/vasama\/files\/2023\/10\/korjauskset-150x150.png 150w\" sizes=\"auto, (max-width: 451px) 100vw, 451px\" \/><\/figure>\n\n\n\n<p>Paljon pohdintaa on k\u00e4yty tavasta normalisoida Animal-tieto, eli teuraskirjan ja vasamerkinn\u00e4n yhteiset sarakkeet. Ehdotetussa rakenteessa on merkityill\u00e4 vasoilla sek\u00e4 teurasporoilla yhteinen animal-taulu. N\u00e4m\u00e4 voisi toteuttaa my\u00f6s ilman animal-taulua.<\/p>\n\n\n\n<p><\/p>\n","protected":false},"excerpt":{"rendered":"<p>Tietokantarakennetta testattiin eri tavoin, jotta suunniteltu rakenne voitaisiin jo Vasama-hankkeessa kehitt\u00e4\u00e4 mahdollisimman pitk\u00e4lle. Tietokantarakenteen normalisointi ja testaus toteutettiin opiskelijateht\u00e4v\u00e4n\u00e4. Tietokantarakenne suunniteltiin tukeman maastokirjausta. Rakenteessa testeiss\u00e4 havaittuja ongelmia Korjaukset Kantaan lis\u00e4t\u00e4\u00e4n event type -taulu. Eventill\u00e4 tulee olla yksi ja ainoastaan yksi tyyppi. Paljon pohdintaa on k\u00e4yty tavasta normalisoida Animal-tieto, eli teuraskirjan ja vasamerkinn\u00e4n yhteiset sarakkeet. Ehdotetussa [&hellip;]<\/p>\n","protected":false},"author":39786,"featured_media":0,"parent":136,"menu_order":0,"comment_status":"closed","ping_status":"closed","template":"","meta":{"footnotes":""},"class_list":["post-139","page","type-page","status-publish","hentry"],"_links":{"self":[{"href":"https:\/\/blogi.eoppimispalvelut.fi\/vasama\/wp-json\/wp\/v2\/pages\/139","targetHints":{"allow":["GET"]}}],"collection":[{"href":"https:\/\/blogi.eoppimispalvelut.fi\/vasama\/wp-json\/wp\/v2\/pages"}],"about":[{"href":"https:\/\/blogi.eoppimispalvelut.fi\/vasama\/wp-json\/wp\/v2\/types\/page"}],"author":[{"embeddable":true,"href":"https:\/\/blogi.eoppimispalvelut.fi\/vasama\/wp-json\/wp\/v2\/users\/39786"}],"replies":[{"embeddable":true,"href":"https:\/\/blogi.eoppimispalvelut.fi\/vasama\/wp-json\/wp\/v2\/comments?post=139"}],"version-history":[{"count":2,"href":"https:\/\/blogi.eoppimispalvelut.fi\/vasama\/wp-json\/wp\/v2\/pages\/139\/revisions"}],"predecessor-version":[{"id":271,"href":"https:\/\/blogi.eoppimispalvelut.fi\/vasama\/wp-json\/wp\/v2\/pages\/139\/revisions\/271"}],"up":[{"embeddable":true,"href":"https:\/\/blogi.eoppimispalvelut.fi\/vasama\/wp-json\/wp\/v2\/pages\/136"}],"wp:attachment":[{"href":"https:\/\/blogi.eoppimispalvelut.fi\/vasama\/wp-json\/wp\/v2\/media?parent=139"}],"curies":[{"name":"wp","href":"https:\/\/api.w.org\/{rel}","templated":true}]}}