{"id":143,"date":"2023-10-26T11:39:14","date_gmt":"2023-10-26T08:39:14","guid":{"rendered":"https:\/\/blogi.eoppimispalvelut.fi\/vasama\/?page_id=143"},"modified":"2023-10-31T14:41:19","modified_gmt":"2023-10-31T12:41:19","slug":"raportointi-ja-arkistotietokanta","status":"publish","type":"page","link":"https:\/\/blogi.eoppimispalvelut.fi\/vasama\/jarjestelma-ja-tietokanta\/raportointi-ja-arkistotietokanta\/","title":{"rendered":"Raportointi ja arkistotietokanta"},"content":{"rendered":"\n<p>Tuotantotietokannan relaatioiden m\u00e4\u00e4r\u00e4n takia, hanke tutki mahdollisuutta ottaa k\u00e4ytt\u00f6\u00f6n raportointi ja arkistotietokanta, eli data warehouse \u2013rakenne. Mahdollisen er\u00e4ajojen kautta tuotantotietokantaan muokattu\/lis\u00e4tty tieto siirret\u00e4\u00e4n normalisoimattomaan, mutta rakenteellisesti yksinkertaisempaan tietokantaan.<\/p>\n\n\n\n<figure class=\"wp-block-image size-full\"><img loading=\"lazy\" decoding=\"async\" width=\"451\" height=\"523\" src=\"https:\/\/blogi.eoppimispalvelut.fi\/vasama\/files\/2023\/10\/starschema.png\" alt=\"\" class=\"wp-image-144\" srcset=\"https:\/\/blogi.eoppimispalvelut.fi\/vasama\/files\/2023\/10\/starschema.png 451w, https:\/\/blogi.eoppimispalvelut.fi\/vasama\/files\/2023\/10\/starschema-259x300.png 259w\" sizes=\"auto, (max-width: 451px) 100vw, 451px\" \/><\/figure>\n\n\n\n<p>Raportointi-tietokannan rakenteena tutkittiin t\u00e4htiskeemaa. Skeemassa yksi linkkitaulu liitt\u00e4\u00e4 yhteen eri ulottuvuudet. Tarkkuus on yksi porokirjaus.<\/p>\n\n\n\n<figure class=\"wp-block-table\"><table><tbody><tr><td><strong>Title:<\/strong><\/td><td><strong>Dimensional query<\/strong><\/td><td><strong>Relational query<\/strong><\/td><\/tr><tr><td><strong>&nbsp;<\/strong><\/td><td>0,063<\/td><td>0,672<\/td><\/tr><tr><td><strong>&nbsp;<\/strong><\/td><td>0,062<\/td><td>0,782<\/td><\/tr><tr><td><strong>&nbsp;<\/strong><\/td><td>0,078<\/td><td>0,688<\/td><\/tr><tr><td><strong>&nbsp;<\/strong><\/td><td>0,062<\/td><td>0,75<\/td><\/tr><tr><td><strong>&nbsp;<\/strong><\/td><td>0,062<\/td><td>0,735<\/td><\/tr><tr><td><strong>&nbsp;<\/strong><\/td><td>0,062<\/td><td>0,641<\/td><\/tr><tr><td><strong>&nbsp;<\/strong><\/td><td>0,062<\/td><td>0,766<\/td><\/tr><tr><td><strong>&nbsp;<\/strong><\/td><td>0,047<\/td><td>0,672<\/td><\/tr><tr><td><strong>&nbsp;<\/strong><\/td><td>0,063<\/td><td>0,641<\/td><\/tr><tr><td><strong>&nbsp;<\/strong><\/td><td>0,062<\/td><td>0,656<\/td><\/tr><tr><td><strong>&nbsp;<\/strong><\/td><td>0,063<\/td><td>0,672<\/td><\/tr><tr><td><strong>Average:<\/strong><\/td><td>0,062363636<\/td><td>0,697727273<\/td><\/tr><tr><td><strong>Difference:<\/strong><\/td><td colspan=\"2\"><strong>9 %<\/strong><\/td><\/tr><\/tbody><\/table><\/figure>\n\n\n\n<p>Kyselyiden suorittamisesta tuotantotietokantaan verrattuna raportointitietokantaan, havaittiin raportointitietokannan olevan ajallisesti hieman nopeampi.<\/p>\n\n\n\n<p>T\u00e4rkein hy\u00f6ty voisi kuitenkin olla raporttien muodostamisen helppous. Kantava ajatus raportointitietokannan hy\u00f6dyst\u00e4 on se, ett\u00e4 johtuen tuotantotietokannan rakenteesta, erilaisten koosteiden muodostaminen voi vaatia monimutkaisia SQL-kyselyit\u00e4, joiden muodostaminen maksaa kehitysty\u00f6ss\u00e4. T\u00e4ll\u00f6in digitalisoinnin t\u00e4ysi hy\u00f6ty j\u00e4\u00e4 k\u00e4ytt\u00e4m\u00e4tt\u00e4, jos raportteja ei saada kustannussyist\u00e4 muodostettua, vaikka s\u00e4hk\u00f6inen tieto ne mahdollistaisi.<\/p>\n\n\n\n<p>Tarkoitus on helpottaa ja madaltaa kynnyst\u00e4 p\u00e4\u00e4st\u00e4 hy\u00f6dynt\u00e4m\u00e4\u00e4n ker\u00e4tty\u00e4 tietoa. Vaikka Data warehouse:n rakentaminen lis\u00e4\u00e4 kehityskustannusta alussa, voi se maksaa itsens\u00e4 takaisin tiedon hy\u00f6dynnett\u00e4vyyden helppoudessa. Omissa testeiss\u00e4 huomattiin selke\u00e4sti raportointitietokantaan muodostettavien kyselyiden helppous verrattuna tuotantotietokantaan.<\/p>\n\n\n\n<p>Erillinen raportointitietokanta auttaa my\u00f6s lievent\u00e4m\u00e4\u00e4n tuotantotietokannan laskennallista taakkaa, mutta t\u00e4m\u00e4 hy\u00f6ty on porotaloudessa johtuen k\u00e4ytt\u00e4jien v\u00e4h\u00e4isen m\u00e4\u00e4r\u00e4n vuoksi merkitykset\u00f6nt\u00e4.<\/p>\n\n\n\n<p><\/p>\n","protected":false},"excerpt":{"rendered":"<p>Tuotantotietokannan relaatioiden m\u00e4\u00e4r\u00e4n takia, hanke tutki mahdollisuutta ottaa k\u00e4ytt\u00f6\u00f6n raportointi ja arkistotietokanta, eli data warehouse \u2013rakenne. Mahdollisen er\u00e4ajojen kautta tuotantotietokantaan muokattu\/lis\u00e4tty tieto siirret\u00e4\u00e4n normalisoimattomaan, mutta rakenteellisesti yksinkertaisempaan tietokantaan. Raportointi-tietokannan rakenteena tutkittiin t\u00e4htiskeemaa. Skeemassa yksi linkkitaulu liitt\u00e4\u00e4 yhteen eri ulottuvuudet. Tarkkuus on yksi porokirjaus. Title: Dimensional query Relational query &nbsp; 0,063 0,672 &nbsp; 0,062 0,782 &nbsp; [&hellip;]<\/p>\n","protected":false},"author":39786,"featured_media":0,"parent":136,"menu_order":0,"comment_status":"closed","ping_status":"closed","template":"","meta":{"footnotes":""},"class_list":["post-143","page","type-page","status-publish","hentry"],"_links":{"self":[{"href":"https:\/\/blogi.eoppimispalvelut.fi\/vasama\/wp-json\/wp\/v2\/pages\/143","targetHints":{"allow":["GET"]}}],"collection":[{"href":"https:\/\/blogi.eoppimispalvelut.fi\/vasama\/wp-json\/wp\/v2\/pages"}],"about":[{"href":"https:\/\/blogi.eoppimispalvelut.fi\/vasama\/wp-json\/wp\/v2\/types\/page"}],"author":[{"embeddable":true,"href":"https:\/\/blogi.eoppimispalvelut.fi\/vasama\/wp-json\/wp\/v2\/users\/39786"}],"replies":[{"embeddable":true,"href":"https:\/\/blogi.eoppimispalvelut.fi\/vasama\/wp-json\/wp\/v2\/comments?post=143"}],"version-history":[{"count":2,"href":"https:\/\/blogi.eoppimispalvelut.fi\/vasama\/wp-json\/wp\/v2\/pages\/143\/revisions"}],"predecessor-version":[{"id":268,"href":"https:\/\/blogi.eoppimispalvelut.fi\/vasama\/wp-json\/wp\/v2\/pages\/143\/revisions\/268"}],"up":[{"embeddable":true,"href":"https:\/\/blogi.eoppimispalvelut.fi\/vasama\/wp-json\/wp\/v2\/pages\/136"}],"wp:attachment":[{"href":"https:\/\/blogi.eoppimispalvelut.fi\/vasama\/wp-json\/wp\/v2\/media?parent=143"}],"curies":[{"name":"wp","href":"https:\/\/api.w.org\/{rel}","templated":true}]}}