{"id":154,"date":"2023-10-26T11:55:28","date_gmt":"2023-10-26T08:55:28","guid":{"rendered":"https:\/\/blogi.eoppimispalvelut.fi\/vasama\/?page_id=154"},"modified":"2023-11-06T09:42:24","modified_gmt":"2023-11-06T07:42:24","slug":"eteuraslauta","status":"publish","type":"page","link":"https:\/\/blogi.eoppimispalvelut.fi\/vasama\/kayttoliittyma\/eteuraslauta\/","title":{"rendered":"Eteuraslauta"},"content":{"rendered":"\n<figure class=\"wp-block-image size-full\"><img loading=\"lazy\" decoding=\"async\" width=\"707\" height=\"941\" src=\"https:\/\/blogi.eoppimispalvelut.fi\/vasama\/files\/2023\/10\/teuraslauta.png\" alt=\"\" class=\"wp-image-288\" srcset=\"https:\/\/blogi.eoppimispalvelut.fi\/vasama\/files\/2023\/10\/teuraslauta.png 707w, https:\/\/blogi.eoppimispalvelut.fi\/vasama\/files\/2023\/10\/teuraslauta-225x300.png 225w\" sizes=\"auto, (max-width: 707px) 100vw, 707px\" \/><\/figure>\n\n\n\n<p>Eteuraslaudalla voidaan listata erotuksen teurasporot osakkaille. Ensin k\u00e4ytt\u00e4j\u00e4 valitsee erotustapahtuman, mink\u00e4 j\u00e4lkeen h\u00e4n voi m\u00e4\u00e4ritt\u00e4\u00e4 porolle omistajan, ostajan, pilttanumeron, korvamerkin sek\u00e4 porolajin. Ohjelma mahdollistaa my\u00f6s lis\u00e4tietojen kirjoittamisen kullekin porolle. <\/p>\n\n\n\n<div class=\"wp-block-buttons is-layout-flex wp-block-buttons-is-layout-flex\">\n<div class=\"wp-block-button\"><a class=\"wp-block-button__link wp-element-button\" href=\"https:\/\/xd.adobe.com\/view\/e865b647-39f7-4065-9577-c93565338d09-bd36\/\">Linkki eTeuraslautaan<\/a><\/div>\n<\/div>\n\n\n\n<div class=\"wp-block-file\"><a id=\"wp-block-file--media-b319987d-c1bb-4a6c-9062-9edb52563361\" href=\"https:\/\/blogi.eoppimispalvelut.fi\/vasama\/files\/2023\/10\/Vasama-teuraslauta-v2.xd_.zip\">Teuraslauta-k\u00e4ytt\u00f6liittym\u00e4kuvaus<\/a><a href=\"https:\/\/blogi.eoppimispalvelut.fi\/vasama\/files\/2023\/10\/Vasama-teuraslauta-v2.xd_.zip\" class=\"wp-block-file__button wp-element-button\" download aria-describedby=\"wp-block-file--media-b319987d-c1bb-4a6c-9062-9edb52563361\">LATAA<\/a><\/div>\n","protected":false},"excerpt":{"rendered":"<p>Eteuraslaudalla voidaan listata erotuksen teurasporot osakkaille. Ensin k\u00e4ytt\u00e4j\u00e4 valitsee erotustapahtuman, mink\u00e4 j\u00e4lkeen h\u00e4n voi m\u00e4\u00e4ritt\u00e4\u00e4 porolle omistajan, ostajan, pilttanumeron, korvamerkin sek\u00e4 porolajin. Ohjelma mahdollistaa my\u00f6s lis\u00e4tietojen kirjoittamisen kullekin porolle.<\/p>\n","protected":false},"author":39786,"featured_media":0,"parent":152,"menu_order":0,"comment_status":"closed","ping_status":"closed","template":"","meta":{"footnotes":""},"class_list":["post-154","page","type-page","status-publish","hentry"],"_links":{"self":[{"href":"https:\/\/blogi.eoppimispalvelut.fi\/vasama\/wp-json\/wp\/v2\/pages\/154","targetHints":{"allow":["GET"]}}],"collection":[{"href":"https:\/\/blogi.eoppimispalvelut.fi\/vasama\/wp-json\/wp\/v2\/pages"}],"about":[{"href":"https:\/\/blogi.eoppimispalvelut.fi\/vasama\/wp-json\/wp\/v2\/types\/page"}],"author":[{"embeddable":true,"href":"https:\/\/blogi.eoppimispalvelut.fi\/vasama\/wp-json\/wp\/v2\/users\/39786"}],"replies":[{"embeddable":true,"href":"https:\/\/blogi.eoppimispalvelut.fi\/vasama\/wp-json\/wp\/v2\/comments?post=154"}],"version-history":[{"count":4,"href":"https:\/\/blogi.eoppimispalvelut.fi\/vasama\/wp-json\/wp\/v2\/pages\/154\/revisions"}],"predecessor-version":[{"id":310,"href":"https:\/\/blogi.eoppimispalvelut.fi\/vasama\/wp-json\/wp\/v2\/pages\/154\/revisions\/310"}],"up":[{"embeddable":true,"href":"https:\/\/blogi.eoppimispalvelut.fi\/vasama\/wp-json\/wp\/v2\/pages\/152"}],"wp:attachment":[{"href":"https:\/\/blogi.eoppimispalvelut.fi\/vasama\/wp-json\/wp\/v2\/media?parent=154"}],"curies":[{"name":"wp","href":"https:\/\/api.w.org\/{rel}","templated":true}]}}