{"id":156,"date":"2023-10-26T11:55:42","date_gmt":"2023-10-26T08:55:42","guid":{"rendered":"https:\/\/blogi.eoppimispalvelut.fi\/vasama\/?page_id=156"},"modified":"2023-11-06T09:41:37","modified_gmt":"2023-11-06T07:41:37","slug":"evasalauta","status":"publish","type":"page","link":"https:\/\/blogi.eoppimispalvelut.fi\/vasama\/kayttoliittyma\/evasalauta\/","title":{"rendered":"Evasalauta ty\u00f6njohtaja"},"content":{"rendered":"\n<div class=\"wp-block-columns is-layout-flex wp-container-core-columns-is-layout-28f84493 wp-block-columns-is-layout-flex\">\n<div class=\"wp-block-column is-layout-flow wp-block-column-is-layout-flow\">\n<figure class=\"wp-block-image size-full\"><img loading=\"lazy\" decoding=\"async\" width=\"707\" height=\"941\" src=\"https:\/\/blogi.eoppimispalvelut.fi\/vasama\/files\/2023\/10\/tyonjohtaja_main.png\" alt=\"\" class=\"wp-image-297\" srcset=\"https:\/\/blogi.eoppimispalvelut.fi\/vasama\/files\/2023\/10\/tyonjohtaja_main.png 707w, https:\/\/blogi.eoppimispalvelut.fi\/vasama\/files\/2023\/10\/tyonjohtaja_main-225x300.png 225w\" sizes=\"auto, (max-width: 707px) 100vw, 707px\" \/><\/figure>\n<\/div>\n\n\n\n<div class=\"wp-block-column is-layout-flow wp-block-column-is-layout-flow\">\n<figure class=\"wp-block-image size-full\"><img loading=\"lazy\" decoding=\"async\" width=\"705\" height=\"937\" src=\"https:\/\/blogi.eoppimispalvelut.fi\/vasama\/files\/2023\/10\/tyonjohtaja_lista.png\" alt=\"\" class=\"wp-image-298\" srcset=\"https:\/\/blogi.eoppimispalvelut.fi\/vasama\/files\/2023\/10\/tyonjohtaja_lista.png 705w, https:\/\/blogi.eoppimispalvelut.fi\/vasama\/files\/2023\/10\/tyonjohtaja_lista-226x300.png 226w\" sizes=\"auto, (max-width: 705px) 100vw, 705px\" \/><\/figure>\n<\/div>\n<\/div>\n\n\n\n<p>Evasalauta ty\u00f6njohtaja-sovellukseen tulee kaikki katselijoiden, evasalauta kattelija-sovellukselta, l\u00e4hetetyt ehdotukset. Ty\u00f6njohtaja voi tarkkailla kattelun etenemist\u00e4 sovelluksesta ja luovuttaa vasat omistajilleen.<\/p>\n\n\n\n<div class=\"wp-block-buttons is-layout-flex wp-block-buttons-is-layout-flex\">\n<div class=\"wp-block-button\"><a class=\"wp-block-button__link wp-element-button\" href=\"https:\/\/xd.adobe.com\/view\/e638f155-e653-4d68-87df-df85f2603f8e-b36b\/\">Linkki ty\u00f6njohtajan eVasalautaan<\/a><\/div>\n<\/div>\n\n\n\n<div class=\"wp-block-file\"><a id=\"wp-block-file--media-381e8ebb-b604-469d-9ea8-d2fa47661fa7\" href=\"https:\/\/blogi.eoppimispalvelut.fi\/vasama\/files\/2023\/10\/eVasalauta-Tyonjohtajan-tabletti-v3.xd_.zip\">eVasalauta-Tyonjohtajan-tabletti-k\u00e4ytt\u00f6liittym\u00e4kuvaus<\/a><a href=\"https:\/\/blogi.eoppimispalvelut.fi\/vasama\/files\/2023\/10\/eVasalauta-Tyonjohtajan-tabletti-v3.xd_.zip\" class=\"wp-block-file__button wp-element-button\" download aria-describedby=\"wp-block-file--media-381e8ebb-b604-469d-9ea8-d2fa47661fa7\">LATAA<\/a><\/div>\n","protected":false},"excerpt":{"rendered":"<p>Evasalauta ty\u00f6njohtaja-sovellukseen tulee kaikki katselijoiden, evasalauta kattelija-sovellukselta, l\u00e4hetetyt ehdotukset. Ty\u00f6njohtaja voi tarkkailla kattelun etenemist\u00e4 sovelluksesta ja luovuttaa vasat omistajilleen.<\/p>\n","protected":false},"author":39786,"featured_media":0,"parent":152,"menu_order":0,"comment_status":"closed","ping_status":"closed","template":"","meta":{"footnotes":""},"class_list":["post-156","page","type-page","status-publish","hentry"],"_links":{"self":[{"href":"https:\/\/blogi.eoppimispalvelut.fi\/vasama\/wp-json\/wp\/v2\/pages\/156","targetHints":{"allow":["GET"]}}],"collection":[{"href":"https:\/\/blogi.eoppimispalvelut.fi\/vasama\/wp-json\/wp\/v2\/pages"}],"about":[{"href":"https:\/\/blogi.eoppimispalvelut.fi\/vasama\/wp-json\/wp\/v2\/types\/page"}],"author":[{"embeddable":true,"href":"https:\/\/blogi.eoppimispalvelut.fi\/vasama\/wp-json\/wp\/v2\/users\/39786"}],"replies":[{"embeddable":true,"href":"https:\/\/blogi.eoppimispalvelut.fi\/vasama\/wp-json\/wp\/v2\/comments?post=156"}],"version-history":[{"count":4,"href":"https:\/\/blogi.eoppimispalvelut.fi\/vasama\/wp-json\/wp\/v2\/pages\/156\/revisions"}],"predecessor-version":[{"id":309,"href":"https:\/\/blogi.eoppimispalvelut.fi\/vasama\/wp-json\/wp\/v2\/pages\/156\/revisions\/309"}],"up":[{"embeddable":true,"href":"https:\/\/blogi.eoppimispalvelut.fi\/vasama\/wp-json\/wp\/v2\/pages\/152"}],"wp:attachment":[{"href":"https:\/\/blogi.eoppimispalvelut.fi\/vasama\/wp-json\/wp\/v2\/media?parent=156"}],"curies":[{"name":"wp","href":"https:\/\/api.w.org\/{rel}","templated":true}]}}