{"id":161,"date":"2023-10-26T11:57:34","date_gmt":"2023-10-26T08:57:34","guid":{"rendered":"https:\/\/blogi.eoppimispalvelut.fi\/vasama\/?page_id=161"},"modified":"2023-10-31T18:51:58","modified_gmt":"2023-10-31T16:51:58","slug":"web-ikkuna","status":"publish","type":"page","link":"https:\/\/blogi.eoppimispalvelut.fi\/vasama\/kayttoliittyma\/web-ikkuna\/","title":{"rendered":"Web-ikkuna"},"content":{"rendered":"\n<figure class=\"wp-block-image alignwide size-full\"><img loading=\"lazy\" decoding=\"async\" width=\"480\" height=\"252\" src=\"https:\/\/blogi.eoppimispalvelut.fi\/vasama\/files\/2023\/10\/web_ikkuna-1.png\" alt=\"\" class=\"wp-image-302\" srcset=\"https:\/\/blogi.eoppimispalvelut.fi\/vasama\/files\/2023\/10\/web_ikkuna-1.png 480w, https:\/\/blogi.eoppimispalvelut.fi\/vasama\/files\/2023\/10\/web_ikkuna-1-300x158.png 300w\" sizes=\"auto, (max-width: 480px) 100vw, 480px\" \/><\/figure>\n\n\n\n<p>Web-k\u00e4ytt\u00f6liittym\u00e4ll\u00e4 voidaan hakea pilveen tallennetut tiedot vasamerkinn\u00f6ist\u00e4 ja erotuksista ja muodostaa n\u00e4iden pohjalta tiedostot lukuporoon liitett\u00e4v\u00e4ksi. <\/p>\n\n\n\n<div class=\"wp-block-file\"><a id=\"wp-block-file--media-1bef4ffb-886e-4cc1-82c8-d096d523935d\" href=\"https:\/\/blogi.eoppimispalvelut.fi\/vasama\/files\/2023\/10\/Vasama_Web.xd_.zip\">Vasama_Web-k\u00e4ytt\u00f6liittym\u00e4kuvaus<\/a><a href=\"https:\/\/blogi.eoppimispalvelut.fi\/vasama\/files\/2023\/10\/Vasama_Web.xd_.zip\" class=\"wp-block-file__button wp-element-button\" download aria-describedby=\"wp-block-file--media-1bef4ffb-886e-4cc1-82c8-d096d523935d\">LATAA<\/a><\/div>\n","protected":false},"excerpt":{"rendered":"<p>Web-k\u00e4ytt\u00f6liittym\u00e4ll\u00e4 voidaan hakea pilveen tallennetut tiedot vasamerkinn\u00f6ist\u00e4 ja erotuksista ja muodostaa n\u00e4iden pohjalta tiedostot lukuporoon liitett\u00e4v\u00e4ksi.<\/p>\n","protected":false},"author":39786,"featured_media":0,"parent":152,"menu_order":0,"comment_status":"closed","ping_status":"closed","template":"","meta":{"footnotes":""},"class_list":["post-161","page","type-page","status-publish","hentry"],"_links":{"self":[{"href":"https:\/\/blogi.eoppimispalvelut.fi\/vasama\/wp-json\/wp\/v2\/pages\/161","targetHints":{"allow":["GET"]}}],"collection":[{"href":"https:\/\/blogi.eoppimispalvelut.fi\/vasama\/wp-json\/wp\/v2\/pages"}],"about":[{"href":"https:\/\/blogi.eoppimispalvelut.fi\/vasama\/wp-json\/wp\/v2\/types\/page"}],"author":[{"embeddable":true,"href":"https:\/\/blogi.eoppimispalvelut.fi\/vasama\/wp-json\/wp\/v2\/users\/39786"}],"replies":[{"embeddable":true,"href":"https:\/\/blogi.eoppimispalvelut.fi\/vasama\/wp-json\/wp\/v2\/comments?post=161"}],"version-history":[{"count":2,"href":"https:\/\/blogi.eoppimispalvelut.fi\/vasama\/wp-json\/wp\/v2\/pages\/161\/revisions"}],"predecessor-version":[{"id":305,"href":"https:\/\/blogi.eoppimispalvelut.fi\/vasama\/wp-json\/wp\/v2\/pages\/161\/revisions\/305"}],"up":[{"embeddable":true,"href":"https:\/\/blogi.eoppimispalvelut.fi\/vasama\/wp-json\/wp\/v2\/pages\/152"}],"wp:attachment":[{"href":"https:\/\/blogi.eoppimispalvelut.fi\/vasama\/wp-json\/wp\/v2\/media?parent=161"}],"curies":[{"name":"wp","href":"https:\/\/api.w.org\/{rel}","templated":true}]}}