{"id":56,"date":"2023-10-26T08:02:39","date_gmt":"2023-10-26T05:02:39","guid":{"rendered":"https:\/\/blogi.eoppimispalvelut.fi\/vasama\/?page_id=56"},"modified":"2023-10-31T15:20:14","modified_gmt":"2023-10-31T13:20:14","slug":"laitteisto","status":"publish","type":"page","link":"https:\/\/blogi.eoppimispalvelut.fi\/vasama\/laitteisto\/","title":{"rendered":"Laitteisto"},"content":{"rendered":"\n<p>Dataturvallisuus ja toimintavarmuus ovat kriittiset vaatimukset ker\u00e4tt\u00e4v\u00e4lle tiedolle. Tyypillisesti j\u00e4rjestelm\u00e4t ker\u00e4\u00e4v\u00e4t tiedot pilvipalveluun, eli k\u00e4ytt\u00f6liittym\u00e4 l\u00e4hett\u00e4\u00e4 kaikki tallennukset internetin kautta palvelimelle. T\u00e4ll\u00f6in data on turvassa palvelimella, jotka ovat infrastruktuuriltaan rakennettu mahdollisimman luotettavaksi. Toimintavarmuus on taattu suojaamalla k\u00e4ytt\u00f6p\u00e4\u00e4te esim. p\u00e4rskeilt\u00e4. Toiminta pohjautuu esim. teollisuusalueella sijaitsevan toimitilan internet-yhteyteen luotettavaan toimintaan.<\/p>\n\n\n\n<p>Porotaloudessa dataturvallisuus ja toimintavarmuus ovat suuri tekninen haaste. Jos tiedonkeruu tapahtuu ilman internet-yhteytt\u00e4, kriittinen ker\u00e4tty tieto sijaitsee vain paikalla olevassa laitteessa. Jos laite sammuu esim. keliolosuhteiden aiheuttaman akun loppumisen takia, tiedonkeruu pys\u00e4htyy. Jos laite hajoaa maasto-olosuhteissa, kaikki ker\u00e4tty tieto menetet\u00e4\u00e4n. Tavallisissa olosuhteissa t\u00e4llaiset hajoamiset ja virran loppumiset eiv\u00e4t ole erityisen todenn\u00e4k\u00f6isi\u00e4, jos n\u00e4ihin on varauduttu. Porotaloudessa maastossa tapahtuvan tiedonkeruun aikana t\u00e4llaiset laitteisto-ongelmat ovat oletetusti huomattavan todenn\u00e4k\u00f6isi\u00e4. T\u00e4st\u00e4 syyst\u00e4 suunnittelun tulee pohjautua siihen, ett\u00e4 laitteisto-ongelmia tulee tapahtumaan. Toteutus ilman internet-yhteytt\u00e4 vaatii varmuuskopioinnin toteuttamisen maastossa. Toisin sanoen: jos pilvipalvelu ei ole tavoitettavissa, pilvipalvelu tulee tuoda maastoon.<\/p>\n\n\n\n<p>Dataturvallisuuden toteuttaminen ilman internet-yhteytt\u00e4 vaatii toisen fyysisen sijainnin, jonne ker\u00e4tty data varmuuskopioidaan. Jos k\u00e4ytt\u00e4\u00e4 tietotekniikan varmuuskopioinnin ja tiedonsiirron vakiintuneita tekniikoita, t\u00e4m\u00e4 tarkoittaa palvelintietokoneen tuomista maastoon. Vakiintuneiden tekniikoiden k\u00e4ytt\u00f6 on luotettavin toteutustapa, mutta palvelintietokoneen tuominen maasto-olosuhteisiin lis\u00e4\u00e4 kompleksisuutta sek\u00e4 toteutuksen kustannuksia, kun kohteessa keliolosuhteet ja s\u00e4hk\u00f6verkon puute eiv\u00e4t tee toteutuksesta tavanomaista.<\/p>\n\n\n\n<p>Ongelmaa voidaan l\u00e4hesty\u00e4 my\u00f6s vastaamalla kysymykseen, kuinka internet-yhteys varmennetaan maasto-olosuhteisiin. Jos paikalle luodaan riitt\u00e4v\u00e4n luotettava internet-yhteys, niin laitteiden m\u00e4\u00e4r\u00e4\u00e4 maastossa voidaan vastaavasti v\u00e4hent\u00e4\u00e4.&nbsp;<\/p>\n\n\n\n<p>Nopeudeltaan riitt\u00e4v\u00e4 internet-yhteys on sellainen, jossa tavanomainen tiedonv\u00e4litys tapahtuu kohtuullisessa ajassa. Siirrett\u00e4v\u00e4 tiedon m\u00e4\u00e4r\u00e4\/nopeus on enemm\u00e4n kuin anturilaitteiden mittaustulosten l\u00e4hett\u00e4minen, mutta v\u00e4hemm\u00e4n kuin videon katseleminen.<\/p>\n\n\n\n<p>Riitt\u00e4v\u00e4n internet-yhteyden rakentamiseen maastoon on k\u00e4yt\u00e4nn\u00f6ss\u00e4 ratkaisuna seuraavat teknologiat:<\/p>\n\n\n\n<ul class=\"wp-block-list\">\n<li>4G-verkko (3G-verkko lakkautetaan 2023 ja 2G-verkko on liian hidas)<\/li>\n\n\n\n<li>Satelliittiohjainen internet-yhteys<\/li>\n<\/ul>\n\n\n\n<p>Poronhoidon toimenpiteet tehd\u00e4\u00e4n erotuspaikoissa. 4G-verkon (LTE800, jolla on 4G-verkon suurin kantama) toimivuus erotuspaikoittain:<\/p>\n\n\n\n<div class=\"wp-block-columns is-layout-flex wp-container-core-columns-is-layout-28f84493 wp-block-columns-is-layout-flex\">\n<div class=\"wp-block-column is-layout-flow wp-block-column-is-layout-flow\">\n<figure class=\"wp-block-image size-large\"><img loading=\"lazy\" decoding=\"async\" width=\"725\" height=\"1024\" src=\"https:\/\/blogi.eoppimispalvelut.fi\/vasama\/files\/2023\/10\/Picture-1-725x1024.png\" alt=\"\" class=\"wp-image-60\" srcset=\"https:\/\/blogi.eoppimispalvelut.fi\/vasama\/files\/2023\/10\/Picture-1-725x1024.png 725w, https:\/\/blogi.eoppimispalvelut.fi\/vasama\/files\/2023\/10\/Picture-1-212x300.png 212w, https:\/\/blogi.eoppimispalvelut.fi\/vasama\/files\/2023\/10\/Picture-1.png 757w\" sizes=\"auto, (max-width: 725px) 100vw, 725px\" \/><\/figure>\n<\/div>\n\n\n\n<div class=\"wp-block-column is-layout-flow wp-block-column-is-layout-flow\">\n<figure class=\"wp-block-image size-full\"><img loading=\"lazy\" decoding=\"async\" width=\"261\" height=\"259\" src=\"https:\/\/blogi.eoppimispalvelut.fi\/vasama\/files\/2023\/10\/Picture-2.png\" alt=\"\" class=\"wp-image-61\" srcset=\"https:\/\/blogi.eoppimispalvelut.fi\/vasama\/files\/2023\/10\/Picture-2.png 261w, https:\/\/blogi.eoppimispalvelut.fi\/vasama\/files\/2023\/10\/Picture-2-150x150.png 150w\" sizes=\"auto, (max-width: 261px) 100vw, 261px\" \/><\/figure>\n<\/div>\n<\/div>\n\n\n\n<p>Erotuspaikkojen sijainti on ker\u00e4tty maanmittauslaitoksen maastotietokannasta. Verkon kuuluvuus sijainneittain on kyselty DNA:n rajapinnasta. Jos heikko yhteys riitt\u00e4\u00e4, niin internet-yhteys on mahdollisesti muodostettavissa 4G-verkon avulla n. 64% erotuspaikoista. Heikon yhteyden avulla voidaan mahdollisesti muodostaa internet-yhteys maastoon riitt\u00e4v\u00e4n laadukkaalla 4G-modeemilla. Laadukas modeemi voi maksaa esim. 400\u20ac ja liittym\u00e4 30\u20ac\/kk.<\/p>\n\n\n\n<p>Mutta ent\u00e4 erotuspaikoilla, jossa 4G-verkko ei ole saatavilla, mutta poroja on? Satelliittipohjaiset internet-yhteyspalvelut ovat suuresti kasvamassa 2020-luvulla. Starlink-palvelu on jo ostettavissa Suomessa vuodesta 2022. Oneweb-palvelu tulee mahdollisesti k\u00e4ytt\u00f6\u00f6n 2023. Palveluiden hinta sek\u00e4 nopeus ovat kilpailukykyisi\u00e4 paikallisiin ratkaisuihin. Esim. Starlink maksaa 450\u20ac + 85-110\u20ac\/kk riippuen sopimustyypist\u00e4.<\/p>\n\n\n\n<p>4G-verkko on halvempi kuin satelliitti, mutta tarkoitus eri ole korvata, vaan t\u00e4ydent\u00e4\u00e4 internet-yhteys paikoissa, joissa 4G-verkko ei ole saatavilla. Satelliittiverkon realistinen k\u00e4ytt\u00f6\u00f6notto on paljon mahdollista sen ansiosta, ett\u00e4 kaikkialle sit\u00e4 ei tarvita. Kuitenkin on huomioitava, ett\u00e4 tulevaisuutta toteuttaessa, satelliitti-internet voi hyvin mahdollisesti kilpailun ja uusien palveluntarjoajien kautta kehitty\u00e4 4G-verkon rinnalle yleiseksi tavaksi toteuttaa internet-yhteys.<\/p>\n\n\n\n<p>Satelliitti-internet-vaihtoehdot:<\/p>\n\n\n\n<ol class=\"wp-block-list\" type=\"1\">\n<li>Starlink (RV-sopimus, jotta palvelun voi ottaa k\u00e4ytt\u00f6\u00f6n tarpeen mukaan). 450\u20ac + 110\u20ac\/kk <a href=\"https:\/\/www.starlink.com\/rv\">https:\/\/www.starlink.com\/rv<\/a><\/li>\n\n\n\n<li>Muita vaihtoehtoja ei ole (19.12.2022)<\/li>\n<\/ol>\n\n\n\n<div class=\"wp-block-columns alignwide is-layout-flex wp-container-core-columns-is-layout-28f84493 wp-block-columns-is-layout-flex\">\n<div class=\"wp-block-column is-layout-flow wp-block-column-is-layout-flow\">\n<div class=\"wp-block-cover is-light\"><span aria-hidden=\"true\" class=\"wp-block-cover__background has-background-dim\"><\/span><img loading=\"lazy\" decoding=\"async\" width=\"139\" height=\"124\" class=\"wp-block-cover__image-background wp-image-208\" alt=\"\" src=\"https:\/\/blogi.eoppimispalvelut.fi\/vasama\/files\/2023\/10\/reititin.png\" data-object-fit=\"cover\" \/><div class=\"wp-block-cover__inner-container has-global-padding is-layout-constrained wp-block-cover-is-layout-constrained\">\n<p class=\"has-text-align-center has-base-color has-text-color has-large-font-size\">4G-reititin<\/p>\n\n\n\n<div class=\"wp-block-buttons is-content-justification-center is-layout-flex wp-container-core-buttons-is-layout-a89b3969 wp-block-buttons-is-layout-flex\">\n<div class=\"wp-block-button\"><a class=\"wp-block-button__link wp-element-button\" href=\"https:\/\/blogi.eoppimispalvelut.fi\/vasama\/laitteisto\/4g-reititin\/\">LUE LIS\u00c4\u00c4<\/a><\/div>\n<\/div>\n<\/div><\/div>\n<\/div>\n\n\n\n<div class=\"wp-block-column is-layout-flow wp-block-column-is-layout-flow\">\n<div class=\"wp-block-cover is-light\"><span aria-hidden=\"true\" class=\"wp-block-cover__background has-background-dim\"><\/span><img loading=\"lazy\" decoding=\"async\" width=\"451\" height=\"235\" class=\"wp-block-cover__image-background wp-image-210\" alt=\"\" src=\"https:\/\/blogi.eoppimispalvelut.fi\/vasama\/files\/2023\/10\/starlink.png\" data-object-fit=\"cover\" srcset=\"https:\/\/blogi.eoppimispalvelut.fi\/vasama\/files\/2023\/10\/starlink.png 451w, https:\/\/blogi.eoppimispalvelut.fi\/vasama\/files\/2023\/10\/starlink-300x156.png 300w\" sizes=\"auto, (max-width: 451px) 100vw, 451px\" \/><div class=\"wp-block-cover__inner-container has-global-padding is-layout-constrained wp-block-cover-is-layout-constrained\">\n<p class=\"has-text-align-center has-base-color has-text-color has-large-font-size\">Starlink<\/p>\n\n\n\n<div class=\"wp-block-buttons is-content-justification-center is-layout-flex wp-container-core-buttons-is-layout-a89b3969 wp-block-buttons-is-layout-flex\">\n<div class=\"wp-block-button\"><a class=\"wp-block-button__link wp-element-button\" href=\"https:\/\/blogi.eoppimispalvelut.fi\/vasama\/laitteisto\/starlink\/\">LUE LIS\u00c4\u00c4<\/a><\/div>\n<\/div>\n<\/div><\/div>\n<\/div>\n<\/div>\n\n\n\n<div class=\"wp-block-columns alignwide is-layout-flex wp-container-core-columns-is-layout-28f84493 wp-block-columns-is-layout-flex\">\n<div class=\"wp-block-column is-layout-flow wp-block-column-is-layout-flow\" style=\"flex-basis:25%\"><\/div>\n\n\n\n<div class=\"wp-block-column is-layout-flow wp-block-column-is-layout-flow\" style=\"flex-basis:50%\">\n<div class=\"wp-block-cover is-light\"><span aria-hidden=\"true\" class=\"wp-block-cover__background has-background-dim\"><\/span><img loading=\"lazy\" decoding=\"async\" width=\"270\" height=\"360\" class=\"wp-block-cover__image-background wp-image-211\" alt=\"\" src=\"https:\/\/blogi.eoppimispalvelut.fi\/vasama\/files\/2023\/10\/salkku.jpg\" data-object-fit=\"cover\" srcset=\"https:\/\/blogi.eoppimispalvelut.fi\/vasama\/files\/2023\/10\/salkku.jpg 270w, https:\/\/blogi.eoppimispalvelut.fi\/vasama\/files\/2023\/10\/salkku-225x300.jpg 225w\" sizes=\"auto, (max-width: 270px) 100vw, 270px\" \/><div class=\"wp-block-cover__inner-container has-global-padding is-layout-constrained wp-block-cover-is-layout-constrained\">\n<p class=\"has-text-align-center has-base-color has-text-color has-large-font-size\">Maastosalkku<\/p>\n\n\n\n<div class=\"wp-block-buttons is-content-justification-center is-layout-flex wp-container-core-buttons-is-layout-a89b3969 wp-block-buttons-is-layout-flex\">\n<div class=\"wp-block-button\"><a class=\"wp-block-button__link wp-element-button\" href=\"https:\/\/blogi.eoppimispalvelut.fi\/vasama\/laitteisto\/maastosalkku\/\">LUE LIS\u00c4\u00c4<\/a><\/div>\n<\/div>\n<\/div><\/div>\n<\/div>\n\n\n\n<div class=\"wp-block-column is-layout-flow wp-block-column-is-layout-flow\" style=\"flex-basis:25%\"><\/div>\n<\/div>\n","protected":false},"excerpt":{"rendered":"<p>Dataturvallisuus ja toimintavarmuus ovat kriittiset vaatimukset ker\u00e4tt\u00e4v\u00e4lle tiedolle. Tyypillisesti j\u00e4rjestelm\u00e4t ker\u00e4\u00e4v\u00e4t tiedot pilvipalveluun, eli k\u00e4ytt\u00f6liittym\u00e4 l\u00e4hett\u00e4\u00e4 kaikki tallennukset internetin kautta palvelimelle. T\u00e4ll\u00f6in data on turvassa palvelimella, jotka ovat infrastruktuuriltaan rakennettu mahdollisimman luotettavaksi. Toimintavarmuus on taattu suojaamalla k\u00e4ytt\u00f6p\u00e4\u00e4te esim. p\u00e4rskeilt\u00e4. Toiminta pohjautuu esim. teollisuusalueella sijaitsevan toimitilan internet-yhteyteen luotettavaan toimintaan. Porotaloudessa dataturvallisuus ja toimintavarmuus ovat suuri tekninen [&hellip;]<\/p>\n","protected":false},"author":4340,"featured_media":0,"parent":0,"menu_order":0,"comment_status":"closed","ping_status":"closed","template":"","meta":{"footnotes":""},"class_list":["post-56","page","type-page","status-publish","hentry"],"_links":{"self":[{"href":"https:\/\/blogi.eoppimispalvelut.fi\/vasama\/wp-json\/wp\/v2\/pages\/56","targetHints":{"allow":["GET"]}}],"collection":[{"href":"https:\/\/blogi.eoppimispalvelut.fi\/vasama\/wp-json\/wp\/v2\/pages"}],"about":[{"href":"https:\/\/blogi.eoppimispalvelut.fi\/vasama\/wp-json\/wp\/v2\/types\/page"}],"author":[{"embeddable":true,"href":"https:\/\/blogi.eoppimispalvelut.fi\/vasama\/wp-json\/wp\/v2\/users\/4340"}],"replies":[{"embeddable":true,"href":"https:\/\/blogi.eoppimispalvelut.fi\/vasama\/wp-json\/wp\/v2\/comments?post=56"}],"version-history":[{"count":6,"href":"https:\/\/blogi.eoppimispalvelut.fi\/vasama\/wp-json\/wp\/v2\/pages\/56\/revisions"}],"predecessor-version":[{"id":281,"href":"https:\/\/blogi.eoppimispalvelut.fi\/vasama\/wp-json\/wp\/v2\/pages\/56\/revisions\/281"}],"wp:attachment":[{"href":"https:\/\/blogi.eoppimispalvelut.fi\/vasama\/wp-json\/wp\/v2\/media?parent=56"}],"curies":[{"name":"wp","href":"https:\/\/api.w.org\/{rel}","templated":true}]}}