{"id":7,"date":"2023-08-02T12:59:28","date_gmt":"2023-08-02T09:59:28","guid":{"rendered":"https:\/\/blogi.eoppimispalvelut.fi\/vasama\/?page_id=7"},"modified":"2023-10-31T15:13:46","modified_gmt":"2023-10-31T13:13:46","slug":"aloitus","status":"publish","type":"page","link":"https:\/\/blogi.eoppimispalvelut.fi\/vasama\/","title":{"rendered":"Aloitus"},"content":{"rendered":"\n<div class=\"wp-block-cover alignfull\"><span aria-hidden=\"true\" class=\"wp-block-cover__background has-background-dim\"><\/span><img loading=\"lazy\" decoding=\"async\" width=\"1024\" height=\"500\" class=\"wp-block-cover__image-background wp-image-12\" alt=\"\" src=\"https:\/\/blogi.eoppimispalvelut.fi\/vasama\/files\/2023\/08\/feature_graphic-1.png\" data-object-fit=\"cover\" srcset=\"https:\/\/blogi.eoppimispalvelut.fi\/vasama\/files\/2023\/08\/feature_graphic-1.png 1024w, https:\/\/blogi.eoppimispalvelut.fi\/vasama\/files\/2023\/08\/feature_graphic-1-300x146.png 300w, https:\/\/blogi.eoppimispalvelut.fi\/vasama\/files\/2023\/08\/feature_graphic-1-768x375.png 768w\" sizes=\"auto, (max-width: 1024px) 100vw, 1024px\" \/><div class=\"wp-block-cover__inner-container is-layout-flow wp-block-cover-is-layout-flow\">\n<p class=\"has-text-align-center has-large-font-size\">S\u00e4hk\u00f6isten laitteiden k\u00e4ytt\u00f6 porotalouden t\u00f6iss\u00e4 maastossa<\/p>\n\n\n\n<h2 class=\"wp-block-heading has-text-align-center\">selvitys<\/h2>\n<\/div><\/div>\n\n\n\n<div class=\"wp-block-group alignwide is-layout-flow wp-block-group-is-layout-flow\">\n<h2 class=\"wp-block-heading\" style=\"padding-top:var(--wp--preset--spacing--50);padding-bottom:var(--wp--preset--spacing--50)\">Hankkeesta<\/h2>\n\n\n\n<p>Porotalouden suurimmat maasto-olosuhteissa suoritettavat ty\u00f6kokonaisuudet ovat juhannuskes\u00e4ll\u00e4 suoritettava vasojen merkint\u00e4 ja syyskuun lopulta alkavat poroerotukset, joissa teuraaksi myyt\u00e4v\u00e4t porot erotellaan eloon j\u00e4tett\u00e4vist\u00e4 siitosporoista. N\u00e4m\u00e4 ty\u00f6t kest\u00e4v\u00e4t usein pitk\u00e4lle tammi-helmikuulle asti. T\u00e4ss\u00e4 hankkeessa selvitettiin ja kehitettiin molempiin ty\u00f6kokonaisuuksiin s\u00e4hk\u00f6ist\u00e4 tiedonsiirtoa ja apuv\u00e4lineit\u00e4. Jo etuk\u00e4teen oli tiedossa, ett\u00e4 kynnyskysymyksen\u00e4 tulee olemaan, ei niink\u00e4\u00e4n l\u00e4mpim\u00e4n\u00e4 aikana suoritettava vasanmerkint\u00e4, vaan usein kylmiss\u00e4 ja huonoissa s\u00e4\u00e4oloissa suoritettavat poroerotukset, kuinka niihin saadaan tarvittava s\u00e4hk\u00f6inen teknologia toimimaan. Lis\u00e4ksi haasteena porot\u00f6iss\u00e4 on alati se, etteiv\u00e4t GSM-verkot toimi usein kovinkaan hyvin p\u00e4\u00e4tieverkoston ulkopuolella syrj\u00e4seuduilla.<\/p>\n\n\n\n<p>Hanke selvitti muiden maastossa s\u00e4hk\u00f6ist\u00e4 teknologiaa k\u00e4ytt\u00e4vien tahojen v\u00e4lineist\u00f6\u00e4 ja kokemuksia omien mahdollisten ratkaisujen taustaksi. Hanke otti yhteytt\u00e4 Rajavartiolaitokseen, Mets\u00e4hallitukseen ja Suomen mets\u00e4keskukseen ja tapasi n\u00e4iden organisaatioiden asiantuntijat, joilla oli tietoa ja kokemuksia tietokoneiden ja maastopaikannusv\u00e4lineiden toimivuudesta ammattikuntansa sis\u00e4ll\u00e4. K\u00e4vi ilmi, ett\u00e4 tietyll\u00e4 tavalla ollaan \u00b4luovassa tilanteessa\u00b4, jossa kaikki tahot odottavat, ett\u00e4 esimerkiksi teknologia kehittyy entist\u00e4 paremmin kest\u00e4m\u00e4\u00e4n kylm\u00e4\u00e4 tai ett\u00e4 kehitet\u00e4\u00e4n teknologialle k\u00e4tevi\u00e4 l\u00e4mmitysvaihtoehtoja, jotka mahdollistavat ty\u00f6skentelyn ulkona riippumatta s\u00e4\u00e4oloista tai huonoista tietoliikenneverkoista. Tulos haastatteluista oli, ett\u00e4 \u00e4\u00e4riolosuhteisiin tehdyt kannettavat tietokoneet, tabletit, mahdollistivat kohtuullisen hyvin ty\u00f6skentelyn ulkona my\u00f6s talvella, jos muuten s\u00e4\u00e4olot ja k\u00e4ytett\u00e4v\u00e4t tiedonsiirtoverkko-olosuhteet olivat hyv\u00e4t, mutta siit\u00e4 huolimatta monessa organisaatioissa ty\u00f6ntekij\u00e4t olivat itse tehneet ratkaisuja, joiden avulla esimerkiksi tabletteja pystyttiin l\u00e4mmitt\u00e4m\u00e4\u00e4n esimerkiksi moottorikelkan tuottamalla energialla niiden toiminnan varmistamiseksi. Asiantuntijat em. organisaatioissa olivat eritt\u00e4in tyytyv\u00e4isi\u00e4 kuullessaan, ett\u00e4 nyt my\u00f6s porotalous olisi tulossa mukaan \u00b4tilaajakantaan\u00b4 uuden teknologian suhteen. He kertoivat, ett\u00e4 ehk\u00e4 n\u00e4in tarvitsijoiden m\u00e4\u00e4r\u00e4n alkaessa moninkertaistua, teknologian valmistajat alkavat reagoida paremmin kent\u00e4ll\u00e4 kaivattaviin varmoihin ratkaisuihin, kun kuitenkin oli selv\u00e4sti n\u00e4ht\u00e4viss\u00e4 tietynlaisen v\u00e4lineist\u00f6n puute, jonka avulla s\u00e4hk\u00f6isten v\u00e4lineiden k\u00e4ytt\u00f6 olisi parempaa ja varmempaa. Heilt\u00e4 saatiin idea olla my\u00f6s yhteydess\u00e4 teknologian myyjiin ja valmistajiin.<\/p>\n\n\n\n<p>Ensimm\u00e4isen\u00e4 oltiin yhteydess\u00e4 pieneen paikallisen pohjois-suomalaiseen yritykseen, joka oli tehnyt jo aiemmin edelt\u00e4 k\u00e4yv\u00e4\u00e4 ty\u00f6t\u00e4 mm. k\u00e4nnyk\u00f6iden ja tietoliikenneyhteyksien toiminnan varmistamiseksi maasto-olosuhteissa koneiden avulla liikuttaessa l\u00e4mmitett\u00e4vien koteloiden avulla. K\u00e4vi ilmi, ett\u00e4 t\u00e4m\u00e4 pieni toimija oli edelleen suurempaa, hitaammin reagoivaa teollisuutta edell\u00e4. H\u00e4nell\u00e4 oli jo valmistellut ajatukset ja \u00b4piirustukset\u00b4 siit\u00e4, kuinka seuraava askel s\u00e4hk\u00f6isten v\u00e4lineiden k\u00e4ytt\u00f6\u00f6n maastossa otetaan, kun k\u00e4yt\u00f6ss\u00e4 maastossa ei ole en\u00e4\u00e4 pelkk\u00e4 k\u00e4nnykk\u00e4 vaan my\u00f6s tabletti. My\u00f6s t\u00e4m\u00e4 toimija oli hyvill\u00e4\u00e4n poronhoidon liittymisest\u00e4 mukaan tarvitsijoiden joukkoon, sill\u00e4 h\u00e4nenkin mukaansa kyse oli vain siit\u00e4, ett\u00e4 kun kysynt\u00e4\u00e4 tulee riitt\u00e4v\u00e4sti, niin tarjontakin alkaa lopulta reagoida. H\u00e4n oli valmis yhteisty\u00f6h\u00f6n poronhoidon kanssa mahdollisessa jatkohankkeessa.<\/p>\n\n\n\n<p>Hanke otti yhteytt\u00e4 Rovaniemell\u00e4 maastoliikkumisv\u00e4lineit\u00e4 myyviin asiantuntijoihin ja heid\u00e4n kuulemisensa j\u00e4lkeen varmistui se, ett\u00e4 hankkeen kannatti olla yhteydess\u00e4 my\u00f6s Rovaniemell\u00e4 toimivaan suureen maastoliikkumisv\u00e4lineit\u00e4 valmistavaan BRP Finland Oy -yhti\u00f6\u00f6n. Kun t\u00e4ll\u00e4 tehtaalla kuultiin, mill\u00e4 asialla hanke oli, hanke sai v\u00e4litt\u00f6m\u00e4sti kutsun tulla kertomaan siihen asti ker\u00e4tyist\u00e4 tiedoista ja k\u00e4ytt\u00e4jien toiveista heid\u00e4n tuotekehitt\u00e4jilleen. Palaveri j\u00e4rjestettiin, tietoja vaihdettiin puolin ja toisin ja vaikutelma oli, ett\u00e4 jo aiemmin kuullut tahot olivat olleet oikeassa, ett\u00e4 kun poronhoitajat alkavat tilata mm. l\u00e4mmitett\u00e4vi\u00e4 tablettikoteloita moottorikelkkoihin ajajan eteen k\u00e4tev\u00e4sti sijoitettuna, niin vihdoinkin alkaa jotakin tapahtua. Kaikki, mit\u00e4 hanke kertoi ja perusteli s\u00e4hk\u00f6isten tietoteknisten v\u00e4lineiden k\u00e4yt\u00f6st\u00e4 maastossa, kirjattiin yl\u00f6s sill\u00e4 toteamuksella, ettei pelkk\u00e4 l\u00e4mmitett\u00e4v\u00e4 k\u00e4nnykk\u00e4kotelo moottorikelkassa en\u00e4\u00e4 riitt\u00e4ne tulevaisuudessa, vaan tarvitaan lis\u00e4ratkaisuja.<\/p>\n\n\n\n<p>Em. tahoja kuultuaan hanke kehitti nk. teknoboksin poronhoidon k\u00e4ytt\u00f6\u00f6n, sill\u00e4 ellei s\u00e4\u00e4olojen ja yhteysongelmien varalta ole ratkaistu paliskuntien maastoty\u00f6ymp\u00e4rist\u00f6iss\u00e4 tapahtuva tietoteknologian k\u00e4ytt\u00f6\u00e4, asiat eiv\u00e4t etene. Boksi on kovamuovinen, ostoskassin vetoinen eristetty laatikko, jossa paliskunnan k\u00e4yt\u00f6ss\u00e4 olevia maastossa k\u00e4ytett\u00e4v\u00e4\u00e4 tablettia, sen energianl\u00e4htein\u00e4 toimivia akkuja ja muita s\u00e4hk\u00f6isi\u00e4 ty\u00f6v\u00e4lineit\u00e4 s\u00e4ilytet\u00e4\u00e4n ja josta saadaan energiaa pistokkeiden avulla my\u00f6s mahdollisesti tarvittaviin muihinkin laitteisiin (esim. viivakoodilukija). <a href=\"https:\/\/blogi.eoppimispalvelut.fi\/vasama\/laitteisto\/maastosalkku\/\" data-type=\"page\" data-id=\"78\">Lue lis\u00e4\u00e4 boksista t\u00e4\u00e4lt\u00e4<\/a><\/p>\n<\/div>\n\n\n\n<div class=\"wp-block-cover is-light\" style=\"min-height:241px;aspect-ratio:unset;\"><span aria-hidden=\"true\" class=\"wp-block-cover__background has-background-dim-30 has-background-dim\"><\/span><img loading=\"lazy\" decoding=\"async\" width=\"1226\" height=\"652\" class=\"wp-block-cover__image-background wp-image-240\" alt=\"\" src=\"https:\/\/blogi.eoppimispalvelut.fi\/vasama\/files\/2023\/10\/Screenshot-2023-10-26-at-16.26.57.png\" style=\"object-position:0% 0%\" data-object-fit=\"cover\" data-object-position=\"0% 0%\" srcset=\"https:\/\/blogi.eoppimispalvelut.fi\/vasama\/files\/2023\/10\/Screenshot-2023-10-26-at-16.26.57.png 1226w, https:\/\/blogi.eoppimispalvelut.fi\/vasama\/files\/2023\/10\/Screenshot-2023-10-26-at-16.26.57-300x160.png 300w, https:\/\/blogi.eoppimispalvelut.fi\/vasama\/files\/2023\/10\/Screenshot-2023-10-26-at-16.26.57-1024x545.png 1024w, https:\/\/blogi.eoppimispalvelut.fi\/vasama\/files\/2023\/10\/Screenshot-2023-10-26-at-16.26.57-768x408.png 768w\" sizes=\"auto, (max-width: 1226px) 100vw, 1226px\" \/><div class=\"wp-block-cover__inner-container has-global-padding is-layout-constrained wp-block-cover-is-layout-constrained\">\n<div class=\"wp-block-buttons is-content-justification-center is-layout-flex wp-container-core-buttons-is-layout-a89b3969 wp-block-buttons-is-layout-flex\">\n<div class=\"wp-block-button\"><a class=\"wp-block-button__link wp-element-button\" href=\"https:\/\/www.lapinamk.fi\/fi\/Yrityksille-ja-yhteisoille\/Tutkimus,-kehitys-ja-innovaatiot\/Teollisuuden-ja-luonnonvarojen-osaamisala\/Vasama\">Lis\u00e4\u00e4 tietoa hankkeesta my\u00f6s Lapin AMK:n sivuilta<\/a><\/div>\n<\/div>\n<\/div><\/div>\n\n\n\n<h2 class=\"wp-block-heading\" style=\"padding-top:var(--wp--preset--spacing--50);padding-right:var(--wp--preset--spacing--50);padding-bottom:var(--wp--preset--spacing--50);padding-left:var(--wp--preset--spacing--50)\">Mobiilisovellus<\/h2>\n\n\n\n<p>Hankkeessa kehitettiin valmis Play- ja App store \u2013kaupoista saatava mobiilisovellus. Sen avulla testattiin suunniteltujen mobiilisovelluksen osa-alueiden toimivuutta ilman internet-yhteytt\u00e4. Lis\u00e4ksi se toimii demonstraationa poronhoitoalalle digitalisaation eduista.<\/p>\n\n\n\n<div class=\"wp-block-columns alignwide is-layout-flex wp-container-core-columns-is-layout-28f84493 wp-block-columns-is-layout-flex\">\n<div class=\"wp-block-column is-layout-flow wp-block-column-is-layout-flow\" style=\"flex-basis:50%\">\n<figure class=\"wp-block-image aligncenter size-full has-custom-border\"><img loading=\"lazy\" decoding=\"async\" width=\"512\" height=\"512\" src=\"https:\/\/blogi.eoppimispalvelut.fi\/vasama\/files\/2023\/08\/logo.png\" alt=\"\" class=\"wp-image-28\" style=\"border-radius:100px\" srcset=\"https:\/\/blogi.eoppimispalvelut.fi\/vasama\/files\/2023\/08\/logo.png 512w, https:\/\/blogi.eoppimispalvelut.fi\/vasama\/files\/2023\/08\/logo-300x300.png 300w, https:\/\/blogi.eoppimispalvelut.fi\/vasama\/files\/2023\/08\/logo-150x150.png 150w\" sizes=\"auto, (max-width: 512px) 100vw, 512px\" \/><\/figure>\n<\/div>\n\n\n\n<div class=\"wp-block-column is-vertically-aligned-center is-layout-flow wp-block-column-is-layout-flow\" style=\"flex-basis:50%\">\n<p class=\"has-x-large-font-size\"><strong>Korvamerkit<\/strong><\/p>\n\n\n\n<p class=\"has-small-font-size\">Korvamerkkihaku yhteydett\u00f6m\u00e4\u00e4n tilaan -ohjelma<\/p>\n\n\n\n<div class=\"wp-block-columns is-layout-flex wp-container-core-columns-is-layout-28f84493 wp-block-columns-is-layout-flex\">\n<div class=\"wp-block-column is-vertically-aligned-center is-layout-flow wp-block-column-is-layout-flow\">\n<figure class=\"wp-block-image alignleft size-full is-resized\"><a href=\"https:\/\/play.google.com\/store\/apps\/details?id=fi.frostbit.earmark\"><img loading=\"lazy\" decoding=\"async\" width=\"153\" height=\"45\" src=\"https:\/\/blogi.eoppimispalvelut.fi\/vasama\/files\/2023\/08\/play.png\" alt=\"\" class=\"wp-image-32\" style=\"width:150px\" srcset=\"https:\/\/blogi.eoppimispalvelut.fi\/vasama\/files\/2023\/08\/play.png 153w, https:\/\/blogi.eoppimispalvelut.fi\/vasama\/files\/2023\/08\/play-150x45.png 150w\" sizes=\"auto, (max-width: 153px) 100vw, 153px\" \/><\/a><\/figure>\n<\/div>\n\n\n\n<div class=\"wp-block-column is-vertically-aligned-center is-layout-flow wp-block-column-is-layout-flow\">\n<figure class=\"wp-block-image alignleft size-full is-resized\"><a href=\"https:\/\/apps.apple.com\/fi\/app\/korvamerkit\/id1664745947?l=fi\"><img loading=\"lazy\" decoding=\"async\" width=\"256\" height=\"256\" src=\"https:\/\/blogi.eoppimispalvelut.fi\/vasama\/files\/2023\/08\/app-store-badge.png\" alt=\"\" class=\"wp-image-33\" style=\"width:150px\" srcset=\"https:\/\/blogi.eoppimispalvelut.fi\/vasama\/files\/2023\/08\/app-store-badge.png 256w, https:\/\/blogi.eoppimispalvelut.fi\/vasama\/files\/2023\/08\/app-store-badge-150x150.png 150w\" sizes=\"auto, (max-width: 256px) 100vw, 256px\" \/><\/a><\/figure>\n<\/div>\n<\/div>\n<\/div>\n<\/div>\n\n\n\n<h2 class=\"wp-block-heading\" style=\"padding-top:var(--wp--preset--spacing--50);padding-right:var(--wp--preset--spacing--50);padding-bottom:var(--wp--preset--spacing--50);padding-left:var(--wp--preset--spacing--50)\">Porotalouden digitalisoinnin suunnittelu<\/h2>\n\n\n\n<p>Digitalisaation suunnitteluty\u00f6n tuloksien raportteja. Lue, miten hankkeessa eri osa-alueiden digitalisaation toteuttamista suunniteltiin.<\/p>\n\n\n\n<div class=\"wp-block-columns alignwide is-layout-flex wp-container-core-columns-is-layout-28f84493 wp-block-columns-is-layout-flex\">\n<div class=\"wp-block-column is-layout-flow wp-block-column-is-layout-flow\">\n<div class=\"wp-block-cover\"><span aria-hidden=\"true\" class=\"wp-block-cover__background has-background-dim-70 has-background-dim\"><\/span><img loading=\"lazy\" decoding=\"async\" width=\"236\" height=\"480\" class=\"wp-block-cover__image-background wp-image-149\" alt=\"\" src=\"https:\/\/blogi.eoppimispalvelut.fi\/vasama\/files\/2023\/10\/korvamerkit_ohjelma.png\" style=\"object-position:37% 41%\" data-object-fit=\"cover\" data-object-position=\"37% 41%\" srcset=\"https:\/\/blogi.eoppimispalvelut.fi\/vasama\/files\/2023\/10\/korvamerkit_ohjelma.png 236w, https:\/\/blogi.eoppimispalvelut.fi\/vasama\/files\/2023\/10\/korvamerkit_ohjelma-148x300.png 148w\" sizes=\"auto, (max-width: 236px) 100vw, 236px\" \/><div class=\"wp-block-cover__inner-container is-layout-flow wp-block-cover-is-layout-flow\">\n<p class=\"has-text-align-center has-base-color has-text-color has-large-font-size\">Korvamerkit-ohjelma<\/p>\n\n\n\n<div class=\"wp-block-buttons is-content-justification-center is-layout-flex wp-container-core-buttons-is-layout-a89b3969 wp-block-buttons-is-layout-flex\">\n<div class=\"wp-block-button\"><a class=\"wp-block-button__link wp-element-button\" href=\"https:\/\/blogi.eoppimispalvelut.fi\/vasama\/korvamerkit-ohjelma\/\">LUE LIS\u00c4\u00c4<\/a><\/div>\n<\/div>\n<\/div><\/div>\n<\/div>\n\n\n\n<div class=\"wp-block-column is-layout-flow wp-block-column-is-layout-flow\">\n<div class=\"wp-block-cover\"><span aria-hidden=\"true\" class=\"wp-block-cover__background has-background-dim-70 has-background-dim\"><\/span><img loading=\"lazy\" decoding=\"async\" width=\"451\" height=\"235\" class=\"wp-block-cover__image-background wp-image-66\" alt=\"\" src=\"https:\/\/blogi.eoppimispalvelut.fi\/vasama\/files\/2023\/10\/Picture-3.png\" data-object-fit=\"cover\" srcset=\"https:\/\/blogi.eoppimispalvelut.fi\/vasama\/files\/2023\/10\/Picture-3.png 451w, https:\/\/blogi.eoppimispalvelut.fi\/vasama\/files\/2023\/10\/Picture-3-300x156.png 300w\" sizes=\"auto, (max-width: 451px) 100vw, 451px\" \/><div class=\"wp-block-cover__inner-container is-layout-flow wp-block-cover-is-layout-flow\">\n<p class=\"has-text-align-center has-base-color has-text-color has-large-font-size\">Laitteisto<\/p>\n\n\n\n<div class=\"wp-block-buttons is-content-justification-center is-layout-flex wp-container-core-buttons-is-layout-a89b3969 wp-block-buttons-is-layout-flex\">\n<div class=\"wp-block-button\"><a class=\"wp-block-button__link wp-element-button\" href=\"https:\/\/blogi.eoppimispalvelut.fi\/vasama\/laitteisto\/\">LUE LIS\u00c4\u00c4<\/a><\/div>\n<\/div>\n<\/div><\/div>\n<\/div>\n<\/div>\n\n\n\n<div class=\"wp-block-columns alignwide is-layout-flex wp-container-core-columns-is-layout-28f84493 wp-block-columns-is-layout-flex\">\n<div class=\"wp-block-column is-layout-flow wp-block-column-is-layout-flow\">\n<div class=\"wp-block-cover\"><span aria-hidden=\"true\" class=\"wp-block-cover__background has-background-dim-70 has-background-dim\"><\/span><img loading=\"lazy\" decoding=\"async\" width=\"876\" height=\"754\" class=\"wp-block-cover__image-background wp-image-30\" alt=\"\" src=\"https:\/\/blogi.eoppimispalvelut.fi\/vasama\/files\/2023\/08\/Screenshot-2023-08-02-at-13.21.10.png\" data-object-fit=\"cover\" srcset=\"https:\/\/blogi.eoppimispalvelut.fi\/vasama\/files\/2023\/08\/Screenshot-2023-08-02-at-13.21.10.png 876w, https:\/\/blogi.eoppimispalvelut.fi\/vasama\/files\/2023\/08\/Screenshot-2023-08-02-at-13.21.10-300x258.png 300w, https:\/\/blogi.eoppimispalvelut.fi\/vasama\/files\/2023\/08\/Screenshot-2023-08-02-at-13.21.10-768x661.png 768w\" sizes=\"auto, (max-width: 876px) 100vw, 876px\" \/><div class=\"wp-block-cover__inner-container is-layout-flow wp-block-cover-is-layout-flow\">\n<p class=\"has-text-align-center has-base-color has-text-color has-large-font-size\">K\u00e4ytt\u00f6liittym\u00e4<\/p>\n\n\n\n<div class=\"wp-block-buttons is-content-justification-center is-layout-flex wp-container-core-buttons-is-layout-a89b3969 wp-block-buttons-is-layout-flex\">\n<div class=\"wp-block-button\"><a class=\"wp-block-button__link wp-element-button\" href=\"https:\/\/blogi.eoppimispalvelut.fi\/vasama\/kayttoliittyma\/\">LUE LIS\u00c4\u00c4<\/a><\/div>\n<\/div>\n<\/div><\/div>\n<\/div>\n\n\n\n<div class=\"wp-block-column is-layout-flow wp-block-column-is-layout-flow\">\n<div class=\"wp-block-cover\"><span aria-hidden=\"true\" class=\"wp-block-cover__background has-background-dim-70 has-background-dim\"><\/span><img loading=\"lazy\" decoding=\"async\" width=\"825\" height=\"713\" class=\"wp-block-cover__image-background wp-image-31\" alt=\"\" src=\"https:\/\/blogi.eoppimispalvelut.fi\/vasama\/files\/2023\/08\/Screenshot-2023-08-02-at-13.24.12.png\" data-object-fit=\"cover\" srcset=\"https:\/\/blogi.eoppimispalvelut.fi\/vasama\/files\/2023\/08\/Screenshot-2023-08-02-at-13.24.12.png 825w, https:\/\/blogi.eoppimispalvelut.fi\/vasama\/files\/2023\/08\/Screenshot-2023-08-02-at-13.24.12-300x259.png 300w, https:\/\/blogi.eoppimispalvelut.fi\/vasama\/files\/2023\/08\/Screenshot-2023-08-02-at-13.24.12-768x664.png 768w\" sizes=\"auto, (max-width: 825px) 100vw, 825px\" \/><div class=\"wp-block-cover__inner-container is-layout-flow wp-block-cover-is-layout-flow\">\n<p class=\"has-text-align-center has-base-color has-text-color has-large-font-size\">J\u00e4rjestelm\u00e4 ja tietokanta<\/p>\n\n\n\n<div class=\"wp-block-buttons is-content-justification-center is-layout-flex wp-container-core-buttons-is-layout-a89b3969 wp-block-buttons-is-layout-flex\">\n<div class=\"wp-block-button\"><a class=\"wp-block-button__link wp-element-button\" href=\"https:\/\/blogi.eoppimispalvelut.fi\/vasama\/jarjestelma-ja-tietokanta\/\">LUE LIS\u00c4\u00c4<\/a><\/div>\n<\/div>\n<\/div><\/div>\n<\/div>\n<\/div>\n\n\n\n<div class=\"wp-block-columns alignwide is-layout-flex wp-container-core-columns-is-layout-28f84493 wp-block-columns-is-layout-flex\">\n<div class=\"wp-block-column is-layout-flow wp-block-column-is-layout-flow\">\n<div class=\"wp-block-cover\"><span aria-hidden=\"true\" class=\"wp-block-cover__background has-background-dim-70 has-background-dim\"><\/span><img loading=\"lazy\" decoding=\"async\" width=\"269\" height=\"255\" class=\"wp-block-cover__image-background wp-image-109\" alt=\"\" src=\"https:\/\/blogi.eoppimispalvelut.fi\/vasama\/files\/2023\/10\/m1.png\" data-object-fit=\"cover\" \/><div class=\"wp-block-cover__inner-container is-layout-flow wp-block-cover-is-layout-flow\">\n<p class=\"has-text-align-center has-base-color has-text-color has-large-font-size\">Tiedonsiirrosta<\/p>\n\n\n\n<div class=\"wp-block-buttons is-content-justification-center is-layout-flex wp-container-core-buttons-is-layout-a89b3969 wp-block-buttons-is-layout-flex\">\n<div class=\"wp-block-button\"><a class=\"wp-block-button__link wp-element-button\" href=\"https:\/\/blogi.eoppimispalvelut.fi\/vasama\/tiedonsiirrosta\/\">LUE LIS\u00c4\u00c4<\/a><\/div>\n<\/div>\n<\/div><\/div>\n<\/div>\n\n\n\n<div class=\"wp-block-column is-layout-flow wp-block-column-is-layout-flow\">\n<div class=\"wp-block-cover\"><span aria-hidden=\"true\" class=\"wp-block-cover__background has-background-dim-70 has-background-dim\"><\/span><img loading=\"lazy\" decoding=\"async\" width=\"277\" height=\"168\" class=\"wp-block-cover__image-background wp-image-130\" alt=\"\" src=\"https:\/\/blogi.eoppimispalvelut.fi\/vasama\/files\/2023\/10\/vainion_teurastamo.jpg\" data-object-fit=\"cover\" \/><div class=\"wp-block-cover__inner-container is-layout-flow wp-block-cover-is-layout-flow\">\n<p class=\"has-text-align-center has-base-color has-text-color has-large-font-size\">Opetukset muualta<\/p>\n\n\n\n<div class=\"wp-block-buttons is-content-justification-center is-layout-flex wp-container-core-buttons-is-layout-a89b3969 wp-block-buttons-is-layout-flex\">\n<div class=\"wp-block-button\"><a class=\"wp-block-button__link wp-element-button\" href=\"https:\/\/blogi.eoppimispalvelut.fi\/vasama\/opetukset-muualta\/\">LUE LIS\u00c4\u00c4<\/a><\/div>\n<\/div>\n<\/div><\/div>\n<\/div>\n<\/div>\n","protected":false},"excerpt":{"rendered":"<p>Hankkeesta Porotalouden suurimmat maasto-olosuhteissa suoritettavat ty\u00f6kokonaisuudet ovat juhannuskes\u00e4ll\u00e4 suoritettava vasojen merkint\u00e4 ja syyskuun lopulta alkavat poroerotukset, joissa teuraaksi myyt\u00e4v\u00e4t porot erotellaan eloon j\u00e4tett\u00e4vist\u00e4 siitosporoista. N\u00e4m\u00e4 ty\u00f6t kest\u00e4v\u00e4t usein pitk\u00e4lle tammi-helmikuulle asti. T\u00e4ss\u00e4 hankkeessa selvitettiin ja kehitettiin molempiin ty\u00f6kokonaisuuksiin s\u00e4hk\u00f6ist\u00e4 tiedonsiirtoa ja apuv\u00e4lineit\u00e4. Jo etuk\u00e4teen oli tiedossa, ett\u00e4 kynnyskysymyksen\u00e4 tulee olemaan, ei niink\u00e4\u00e4n l\u00e4mpim\u00e4n\u00e4 aikana suoritettava [&hellip;]<\/p>\n","protected":false},"author":4340,"featured_media":0,"parent":0,"menu_order":0,"comment_status":"closed","ping_status":"closed","template":"wp-custom-template-sivu-ilman-otsikkoa","meta":{"footnotes":""},"class_list":["post-7","page","type-page","status-publish","hentry"],"_links":{"self":[{"href":"https:\/\/blogi.eoppimispalvelut.fi\/vasama\/wp-json\/wp\/v2\/pages\/7","targetHints":{"allow":["GET"]}}],"collection":[{"href":"https:\/\/blogi.eoppimispalvelut.fi\/vasama\/wp-json\/wp\/v2\/pages"}],"about":[{"href":"https:\/\/blogi.eoppimispalvelut.fi\/vasama\/wp-json\/wp\/v2\/types\/page"}],"author":[{"embeddable":true,"href":"https:\/\/blogi.eoppimispalvelut.fi\/vasama\/wp-json\/wp\/v2\/users\/4340"}],"replies":[{"embeddable":true,"href":"https:\/\/blogi.eoppimispalvelut.fi\/vasama\/wp-json\/wp\/v2\/comments?post=7"}],"version-history":[{"count":24,"href":"https:\/\/blogi.eoppimispalvelut.fi\/vasama\/wp-json\/wp\/v2\/pages\/7\/revisions"}],"predecessor-version":[{"id":279,"href":"https:\/\/blogi.eoppimispalvelut.fi\/vasama\/wp-json\/wp\/v2\/pages\/7\/revisions\/279"}],"wp:attachment":[{"href":"https:\/\/blogi.eoppimispalvelut.fi\/vasama\/wp-json\/wp\/v2\/media?parent=7"}],"curies":[{"name":"wp","href":"https:\/\/api.w.org\/{rel}","templated":true}]}}