{"id":78,"date":"2023-10-26T08:12:09","date_gmt":"2023-10-26T05:12:09","guid":{"rendered":"https:\/\/blogi.eoppimispalvelut.fi\/vasama\/?page_id=78"},"modified":"2023-10-31T14:08:23","modified_gmt":"2023-10-31T12:08:23","slug":"maastosalkku","status":"publish","type":"page","link":"https:\/\/blogi.eoppimispalvelut.fi\/vasama\/laitteisto\/maastosalkku\/","title":{"rendered":"Maastosalkku"},"content":{"rendered":"\n<p>4G-reititin sellaisenaan akun kanssa olisi haastava ottaa k\u00e4ytt\u00f6\u00f6n maastossa. Internet-yhteyden rakentaminen 4G-reitittimen avulla pyrittiin rakentamaan helppok\u00e4ytt\u00f6iseksi paketoimalla kaikki tarvittava yhden vesi- ja p\u00f6lytiiviin salkun sis\u00e4\u00e4n. T\u00e4m\u00e4 on my\u00f6s olennaista testilaitteena olevan Teltonika RUT241 -laitteen k\u00e4yt\u00f6n kannalta, sill\u00e4 sit\u00e4 ei ole p\u00f6ly- ja roiskesuojattu.<\/p>\n\n\n\n<figure class=\"wp-block-image size-full\"><img loading=\"lazy\" decoding=\"async\" width=\"270\" height=\"360\" src=\"https:\/\/blogi.eoppimispalvelut.fi\/vasama\/files\/2023\/10\/s.jpg\" alt=\"\" class=\"wp-image-79\" srcset=\"https:\/\/blogi.eoppimispalvelut.fi\/vasama\/files\/2023\/10\/s.jpg 270w, https:\/\/blogi.eoppimispalvelut.fi\/vasama\/files\/2023\/10\/s-225x300.jpg 225w\" sizes=\"auto, (max-width: 270px) 100vw, 270px\" \/><\/figure>\n\n\n\n<p>Testisalkkuna toimi ty\u00f6kalusalkku muokattavalla sisuksella, kokoa 465 x 360 x 175 mm. Hinta n. 40 \u20ac.<\/p>\n\n\n\n<p>Salkun ja sen sis\u00e4ll\u00e4 olevan laitteiston tavoiteominaisuudet:<\/p>\n\n\n\n<ul class=\"wp-block-list\">\n<li>Helppok\u00e4ytt\u00f6isyys<\/li>\n\n\n\n<li>4G-verkon muodostaminen napista<\/li>\n\n\n\n<li>Akku, joka tarjoaa virtaa reitittimelle sek\u00e4 lis\u00e4virtaa mobiililaitteelle<\/li>\n\n\n\n<li>Akku, jonka teho mahdollistaisi tabletin l\u00e4mmityksen sen toimivuuden parantamiseksi<\/li>\n\n\n\n<li>S\u00e4\u00e4nkest\u00e4vyys<\/li>\n\n\n\n<li>L\u00e4mp\u00f6eristys<\/li>\n\n\n\n<li>Helppo liit\u00e4nt\u00e4 laturiin, eli sis\u00e4ll\u00e4 olevan akun lataaminen helposti.<\/li>\n\n\n\n<li>Helppo lis\u00e4antennin liitt\u00e4minen mahdollistaen reitittimen 4G-yhteyden parantamisen ja WiFi-verkon voimistamisen erillisill\u00e4 antenneilla<\/li>\n<\/ul>\n\n\n\n<p>Toteutetussa testisalkussa oleva testik\u00e4ytt\u00f6inen Teltonika-reititin ei maastotestauksessa Mukkajoenrovilla (vasamerkinn\u00f6iss\u00e4 Lokassa 21.6.2023) toiminut lainkaan. Reitittimest\u00e4 katosi virta useasti hetkeksi, jonka j\u00e4lkeen reititin uudelleenk\u00e4ynnistyy. Suunta-antennin suunta vaikuttaa siihen, kuinka hyvin reitittimeen saa yhteyden. Reititint\u00e4 testattiin my\u00f6s salkun ulkopuolelta k\u00e4sin. Sis\u00e4tiloissa reititint\u00e4 testatessa ei tapahtunut virtakatkoksia. Virtaongelmat maastotestauksessa johtuivat mit\u00e4 todenn\u00e4k\u00f6isemmin k\u00e4ytetyn akkupaketin 12V tupakansytytinliit\u00e4nn\u00e4n kosketuksesta, ei reitittimest\u00e4.<\/p>\n\n\n\n<div class=\"wp-block-columns alignwide is-layout-flex wp-container-core-columns-is-layout-28f84493 wp-block-columns-is-layout-flex\">\n<div class=\"wp-block-column is-layout-flow wp-block-column-is-layout-flow\">\n<div class=\"wp-block-cover\"><span aria-hidden=\"true\" class=\"wp-block-cover__background has-background-dim\"><\/span><img loading=\"lazy\" decoding=\"async\" width=\"436\" height=\"320\" class=\"wp-block-cover__image-background wp-image-213\" alt=\"\" src=\"https:\/\/blogi.eoppimispalvelut.fi\/vasama\/files\/2023\/10\/akku.png\" data-object-fit=\"cover\" srcset=\"https:\/\/blogi.eoppimispalvelut.fi\/vasama\/files\/2023\/10\/akku.png 436w, https:\/\/blogi.eoppimispalvelut.fi\/vasama\/files\/2023\/10\/akku-300x220.png 300w\" sizes=\"auto, (max-width: 436px) 100vw, 436px\" \/><div class=\"wp-block-cover__inner-container has-global-padding is-layout-constrained wp-block-cover-is-layout-constrained\">\n<p class=\"has-text-align-center has-large-font-size\">Akku<\/p>\n\n\n\n<div class=\"wp-block-buttons is-content-justification-center is-layout-flex wp-container-core-buttons-is-layout-a89b3969 wp-block-buttons-is-layout-flex\">\n<div class=\"wp-block-button\"><a class=\"wp-block-button__link wp-element-button\" href=\"https:\/\/blogi.eoppimispalvelut.fi\/vasama\/laitteisto\/maastosalkku\/akku\/\">LUE LIS\u00c4\u00c4<\/a><\/div>\n<\/div>\n<\/div><\/div>\n<\/div>\n\n\n\n<div class=\"wp-block-column is-layout-flow wp-block-column-is-layout-flow\">\n<div class=\"wp-block-cover\"><span aria-hidden=\"true\" class=\"wp-block-cover__background has-background-dim\"><\/span><img loading=\"lazy\" decoding=\"async\" width=\"843\" height=\"635\" class=\"wp-block-cover__image-background wp-image-214\" alt=\"\" src=\"https:\/\/blogi.eoppimispalvelut.fi\/vasama\/files\/2023\/10\/liitannat.jpg\" data-object-fit=\"cover\" srcset=\"https:\/\/blogi.eoppimispalvelut.fi\/vasama\/files\/2023\/10\/liitannat.jpg 843w, https:\/\/blogi.eoppimispalvelut.fi\/vasama\/files\/2023\/10\/liitannat-300x226.jpg 300w, https:\/\/blogi.eoppimispalvelut.fi\/vasama\/files\/2023\/10\/liitannat-768x579.jpg 768w\" sizes=\"auto, (max-width: 843px) 100vw, 843px\" \/><div class=\"wp-block-cover__inner-container has-global-padding is-layout-constrained wp-block-cover-is-layout-constrained\">\n<p class=\"has-text-align-center has-large-font-size\">Liit\u00e4nn\u00e4t<\/p>\n\n\n\n<div class=\"wp-block-buttons is-content-justification-center is-layout-flex wp-container-core-buttons-is-layout-a89b3969 wp-block-buttons-is-layout-flex\">\n<div class=\"wp-block-button\"><a class=\"wp-block-button__link wp-element-button\" href=\"https:\/\/blogi.eoppimispalvelut.fi\/vasama\/laitteisto\/maastosalkku\/liitannat\/\">LUE LIS\u00c4\u00c4<\/a><\/div>\n<\/div>\n<\/div><\/div>\n<\/div>\n<\/div>\n\n\n\n<div class=\"wp-block-columns alignwide is-layout-flex wp-container-core-columns-is-layout-28f84493 wp-block-columns-is-layout-flex\">\n<div class=\"wp-block-column is-layout-flow wp-block-column-is-layout-flow\" style=\"flex-basis:25%\"><\/div>\n\n\n\n<div class=\"wp-block-column is-layout-flow wp-block-column-is-layout-flow\" style=\"flex-basis:50%\">\n<div class=\"wp-block-cover is-light\"><span aria-hidden=\"true\" class=\"wp-block-cover__background has-background-dim\"><\/span><div class=\"wp-block-cover__inner-container has-global-padding is-layout-constrained wp-block-cover-is-layout-constrained\">\n<p class=\"has-text-align-center has-base-color has-text-color has-large-font-size\">Virran riitt\u00e4vyys ja kustannukset<\/p>\n\n\n\n<div class=\"wp-block-buttons is-content-justification-center is-layout-flex wp-container-core-buttons-is-layout-a89b3969 wp-block-buttons-is-layout-flex\">\n<div class=\"wp-block-button\"><a class=\"wp-block-button__link wp-element-button\" href=\"https:\/\/blogi.eoppimispalvelut.fi\/vasama\/laitteisto\/maastosalkku\/virran-riittavyys-ja-kustannukset\/\">LUE LIS\u00c4\u00c4<\/a><\/div>\n<\/div>\n<\/div><\/div>\n<\/div>\n\n\n\n<div class=\"wp-block-column is-layout-flow wp-block-column-is-layout-flow\" style=\"flex-basis:25%\"><\/div>\n<\/div>\n","protected":false},"excerpt":{"rendered":"<p>4G-reititin sellaisenaan akun kanssa olisi haastava ottaa k\u00e4ytt\u00f6\u00f6n maastossa. Internet-yhteyden rakentaminen 4G-reitittimen avulla pyrittiin rakentamaan helppok\u00e4ytt\u00f6iseksi paketoimalla kaikki tarvittava yhden vesi- ja p\u00f6lytiiviin salkun sis\u00e4\u00e4n. T\u00e4m\u00e4 on my\u00f6s olennaista testilaitteena olevan Teltonika RUT241 -laitteen k\u00e4yt\u00f6n kannalta, sill\u00e4 sit\u00e4 ei ole p\u00f6ly- ja roiskesuojattu. Testisalkkuna toimi ty\u00f6kalusalkku muokattavalla sisuksella, kokoa 465 x 360 x 175 mm. [&hellip;]<\/p>\n","protected":false},"author":4340,"featured_media":0,"parent":56,"menu_order":0,"comment_status":"closed","ping_status":"closed","template":"","meta":{"footnotes":""},"class_list":["post-78","page","type-page","status-publish","hentry"],"_links":{"self":[{"href":"https:\/\/blogi.eoppimispalvelut.fi\/vasama\/wp-json\/wp\/v2\/pages\/78","targetHints":{"allow":["GET"]}}],"collection":[{"href":"https:\/\/blogi.eoppimispalvelut.fi\/vasama\/wp-json\/wp\/v2\/pages"}],"about":[{"href":"https:\/\/blogi.eoppimispalvelut.fi\/vasama\/wp-json\/wp\/v2\/types\/page"}],"author":[{"embeddable":true,"href":"https:\/\/blogi.eoppimispalvelut.fi\/vasama\/wp-json\/wp\/v2\/users\/4340"}],"replies":[{"embeddable":true,"href":"https:\/\/blogi.eoppimispalvelut.fi\/vasama\/wp-json\/wp\/v2\/comments?post=78"}],"version-history":[{"count":4,"href":"https:\/\/blogi.eoppimispalvelut.fi\/vasama\/wp-json\/wp\/v2\/pages\/78\/revisions"}],"predecessor-version":[{"id":256,"href":"https:\/\/blogi.eoppimispalvelut.fi\/vasama\/wp-json\/wp\/v2\/pages\/78\/revisions\/256"}],"up":[{"embeddable":true,"href":"https:\/\/blogi.eoppimispalvelut.fi\/vasama\/wp-json\/wp\/v2\/pages\/56"}],"wp:attachment":[{"href":"https:\/\/blogi.eoppimispalvelut.fi\/vasama\/wp-json\/wp\/v2\/media?parent=78"}],"curies":[{"name":"wp","href":"https:\/\/api.w.org\/{rel}","templated":true}]}}