{"id":85,"date":"2023-10-26T08:16:33","date_gmt":"2023-10-26T05:16:33","guid":{"rendered":"https:\/\/blogi.eoppimispalvelut.fi\/vasama\/?page_id=85"},"modified":"2023-10-31T14:16:34","modified_gmt":"2023-10-31T12:16:34","slug":"liitannat","status":"publish","type":"page","link":"https:\/\/blogi.eoppimispalvelut.fi\/vasama\/laitteisto\/maastosalkku\/liitannat\/","title":{"rendered":"Liit\u00e4nn\u00e4t"},"content":{"rendered":"\n<div class=\"wp-block-columns is-layout-flex wp-container-core-columns-is-layout-28f84493 wp-block-columns-is-layout-flex\">\n<div class=\"wp-block-column is-layout-flow wp-block-column-is-layout-flow\">\n<figure class=\"wp-block-image size-full\"><img loading=\"lazy\" decoding=\"async\" width=\"168\" height=\"224\" src=\"https:\/\/blogi.eoppimispalvelut.fi\/vasama\/files\/2023\/10\/l1.jpg\" alt=\"\" class=\"wp-image-86\" \/><\/figure>\n<\/div>\n\n\n\n<div class=\"wp-block-column is-layout-flow wp-block-column-is-layout-flow\">\n<figure class=\"wp-block-image size-full\"><img loading=\"lazy\" decoding=\"async\" width=\"168\" height=\"224\" src=\"https:\/\/blogi.eoppimispalvelut.fi\/vasama\/files\/2023\/10\/l2.jpg\" alt=\"\" class=\"wp-image-87\" \/><\/figure>\n<\/div>\n<\/div>\n\n\n\n<p>Kuvassa 12V l\u00e4mmityselementti (20W) ja trukkiliit\u00e4nt\u00e4. Trukkiliit\u00e4nn\u00e4ll\u00e4 voisi ottaa virtaa autosta tai kelkasta salkkuun. Liit\u00e4nn\u00e4ss\u00e4 ei ole eroa naaras tai urosliit\u00e4nn\u00e4ll\u00e4, eli s\u00e4hk\u00f6\u00e4 voi kuljettaa molempiin suuntiin helposti. Liit\u00e4nn\u00e4ll\u00e4 sek\u00e4 lataus, ett\u00e4 virran k\u00e4ytt\u00f6 onnistuu. L\u00e4mmityselementti\u00e4 sek\u00e4 trukkiliit\u00e4nt\u00e4\u00e4 ei toteutettu testisalkkuun hankkeen aikana.<\/p>\n\n\n\n<figure class=\"wp-block-image size-full\"><img loading=\"lazy\" decoding=\"async\" width=\"843\" height=\"635\" src=\"https:\/\/blogi.eoppimispalvelut.fi\/vasama\/files\/2023\/10\/l3.jpg\" alt=\"\" class=\"wp-image-88\" srcset=\"https:\/\/blogi.eoppimispalvelut.fi\/vasama\/files\/2023\/10\/l3.jpg 843w, https:\/\/blogi.eoppimispalvelut.fi\/vasama\/files\/2023\/10\/l3-300x226.jpg 300w, https:\/\/blogi.eoppimispalvelut.fi\/vasama\/files\/2023\/10\/l3-768x579.jpg 768w\" sizes=\"auto, (max-width: 843px) 100vw, 843px\" \/><\/figure>\n\n\n\n<p>Kuvassa testisalkun liit\u00e4nt\u00e4 akkupaketista reitittimeen. Akkupakettiin liitet\u00e4\u00e4n 12V tupakansytytinliit\u00e4nt\u00e4 (sis\u00e4lt\u00e4\u00e4 sulakkeen). Liit\u00e4nn\u00e4st\u00e4 virta kulkee katkaisimen kautta, joka on asennettu siten, ett\u00e4 reitittimen virran voi laittaa p\u00e4\u00e4lle salkun ulkopuolella olevasta napista.<\/p>\n\n\n\n<figure class=\"wp-block-image size-full\"><img loading=\"lazy\" decoding=\"async\" width=\"446\" height=\"592\" src=\"https:\/\/blogi.eoppimispalvelut.fi\/vasama\/files\/2023\/10\/l4.jpg\" alt=\"\" class=\"wp-image-89\" srcset=\"https:\/\/blogi.eoppimispalvelut.fi\/vasama\/files\/2023\/10\/l4.jpg 446w, https:\/\/blogi.eoppimispalvelut.fi\/vasama\/files\/2023\/10\/l4-226x300.jpg 226w\" sizes=\"auto, (max-width: 446px) 100vw, 446px\" \/><\/figure>\n\n\n\n<p>Salkun ulkopuolella olevassa napissa on LED-valo, josta n\u00e4kee, onko reitittimell\u00e4 virtaa.<\/p>\n","protected":false},"excerpt":{"rendered":"<p>Kuvassa 12V l\u00e4mmityselementti (20W) ja trukkiliit\u00e4nt\u00e4. Trukkiliit\u00e4nn\u00e4ll\u00e4 voisi ottaa virtaa autosta tai kelkasta salkkuun. Liit\u00e4nn\u00e4ss\u00e4 ei ole eroa naaras tai urosliit\u00e4nn\u00e4ll\u00e4, eli s\u00e4hk\u00f6\u00e4 voi kuljettaa molempiin suuntiin helposti. Liit\u00e4nn\u00e4ll\u00e4 sek\u00e4 lataus, ett\u00e4 virran k\u00e4ytt\u00f6 onnistuu. L\u00e4mmityselementti\u00e4 sek\u00e4 trukkiliit\u00e4nt\u00e4\u00e4 ei toteutettu testisalkkuun hankkeen aikana. Kuvassa testisalkun liit\u00e4nt\u00e4 akkupaketista reitittimeen. Akkupakettiin liitet\u00e4\u00e4n 12V tupakansytytinliit\u00e4nt\u00e4 (sis\u00e4lt\u00e4\u00e4 sulakkeen). Liit\u00e4nn\u00e4st\u00e4 [&hellip;]<\/p>\n","protected":false},"author":4340,"featured_media":0,"parent":78,"menu_order":0,"comment_status":"closed","ping_status":"closed","template":"","meta":{"footnotes":""},"class_list":["post-85","page","type-page","status-publish","hentry"],"_links":{"self":[{"href":"https:\/\/blogi.eoppimispalvelut.fi\/vasama\/wp-json\/wp\/v2\/pages\/85","targetHints":{"allow":["GET"]}}],"collection":[{"href":"https:\/\/blogi.eoppimispalvelut.fi\/vasama\/wp-json\/wp\/v2\/pages"}],"about":[{"href":"https:\/\/blogi.eoppimispalvelut.fi\/vasama\/wp-json\/wp\/v2\/types\/page"}],"author":[{"embeddable":true,"href":"https:\/\/blogi.eoppimispalvelut.fi\/vasama\/wp-json\/wp\/v2\/users\/4340"}],"replies":[{"embeddable":true,"href":"https:\/\/blogi.eoppimispalvelut.fi\/vasama\/wp-json\/wp\/v2\/comments?post=85"}],"version-history":[{"count":2,"href":"https:\/\/blogi.eoppimispalvelut.fi\/vasama\/wp-json\/wp\/v2\/pages\/85\/revisions"}],"predecessor-version":[{"id":259,"href":"https:\/\/blogi.eoppimispalvelut.fi\/vasama\/wp-json\/wp\/v2\/pages\/85\/revisions\/259"}],"up":[{"embeddable":true,"href":"https:\/\/blogi.eoppimispalvelut.fi\/vasama\/wp-json\/wp\/v2\/pages\/78"}],"wp:attachment":[{"href":"https:\/\/blogi.eoppimispalvelut.fi\/vasama\/wp-json\/wp\/v2\/media?parent=85"}],"curies":[{"name":"wp","href":"https:\/\/api.w.org\/{rel}","templated":true}]}}