{"id":91,"date":"2023-10-26T08:17:48","date_gmt":"2023-10-26T05:17:48","guid":{"rendered":"https:\/\/blogi.eoppimispalvelut.fi\/vasama\/?page_id=91"},"modified":"2023-10-31T14:20:14","modified_gmt":"2023-10-31T12:20:14","slug":"virran-riittavyys-ja-kustannukset","status":"publish","type":"page","link":"https:\/\/blogi.eoppimispalvelut.fi\/vasama\/laitteisto\/maastosalkku\/virran-riittavyys-ja-kustannukset\/","title":{"rendered":"Virran riitt\u00e4vyys ja kustannukset"},"content":{"rendered":"\n<figure class=\"wp-block-image size-full\"><img loading=\"lazy\" decoding=\"async\" width=\"451\" height=\"166\" src=\"https:\/\/blogi.eoppimispalvelut.fi\/vasama\/files\/2023\/10\/v1.png\" alt=\"\" class=\"wp-image-92\" srcset=\"https:\/\/blogi.eoppimispalvelut.fi\/vasama\/files\/2023\/10\/v1.png 451w, https:\/\/blogi.eoppimispalvelut.fi\/vasama\/files\/2023\/10\/v1-300x110.png 300w\" sizes=\"auto, (max-width: 451px) 100vw, 451px\" \/><\/figure>\n\n\n\n<p>Taulukko laitteiston arvioidusta kulutuksesta ja lista vaihtoehtoisia virtal\u00e4hteit\u00e4. Luvut laitteiden kulutuksesta ovat arvioita.<\/p>\n\n\n\n<figure class=\"wp-block-image size-full\"><img loading=\"lazy\" decoding=\"async\" width=\"372\" height=\"154\" src=\"https:\/\/blogi.eoppimispalvelut.fi\/vasama\/files\/2023\/10\/v2.png\" alt=\"\" class=\"wp-image-93\" srcset=\"https:\/\/blogi.eoppimispalvelut.fi\/vasama\/files\/2023\/10\/v2.png 372w, https:\/\/blogi.eoppimispalvelut.fi\/vasama\/files\/2023\/10\/v2-300x124.png 300w\" sizes=\"auto, (max-width: 372px) 100vw, 372px\" \/><\/figure>\n\n\n\n<p>Virtalaskelmat ja laitteiston kustannukset 12V vs 5V -j\u00e4rjestelm\u00e4t.<\/p>\n\n\n\n<p>Laskelmista on huomattavissa, ett\u00e4 jatkuva 24W l\u00e4mmitys 10 tunnin ajan vaatii enemm\u00e4n virtaa, kuin esim. pieni litiumakku voi tarjota. K\u00e4yt\u00e4nn\u00f6ss\u00e4 on oletettavaa, ett\u00e4 termostaatin avulla l\u00e4mmitys ei kuluta virtaa jatkuvasti, vaan esim. 50% ajasta, jolloin virrantarve puolittuisi. Lis\u00e4ksi l\u00e4mmitystehon ei v\u00e4ltt\u00e4m\u00e4tt\u00e4 tarvitse olla 24W, vaan pienempi teho riitt\u00e4\u00e4. L\u00e4mmitystehon pienent\u00e4miseksi, on teorioitu, ett\u00e4 tabletti voisi sijaita salkun sis\u00e4ll\u00e4, niin ett\u00e4 kosketusn\u00e4ytt\u00f6\u00e4 voi k\u00e4ytt\u00e4\u00e4 salkunsivusta k\u00e4sin. T\u00e4ll\u00f6in tabletin voi erist\u00e4\u00e4 salkun l\u00e4mp\u00f6eristyksell\u00e4 ja siten mahdollisesti pudottaa l\u00e4mmityksen virran tarvetta. L\u00e4mmitystestauksia ei hankkeen aikana tehty, mutta teoriassa l\u00e4mmitys on toteutettavissa.<\/p>\n\n\n\n<figure class=\"wp-block-image size-full\"><img loading=\"lazy\" decoding=\"async\" width=\"451\" height=\"138\" src=\"https:\/\/blogi.eoppimispalvelut.fi\/vasama\/files\/2023\/10\/v3.png\" alt=\"\" class=\"wp-image-94\" srcset=\"https:\/\/blogi.eoppimispalvelut.fi\/vasama\/files\/2023\/10\/v3.png 451w, https:\/\/blogi.eoppimispalvelut.fi\/vasama\/files\/2023\/10\/v3-300x92.png 300w\" sizes=\"auto, (max-width: 451px) 100vw, 451px\" \/><\/figure>\n\n\n\n<p>Testik\u00e4ytt\u00f6\u00f6n hankitun laitteiston laskelmien mukaan virran pit\u00e4isi riitt\u00e4\u00e4 hyvin yli 10 tuntia. Ilman l\u00e4mmityst\u00e4 virtal\u00e4hde riitt\u00e4\u00e4 ongelmitta.<\/p>\n","protected":false},"excerpt":{"rendered":"<p>Taulukko laitteiston arvioidusta kulutuksesta ja lista vaihtoehtoisia virtal\u00e4hteit\u00e4. Luvut laitteiden kulutuksesta ovat arvioita. Virtalaskelmat ja laitteiston kustannukset 12V vs 5V -j\u00e4rjestelm\u00e4t. Laskelmista on huomattavissa, ett\u00e4 jatkuva 24W l\u00e4mmitys 10 tunnin ajan vaatii enemm\u00e4n virtaa, kuin esim. pieni litiumakku voi tarjota. K\u00e4yt\u00e4nn\u00f6ss\u00e4 on oletettavaa, ett\u00e4 termostaatin avulla l\u00e4mmitys ei kuluta virtaa jatkuvasti, vaan esim. 50% ajasta, [&hellip;]<\/p>\n","protected":false},"author":4340,"featured_media":0,"parent":78,"menu_order":0,"comment_status":"closed","ping_status":"closed","template":"","meta":{"footnotes":""},"class_list":["post-91","page","type-page","status-publish","hentry"],"_links":{"self":[{"href":"https:\/\/blogi.eoppimispalvelut.fi\/vasama\/wp-json\/wp\/v2\/pages\/91","targetHints":{"allow":["GET"]}}],"collection":[{"href":"https:\/\/blogi.eoppimispalvelut.fi\/vasama\/wp-json\/wp\/v2\/pages"}],"about":[{"href":"https:\/\/blogi.eoppimispalvelut.fi\/vasama\/wp-json\/wp\/v2\/types\/page"}],"author":[{"embeddable":true,"href":"https:\/\/blogi.eoppimispalvelut.fi\/vasama\/wp-json\/wp\/v2\/users\/4340"}],"replies":[{"embeddable":true,"href":"https:\/\/blogi.eoppimispalvelut.fi\/vasama\/wp-json\/wp\/v2\/comments?post=91"}],"version-history":[{"count":2,"href":"https:\/\/blogi.eoppimispalvelut.fi\/vasama\/wp-json\/wp\/v2\/pages\/91\/revisions"}],"predecessor-version":[{"id":261,"href":"https:\/\/blogi.eoppimispalvelut.fi\/vasama\/wp-json\/wp\/v2\/pages\/91\/revisions\/261"}],"up":[{"embeddable":true,"href":"https:\/\/blogi.eoppimispalvelut.fi\/vasama\/wp-json\/wp\/v2\/pages\/78"}],"wp:attachment":[{"href":"https:\/\/blogi.eoppimispalvelut.fi\/vasama\/wp-json\/wp\/v2\/media?parent=91"}],"curies":[{"name":"wp","href":"https:\/\/api.w.org\/{rel}","templated":true}]}}