{"id":2,"date":"2017-11-14T17:55:12","date_gmt":"2017-11-14T15:55:12","guid":{"rendered":"https:\/\/blogi.eoppimispalvelut.fi\/villenverkkokauppa\/?page_id=2"},"modified":"2017-11-27T22:11:12","modified_gmt":"2017-11-27T20:11:12","slug":"esimerkkisivu","status":"publish","type":"page","link":"https:\/\/blogi.eoppimispalvelut.fi\/villenverkkokauppa\/esimerkkisivu\/","title":{"rendered":"Etusivu"},"content":{"rendered":"<p><strong><span style=\"color: #000000\">PERSOONALLISEN SISUSTAJAN VERKKOKAUPPA<\/span><\/strong><\/p>\n<p><strong><span style=\"color: #000000\">Sisustaminen on oma intohimoni. Jakamalla t\u00e4m\u00e4n intohimon nettisivujeni kautta uskon voivani levitt\u00e4\u00e4 hyv\u00e4\u00e4 mielt\u00e4 asiakkailleni. Jaan my\u00f6s sisustusvinkkej\u00e4 sivuilla olevan blogini kautta. Jos sinulla on kysytt\u00e4v\u00e4\u00e4 tai parannusehdotuksia, \u00e4l\u00e4 ep\u00e4r\u00f6i ottaa yhteytt\u00e4 yhteydenotto lomakkeen kautta.<\/span><\/strong><\/p>\n<p>&nbsp;<\/p>\n","protected":false},"excerpt":{"rendered":"<p>PERSOONALLISEN SISUSTAJAN VERKKOKAUPPA Sisustaminen on oma intohimoni. Jakamalla t\u00e4m\u00e4n intohimon nettisivujeni kautta uskon voivani levitt\u00e4\u00e4 hyv\u00e4\u00e4 mielt\u00e4 asiakkailleni. Jaan my\u00f6s sisustusvinkkej\u00e4 sivuilla olevan blogini kautta. Jos sinulla on kysytt\u00e4v\u00e4\u00e4 tai parannusehdotuksia, \u00e4l\u00e4 ep\u00e4r\u00f6i ottaa yhteytt\u00e4 yhteydenotto lomakkeen kautta. &nbsp;<\/p>\n","protected":false},"author":1850,"featured_media":0,"parent":0,"menu_order":0,"comment_status":"closed","ping_status":"open","template":"","meta":{"footnotes":""},"class_list":["post-2","page","type-page","status-publish","hentry"],"_links":{"self":[{"href":"https:\/\/blogi.eoppimispalvelut.fi\/villenverkkokauppa\/wp-json\/wp\/v2\/pages\/2","targetHints":{"allow":["GET"]}}],"collection":[{"href":"https:\/\/blogi.eoppimispalvelut.fi\/villenverkkokauppa\/wp-json\/wp\/v2\/pages"}],"about":[{"href":"https:\/\/blogi.eoppimispalvelut.fi\/villenverkkokauppa\/wp-json\/wp\/v2\/types\/page"}],"author":[{"embeddable":true,"href":"https:\/\/blogi.eoppimispalvelut.fi\/villenverkkokauppa\/wp-json\/wp\/v2\/users\/1850"}],"replies":[{"embeddable":true,"href":"https:\/\/blogi.eoppimispalvelut.fi\/villenverkkokauppa\/wp-json\/wp\/v2\/comments?post=2"}],"version-history":[{"count":6,"href":"https:\/\/blogi.eoppimispalvelut.fi\/villenverkkokauppa\/wp-json\/wp\/v2\/pages\/2\/revisions"}],"predecessor-version":[{"id":121,"href":"https:\/\/blogi.eoppimispalvelut.fi\/villenverkkokauppa\/wp-json\/wp\/v2\/pages\/2\/revisions\/121"}],"wp:attachment":[{"href":"https:\/\/blogi.eoppimispalvelut.fi\/villenverkkokauppa\/wp-json\/wp\/v2\/media?parent=2"}],"curies":[{"name":"wp","href":"https:\/\/api.w.org\/{rel}","templated":true}]}}