{"id":116,"date":"2017-11-27T21:57:32","date_gmt":"2017-11-27T19:57:32","guid":{"rendered":"https:\/\/blogi.eoppimispalvelut.fi\/villenverkkokauppa\/?post_type=product&#038;p=116"},"modified":"2017-11-27T22:08:09","modified_gmt":"2017-11-27T20:08:09","slug":"voi-vittu-tarra","status":"publish","type":"product","link":"https:\/\/blogi.eoppimispalvelut.fi\/villenverkkokauppa\/product\/voi-vittu-tarra\/","title":{"rendered":"Voi Vittu &#8211; Tarra"},"content":{"rendered":"<p><span style=\"color: #000000\">Vituttaako? Kerro se kavereillesi tyylikk\u00e4\u00e4ll\u00e4 sein\u00e4tarralla. Letke\u00e4 fontti tuo olohuoneeseesi mukavan v\u00e4limerellisen tunnelman.<\/span><\/p>\n","protected":false},"excerpt":{"rendered":"<p><span style=\"color: #000000\">Vituttaako? \u00c4l\u00e4 peittele&#8230;<\/span><\/p>\n","protected":false},"featured_media":115,"comment_status":"open","ping_status":"closed","template":"","meta":[],"product_brand":[],"product_cat":[252393],"product_tag":[146888,256652,257216],"class_list":{"0":"post-116","1":"product","2":"type-product","3":"status-publish","4":"has-post-thumbnail","6":"product_cat-sisustustarrat","7":"product_tag-sisustus","8":"product_tag-tarra","9":"product_tag-voi-vittu","11":"first","12":"instock","13":"sold-individually","14":"taxable","15":"shipping-taxable","16":"purchasable","17":"product-type-variable"},"_links":{"self":[{"href":"https:\/\/blogi.eoppimispalvelut.fi\/villenverkkokauppa\/wp-json\/wp\/v2\/product\/116","targetHints":{"allow":["GET"]}}],"collection":[{"href":"https:\/\/blogi.eoppimispalvelut.fi\/villenverkkokauppa\/wp-json\/wp\/v2\/product"}],"about":[{"href":"https:\/\/blogi.eoppimispalvelut.fi\/villenverkkokauppa\/wp-json\/wp\/v2\/types\/product"}],"replies":[{"embeddable":true,"href":"https:\/\/blogi.eoppimispalvelut.fi\/villenverkkokauppa\/wp-json\/wp\/v2\/comments?post=116"}],"wp:featuredmedia":[{"embeddable":true,"href":"https:\/\/blogi.eoppimispalvelut.fi\/villenverkkokauppa\/wp-json\/wp\/v2\/media\/115"}],"wp:attachment":[{"href":"https:\/\/blogi.eoppimispalvelut.fi\/villenverkkokauppa\/wp-json\/wp\/v2\/media?parent=116"}],"wp:term":[{"taxonomy":"product_brand","embeddable":true,"href":"https:\/\/blogi.eoppimispalvelut.fi\/villenverkkokauppa\/wp-json\/wp\/v2\/product_brand?post=116"},{"taxonomy":"product_cat","embeddable":true,"href":"https:\/\/blogi.eoppimispalvelut.fi\/villenverkkokauppa\/wp-json\/wp\/v2\/product_cat?post=116"},{"taxonomy":"product_tag","embeddable":true,"href":"https:\/\/blogi.eoppimispalvelut.fi\/villenverkkokauppa\/wp-json\/wp\/v2\/product_tag?post=116"}],"curies":[{"name":"wp","href":"https:\/\/api.w.org\/{rel}","templated":true}]}}