{"id":42,"date":"2017-11-20T18:19:26","date_gmt":"2017-11-20T16:19:26","guid":{"rendered":"https:\/\/blogi.eoppimispalvelut.fi\/villenverkkokauppa\/?post_type=product&#038;p=42"},"modified":"2017-11-20T21:58:16","modified_gmt":"2017-11-20T19:58:16","slug":"musta-t-paita","status":"publish","type":"product","link":"https:\/\/blogi.eoppimispalvelut.fi\/villenverkkokauppa\/product\/musta-t-paita\/","title":{"rendered":"Musta T-Paita"},"content":{"rendered":"<p><span style=\"color: #000000\">Etk\u00f6 halua her\u00e4tt\u00e4\u00e4 huomiota? Jos et, osta musta T-Paita niin et erotu massasta.<\/span><\/p>\n","protected":false},"excerpt":{"rendered":"<p>Etk\u00f6 halua her\u00e4tt\u00e4\u00e4 huomiota? Jos et, osta musta T-Paita niin et erotu massasta.<\/p>\n","protected":false},"featured_media":40,"comment_status":"open","ping_status":"closed","template":"","meta":[],"product_brand":[],"product_cat":[196397],"product_tag":[],"class_list":{"0":"post-42","1":"product","2":"type-product","3":"status-publish","4":"has-post-thumbnail","6":"product_cat-t-paidat","8":"first","9":"instock","10":"taxable","11":"shipping-taxable","12":"purchasable","13":"product-type-variable"},"_links":{"self":[{"href":"https:\/\/blogi.eoppimispalvelut.fi\/villenverkkokauppa\/wp-json\/wp\/v2\/product\/42","targetHints":{"allow":["GET"]}}],"collection":[{"href":"https:\/\/blogi.eoppimispalvelut.fi\/villenverkkokauppa\/wp-json\/wp\/v2\/product"}],"about":[{"href":"https:\/\/blogi.eoppimispalvelut.fi\/villenverkkokauppa\/wp-json\/wp\/v2\/types\/product"}],"replies":[{"embeddable":true,"href":"https:\/\/blogi.eoppimispalvelut.fi\/villenverkkokauppa\/wp-json\/wp\/v2\/comments?post=42"}],"wp:featuredmedia":[{"embeddable":true,"href":"https:\/\/blogi.eoppimispalvelut.fi\/villenverkkokauppa\/wp-json\/wp\/v2\/media\/40"}],"wp:attachment":[{"href":"https:\/\/blogi.eoppimispalvelut.fi\/villenverkkokauppa\/wp-json\/wp\/v2\/media?parent=42"}],"wp:term":[{"taxonomy":"product_brand","embeddable":true,"href":"https:\/\/blogi.eoppimispalvelut.fi\/villenverkkokauppa\/wp-json\/wp\/v2\/product_brand?post=42"},{"taxonomy":"product_cat","embeddable":true,"href":"https:\/\/blogi.eoppimispalvelut.fi\/villenverkkokauppa\/wp-json\/wp\/v2\/product_cat?post=42"},{"taxonomy":"product_tag","embeddable":true,"href":"https:\/\/blogi.eoppimispalvelut.fi\/villenverkkokauppa\/wp-json\/wp\/v2\/product_tag?post=42"}],"curies":[{"name":"wp","href":"https:\/\/api.w.org\/{rel}","templated":true}]}}