{"id":87,"date":"2017-11-20T21:25:53","date_gmt":"2017-11-20T19:25:53","guid":{"rendered":"https:\/\/blogi.eoppimispalvelut.fi\/villenverkkokauppa\/?post_type=product&#038;p=87"},"modified":"2017-11-20T21:43:33","modified_gmt":"2017-11-20T19:43:33","slug":"susi-sisustustarra","status":"publish","type":"product","link":"https:\/\/blogi.eoppimispalvelut.fi\/villenverkkokauppa\/product\/susi-sisustustarra\/","title":{"rendered":"Susi Sisustustarra"},"content":{"rendered":"<p><span style=\"color: #000000\">Tyylik\u00e4s sisustustarra el\u00e4inten yst\u00e4ville. Harmaa v\u00e4ri tekee tarrasta pehme\u00e4n ja ymp\u00e4rist\u00f6\u00f6n mukautuvan. Laadukas vinyylitarra on helppo asentaa. Ohjeet sis\u00e4ltyv\u00e4t pakkaukseen. Kolme eri kokoa.<br \/>\n<\/span><\/p>\n","protected":false},"excerpt":{"rendered":"<p>Tyylik\u00e4s sisustustarra el\u00e4inten yst\u00e4ville. Harmaa v\u00e4ri tekee tarrasta pehme\u00e4n ja ymp\u00e4rist\u00f6\u00f6n mukautuvan. Laadukas vinyylitarra on helppo asentaa. Ohjeet sis\u00e4ltyv\u00e4t pakkaukseen. Kolme eri kokoa.<\/p>\n","protected":false},"featured_media":73,"comment_status":"open","ping_status":"closed","template":"","meta":[],"product_brand":[],"product_cat":[252393],"product_tag":[78908,256652],"class_list":{"0":"post-87","1":"product","2":"type-product","3":"status-publish","4":"has-post-thumbnail","6":"product_cat-sisustustarrat","7":"product_tag-susi","8":"product_tag-tarra","10":"first","11":"instock","12":"sold-individually","13":"taxable","14":"shipping-taxable","15":"purchasable","16":"product-type-variable"},"_links":{"self":[{"href":"https:\/\/blogi.eoppimispalvelut.fi\/villenverkkokauppa\/wp-json\/wp\/v2\/product\/87","targetHints":{"allow":["GET"]}}],"collection":[{"href":"https:\/\/blogi.eoppimispalvelut.fi\/villenverkkokauppa\/wp-json\/wp\/v2\/product"}],"about":[{"href":"https:\/\/blogi.eoppimispalvelut.fi\/villenverkkokauppa\/wp-json\/wp\/v2\/types\/product"}],"replies":[{"embeddable":true,"href":"https:\/\/blogi.eoppimispalvelut.fi\/villenverkkokauppa\/wp-json\/wp\/v2\/comments?post=87"}],"wp:featuredmedia":[{"embeddable":true,"href":"https:\/\/blogi.eoppimispalvelut.fi\/villenverkkokauppa\/wp-json\/wp\/v2\/media\/73"}],"wp:attachment":[{"href":"https:\/\/blogi.eoppimispalvelut.fi\/villenverkkokauppa\/wp-json\/wp\/v2\/media?parent=87"}],"wp:term":[{"taxonomy":"product_brand","embeddable":true,"href":"https:\/\/blogi.eoppimispalvelut.fi\/villenverkkokauppa\/wp-json\/wp\/v2\/product_brand?post=87"},{"taxonomy":"product_cat","embeddable":true,"href":"https:\/\/blogi.eoppimispalvelut.fi\/villenverkkokauppa\/wp-json\/wp\/v2\/product_cat?post=87"},{"taxonomy":"product_tag","embeddable":true,"href":"https:\/\/blogi.eoppimispalvelut.fi\/villenverkkokauppa\/wp-json\/wp\/v2\/product_tag?post=87"}],"curies":[{"name":"wp","href":"https:\/\/api.w.org\/{rel}","templated":true}]}}