{"id":188,"date":"2024-02-27T11:30:57","date_gmt":"2024-02-27T11:30:57","guid":{"rendered":"https:\/\/blogi.eoppimispalvelut.fi\/vjokierk\/?page_id=188"},"modified":"2024-03-04T11:28:45","modified_gmt":"2024-03-04T11:28:45","slug":"talvivaate-paketti-miehet","status":"publish","type":"page","link":"https:\/\/blogi.eoppimispalvelut.fi\/vjokierk\/tuotteet-palvelut\/talvivaate-paketti-miehet\/","title":{"rendered":"Talvivaate-paketti Miehet"},"content":{"rendered":"\n<h2 class=\"wp-block-heading\">1099,00\u20ac (sis. ALV 24%)<\/h2>\n\n\n\n<p><\/p>\n\n\n\n<p>1x Ty\u00f6takki talvimalli<\/p>\n\n\n\n<p>1x Huppari<\/p>\n\n\n\n<p>2x Fleece-poolo<\/p>\n\n\n\n<p>2x T-Paita<\/p>\n\n\n\n<p>1x Ty\u00f6housut talvimalli<\/p>\n\n\n\n<p>1x Joustava vy\u00f6<\/p>\n\n\n\n<p>2x Merino sormikkaat<\/p>\n\n\n\n<p>1x Talviturvamaiharit, Jalas<\/p>\n\n\n\n<p>1x Putkihuivi<\/p>\n","protected":false},"excerpt":{"rendered":"<p>1099,00\u20ac (sis. ALV 24%) 1x Ty\u00f6takki talvimalli 1x Huppari 2x Fleece-poolo 2x T-Paita 1x Ty\u00f6housut talvimalli 1x Joustava vy\u00f6 2x &hellip; <a href=\"https:\/\/blogi.eoppimispalvelut.fi\/vjokierk\/tuotteet-palvelut\/talvivaate-paketti-miehet\/\" class=\"more-link\">Continue reading<span class=\"screen-reader-text\"> &#8221;Talvivaate-paketti Miehet&#8221;<\/span><\/a><\/p>\n","protected":false},"author":42951,"featured_media":0,"parent":70,"menu_order":5,"comment_status":"closed","ping_status":"closed","template":"","meta":{"_bbp_topic_count":0,"_bbp_reply_count":0,"_bbp_total_topic_count":0,"_bbp_total_reply_count":0,"_bbp_voice_count":0,"_bbp_anonymous_reply_count":0,"_bbp_topic_count_hidden":0,"_bbp_reply_count_hidden":0,"_bbp_forum_subforum_count":0,"footnotes":""},"class_list":["post-188","page","type-page","status-publish","hentry"],"_links":{"self":[{"href":"https:\/\/blogi.eoppimispalvelut.fi\/vjokierk\/wp-json\/wp\/v2\/pages\/188","targetHints":{"allow":["GET"]}}],"collection":[{"href":"https:\/\/blogi.eoppimispalvelut.fi\/vjokierk\/wp-json\/wp\/v2\/pages"}],"about":[{"href":"https:\/\/blogi.eoppimispalvelut.fi\/vjokierk\/wp-json\/wp\/v2\/types\/page"}],"author":[{"embeddable":true,"href":"https:\/\/blogi.eoppimispalvelut.fi\/vjokierk\/wp-json\/wp\/v2\/users\/42951"}],"replies":[{"embeddable":true,"href":"https:\/\/blogi.eoppimispalvelut.fi\/vjokierk\/wp-json\/wp\/v2\/comments?post=188"}],"version-history":[{"count":4,"href":"https:\/\/blogi.eoppimispalvelut.fi\/vjokierk\/wp-json\/wp\/v2\/pages\/188\/revisions"}],"predecessor-version":[{"id":356,"href":"https:\/\/blogi.eoppimispalvelut.fi\/vjokierk\/wp-json\/wp\/v2\/pages\/188\/revisions\/356"}],"up":[{"embeddable":true,"href":"https:\/\/blogi.eoppimispalvelut.fi\/vjokierk\/wp-json\/wp\/v2\/pages\/70"}],"wp:attachment":[{"href":"https:\/\/blogi.eoppimispalvelut.fi\/vjokierk\/wp-json\/wp\/v2\/media?parent=188"}],"curies":[{"name":"wp","href":"https:\/\/api.w.org\/{rel}","templated":true}]}}