{"id":194,"date":"2024-02-27T11:33:12","date_gmt":"2024-02-27T11:33:12","guid":{"rendered":"https:\/\/blogi.eoppimispalvelut.fi\/vjokierk\/?page_id=194"},"modified":"2024-03-12T12:56:04","modified_gmt":"2024-03-12T12:56:04","slug":"tuotteet","status":"publish","type":"page","link":"https:\/\/blogi.eoppimispalvelut.fi\/vjokierk\/tuotteet-palvelut\/tuotteet\/","title":{"rendered":"Tuotteet"},"content":{"rendered":"\n<div class=\"wp-block-columns is-layout-flex wp-container-core-columns-is-layout-9d6595d7 wp-block-columns-is-layout-flex\">\n<div class=\"wp-block-column is-layout-flow wp-block-column-is-layout-flow\">\n<p><em>Hinnat sis\u00e4lt\u00e4v\u00e4t Alv 24%<\/em><\/p>\n\n\n\n<p>Ty\u00f6housut, kes\u00e4malli N\/M<\/p>\n\n\n\n<p>Ty\u00f6housut, talvimalli N\/M<\/p>\n\n\n\n<p>Fleece-poolo<\/p>\n\n\n\n<p>Huppari<\/p>\n\n\n\n<p>Kauluspaita, useita v\u00e4rivaihtoehtoja<\/p>\n\n\n\n<p>Miesten T-paita<\/p>\n\n\n\n<p>Naisten T-paita, XS-XL<\/p>\n\n\n\n<p>Ty\u00f6takki, talvimalli N\/M<\/p>\n\n\n\n<p>Ty\u00f6takki, kes\u00e4malli N\/M<\/p>\n\n\n\n<p>Talviturvamaiharit, Jalas<\/p>\n\n\n\n<p>Turvakeng\u00e4t, kes\u00e4<\/p>\n\n\n\n<p>Sukat<\/p>\n\n\n\n<p>Joustava vy\u00f6<\/p>\n\n\n\n<p>Lippalakki<\/p>\n\n\n\n<p>Merinosormikkaat<\/p>\n\n\n\n<p>Ty\u00f6hanskat<\/p>\n\n\n\n<p>Kravatti, eri v\u00e4rivaihtoehtoja<\/p>\n\n\n\n<p>Miesten puku, r\u00e4\u00e4t\u00e4l\u00f6ity<\/p>\n\n\n\n<p>Naisten jakkupuku, nahka<\/p>\n\n\n\n<p>Soft Shell-tuulitakki hupulla<\/p>\n\n\n\n<p>Putkihuivi<\/p>\n\n\n\n<p>Miesten puvunkeng\u00e4t<\/p>\n\n\n\n<p>Naisten juhlakeng\u00e4t, 35-42<\/p>\n\n\n\n<p>Sukkahousut<\/p>\n\n\n\n<p>Villapipo<\/p>\n\n\n\n<p>Vartijan heijastinliivi<\/p>\n\n\n\n<p>Viiltosuojak\u00e4sineet<\/p>\n\n\n\n<p>Toppahanskat<\/p>\n\n\n\n<p>Housut<\/p>\n\n\n\n<p>Toppahousut<\/p>\n\n\n\n<p>Toppatakki<\/p>\n<\/div>\n\n\n\n<div class=\"wp-block-column is-layout-flow wp-block-column-is-layout-flow\">\n<p>.<\/p>\n\n\n\n<p>229,00\u20ac <\/p>\n\n\n\n<p>229,00\u20ac <\/p>\n\n\n\n<p>99,00\u20ac<\/p>\n\n\n\n<p>99,00\u20ac<\/p>\n\n\n\n<p>75,00\u20ac<\/p>\n\n\n\n<p>29,95\u20ac<\/p>\n\n\n\n<p>29,95\u20ac<\/p>\n\n\n\n<p>299,00\u20ac<\/p>\n\n\n\n<p>250,00\u20ac<\/p>\n\n\n\n<p>355,00\u20ac<\/p>\n\n\n\n<p>225,00\u20ac<\/p>\n\n\n\n<p>11,95\u20ac<\/p>\n\n\n\n<p>39,00\u20ac<\/p>\n\n\n\n<p>29,00\u20ac<\/p>\n\n\n\n<p>29,00\u20ac<\/p>\n\n\n\n<p>5,00\u20ac<\/p>\n\n\n\n<p>30,00\u20ac<\/p>\n\n\n\n<p>1300,00\u20ac<\/p>\n\n\n\n<p>1250,00\u20ac<\/p>\n\n\n\n<p>390\u20ac<\/p>\n\n\n\n<p>35,00\u20ac<\/p>\n\n\n\n<p>370,00\u20ac<\/p>\n\n\n\n<p>150,00\u20ac<\/p>\n\n\n\n<p>19,95\u20ac<\/p>\n\n\n\n<p>49,95\u20ac<\/p>\n\n\n\n<p>260,00\u20ac<\/p>\n\n\n\n<p>14,95\u20ac<\/p>\n\n\n\n<p>45,00\u20ac<\/p>\n\n\n\n<p>75,00\u20ac<\/p>\n\n\n\n<p>169,00\u20ac<\/p>\n\n\n\n<p>129,00\u20ac<\/p>\n<\/div>\n<\/div>\n","protected":false},"excerpt":{"rendered":"<p>Hinnat sis\u00e4lt\u00e4v\u00e4t Alv 24% Ty\u00f6housut, kes\u00e4malli N\/M Ty\u00f6housut, talvimalli N\/M Fleece-poolo Huppari Kauluspaita, useita v\u00e4rivaihtoehtoja Miesten T-paita Naisten T-paita, XS-XL &hellip; <a href=\"https:\/\/blogi.eoppimispalvelut.fi\/vjokierk\/tuotteet-palvelut\/tuotteet\/\" class=\"more-link\">Continue reading<span class=\"screen-reader-text\"> &#8221;Tuotteet&#8221;<\/span><\/a><\/p>\n","protected":false},"author":42951,"featured_media":0,"parent":70,"menu_order":7,"comment_status":"closed","ping_status":"closed","template":"","meta":{"_bbp_topic_count":0,"_bbp_reply_count":0,"_bbp_total_topic_count":0,"_bbp_total_reply_count":0,"_bbp_voice_count":0,"_bbp_anonymous_reply_count":0,"_bbp_topic_count_hidden":0,"_bbp_reply_count_hidden":0,"_bbp_forum_subforum_count":0,"footnotes":""},"class_list":["post-194","page","type-page","status-publish","hentry"],"_links":{"self":[{"href":"https:\/\/blogi.eoppimispalvelut.fi\/vjokierk\/wp-json\/wp\/v2\/pages\/194","targetHints":{"allow":["GET"]}}],"collection":[{"href":"https:\/\/blogi.eoppimispalvelut.fi\/vjokierk\/wp-json\/wp\/v2\/pages"}],"about":[{"href":"https:\/\/blogi.eoppimispalvelut.fi\/vjokierk\/wp-json\/wp\/v2\/types\/page"}],"author":[{"embeddable":true,"href":"https:\/\/blogi.eoppimispalvelut.fi\/vjokierk\/wp-json\/wp\/v2\/users\/42951"}],"replies":[{"embeddable":true,"href":"https:\/\/blogi.eoppimispalvelut.fi\/vjokierk\/wp-json\/wp\/v2\/comments?post=194"}],"version-history":[{"count":8,"href":"https:\/\/blogi.eoppimispalvelut.fi\/vjokierk\/wp-json\/wp\/v2\/pages\/194\/revisions"}],"predecessor-version":[{"id":389,"href":"https:\/\/blogi.eoppimispalvelut.fi\/vjokierk\/wp-json\/wp\/v2\/pages\/194\/revisions\/389"}],"up":[{"embeddable":true,"href":"https:\/\/blogi.eoppimispalvelut.fi\/vjokierk\/wp-json\/wp\/v2\/pages\/70"}],"wp:attachment":[{"href":"https:\/\/blogi.eoppimispalvelut.fi\/vjokierk\/wp-json\/wp\/v2\/media?parent=194"}],"curies":[{"name":"wp","href":"https:\/\/api.w.org\/{rel}","templated":true}]}}