{"id":197,"date":"2024-02-27T11:34:10","date_gmt":"2024-02-27T11:34:10","guid":{"rendered":"https:\/\/blogi.eoppimispalvelut.fi\/vjokierk\/?page_id=197"},"modified":"2024-03-21T08:52:41","modified_gmt":"2024-03-21T08:52:41","slug":"palvelut","status":"publish","type":"page","link":"https:\/\/blogi.eoppimispalvelut.fi\/vjokierk\/tuotteet-palvelut\/palvelut\/","title":{"rendered":"Palvelut"},"content":{"rendered":"\n<h2 class=\"wp-block-heading\">Brodeeraus:<\/h2>\n\n\n\n<ul class=\"wp-block-list\">\n<li>Aloitusmaksu 300\u20ac (sis. ALV 24%) ja sill\u00e4 katetaan logonne muuttaminen brodeerauksessa k\u00e4ytett\u00e4v\u00e4\u00e4n tiedostomuotoon.<\/li>\n\n\n\n<li>Seuraavissa tilauksissanne aloitusmaksua ei en\u00e4\u00e4 veloiteta.<\/li>\n<\/ul>\n\n\n\n<p><\/p>\n\n\n\n<h2 class=\"wp-block-heading\">Rikkoutuneiden vaatteiden palautuspiste<\/h2>\n\n\n\n<ul class=\"wp-block-list\">\n<li>Kierr\u00e4t\u00e4mme rikkoutuneet vaatteet puolestasi! <\/li>\n<\/ul>\n\n\n\n<figure class=\"wp-block-image size-large is-resized\"><img loading=\"lazy\" decoding=\"async\" width=\"1024\" height=\"682\" src=\"https:\/\/blogi.eoppimispalvelut.fi\/vjokierk\/files\/2024\/02\/sewing-machine-262454_1280-1024x682.jpg\" alt=\"\" class=\"wp-image-320\" style=\"width:380px;height:auto\" srcset=\"https:\/\/blogi.eoppimispalvelut.fi\/vjokierk\/files\/2024\/02\/sewing-machine-262454_1280-1024x682.jpg 1024w, https:\/\/blogi.eoppimispalvelut.fi\/vjokierk\/files\/2024\/02\/sewing-machine-262454_1280-300x200.jpg 300w, https:\/\/blogi.eoppimispalvelut.fi\/vjokierk\/files\/2024\/02\/sewing-machine-262454_1280-768x512.jpg 768w, https:\/\/blogi.eoppimispalvelut.fi\/vjokierk\/files\/2024\/02\/sewing-machine-262454_1280.jpg 1280w\" sizes=\"auto, (max-width: 1024px) 100vw, 1024px\" \/><\/figure>\n","protected":false},"excerpt":{"rendered":"<p>Brodeeraus: Rikkoutuneiden vaatteiden palautuspiste<\/p>\n","protected":false},"author":42951,"featured_media":0,"parent":70,"menu_order":7,"comment_status":"closed","ping_status":"closed","template":"","meta":{"_bbp_topic_count":0,"_bbp_reply_count":0,"_bbp_total_topic_count":0,"_bbp_total_reply_count":0,"_bbp_voice_count":0,"_bbp_anonymous_reply_count":0,"_bbp_topic_count_hidden":0,"_bbp_reply_count_hidden":0,"_bbp_forum_subforum_count":0,"footnotes":""},"class_list":["post-197","page","type-page","status-publish","hentry"],"_links":{"self":[{"href":"https:\/\/blogi.eoppimispalvelut.fi\/vjokierk\/wp-json\/wp\/v2\/pages\/197","targetHints":{"allow":["GET"]}}],"collection":[{"href":"https:\/\/blogi.eoppimispalvelut.fi\/vjokierk\/wp-json\/wp\/v2\/pages"}],"about":[{"href":"https:\/\/blogi.eoppimispalvelut.fi\/vjokierk\/wp-json\/wp\/v2\/types\/page"}],"author":[{"embeddable":true,"href":"https:\/\/blogi.eoppimispalvelut.fi\/vjokierk\/wp-json\/wp\/v2\/users\/42951"}],"replies":[{"embeddable":true,"href":"https:\/\/blogi.eoppimispalvelut.fi\/vjokierk\/wp-json\/wp\/v2\/comments?post=197"}],"version-history":[{"count":5,"href":"https:\/\/blogi.eoppimispalvelut.fi\/vjokierk\/wp-json\/wp\/v2\/pages\/197\/revisions"}],"predecessor-version":[{"id":412,"href":"https:\/\/blogi.eoppimispalvelut.fi\/vjokierk\/wp-json\/wp\/v2\/pages\/197\/revisions\/412"}],"up":[{"embeddable":true,"href":"https:\/\/blogi.eoppimispalvelut.fi\/vjokierk\/wp-json\/wp\/v2\/pages\/70"}],"wp:attachment":[{"href":"https:\/\/blogi.eoppimispalvelut.fi\/vjokierk\/wp-json\/wp\/v2\/media?parent=197"}],"curies":[{"name":"wp","href":"https:\/\/api.w.org\/{rel}","templated":true}]}}