{"id":54,"date":"2024-02-07T08:22:21","date_gmt":"2024-02-07T08:22:21","guid":{"rendered":"https:\/\/blogi.eoppimispalvelut.fi\/vjokierk\/?page_id=54"},"modified":"2024-03-04T18:09:56","modified_gmt":"2024-03-04T18:09:56","slug":"resuworkwear-kotisivu","status":"publish","type":"page","link":"https:\/\/blogi.eoppimispalvelut.fi\/vjokierk\/","title":{"rendered":"Me olemme RESU."},"content":{"rendered":"\n<div class=\"wp-block-columns is-layout-flex wp-container-core-columns-is-layout-9d6595d7 wp-block-columns-is-layout-flex\">\n<div class=\"wp-block-column is-layout-flow wp-block-column-is-layout-flow\" style=\"flex-basis:100%\">\n<p>Olemme kest\u00e4v\u00e4n ty\u00f6vaatetuksen uusi edell\u00e4k\u00e4vij\u00e4 Napalaaksossa. Yhti\u00f6mme toiminta perustuu kest\u00e4v\u00e4\u00e4n ja vastuulliseen ty\u00f6vaatetuksen tarjontaan ja huoltoon. N\u00e4m\u00e4 arvot loistavat laadukkaissa  tuotteissamme ja kattavissa palveluissamme. Meid\u00e4n yrityksemme yhdist\u00e4\u00e4 <strong>tyylin<\/strong>, <strong>turvallisuuden<\/strong> ja <strong>ekologisuuden<\/strong> tarjoten laadukkaita ja personoituja vaatteita, jotka on valmistettu kest\u00e4vist\u00e4 ja luonnonmukaisista materiaaleista.<\/p>\n<\/div>\n<\/div>\n\n\n\n<div class=\"wp-block-columns is-layout-flex wp-container-core-columns-is-layout-9d6595d7 wp-block-columns-is-layout-flex\">\n<div class=\"wp-block-column is-layout-flow wp-block-column-is-layout-flow\" style=\"flex-basis:100%\">\n<p>Tekstiilituotanto ja vaateteollisuus kuluttaa <strong>4% <\/strong>maailman vuotuisesta <strong>veden k\u00e4yt\u00f6st\u00e4<\/strong>, tuottaa <strong>20% <\/strong>maailman teollisista <strong>j\u00e4tevesip\u00e4\u00e4st\u00f6ist\u00e4<\/strong> ja aiheuttaa <strong>10% <\/strong>globaaleista teollisuuden <strong>hiilidioksidip\u00e4\u00e4st\u00f6ist\u00e4<\/strong>. Tekstiteollisuus k\u00e4ytt\u00e4\u00e4 my\u00f6s paljon <strong>haitallisia<\/strong> kemikaaleja. Esimerkiksi yhden kuitukilon tuotantoon voi kulua <strong>puoli kiloa<\/strong> kemikaaleja.<\/p>\n<\/div>\n<\/div>\n\n\n\n<div class=\"wp-block-columns is-layout-flex wp-container-core-columns-is-layout-9d6595d7 wp-block-columns-is-layout-flex\">\n<div class=\"wp-block-column is-layout-flow wp-block-column-is-layout-flow\" style=\"flex-basis:100%\">\n<p>Me olemme p\u00e4\u00e4tt\u00e4neet, ett\u00e4 nyt on <strong>aika<\/strong> <strong>muutokseen<\/strong>. Siksi tavoitteenamme on luoda kivijalka <strong>ekologisemmalle<\/strong> ja <strong>kest\u00e4v\u00e4mm\u00e4lle<\/strong> vaateteollisuudelle.<\/p>\n<\/div>\n<\/div>\n\n\n\n<div class=\"wp-block-columns is-layout-flex wp-container-core-columns-is-layout-9d6595d7 wp-block-columns-is-layout-flex\">\n<div class=\"wp-block-column is-layout-flow wp-block-column-is-layout-flow\" style=\"flex-basis:100%\">\n<div class=\"wp-block-columns is-layout-flex wp-container-core-columns-is-layout-9d6595d7 wp-block-columns-is-layout-flex\">\n<div class=\"wp-block-column is-layout-flow wp-block-column-is-layout-flow\" style=\"flex-basis:100%\">\n<p>Valitse ReSu Workwear &#8211; <em>luotettavaa suojaa, joka kunnioittaa sek\u00e4 sinua, ett\u00e4 ymp\u00e4rist\u00f6\u00e4!<\/em><\/p>\n<\/div>\n<\/div>\n<\/div>\n<\/div>\n","protected":false},"excerpt":{"rendered":"<p>Olemme kest\u00e4v\u00e4n ty\u00f6vaatetuksen uusi edell\u00e4k\u00e4vij\u00e4 Napalaaksossa. Yhti\u00f6mme toiminta perustuu kest\u00e4v\u00e4\u00e4n ja vastuulliseen ty\u00f6vaatetuksen tarjontaan ja huoltoon. N\u00e4m\u00e4 arvot loistavat laadukkaissa &hellip; <a href=\"https:\/\/blogi.eoppimispalvelut.fi\/vjokierk\/\" class=\"more-link\">Continue reading<span class=\"screen-reader-text\"> &#8221;Me olemme RESU.&#8221;<\/span><\/a><\/p>\n","protected":false},"author":42951,"featured_media":0,"parent":0,"menu_order":0,"comment_status":"closed","ping_status":"closed","template":"","meta":{"_bbp_topic_count":0,"_bbp_reply_count":0,"_bbp_total_topic_count":0,"_bbp_total_reply_count":0,"_bbp_voice_count":0,"_bbp_anonymous_reply_count":0,"_bbp_topic_count_hidden":0,"_bbp_reply_count_hidden":0,"_bbp_forum_subforum_count":0,"footnotes":""},"class_list":["post-54","page","type-page","status-publish","hentry"],"_links":{"self":[{"href":"https:\/\/blogi.eoppimispalvelut.fi\/vjokierk\/wp-json\/wp\/v2\/pages\/54","targetHints":{"allow":["GET"]}}],"collection":[{"href":"https:\/\/blogi.eoppimispalvelut.fi\/vjokierk\/wp-json\/wp\/v2\/pages"}],"about":[{"href":"https:\/\/blogi.eoppimispalvelut.fi\/vjokierk\/wp-json\/wp\/v2\/types\/page"}],"author":[{"embeddable":true,"href":"https:\/\/blogi.eoppimispalvelut.fi\/vjokierk\/wp-json\/wp\/v2\/users\/42951"}],"replies":[{"embeddable":true,"href":"https:\/\/blogi.eoppimispalvelut.fi\/vjokierk\/wp-json\/wp\/v2\/comments?post=54"}],"version-history":[{"count":22,"href":"https:\/\/blogi.eoppimispalvelut.fi\/vjokierk\/wp-json\/wp\/v2\/pages\/54\/revisions"}],"predecessor-version":[{"id":240,"href":"https:\/\/blogi.eoppimispalvelut.fi\/vjokierk\/wp-json\/wp\/v2\/pages\/54\/revisions\/240"}],"wp:attachment":[{"href":"https:\/\/blogi.eoppimispalvelut.fi\/vjokierk\/wp-json\/wp\/v2\/media?parent=54"}],"curies":[{"name":"wp","href":"https:\/\/api.w.org\/{rel}","templated":true}]}}