{"id":115,"date":"2021-06-09T01:23:53","date_gmt":"2021-06-08T22:23:53","guid":{"rendered":"https:\/\/blogi.eoppimispalvelut.fi\/voittokortit\/?page_id=115"},"modified":"2021-06-23T22:38:28","modified_gmt":"2021-06-23T19:38:28","slug":"lataa-tai-tilaa-voitto-kortit","status":"publish","type":"page","link":"https:\/\/blogi.eoppimispalvelut.fi\/voittokortit\/lataa-tai-tilaa-voitto-kortit\/","title":{"rendered":"Lataa VOITTO-kortit"},"content":{"rendered":"<p>[et_pb_section fb_built=&#8221;1&#8243; admin_label=&#8221;section&#8221; _builder_version=&#8221;3.22&#8243; custom_padding=&#8221;54px|||||&#8221;][et_pb_row admin_label=&#8221;row&#8221; _builder_version=&#8221;3.25&#8243; background_size=&#8221;initial&#8221; background_position=&#8221;top_left&#8221; background_repeat=&#8221;repeat&#8221; custom_margin=&#8221;-10px|auto||auto||&#8221; custom_padding=&#8221;1px|||||&#8221;][et_pb_column type=&#8221;4_4&#8243; _builder_version=&#8221;3.25&#8243; custom_padding=&#8221;|||&#8221; custom_padding__hover=&#8221;|||&#8221;][et_pb_image src=&#8221;https:\/\/blogi.eoppimispalvelut.fi\/voittokortit\/files\/2021\/06\/MicrosoftTeams-image.jpg&#8221; title_text=&#8221;MicrosoftTeams-image&#8221; _builder_version=&#8221;4.8.2&#8243; _module_preset=&#8221;default&#8221; custom_margin=&#8221;-1px||50px|||&#8221; custom_padding=&#8221;2px|||||&#8221;][\/et_pb_image][et_pb_text _builder_version=&#8221;4.8.2&#8243; _module_preset=&#8221;default&#8221; custom_margin=&#8221;||19px|||&#8221;]<\/p>\n<h2>Lataa VOITTO-kortit<\/h2>\n<p>[\/et_pb_text][et_pb_text admin_label=&#8221;Text&#8221; _builder_version=&#8221;3.27.4&#8243; background_size=&#8221;initial&#8221; background_position=&#8221;top_left&#8221; background_repeat=&#8221;repeat&#8221;]<\/p>\n<p>Voit ladata s\u00e4hk\u00f6isen VOITTO-korttipakan k\u00e4ytt\u00f6\u00f6si saavutettavana pdf.-tiedostona <a href=\"https:\/\/drive.google.com\/file\/d\/174sUQAMVZJV0I6j9cXHCCLNlpdmHWztg\/view?usp=sharing\">t\u00e4st\u00e4<\/a>!<\/p>\n<p>T\u00e4m\u00e4 korttipakka on helppo tulostaa itselle k\u00e4ytt\u00f6\u00f6n normaalilla tulostimella ja A4-kokoisena. Alapuolelta voit selailla millainen saavutettava pdf.-tiedosto on.<\/p>\n<p>[pdf-embedder[pdf-embedder url=&#8221;https:\/\/blogi.eoppimispalvelut.fi\/voittokortit\/files\/2021\/06\/VOITTOkortit-korjattu.pdf&#8221; title=&#8221;VOITTOkortit, korjattu&#8221;]<\/p>\n<p>[\/et_pb_text][\/et_pb_column][\/et_pb_row][et_pb_row _builder_version=&#8221;4.8.2&#8243; _module_preset=&#8221;default&#8221;][et_pb_column type=&#8221;4_4&#8243; _builder_version=&#8221;4.8.2&#8243; _module_preset=&#8221;default&#8221;][\/et_pb_column][\/et_pb_row][et_pb_row _builder_version=&#8221;4.8.2&#8243; _module_preset=&#8221;default&#8221;][et_pb_column type=&#8221;4_4&#8243; _builder_version=&#8221;4.8.2&#8243; _module_preset=&#8221;default&#8221;][\/et_pb_column][\/et_pb_row][\/et_pb_section]<\/p>\n","protected":false},"excerpt":{"rendered":"<p>Lataa VOITTO-kortitVoit ladata s\u00e4hk\u00f6isen VOITTO-korttipakan k\u00e4ytt\u00f6\u00f6si saavutettavana pdf.-tiedostona t\u00e4st\u00e4! T\u00e4m\u00e4 korttipakka on helppo tulostaa itselle k\u00e4ytt\u00f6\u00f6n normaalilla tulostimella ja A4-kokoisena. Alapuolelta voit selailla millainen saavutettava pdf.-tiedosto on. [pdf-embedder[pdf-embedder url=&#8221;https:\/\/blogi.eoppimispalvelut.fi\/voittokortit\/files\/2021\/06\/VOITTOkortit-korjattu.pdf&#8221; title=&#8221;VOITTOkortit, korjattu&#8221;]<\/p>\n","protected":false},"author":244,"featured_media":0,"parent":0,"menu_order":0,"comment_status":"closed","ping_status":"closed","template":"","meta":{"_et_pb_use_builder":"on","_et_pb_old_content":"Voit ladata s\u00e4hk\u00f6isen VOITTO-korttipakan k\u00e4ytt\u00f6\u00f6si saavutettavana pdf.-tiedostona <a href=\"https:\/\/drive.google.com\/file\/d\/174sUQAMVZJV0I6j9cXHCCLNlpdmHWztg\/view?usp=sharing\">t\u00e4st\u00e4<\/a>! T\u00e4m\u00e4 korttipakka on helppo tulostaa itselle k\u00e4ytt\u00f6\u00f6n A4-kokoisena, jos haluat.\r\n\r\n[pdf-embedder[pdf-embedder url=\"https:\/\/blogi.eoppimispalvelut.fi\/voittokortit\/files\/2021\/06\/VOITTOkortit-korjattu.pdf\" title=\"VOITTOkortit, korjattu\"]","_et_gb_content_width":"","footnotes":""},"class_list":["post-115","page","type-page","status-publish","hentry"],"_links":{"self":[{"href":"https:\/\/blogi.eoppimispalvelut.fi\/voittokortit\/wp-json\/wp\/v2\/pages\/115","targetHints":{"allow":["GET"]}}],"collection":[{"href":"https:\/\/blogi.eoppimispalvelut.fi\/voittokortit\/wp-json\/wp\/v2\/pages"}],"about":[{"href":"https:\/\/blogi.eoppimispalvelut.fi\/voittokortit\/wp-json\/wp\/v2\/types\/page"}],"author":[{"embeddable":true,"href":"https:\/\/blogi.eoppimispalvelut.fi\/voittokortit\/wp-json\/wp\/v2\/users\/244"}],"replies":[{"embeddable":true,"href":"https:\/\/blogi.eoppimispalvelut.fi\/voittokortit\/wp-json\/wp\/v2\/comments?post=115"}],"version-history":[{"count":27,"href":"https:\/\/blogi.eoppimispalvelut.fi\/voittokortit\/wp-json\/wp\/v2\/pages\/115\/revisions"}],"predecessor-version":[{"id":326,"href":"https:\/\/blogi.eoppimispalvelut.fi\/voittokortit\/wp-json\/wp\/v2\/pages\/115\/revisions\/326"}],"wp:attachment":[{"href":"https:\/\/blogi.eoppimispalvelut.fi\/voittokortit\/wp-json\/wp\/v2\/media?parent=115"}],"curies":[{"name":"wp","href":"https:\/\/api.w.org\/{rel}","templated":true}]}}