{"id":120,"date":"2021-06-09T01:25:31","date_gmt":"2021-06-08T22:25:31","guid":{"rendered":"https:\/\/blogi.eoppimispalvelut.fi\/voittokortit\/?page_id=120"},"modified":"2021-10-19T10:57:34","modified_gmt":"2021-10-19T07:57:34","slug":"hanke-esittely","status":"publish","type":"page","link":"https:\/\/blogi.eoppimispalvelut.fi\/voittokortit\/hanke-esittely\/","title":{"rendered":"Hanke-esittely"},"content":{"rendered":"<p>[et_pb_section fb_built=&#8221;1&#8243; admin_label=&#8221;section&#8221; _builder_version=&#8221;3.22&#8243;][et_pb_row admin_label=&#8221;row&#8221; _builder_version=&#8221;3.25&#8243; background_size=&#8221;initial&#8221; background_position=&#8221;top_left&#8221; background_repeat=&#8221;repeat&#8221;][et_pb_column type=&#8221;4_4&#8243; _builder_version=&#8221;3.25&#8243; custom_padding=&#8221;|||&#8221; custom_padding__hover=&#8221;|||&#8221;][et_pb_image src=&#8221;https:\/\/blogi.eoppimispalvelut.fi\/voittokortit\/files\/2021\/06\/MicrosoftTeams-image.jpg&#8221; title_text=&#8221;MicrosoftTeams-image&#8221; _builder_version=&#8221;4.8.2&#8243; _module_preset=&#8221;default&#8221; custom_margin=&#8221;-36px||51px|||&#8221;][\/et_pb_image][et_pb_text _builder_version=&#8221;4.8.2&#8243; _module_preset=&#8221;default&#8221; custom_margin=&#8221;||38px|||&#8221;]<\/p>\n<h2>Hanke-esittely<\/h2>\n<p>[\/et_pb_text][et_pb_text admin_label=&#8221;Text&#8221; _builder_version=&#8221;4.8.2&#8243; background_size=&#8221;initial&#8221; background_position=&#8221;top_left&#8221; background_repeat=&#8221;repeat&#8221; custom_margin=&#8221;-26px|||||&#8221;]<\/p>\n<p>VOITTO-hankkeen tavoitteena oli ehk\u00e4ist\u00e4 Lapin hankalimmin ty\u00f6llistyvien syrj\u00e4ytymist\u00e4, edist\u00e4\u00e4 heid\u00e4n mahdollisuuksiaan ty\u00f6llisty\u00e4 sek\u00e4 kohentaa heid\u00e4n el\u00e4m\u00e4nlaatuaan ja osallisuuden kokemuksiaan. Hankkeessa kehitettiin ja mallinnettiin mukana olevien kuntien kanssa osallisuutta lis\u00e4\u00e4vi\u00e4 ja syrj\u00e4ytymist\u00e4 ehk\u00e4isevi\u00e4 ohjaus- ja neuvontapalveluita sek\u00e4 kehitettiin ja muotoiltiin osallistavia ty\u00f6v\u00e4lineit\u00e4 ohjaus- ja neuvontaty\u00f6h\u00f6n. VOITTO-kortit kokoavat hankkeen aikana testatut ja kehitetyt ty\u00f6v\u00e4lineet yhteen nippuun. Hankkeen kehitt\u00e4misty\u00f6ss\u00e4 olivat mukana Ranua, Ylitornio ja Inari. Hanke alkoi 1.8.2017 ja p\u00e4\u00e4ttyi 30.4.2021.<\/p>\n<p>[\/et_pb_text][\/et_pb_column][\/et_pb_row][et_pb_row _builder_version=&#8221;4.8.2&#8243; _module_preset=&#8221;default&#8221; custom_padding=&#8221;||17px|||&#8221;][et_pb_column type=&#8221;4_4&#8243; _builder_version=&#8221;4.8.2&#8243; _module_preset=&#8221;default&#8221;][et_pb_text _builder_version=&#8221;4.8.2&#8243; _module_preset=&#8221;default&#8221; min_height=&#8221;7.6px&#8221; custom_margin=&#8221;||1px|||&#8221; custom_padding=&#8221;||0px|||&#8221;]<\/p>\n<h2>Yhteystiedot<\/h2>\n<p>[\/et_pb_text][\/et_pb_column][\/et_pb_row][et_pb_row column_structure=&#8221;1_3,1_3,1_3&#8243; _builder_version=&#8221;4.8.2&#8243; _module_preset=&#8221;default&#8221; custom_padding=&#8221;0px||30px|||&#8221; hover_enabled=&#8221;0&#8243; sticky_enabled=&#8221;0&#8243;][et_pb_column type=&#8221;1_3&#8243; _builder_version=&#8221;4.8.2&#8243; _module_preset=&#8221;default&#8221;][et_pb_team_member name=&#8221;Katri Kuusela&#8221; position=&#8221;VOITTO-hankkeen projektip\u00e4\u00e4llikk\u00f6&#8221; image_url=&#8221;https:\/\/blogi.eoppimispalvelut.fi\/voittokortit\/files\/2021\/06\/Katri1.jpg&#8221; _builder_version=&#8221;4.8.2&#8243; _module_preset=&#8221;default&#8221; background_color=&#8221;#FFFFFF&#8221; text_orientation=&#8221;center&#8221; hover_enabled=&#8221;0&#8243; sticky_enabled=&#8221;0&#8243; title_text=&#8221;Katri1&#8243; position_text_align=&#8221;center&#8221;]<\/p>\n<p>katri.kuusela(at)ulapland.fi<br \/> 040 5161 054<\/p>\n<p>[\/et_pb_team_member][\/et_pb_column][et_pb_column type=&#8221;1_3&#8243; _builder_version=&#8221;4.8.2&#8243; _module_preset=&#8221;default&#8221;][et_pb_team_member name=&#8221;Essi Kuure&#8221; position=&#8221;TaT, Palvelumuotoilun asiantuntija&#8221; image_url=&#8221;https:\/\/blogi.eoppimispalvelut.fi\/voittokortit\/files\/2021\/06\/Kuure_Essi.jpg&#8221; linkedin_url=&#8221;https:\/\/fi.linkedin.com\/in\/essikuure&#8221; _builder_version=&#8221;4.8.2&#8243; _module_preset=&#8221;default&#8221; hover_enabled=&#8221;0&#8243; sticky_enabled=&#8221;0&#8243; text_orientation=&#8221;center&#8221;]<\/p>\n<p>essi.kuure(at)ulapland.fi<br \/> 040 484 4407<\/p>\n<p>[\/et_pb_team_member][\/et_pb_column][et_pb_column type=&#8221;1_3&#8243; _builder_version=&#8221;4.8.2&#8243; _module_preset=&#8221;default&#8221;][et_pb_team_member name=&#8221;Netta Riponiemi&#8221; position=&#8221;TaK, Palvelumuotoilun asiantuntija&#8221; _builder_version=&#8221;4.8.2&#8243; _module_preset=&#8221;default&#8221; hover_enabled=&#8221;0&#8243; alt=&#8221;Netta&#8221; title_text=&#8221;Netta&#8221; image_url=&#8221;https:\/\/blogi.eoppimispalvelut.fi\/voittokortit\/files\/2021\/10\/Netta.png&#8221; sticky_enabled=&#8221;0&#8243; text_orientation=&#8221;center&#8221;]<\/p>\n<p>netta.riponiemi(at)ulapland.fi<br \/> 040 486 8547<\/p>\n<p>[\/et_pb_team_member][\/et_pb_column][\/et_pb_row][\/et_pb_section]<\/p>\n","protected":false},"excerpt":{"rendered":"<p>Hanke-esittelyVOITTO-hankkeen tavoitteena oli ehk\u00e4ist\u00e4 Lapin hankalimmin ty\u00f6llistyvien syrj\u00e4ytymist\u00e4, edist\u00e4\u00e4 heid\u00e4n mahdollisuuksiaan ty\u00f6llisty\u00e4 sek\u00e4 kohentaa heid\u00e4n el\u00e4m\u00e4nlaatuaan ja osallisuuden kokemuksiaan. Hankkeessa kehitettiin ja mallinnettiin mukana olevien kuntien kanssa osallisuutta lis\u00e4\u00e4vi\u00e4 ja syrj\u00e4ytymist\u00e4 ehk\u00e4isevi\u00e4 ohjaus- ja neuvontapalveluita sek\u00e4 kehitettiin ja muotoiltiin osallistavia ty\u00f6v\u00e4lineit\u00e4 ohjaus- ja neuvontaty\u00f6h\u00f6n. VOITTO-kortit kokoavat hankkeen aikana testatut ja kehitetyt ty\u00f6v\u00e4lineet yhteen nippuun. Hankkeen [&hellip;]<\/p>\n","protected":false},"author":244,"featured_media":0,"parent":0,"menu_order":0,"comment_status":"closed","ping_status":"closed","template":"","meta":{"_et_pb_use_builder":"on","_et_pb_old_content":"VOITTO-hankkeen tavoitteena oli ehk\u00e4ist\u00e4 Lapin hankalimmin ty\u00f6llistyvien syrj\u00e4ytymist\u00e4, edist\u00e4\u00e4 heid\u00e4n mahdollisuuksiaan ty\u00f6llisty\u00e4 sek\u00e4 kohentaa heid\u00e4n el\u00e4m\u00e4nlaatuaan ja osallisuuden kokemuksiaan. Hankkeessa kehitettiin ja mallinnettiin mukana olevien kuntien kanssa osallisuutta lis\u00e4\u00e4vi\u00e4 ja syrj\u00e4ytymist\u00e4 ehk\u00e4isevi\u00e4 ohjaus- ja neuvontapalveluita sek\u00e4 kehitettiin ja muotoiltiin osallistavia ty\u00f6v\u00e4lineit\u00e4 ohjaus- ja neuvontaty\u00f6h\u00f6n. VOITTO-kortit kokoavat hankkeen aikana testatut ja kehitetyt ty\u00f6v\u00e4lineet yhteen nippuun. Hankkeen kehitt\u00e4misty\u00f6ss\u00e4 olivat mukana Ranua ja Ylitornio. Hanke alkoi 1.8.2017 ja p\u00e4\u00e4ttyi 30.4.2021.\r\n<h2>Yhteystiedot<\/h2>\r\n<h5><img class=\"alignleft wp-image-152 size-full\" src=\"https:\/\/blogi.eoppimispalvelut.fi\/voittokortit\/files\/2021\/06\/Katri1.jpg\" alt=\"\" width=\"150\" height=\"224\" \/><\/h5>\r\n<pre style=\"text-align: left\"><span style=\"font-size: 1.125rem\">Katri Kuusela<\/span>\r\nVOITTO-hankkeen projektip\u00e4\u00e4llikk\u00f6\r\nkatri.kuusela(at)ulapland.fi\r\n040 5161 054<\/pre>\r\n<img class=\"alignleft wp-image-154\" src=\"https:\/\/blogi.eoppimispalvelut.fi\/voittokortit\/files\/2021\/06\/Essi1.jpg\" alt=\"\" width=\"150\" height=\"224\" \/>\r\n<pre>Essi Kuure\r\nTaT, Palvelumuotoilun asiantuntija\r\nessi.kuure(at)ulapland.fi\r\n040 484 4407<\/pre>\r\n&nbsp;","_et_gb_content_width":"","footnotes":""},"class_list":["post-120","page","type-page","status-publish","hentry"],"_links":{"self":[{"href":"https:\/\/blogi.eoppimispalvelut.fi\/voittokortit\/wp-json\/wp\/v2\/pages\/120","targetHints":{"allow":["GET"]}}],"collection":[{"href":"https:\/\/blogi.eoppimispalvelut.fi\/voittokortit\/wp-json\/wp\/v2\/pages"}],"about":[{"href":"https:\/\/blogi.eoppimispalvelut.fi\/voittokortit\/wp-json\/wp\/v2\/types\/page"}],"author":[{"embeddable":true,"href":"https:\/\/blogi.eoppimispalvelut.fi\/voittokortit\/wp-json\/wp\/v2\/users\/244"}],"replies":[{"embeddable":true,"href":"https:\/\/blogi.eoppimispalvelut.fi\/voittokortit\/wp-json\/wp\/v2\/comments?post=120"}],"version-history":[{"count":31,"href":"https:\/\/blogi.eoppimispalvelut.fi\/voittokortit\/wp-json\/wp\/v2\/pages\/120\/revisions"}],"predecessor-version":[{"id":345,"href":"https:\/\/blogi.eoppimispalvelut.fi\/voittokortit\/wp-json\/wp\/v2\/pages\/120\/revisions\/345"}],"wp:attachment":[{"href":"https:\/\/blogi.eoppimispalvelut.fi\/voittokortit\/wp-json\/wp\/v2\/media?parent=120"}],"curies":[{"name":"wp","href":"https:\/\/api.w.org\/{rel}","templated":true}]}}