{"id":133,"date":"2021-06-09T01:52:51","date_gmt":"2021-06-08T22:52:51","guid":{"rendered":"https:\/\/blogi.eoppimispalvelut.fi\/voittokortit\/?page_id=133"},"modified":"2021-06-23T22:20:33","modified_gmt":"2021-06-23T19:20:33","slug":"linkkeja-muihin-menetelmiin","status":"publish","type":"page","link":"https:\/\/blogi.eoppimispalvelut.fi\/voittokortit\/linkkeja-muihin-menetelmiin\/","title":{"rendered":"Linkkej\u00e4 muihin menetelmiin"},"content":{"rendered":"<p>[et_pb_section fb_built=&#8221;1&#8243; admin_label=&#8221;section&#8221; _builder_version=&#8221;3.22&#8243;][et_pb_row admin_label=&#8221;row&#8221; _builder_version=&#8221;3.25&#8243; background_size=&#8221;initial&#8221; background_position=&#8221;top_left&#8221; background_repeat=&#8221;repeat&#8221; custom_margin=&#8221;-3px|auto||auto||&#8221; custom_padding=&#8221;0px|||||&#8221;][et_pb_column type=&#8221;4_4&#8243; _builder_version=&#8221;3.25&#8243; custom_padding=&#8221;|||&#8221; custom_padding__hover=&#8221;|||&#8221;][et_pb_image src=&#8221;https:\/\/blogi.eoppimispalvelut.fi\/voittokortit\/files\/2021\/06\/MicrosoftTeams-image.jpg&#8221; title_text=&#8221;MicrosoftTeams-image&#8221; _builder_version=&#8221;4.8.2&#8243; _module_preset=&#8221;default&#8221; custom_margin=&#8221;-6px||50px|||&#8221;][\/et_pb_image][et_pb_text _builder_version=&#8221;4.8.2&#8243; _module_preset=&#8221;default&#8221;]<\/p>\n<h2>Muita menetelmi\u00e4 osallistavaan kehitt\u00e4miseen ja toimintaan<\/h2>\n<p>[\/et_pb_text][et_pb_text admin_label=&#8221;Text&#8221; _builder_version=&#8221;3.27.4&#8243; background_size=&#8221;initial&#8221; background_position=&#8221;top_left&#8221; background_repeat=&#8221;repeat&#8221; custom_margin=&#8221;-12px|||||&#8221;]Sokra-hankkeen verkkosivut on suunnattu osallisuutta edist\u00e4ville kehitt\u00e4mishankkeille, p\u00e4\u00e4tt\u00e4jille ja rahoittajille. Sivuilta l\u00f6ytyy lis\u00e4tietoa osallisuudesta, testej\u00e4, esimerkkej\u00e4 ja malleja: <a href=\"http:\/\/www.thl.fi\/sokra\">www.thl.fi\/sokra<\/a>.<\/p>\n<p>Innokyl\u00e4 on kaikille avoin yhteisen kehitt\u00e4misen ja tiedon jakamisen ymp\u00e4rist\u00f6. Innokyl\u00e4st\u00e4 l\u00f6yd\u00e4t kehitt\u00e4miseen liittyvi\u00e4 ty\u00f6kaluja, menetelmi\u00e4 ja kokemuksia: <a href=\"http:\/\/www.innokyla.fi\">www.innokyla.fi<\/a>.<\/p>\n<p>Ty\u00f6terveyslaitoksen Kykyviisari on maksuton ty\u00f6- ja toimintakyvyn itsearviointimenetelm\u00e4 kaikille ty\u00f6ik\u00e4isille. Kykyviisarilla voi p\u00e4\u00e4st\u00e4 kiinni omiin vahvuuksiin ja saada apua asiakasty\u00f6h\u00f6n: <a href=\"http:\/\/www.kykyviisari.fi\">www.kykyviisari.fi<\/a>.<\/p>\n<p>Helsingin kaupunki on kehitt\u00e4nyt asiakaspalvelumallin, jolla edistet\u00e4\u00e4n asiakaspalvelun asiakasl\u00e4ht\u00f6isyytt\u00e4, sen yhdenmukaisuutta ja palvelun vaikuttavuutta. Sivustolle on ker\u00e4tty mallin k\u00e4sikirja, ty\u00f6kirja sek\u00e4 ty\u00f6kalupohjia, jotka ovat vapaasti hy\u00f6dynnett\u00e4viss\u00e4: <a href=\"https:\/\/digi.hel.fi\/projektit\/digitalisaation-tyokalut\/asiakaspalvelumalli\/\">Helsingin kaupungin asiakaspalvelumalli<\/a>.<\/p>\n<p>Tukea ja valmiita ty\u00f6kalupohjia kokeilujen j\u00e4rjest\u00e4miseen l\u00f6ytyy Kehit\u00e4 kokeillen -sivustolta ja -kirjasta. N\u00e4e miten kokeilut voivat s\u00e4\u00e4st\u00e4\u00e4 aikaa, rahaa ja vaivaa: <a href=\"blank\">www.kehit\u00e4kokeillen.fi<\/a>.[\/et_pb_text][\/et_pb_column][\/et_pb_row][et_pb_row _builder_version=&#8221;4.8.2&#8243; _module_preset=&#8221;default&#8221;][et_pb_column type=&#8221;4_4&#8243; _builder_version=&#8221;4.8.2&#8243; _module_preset=&#8221;default&#8221;][\/et_pb_column][\/et_pb_row][\/et_pb_section]<\/p>\n","protected":false},"excerpt":{"rendered":"<p>Muita menetelmi\u00e4 osallistavaan kehitt\u00e4miseen ja toimintaanSokra-hankkeen verkkosivut on suunnattu osallisuutta edist\u00e4ville kehitt\u00e4mishankkeille, p\u00e4\u00e4tt\u00e4jille ja rahoittajille. Sivuilta l\u00f6ytyy lis\u00e4tietoa osallisuudesta, testej\u00e4, esimerkkej\u00e4 ja malleja: www.thl.fi\/sokra. Innokyl\u00e4 on kaikille avoin yhteisen kehitt\u00e4misen ja tiedon jakamisen ymp\u00e4rist\u00f6. Innokyl\u00e4st\u00e4 l\u00f6yd\u00e4t kehitt\u00e4miseen liittyvi\u00e4 ty\u00f6kaluja, menetelmi\u00e4 ja kokemuksia: www.innokyla.fi. Ty\u00f6terveyslaitoksen Kykyviisari on maksuton ty\u00f6- ja toimintakyvyn itsearviointimenetelm\u00e4 kaikille ty\u00f6ik\u00e4isille. Kykyviisarilla voi [&hellip;]<\/p>\n","protected":false},"author":244,"featured_media":0,"parent":0,"menu_order":0,"comment_status":"closed","ping_status":"closed","template":"","meta":{"_et_pb_use_builder":"on","_et_pb_old_content":"Sokra-hankkeen verkkosivut on suunnattu osallisuutta edist\u00e4ville kehitt\u00e4mishankkeille, p\u00e4\u00e4tt\u00e4jille ja rahoittajille. Sivuilta l\u00f6ytyy lis\u00e4tietoa osallisuudesta, testej\u00e4, esimerkkej\u00e4 ja malleja: <a href=\"http:\/\/www.thl.fi\/sokra\">www.thl.fi\/sokra<\/a>.\r\n\r\nInnokyl\u00e4 on kaikille avoin yhteisen kehitt\u00e4misen ja tiedon jakamisen ymp\u00e4rist\u00f6. Innokyl\u00e4st\u00e4 l\u00f6yd\u00e4t kehitt\u00e4miseen liittyvi\u00e4 ty\u00f6kaluja, menetelmi\u00e4 ja kokemuksia: <a href=\"http:\/\/www.innokyla.fi\">www.innokyla.fi<\/a>.\r\n\r\nTy\u00f6terveyslaitoksen Kykyviisari on maksuton ty\u00f6- ja toimintakyvyn itsearviointimenetelm\u00e4 kaikille ty\u00f6ik\u00e4isille. Kykyviisarilla voi p\u00e4\u00e4st\u00e4 kiinni omiin vahvuuksiin ja saada apua asiakasty\u00f6h\u00f6n: <a href=\"http:\/\/www.kykyviisari.fi\">www.kykyviisari.fi<\/a>.\r\n\r\nHelsingin kaupunki on kehitt\u00e4nyt asiakaspalvelumallin, jolla edistet\u00e4\u00e4n asiakaspalvelun asiakasl\u00e4ht\u00f6isyytt\u00e4, sen yhdenmukaisuutta ja palvelun vaikuttavuutta. Sivustolle on ker\u00e4tty mallin k\u00e4sikirja, ty\u00f6kirja sek\u00e4 ty\u00f6kalupohjia, jotka ovat vapaasti hy\u00f6dynnett\u00e4viss\u00e4: <a href=\"https:\/\/digi.hel.fi\/projektit\/digitalisaation-tyokalut\/asiakaspalvelumalli\/\">Helsingin kaupungin asiakaspalvelumalli<\/a>.\r\n\r\nTukea ja valmiita ty\u00f6kalupohjia kokeilujen j\u00e4rjest\u00e4miseen l\u00f6ytyy Kehit\u00e4 kokeillen -sivustolta ja -kirjasta. N\u00e4e miten kokeilut voivat s\u00e4\u00e4st\u00e4\u00e4 aikaa, rahaa ja vaivaa: <a href=\"blank\">www.kehit\u00e4kokeillen.fi<\/a>.","_et_gb_content_width":"","footnotes":""},"class_list":["post-133","page","type-page","status-publish","hentry"],"_links":{"self":[{"href":"https:\/\/blogi.eoppimispalvelut.fi\/voittokortit\/wp-json\/wp\/v2\/pages\/133","targetHints":{"allow":["GET"]}}],"collection":[{"href":"https:\/\/blogi.eoppimispalvelut.fi\/voittokortit\/wp-json\/wp\/v2\/pages"}],"about":[{"href":"https:\/\/blogi.eoppimispalvelut.fi\/voittokortit\/wp-json\/wp\/v2\/types\/page"}],"author":[{"embeddable":true,"href":"https:\/\/blogi.eoppimispalvelut.fi\/voittokortit\/wp-json\/wp\/v2\/users\/244"}],"replies":[{"embeddable":true,"href":"https:\/\/blogi.eoppimispalvelut.fi\/voittokortit\/wp-json\/wp\/v2\/comments?post=133"}],"version-history":[{"count":4,"href":"https:\/\/blogi.eoppimispalvelut.fi\/voittokortit\/wp-json\/wp\/v2\/pages\/133\/revisions"}],"predecessor-version":[{"id":324,"href":"https:\/\/blogi.eoppimispalvelut.fi\/voittokortit\/wp-json\/wp\/v2\/pages\/133\/revisions\/324"}],"wp:attachment":[{"href":"https:\/\/blogi.eoppimispalvelut.fi\/voittokortit\/wp-json\/wp\/v2\/media?parent=133"}],"curies":[{"name":"wp","href":"https:\/\/api.w.org\/{rel}","templated":true}]}}