{"id":4,"date":"2021-04-14T16:59:24","date_gmt":"2021-04-14T13:59:24","guid":{"rendered":"https:\/\/blogi.eoppimispalvelut.fi\/voittokortit\/?page_id=4"},"modified":"2021-09-02T13:04:02","modified_gmt":"2021-09-02T10:04:02","slug":"voitto-kortit","status":"publish","type":"page","link":"https:\/\/blogi.eoppimispalvelut.fi\/voittokortit\/","title":{"rendered":"Etusivu"},"content":{"rendered":"<p>[et_pb_section fb_built=&#8221;1&#8243; admin_label=&#8221;section&#8221; _builder_version=&#8221;3.22&#8243;][et_pb_row _builder_version=&#8221;4.8.2&#8243; _module_preset=&#8221;default&#8221;][et_pb_column type=&#8221;4_4&#8243; _builder_version=&#8221;4.8.2&#8243; _module_preset=&#8221;default&#8221;][et_pb_image src=&#8221;https:\/\/blogi.eoppimispalvelut.fi\/voittokortit\/files\/2021\/06\/MicrosoftTeams-image.jpg&#8221; title_text=&#8221;MicrosoftTeams-image&#8221; _builder_version=&#8221;4.8.2&#8243; _module_preset=&#8221;default&#8221; custom_margin=&#8221;-36px|||||&#8221;][\/et_pb_image][\/et_pb_column][\/et_pb_row][et_pb_row admin_label=&#8221;row&#8221; _builder_version=&#8221;4.8.2&#8243; background_size=&#8221;initial&#8221; background_position=&#8221;top_left&#8221; background_repeat=&#8221;repeat&#8221; custom_padding=&#8221;||0px|||&#8221;][et_pb_column type=&#8221;4_4&#8243; _builder_version=&#8221;3.25&#8243; custom_padding=&#8221;|||&#8221; custom_padding__hover=&#8221;|||&#8221;][et_pb_text _builder_version=&#8221;4.8.2&#8243; _module_preset=&#8221;default&#8221; custom_margin=&#8221;||16px|||&#8221;]<\/p>\n<h2>Lyhyesti VOITTO-korteista<\/h2>\n<p>[\/et_pb_text][et_pb_text _builder_version=&#8221;4.8.2&#8243; _module_preset=&#8221;default&#8221;]<\/p>\n<p>VOITTO-korttien ideana on toimia asiakasty\u00f6n tukena. Niihin on ker\u00e4tty menetelmi\u00e4, joiden k\u00e4ytt\u00f6\u00f6nottoon ei vaadita juurikaan aikaa, rahaa tai v\u00e4lineit\u00e4, mutta jotka lis\u00e4\u00e4v\u00e4t osallisuutta ja hyv\u00e4\u00e4 mielt\u00e4 yhteisty\u00f6ss\u00e4 sek\u00e4 palveluissa.<\/p>\n<p>Menetelmiin on hyv\u00e4 tutustua ennen varsinaista asiakaskohtaamista ty\u00f6parin kanssa tai yhteisesti ammattilaisten ryhm\u00e4ss\u00e4. Korttien avulla voit alkaa opetella osallistavien ty\u00f6menetelmien k\u00e4ytt\u00f6\u00e4. Tekemisen kautta opit, miten voit hy\u00f6dynt\u00e4\u00e4 menetelmi\u00e4 parhaiten osana ty\u00f6t\u00e4si sek\u00e4 erilaisten osallistujaryhmien kanssa.<\/p>\n<p>Kaikenlaiset ryhm\u00e4t voivat hy\u00f6dynt\u00e4\u00e4 menetelmi\u00e4 eri tilanteissa. Korttipakkaan kannattaa tarttua, kun ryhm\u00e4\u00e4n tulee uusia j\u00e4seni\u00e4, kun tilat tai toimipaikka muuttuvat, kun tarvitaan olemassa olevalle ryhm\u00e4lle uutta toimintaa, kun halutaan j\u00e4sent\u00e4\u00e4 ja tehd\u00e4 toimintaa n\u00e4kyv\u00e4ksi ja niin edelleen.<\/p>\n<p>VOITTO-kortit on jaoteltu viiteen teemaan: ryhm\u00e4\u00e4n kuuluminen, kuulluksi tuleminen, identiteetin vahvistaminen, merkityksellisyyden kokemus ja osallistujal\u00e4ht\u00f6isyyden lis\u00e4\u00e4minen. Nelj\u00e4 ensimm\u00e4ist\u00e4 teemaa sis\u00e4lt\u00e4v\u00e4t menetelmi\u00e4, joita voit toteuttaa osallistujien kanssa. Viimeinen teema sis\u00e4lt\u00e4\u00e4 menetelmi\u00e4 erityisesti ty\u00f6ntekij\u00f6iden k\u00e4ytt\u00f6\u00f6n. Menetelm\u00e4t ovat vapaasti sovellettavissa ty\u00f6tilanteisiisi ja tarpeisiisi, kuitenkin niin ett\u00e4 ne tukevat aina osallisuutta sek\u00e4 luovat ryhm\u00e4lle mahdollisuuden kehitt\u00e4\u00e4 uudenlaista toimintaa.<\/p>\n<p><span>Mukavia menetelm\u00e4hetki\u00e4 VOITTO-korttien parissa!<\/span><\/p>\n<p>[\/et_pb_text][et_pb_image src=&#8221;https:\/\/blogi.eoppimispalvelut.fi\/voittokortit\/files\/2021\/06\/VOITTO_osiot.jpg&#8221; title_text=&#8221;VOITTO_osiot&#8221; align=&#8221;center&#8221; _builder_version=&#8221;4.8.2&#8243; _module_preset=&#8221;default&#8221; min_height=&#8221;1036.5px&#8221; custom_margin=&#8221;40px|||||&#8221;][\/et_pb_image][\/et_pb_column][\/et_pb_row][et_pb_row _builder_version=&#8221;4.8.2&#8243; _module_preset=&#8221;default&#8221;][et_pb_column type=&#8221;4_4&#8243; _builder_version=&#8221;4.8.2&#8243; _module_preset=&#8221;default&#8221;][et_pb_text _builder_version=&#8221;4.8.2&#8243; _module_preset=&#8221;default&#8221; custom_margin=&#8221;||-22px|||&#8221; custom_padding=&#8221;||0px|||&#8221;]<\/p>\n<h3>VOITTO-korteista sanottua:<\/h3>\n<p>[\/et_pb_text][\/et_pb_column][\/et_pb_row][et_pb_row column_structure=&#8221;1_4,1_4,1_4,1_4&#8243; _builder_version=&#8221;4.8.2&#8243; _module_preset=&#8221;default&#8221; background_color=&#8221;#f39325&#8243; min_height=&#8221;110.8px&#8221; custom_padding=&#8221;20px||22px|||&#8221;][et_pb_column type=&#8221;1_4&#8243; _builder_version=&#8221;4.8.2&#8243; _module_preset=&#8221;default&#8221;][et_pb_text _builder_version=&#8221;4.8.2&#8243; _module_preset=&#8221;default&#8221; text_text_color=&#8221;#FFFFFF&#8221; background_color=&#8221;#f39323&#8243; custom_padding=&#8221;|||7px||&#8221;]<\/p>\n<p style=\"text-align: center\">\u201dKortit ovat hyv\u00e4 \u201dk\u00e4tt\u00e4pitempi\u201d ty\u00f6kalu erilaisissa kokoontumisissa. Monimuotoisuus yhteisty\u00f6ss\u00e4, kehitt\u00e4misess\u00e4 sek\u00e4 palautteen antamisessa on hyv\u00e4 pit\u00e4\u00e4 esill\u00e4.\u201d<\/p>\n<p style=\"text-align: center\"><em>Nuorisodiakoni Ilkka Korva, Ylitornio<\/em><\/p>\n<p>[\/et_pb_text][\/et_pb_column][et_pb_column type=&#8221;1_4&#8243; _builder_version=&#8221;4.8.2&#8243; _module_preset=&#8221;default&#8221;][et_pb_text _builder_version=&#8221;4.8.2&#8243; _module_preset=&#8221;default&#8221; text_text_color=&#8221;#FFFFFF&#8221;]<\/p>\n<p style=\"text-align: center\">\u201dVoitto-kortit avaa ty\u00f6ntekij\u00f6iden portit, takataskuun mahtuu, mukaan voi ottaa, osallisuus niiss\u00e4 puhuttaa ja koskettaa. T\u00e4st\u00e4p\u00e4 menetelm\u00e4t moneen hetkeen, menolippu yhteis\u00f6lliseen hyv\u00e4n mielen retkeen.\u201d<\/p>\n<p style=\"text-align: center\"><em>Yksil\u00f6valmentaja Terhi Salmela, <\/em><em>Ty\u00f6llist\u00e4misyksikk\u00f6, Ranua<\/em><\/p>\n<p>[\/et_pb_text][\/et_pb_column][et_pb_column type=&#8221;1_4&#8243; _builder_version=&#8221;4.8.2&#8243; _module_preset=&#8221;default&#8221;][et_pb_text _builder_version=&#8221;4.8.2&#8243; _module_preset=&#8221;default&#8221; text_text_color=&#8221;#FFFFFF&#8221;]<\/p>\n<p style=\"text-align: center\">\u201dT\u00e4m\u00e4 on loistava paketti menetelmi\u00e4, joilla voidaan tukea monipuolisesti osallisuutta erilaisissa asiakas-, kehitt\u00e4mis- ja opetusteht\u00e4viss\u00e4. Otan ne ehdottomasti k\u00e4ytt\u00f6\u00f6n omassa ty\u00f6ss\u00e4ni.\u201d<\/p>\n<p style=\"text-align: center\"><em>Tutkimusp\u00e4\u00e4llikk\u00f6 Tarja Kemppainen, Lapin yliopisto<\/em><\/p>\n<p>[\/et_pb_text][\/et_pb_column][et_pb_column type=&#8221;1_4&#8243; _builder_version=&#8221;4.8.2&#8243; _module_preset=&#8221;default&#8221;][et_pb_text _builder_version=&#8221;4.8.2&#8243; _module_preset=&#8221;default&#8221; text_text_color=&#8221;#FFFFFF&#8221;]<\/p>\n<p style=\"text-align: center\">\n<p style=\"text-align: center\">\u201dVOITTO-korttien menetelm\u00e4t sopivat erinomaisesti ty\u00f6skentelyyn pitk\u00e4kestoisissa ja luottamuksellisissa asiakassuhteissa nuorten ja lapsiperheiden kanssa.\u201d<\/p>\n<p style=\"text-align: center\"><em>Sosiaality\u00f6ntekij\u00e4, Rovaniemen kaupunki<\/em><\/p>\n<p>[\/et_pb_text][\/et_pb_column][\/et_pb_row][et_pb_row _builder_version=&#8221;4.8.2&#8243; _module_preset=&#8221;default&#8221; custom_margin=&#8221;-36px|auto||auto||&#8221; custom_padding=&#8221;26px|||||&#8221;][et_pb_column type=&#8221;4_4&#8243; _builder_version=&#8221;4.8.2&#8243; _module_preset=&#8221;default&#8221;][et_pb_post_slider include_categories=&#8221;all&#8221; excerpt_length=&#8221;0&#8243; show_meta=&#8221;off&#8221; use_bg_overlay=&#8221;off&#8221; use_text_overlay=&#8221;on&#8221; text_overlay_color=&#8221;rgba(255,255,255,0.64)&#8221; text_border_radius=&#8221;95px&#8221; arrows_custom_color=&#8221;#000000&#8243; dot_nav_custom_color=&#8221;#000000&#8243; _builder_version=&#8221;4.8.2&#8243; _module_preset=&#8221;default&#8221; custom_button=&#8221;on&#8221; button_text_size=&#8221;16px&#8221; button_text_color=&#8221;#000000&#8243; button_bg_color=&#8221;rgba(255,255,255,0.4)&#8221; button_border_color=&#8221;RGBA(0,0,0,0)&#8221; button_border_radius=&#8221;92px&#8221; background_layout=&#8221;light&#8221; custom_margin=&#8221;75px|||||&#8221; text_shadow_style=&#8221;preset4&#8243; text_shadow_vertical_length=&#8221;0em&#8221; text_shadow_color=&#8221;#000000&#8243;][\/et_pb_post_slider][\/et_pb_column][\/et_pb_row][\/et_pb_section]<\/p>\n","protected":false},"excerpt":{"rendered":"<p>Lyhyesti VOITTO-korteistaVOITTO-korttien ideana on toimia asiakasty\u00f6n tukena. Niihin on ker\u00e4tty menetelmi\u00e4, joiden k\u00e4ytt\u00f6\u00f6nottoon ei vaadita juurikaan aikaa, rahaa tai v\u00e4lineit\u00e4, mutta jotka lis\u00e4\u00e4v\u00e4t osallisuutta ja hyv\u00e4\u00e4 mielt\u00e4 yhteisty\u00f6ss\u00e4 sek\u00e4 palveluissa. Menetelmiin on hyv\u00e4 tutustua ennen varsinaista asiakaskohtaamista ty\u00f6parin kanssa tai yhteisesti ammattilaisten ryhm\u00e4ss\u00e4. Korttien avulla voit alkaa opetella osallistavien ty\u00f6menetelmien k\u00e4ytt\u00f6\u00e4. Tekemisen kautta opit, miten [&hellip;]<\/p>\n","protected":false},"author":31,"featured_media":0,"parent":0,"menu_order":0,"comment_status":"closed","ping_status":"closed","template":"","meta":{"_et_pb_use_builder":"on","_et_pb_old_content":"VOITTO-korttien ideana on toimia asiakasty\u00f6n tukena. Niihin on ker\u00e4tty menetelmi\u00e4, joiden k\u00e4ytt\u00f6\u00f6nottoon ei vaadita juurikaan aikaa, rahaa tai v\u00e4lineit\u00e4, mutta jotka lis\u00e4\u00e4v\u00e4t osallisuutta ja hyv\u00e4\u00e4 mielt\u00e4 yhteisty\u00f6ss\u00e4 sek\u00e4 palveluissa. Menetelmiin on hyv\u00e4 tutustua ennen varsinaista asiakaskohtaamista ty\u00f6parin kanssa tai yhteisesti ammattilaisten ryhm\u00e4ss\u00e4. Korttien avulla voit alkaa opetella osallistavien ty\u00f6menetelmien k\u00e4ytt\u00f6\u00e4. Tekemisen kautta opit, miten voit hy\u00f6dynt\u00e4\u00e4 menetelmi\u00e4 parhaiten osana ty\u00f6t\u00e4si sek\u00e4 erilaisten osallistujaryhmien kanssa. Kaikenlaiset ryhm\u00e4t voivat hy\u00f6dynt\u00e4\u00e4 menetelmi\u00e4 eri tilanteissa. Korttipakkaan kannattaa tarttua, kun ryhm\u00e4\u00e4n tulee uusia j\u00e4seni\u00e4, kun tilat tai toimipaikka muuttuvat, kun tarvitaan olemassa olevalle ryhm\u00e4lle uutta toimintaa, kun halutaan j\u00e4sent\u00e4\u00e4 ja tehd\u00e4 toimintaa n\u00e4kyv\u00e4ksi ja niin edelleen. VOITTO-kortit on jaoteltu viiteen teemaan: ryhm\u00e4\u00e4n kuuluminen, kuulluksi tuleminen, identiteetin vahvistaminen, merkityksellisyyden kokemus ja osallistujal\u00e4ht\u00f6isyyden lis\u00e4\u00e4minen. Nelj\u00e4 ensimm\u00e4ist\u00e4 teemaa sis\u00e4lt\u00e4v\u00e4t menetelmi\u00e4, joita voit toteuttaa osallistujien kanssa. Viimeinen teema sis\u00e4lt\u00e4\u00e4 menetelmi\u00e4 erityisesti ty\u00f6ntekij\u00f6iden k\u00e4ytt\u00f6\u00f6n. Menetelm\u00e4t ovat vapaasti sovellettavissa ty\u00f6tilanteisiisi ja tarpeisiisi, kuitenkin niin ett\u00e4 ne tukevat aina osallisuutta sek\u00e4 luovat ryhm\u00e4lle mahdollisuuden kehitt\u00e4\u00e4 uudenlaista toimintaa. Mukavia menetelm\u00e4hetki\u00e4 VOITTO-korttien parissa!\r\n\r\n<img class=\"alignleft size-full wp-image-301\" src=\"https:\/\/blogi.eoppimispalvelut.fi\/voittokortit\/files\/2021\/06\/VOITTO_osiot.jpg\" alt=\"\" width=\"1920\" height=\"1832\" \/>","_et_gb_content_width":"","footnotes":""},"class_list":["post-4","page","type-page","status-publish","hentry"],"_links":{"self":[{"href":"https:\/\/blogi.eoppimispalvelut.fi\/voittokortit\/wp-json\/wp\/v2\/pages\/4","targetHints":{"allow":["GET"]}}],"collection":[{"href":"https:\/\/blogi.eoppimispalvelut.fi\/voittokortit\/wp-json\/wp\/v2\/pages"}],"about":[{"href":"https:\/\/blogi.eoppimispalvelut.fi\/voittokortit\/wp-json\/wp\/v2\/types\/page"}],"author":[{"embeddable":true,"href":"https:\/\/blogi.eoppimispalvelut.fi\/voittokortit\/wp-json\/wp\/v2\/users\/31"}],"replies":[{"embeddable":true,"href":"https:\/\/blogi.eoppimispalvelut.fi\/voittokortit\/wp-json\/wp\/v2\/comments?post=4"}],"version-history":[{"count":19,"href":"https:\/\/blogi.eoppimispalvelut.fi\/voittokortit\/wp-json\/wp\/v2\/pages\/4\/revisions"}],"predecessor-version":[{"id":336,"href":"https:\/\/blogi.eoppimispalvelut.fi\/voittokortit\/wp-json\/wp\/v2\/pages\/4\/revisions\/336"}],"wp:attachment":[{"href":"https:\/\/blogi.eoppimispalvelut.fi\/voittokortit\/wp-json\/wp\/v2\/media?parent=4"}],"curies":[{"name":"wp","href":"https:\/\/api.w.org\/{rel}","templated":true}]}}