{"id":135,"date":"2020-03-01T10:05:55","date_gmt":"2020-03-01T08:05:55","guid":{"rendered":"https:\/\/blogi.eoppimispalvelut.fi\/yhdessakasvuun\/?page_id=135"},"modified":"2020-03-28T10:51:11","modified_gmt":"2020-03-28T08:51:11","slug":"hankintavaihe","status":"publish","type":"page","link":"https:\/\/blogi.eoppimispalvelut.fi\/yhdessakasvuun\/yhdessa-kasvuun-opas\/hankintavaihe\/","title":{"rendered":"Hankintavaihe"},"content":{"rendered":"<hr \/>\n<p>&nbsp;<\/p>\n<p><img loading=\"lazy\" decoding=\"async\" class=\"size-full wp-image-169 alignleft\" src=\"https:\/\/blogi.eoppimispalvelut.fi\/yhdessakasvuun\/files\/2020\/03\/kuvake1-e1583754866861.png\" alt=\"\" width=\"100\" height=\"101\" \/><a href=\"https:\/\/blogi.eoppimispalvelut.fi\/yhdessakasvuun\/maarittele-tavoite-ja-strategia\/\" target=\"_blank\" rel=\"noopener noreferrer\"><strong>M\u00e4\u00e4rittele tavoite ja strategia<\/strong><\/a><\/p>\n<p><em>Mieti, mit\u00e4 tavoittelet yrityskaupalla\u00a0ja\u00a0etsi\u00a0myynniss\u00e4 olevia yrityksi\u00e4.\u00a0\u00a0<\/em><\/p>\n<p>&nbsp;<\/p>\n<p><a href=\"https:\/\/blogi.eoppimispalvelut.fi\/yhdessakasvuun\/maarittele-tavoite-ja-strategia\/\">Lue lis\u00e4\u00e4&#8230;<\/a><\/p>\n<hr \/>\n<p><b><span data-contrast=\"none\"><img loading=\"lazy\" decoding=\"async\" class=\"size-full wp-image-171 alignleft\" src=\"https:\/\/blogi.eoppimispalvelut.fi\/yhdessakasvuun\/files\/2020\/03\/kuvake3-e1583755315637.png\" alt=\"\" width=\"100\" height=\"101\" \/><\/span><\/b><a href=\"https:\/\/blogi.eoppimispalvelut.fi\/yhdessakasvuun\/suunnittele-ja-neuvottele-rahoitus\/\" target=\"_blank\" rel=\"noopener noreferrer\"><strong>Suunnittele ja neuvottele rahoitus\u00a0<\/strong><\/a><\/p>\n<p><em>K\u00e4y rahoittajan kanssa keskusteluja jo ennen prosessiin ryhtymist\u00e4, jolloin voit selvitt\u00e4\u00e4, mink\u00e4laista rahoitusta on saatavilla.<\/em><\/p>\n<p>&nbsp;<\/p>\n<p><a href=\"https:\/\/blogi.eoppimispalvelut.fi\/yhdessakasvuun\/suunnittele-ja-neuvottele-rahoitus\/\">Lue lis\u00e4\u00e4&#8230;<\/a><\/p>\n<hr \/>\n<p><b><span data-contrast=\"auto\"><img loading=\"lazy\" decoding=\"async\" class=\"size-full wp-image-172 alignleft\" src=\"https:\/\/blogi.eoppimispalvelut.fi\/yhdessakasvuun\/files\/2020\/03\/kuvake4-e1583755421347.png\" alt=\"\" width=\"100\" height=\"100\" \/><\/span><\/b><a href=\"https:\/\/blogi.eoppimispalvelut.fi\/yhdessakasvuun\/ota-yhteytta-kiinnostavaan-yritykseen-ja-aloita-neuvottelut\/\" target=\"_blank\" rel=\"noopener noreferrer\"><strong>Ota yhteytt\u00e4 kiinnostavaan yritykseen ja aloita neuvottelut\u00a0<\/strong><\/a><\/p>\n<p><em>Kun olet l\u00f6yt\u00e4nyt kiinnostavan yrityksen ja tarvitset yrityksest\u00e4 p\u00e4\u00e4t\u00f6ksentekoon lis\u00e4tietoja, tietosuojalaki edellytt\u00e4\u00e4 salassapitosopimusta. Neuvottelujen edetess\u00e4 tehd\u00e4\u00e4n yleens\u00e4 my\u00f6s aiesopimus.\u00a0<\/em><\/p>\n<p><a href=\"https:\/\/blogi.eoppimispalvelut.fi\/yhdessakasvuun\/ota-yhteytta-kiinnostavaan-yritykseen-ja-aloita-neuvottelut\/\">Lue lis\u00e4\u00e4&#8230;<\/a><\/p>\n<hr \/>\n<p><b><span data-contrast=\"none\"><img loading=\"lazy\" decoding=\"async\" class=\"size-full wp-image-173 alignleft\" src=\"https:\/\/blogi.eoppimispalvelut.fi\/yhdessakasvuun\/files\/2020\/03\/kuvake5-e1583766011396.png\" alt=\"\" width=\"100\" height=\"101\" \/><\/span><\/b><a href=\"https:\/\/blogi.eoppimispalvelut.fi\/yhdessakasvuun\/kayta-tarvittaessa-asiantuntija-apua\/\" target=\"_blank\" rel=\"noopener noreferrer\"><strong>K\u00e4yt\u00e4 tarvittaessa asiantuntija-apua\u00a0<\/strong><\/a><\/p>\n<p><em>Jos oma osaamisesi ei riit\u00e4, \u00e4l\u00e4 ep\u00e4r\u00f6i k\u00e4ytt\u00e4\u00e4 asiantuntija-apua. Due diligence -selvityksen teett\u00e4misell\u00e4 v\u00e4lt\u00e4t yritysostossasi riskej\u00e4.\u00a0<\/em><\/p>\n<p>&nbsp;<\/p>\n<p><a href=\"https:\/\/blogi.eoppimispalvelut.fi\/yhdessakasvuun\/kayta-tarvittaessa-asiantuntija-apua\/\">Lue lis\u00e4\u00e4&#8230;<\/a><\/p>\n<hr \/>\n<p style=\"text-align: center\"><a href=\"https:\/\/blogi.eoppimispalvelut.fi\/yhdessakasvuun\/yhdessa-kasvuun-opas\/hankintavaihe\/\"><img loading=\"lazy\" decoding=\"async\" class=\"alignnone wp-image-159\" src=\"https:\/\/blogi.eoppimispalvelut.fi\/yhdessakasvuun\/files\/2020\/03\/1-300x171.png\" alt=\"\" width=\"124\" height=\"73\" \/><\/a>\u00a0 <a href=\"https:\/\/blogi.eoppimispalvelut.fi\/yhdessakasvuun\/yhdessa-kasvuun-opas\/toteutus-ja-julkistusvaihe\/\"><img loading=\"lazy\" decoding=\"async\" class=\"alignnone wp-image-160\" src=\"https:\/\/blogi.eoppimispalvelut.fi\/yhdessakasvuun\/files\/2020\/03\/2-300x171.png\" alt=\"\" width=\"124\" height=\"73\" \/><\/a> <a href=\"https:\/\/blogi.eoppimispalvelut.fi\/yhdessakasvuun\/yhdessa-kasvuun-opas\/haltuunottovaihe\/\"><img loading=\"lazy\" decoding=\"async\" class=\"alignnone wp-image-161\" src=\"https:\/\/blogi.eoppimispalvelut.fi\/yhdessakasvuun\/files\/2020\/03\/3-300x171.png\" alt=\"\" width=\"124\" height=\"73\" \/><\/a><\/p>\n<hr \/>\n<p>&nbsp;<\/p>\n<p>&nbsp;<\/p>\n","protected":false},"excerpt":{"rendered":"<p>&nbsp; M\u00e4\u00e4rittele tavoite ja strategia Mieti, mit\u00e4 tavoittelet yrityskaupalla\u00a0ja\u00a0etsi\u00a0myynniss\u00e4 olevia yrityksi\u00e4.\u00a0\u00a0 &nbsp; Lue lis\u00e4\u00e4&#8230; Suunnittele ja neuvottele rahoitus\u00a0 K\u00e4y rahoittajan kanssa keskusteluja jo ennen prosessiin ryhtymist\u00e4, jolloin voit selvitt\u00e4\u00e4, mink\u00e4laista rahoitusta on saatavilla. &nbsp; Lue lis\u00e4\u00e4&#8230; Ota yhteytt\u00e4 kiinnostavaan yritykseen &hellip; <a href=\"https:\/\/blogi.eoppimispalvelut.fi\/yhdessakasvuun\/yhdessa-kasvuun-opas\/hankintavaihe\/\">Continue reading <span class=\"meta-nav\">&rarr;<\/span><\/a><\/p>\n","protected":false},"author":4247,"featured_media":0,"parent":19,"menu_order":1,"comment_status":"closed","ping_status":"closed","template":"","meta":{"_monsterinsights_skip_tracking":false,"_monsterinsights_sitenote_active":false,"_monsterinsights_sitenote_note":"","_monsterinsights_sitenote_category":0,"footnotes":""},"class_list":["post-135","page","type-page","status-publish","hentry"],"_links":{"self":[{"href":"https:\/\/blogi.eoppimispalvelut.fi\/yhdessakasvuun\/wp-json\/wp\/v2\/pages\/135","targetHints":{"allow":["GET"]}}],"collection":[{"href":"https:\/\/blogi.eoppimispalvelut.fi\/yhdessakasvuun\/wp-json\/wp\/v2\/pages"}],"about":[{"href":"https:\/\/blogi.eoppimispalvelut.fi\/yhdessakasvuun\/wp-json\/wp\/v2\/types\/page"}],"author":[{"embeddable":true,"href":"https:\/\/blogi.eoppimispalvelut.fi\/yhdessakasvuun\/wp-json\/wp\/v2\/users\/4247"}],"replies":[{"embeddable":true,"href":"https:\/\/blogi.eoppimispalvelut.fi\/yhdessakasvuun\/wp-json\/wp\/v2\/comments?post=135"}],"version-history":[{"count":24,"href":"https:\/\/blogi.eoppimispalvelut.fi\/yhdessakasvuun\/wp-json\/wp\/v2\/pages\/135\/revisions"}],"predecessor-version":[{"id":610,"href":"https:\/\/blogi.eoppimispalvelut.fi\/yhdessakasvuun\/wp-json\/wp\/v2\/pages\/135\/revisions\/610"}],"up":[{"embeddable":true,"href":"https:\/\/blogi.eoppimispalvelut.fi\/yhdessakasvuun\/wp-json\/wp\/v2\/pages\/19"}],"wp:attachment":[{"href":"https:\/\/blogi.eoppimispalvelut.fi\/yhdessakasvuun\/wp-json\/wp\/v2\/media?parent=135"}],"curies":[{"name":"wp","href":"https:\/\/api.w.org\/{rel}","templated":true}]}}